{"id":1906,"date":"2025-01-25T03:12:59","date_gmt":"2025-01-25T03:12:59","guid":{"rendered":"https:\/\/www.santai-ceramics.com\/?post_type=product&#038;p=1906"},"modified":"2025-06-12T16:12:10","modified_gmt":"2025-06-12T16:12:10","slug":"wholesale-vintage-ceramic-striped-candle-holder","status":"publish","type":"product","link":"https:\/\/www.santai-ceramics.com\/pt\/product\/wholesale-vintage-ceramic-striped-candle-holder\/","title":{"rendered":"Suporte de vela listrado de cer\u00e2mica por atacado, suporte de vela vintage elegante a granel para venda, suporte OEM e ODM"},"content":{"rendered":"<h3 class=\"wp-block-heading\">Carater\u00edsticas do Casti\u00e7al Vintage em cer\u00e2mica \u00e0s riscas<\/h3>\n\n\n\n<p><strong>Resistente e duradouro:<\/strong> O material cer\u00e2mico torna o casti\u00e7al forte e dur\u00e1vel, pode efetivamente suportar o peso da vela e tem uma longa vida \u00fatil.<\/p>\n\n\n\n<p><strong>Forma elegante: <\/strong>Este casti\u00e7al de cer\u00e2mica combina um esmalte cinzento claro com riscas douradas, que tem um sentido art\u00edstico \u00fanico e um temperamento elegante, melhorando efetivamente o efeito geral da decora\u00e7\u00e3o da casa.<\/p>\n\n\n\n<p><strong>Efeito de ilumina\u00e7\u00e3o:<\/strong> Depois de colocar a vela, este casti\u00e7al de cer\u00e2mica vintage pode criar um efeito de ilumina\u00e7\u00e3o suave, acrescentando uma atmosfera quente e rom\u00e2ntica \u00e0 divis\u00e3o.<\/p>\n\n\n\n<p><strong>F\u00e1cil de limpar:<\/strong> Este casti\u00e7al de cer\u00e2mica adopta um design vidrado com uma superf\u00edcie lisa, o que torna a limpeza da cera simples e n\u00e3o \u00e9 f\u00e1cil deixar sujidade.<\/p>\n\n\n\n<p><strong>Servi\u00e7os OEM e ODM: <\/strong>Fornecemos servi\u00e7os OEM e ODM para satisfazer requisitos funcionais e de conce\u00e7\u00e3o espec\u00edficos e satisfazer as necessidades de aquisi\u00e7\u00e3o dos compradores finais.<\/p>\n\n\n\n<h3 class=\"wp-block-heading\">Servi\u00e7o de casti\u00e7ais personalizados<\/h3>\n\n\n\n<p>Oferecemos servi\u00e7os OEM e ODM para os nossos produtos.<br>Entrega r\u00e1pida de amostras est\u00e1 dispon\u00edvel.<br>Oferecemos uma variedade de formas, cores, impress\u00e3o personalizada, embalagem e outros servi\u00e7os adaptados para satisfazer as suas necessidades espec\u00edficas.<br><a href=\"https:\/\/www.santai-ceramics.com\/pt\/custom\/\" data-type=\"page\" data-id=\"13\" target=\"_blank\" rel=\"noreferrer noopener\"><strong><b>Saiba mais sobre personaliza\u00e7\u00e3o<\/b> pormenor do casti\u00e7al.<\/strong><\/a><\/p>\n\n\n\n<div class=\"wp-block-columns is-layout-flex wp-container-core-columns-is-layout-9d6595d7 wp-block-columns-is-layout-flex\">\n<div class=\"wp-block-column is-layout-flow wp-block-column-is-layout-flow\">\n<figure class=\"wp-block-image size-full\"><img decoding=\"async\" width=\"1500\" height=\"1250\" src=\"https:\/\/www.santai-ceramics.com\/wp-content\/uploads\/2025\/01\/vintage-ceramic-candle-holder-9.webp\" alt=\"suporte de vela em cer\u00e2mica vintage (9)\" class=\"wp-image-1963\" srcset=\"https:\/\/www.santai-ceramics.com\/wp-content\/uploads\/2025\/01\/vintage-ceramic-candle-holder-9.webp 1500w, https:\/\/www.santai-ceramics.com\/wp-content\/uploads\/2025\/01\/vintage-ceramic-candle-holder-9-300x250.webp 300w, https:\/\/www.santai-ceramics.com\/wp-content\/uploads\/2025\/01\/vintage-ceramic-candle-holder-9-768x640.webp 768w, https:\/\/www.santai-ceramics.com\/wp-content\/uploads\/2025\/01\/vintage-ceramic-candle-holder-9-14x12.webp 14w, https:\/\/www.santai-ceramics.com\/wp-content\/uploads\/2025\/01\/vintage-ceramic-candle-holder-9-1200x1000.webp 1200w, https:\/\/www.santai-ceramics.com\/wp-content\/uploads\/2025\/01\/vintage-ceramic-candle-holder-9-600x500.webp 600w\" sizes=\"(max-width: 1500px) 100vw, 1500px\" \/><\/figure>\n<\/div>\n\n\n\n<div class=\"wp-block-column is-layout-flow wp-block-column-is-layout-flow\">\n<figure class=\"wp-block-image size-full\"><img decoding=\"async\" width=\"1500\" height=\"1249\" src=\"https:\/\/www.santai-ceramics.com\/wp-content\/uploads\/2025\/01\/vintage-ceramic-candle-holder-10.webp\" alt=\"suporte de vela em cer\u00e2mica vintage (10)\" class=\"wp-image-1964\" srcset=\"https:\/\/www.santai-ceramics.com\/wp-content\/uploads\/2025\/01\/vintage-ceramic-candle-holder-10.webp 1500w, https:\/\/www.santai-ceramics.com\/wp-content\/uploads\/2025\/01\/vintage-ceramic-candle-holder-10-300x250.webp 300w, https:\/\/www.santai-ceramics.com\/wp-content\/uploads\/2025\/01\/vintage-ceramic-candle-holder-10-768x639.webp 768w, https:\/\/www.santai-ceramics.com\/wp-content\/uploads\/2025\/01\/vintage-ceramic-candle-holder-10-14x12.webp 14w, https:\/\/www.santai-ceramics.com\/wp-content\/uploads\/2025\/01\/vintage-ceramic-candle-holder-10-1200x999.webp 1200w, https:\/\/www.santai-ceramics.com\/wp-content\/uploads\/2025\/01\/vintage-ceramic-candle-holder-10-600x500.webp 600w\" sizes=\"(max-width: 1500px) 100vw, 1500px\" \/><\/figure>\n<\/div>\n<\/div>","protected":false},"excerpt":{"rendered":"<p>Casti\u00e7ais de cer\u00e2mica vintage por atacado, cada casti\u00e7al combina esmalte cinza claro com listras douradas, forma elegante, pode melhorar a atmosfera geral do ambiente interno. Escolha-nos para casti\u00e7ais de cer\u00e2mica por atacado, voc\u00ea pode obter materiais e m\u00e3o de obra de alta qualidade, servi\u00e7os de personaliza\u00e7\u00e3o flex\u00edveis e pre\u00e7os de f\u00e1brica acess\u00edveis. Bem-vindo a contactar-nos para um or\u00e7amento.<\/p>\n<h2>\nEspecifica\u00e7\u00e3o do Casti\u00e7al de cer\u00e2mica vintage \u00e0s riscas<\/h2>\n<table width=\"855\">\n<tbody>\n<tr>\n<td width=\"285\">N\u00famero do modelo<\/td>\n<td width=\"285\">A34889-LD40-A01<\/td>\n<td width=\"285\">A34889-LD40-A02<\/td>\n<\/tr>\n<tr>\n<td>Nome do produto<\/td>\n<td>Vaso de cer\u00e2mica para flores<\/td>\n<td>Vaso de cer\u00e2mica para flores<\/td>\n<\/tr>\n<tr>\n<td>Cor<\/td>\n<td>Cinzento antigo<\/td>\n<td>Cinzento antigo<\/td>\n<\/tr>\n<tr>\n<td>Material<\/td>\n<td>Cer\u00e2mica<\/td>\n<td>Cer\u00e2mica<\/td>\n<\/tr>\n<tr>\n<td>Cen\u00e1rios de utiliza\u00e7\u00e3o<\/td>\n<td>decora\u00e7\u00e3o de casa<\/td>\n<td>decora\u00e7\u00e3o de casa<\/td>\n<\/tr>\n<tr>\n<td>Dimens\u00f5es<\/td>\n<td>D:11,5X28cm<\/td>\n<td>D:11,5X18cm<\/td>\n<\/tr>\n<tr>\n<td>Peso<\/td>\n<td>0,8 kg\/unidade<\/td>\n<td>0,6 kg\/unidade<\/td>\n<\/tr>\n<\/tbody>\n<\/table>","protected":false},"featured_media":1955,"comment_status":"closed","ping_status":"closed","template":"","meta":{"_acf_changed":false},"product_brand":[],"product_cat":[18,46,26],"product_tag":[],"class_list":{"0":"post-1906","1":"product","2":"type-product","3":"status-publish","4":"has-post-thumbnail","6":"product_cat-home-decor","7":"product_cat-wholesale-ceramic-candle-holders","8":"product_cat-home-accessories","10":"first","11":"instock","12":"shipping-taxable","13":"product-type-simple"},"acf":[],"_links":{"self":[{"href":"https:\/\/www.santai-ceramics.com\/pt\/wp-json\/wp\/v2\/product\/1906","targetHints":{"allow":["GET"]}}],"collection":[{"href":"https:\/\/www.santai-ceramics.com\/pt\/wp-json\/wp\/v2\/product"}],"about":[{"href":"https:\/\/www.santai-ceramics.com\/pt\/wp-json\/wp\/v2\/types\/product"}],"replies":[{"embeddable":true,"href":"https:\/\/www.santai-ceramics.com\/pt\/wp-json\/wp\/v2\/comments?post=1906"}],"wp:featuredmedia":[{"embeddable":true,"href":"https:\/\/www.santai-ceramics.com\/pt\/wp-json\/wp\/v2\/media\/1955"}],"wp:attachment":[{"href":"https:\/\/www.santai-ceramics.com\/pt\/wp-json\/wp\/v2\/media?parent=1906"}],"wp:term":[{"taxonomy":"product_brand","embeddable":true,"href":"https:\/\/www.santai-ceramics.com\/pt\/wp-json\/wp\/v2\/product_brand?post=1906"},{"taxonomy":"product_cat","embeddable":true,"href":"https:\/\/www.santai-ceramics.com\/pt\/wp-json\/wp\/v2\/product_cat?post=1906"},{"taxonomy":"product_tag","embeddable":true,"href":"https:\/\/www.santai-ceramics.com\/pt\/wp-json\/wp\/v2\/product_tag?post=1906"}],"curies":[{"name":"wp","href":"https:\/\/api.w.org\/{rel}","templated":true}]}}