{"id":2015,"date":"2025-02-20T03:55:10","date_gmt":"2025-02-20T03:55:10","guid":{"rendered":"https:\/\/www.santai-ceramics.com\/?post_type=product&#038;p=2015"},"modified":"2025-02-20T03:55:12","modified_gmt":"2025-02-20T03:55:12","slug":"wholesale-yellow-glazed-ceramic-vases","status":"publish","type":"product","link":"https:\/\/www.santai-ceramics.com\/pt\/product\/wholesale-yellow-glazed-ceramic-vases\/","title":{"rendered":"Vasos de cer\u00e2mica vidrados amarelos por atacado, suporte OEM e ODM - Fabricante de vasos de cer\u00e2mica SANTAI"},"content":{"rendered":"<h3 class=\"wp-block-heading\">Carater\u00edsticas das jarras de cer\u00e2mica com vidrado amarelo<\/h3>\n\n\n\n<p><strong>Perfeito para flores sazonais:<\/strong> tulipas na primavera, girass\u00f3is no ver\u00e3o ou flores secas no outono e no inverno, o design do vaso pode real\u00e7ar bem a beleza das flores.<\/p>\n\n\n\n<p><strong>Aspeto requintado: <\/strong>Esta jarra adopta um design de esmalte amarelo vivo, que \u00e9 brilhante e vibrante, adequado para todos os estilos de espa\u00e7os.<\/p>\n\n\n\n<p><strong>Tamanho perfeito: <\/strong>O design do tamanho deste vaso \u00e9 muito razo\u00e1vel, adequado para secret\u00e1rias, salas de estar, mesas de jantar ou escrit\u00f3rios, ambiente de decora\u00e7\u00e3o perfeito e eficaz.<\/p>\n\n\n\n<p><strong>Excelente rela\u00e7\u00e3o custo-efic\u00e1cia: <\/strong>Como produto grossista, esta jarra oferece pre\u00e7os competitivos, garantindo simultaneamente uma elevada qualidade, adequada para retalhistas e clientes que compram a granel.<\/p>\n\n\n\n<p><strong>Suporte OEM e ODM: <\/strong>Os fabricantes de vasos de cer\u00e2mica SANTAI apoiam projetos personalizados e fornecem diferentes estilos de vasos para atender \u00e0s necessidades de diferentes regi\u00f5es e mercados. Personalize o tamanho, a forma, o padr\u00e3o e a cor do vaso para os clientes.<\/p>\n\n\n\n<h3 class=\"wp-block-heading\">Servi\u00e7o de vasos de cer\u00e2mica personalizados<\/h3>\n\n\n\n<p>Oferecemos servi\u00e7os OEM e ODM para os nossos produtos.<br>Entrega r\u00e1pida de amostras est\u00e1 dispon\u00edvel.<br>Oferecemos uma variedade de formas, cores, impress\u00e3o personalizada, embalagem e outros servi\u00e7os adaptados para satisfazer as suas necessidades espec\u00edficas.<br><a href=\"https:\/\/www.santai-ceramics.com\/pt\/custom\/\" data-type=\"page\" data-id=\"13\" target=\"_blank\" rel=\"noreferrer noopener\"><strong><b>Saiba mais sobre personaliza\u00e7\u00e3o<\/b> pormenor de vaso em cer\u00e2mica.<\/strong><\/a><\/p>\n\n\n\n<div class=\"wp-block-columns is-layout-flex wp-container-core-columns-is-layout-9d6595d7 wp-block-columns-is-layout-flex\">\n<div class=\"wp-block-column is-layout-flow wp-block-column-is-layout-flow\">\n<figure class=\"wp-block-image size-full\"><img decoding=\"async\" width=\"1500\" height=\"1250\" src=\"https:\/\/www.santai-ceramics.com\/wp-content\/uploads\/2025\/02\/Wholesale-Yellow-Glazed-Ceramic-Vases\u200b-4.webp\" alt=\"Vasos de cer\u00e2mica vidrada amarela por atacado (4)\" class=\"wp-image-2027\" srcset=\"https:\/\/www.santai-ceramics.com\/wp-content\/uploads\/2025\/02\/Wholesale-Yellow-Glazed-Ceramic-Vases\u200b-4.webp 1500w, https:\/\/www.santai-ceramics.com\/wp-content\/uploads\/2025\/02\/Wholesale-Yellow-Glazed-Ceramic-Vases\u200b-4-300x250.webp 300w, https:\/\/www.santai-ceramics.com\/wp-content\/uploads\/2025\/02\/Wholesale-Yellow-Glazed-Ceramic-Vases\u200b-4-768x640.webp 768w, https:\/\/www.santai-ceramics.com\/wp-content\/uploads\/2025\/02\/Wholesale-Yellow-Glazed-Ceramic-Vases\u200b-4-14x12.webp 14w, https:\/\/www.santai-ceramics.com\/wp-content\/uploads\/2025\/02\/Wholesale-Yellow-Glazed-Ceramic-Vases\u200b-4-1200x1000.webp 1200w, https:\/\/www.santai-ceramics.com\/wp-content\/uploads\/2025\/02\/Wholesale-Yellow-Glazed-Ceramic-Vases\u200b-4-600x500.webp 600w\" sizes=\"(max-width: 1500px) 100vw, 1500px\" \/><\/figure>\n<\/div>\n\n\n\n<div class=\"wp-block-column is-layout-flow wp-block-column-is-layout-flow\">\n<figure class=\"wp-block-image size-full\"><img decoding=\"async\" width=\"1500\" height=\"1249\" src=\"https:\/\/www.santai-ceramics.com\/wp-content\/uploads\/2025\/02\/Wholesale-Yellow-Glazed-Ceramic-Vases\u200b-5.webp\" alt=\"Vasos de cer\u00e2mica vidrada amarela por atacado (5)\" class=\"wp-image-2028\" srcset=\"https:\/\/www.santai-ceramics.com\/wp-content\/uploads\/2025\/02\/Wholesale-Yellow-Glazed-Ceramic-Vases\u200b-5.webp 1500w, https:\/\/www.santai-ceramics.com\/wp-content\/uploads\/2025\/02\/Wholesale-Yellow-Glazed-Ceramic-Vases\u200b-5-300x250.webp 300w, https:\/\/www.santai-ceramics.com\/wp-content\/uploads\/2025\/02\/Wholesale-Yellow-Glazed-Ceramic-Vases\u200b-5-768x639.webp 768w, https:\/\/www.santai-ceramics.com\/wp-content\/uploads\/2025\/02\/Wholesale-Yellow-Glazed-Ceramic-Vases\u200b-5-14x12.webp 14w, https:\/\/www.santai-ceramics.com\/wp-content\/uploads\/2025\/02\/Wholesale-Yellow-Glazed-Ceramic-Vases\u200b-5-1200x999.webp 1200w, https:\/\/www.santai-ceramics.com\/wp-content\/uploads\/2025\/02\/Wholesale-Yellow-Glazed-Ceramic-Vases\u200b-5-600x500.webp 600w\" sizes=\"(max-width: 1500px) 100vw, 1500px\" \/><\/figure>\n<\/div>\n<\/div>\n\n\n\n<div class=\"wp-block-columns is-layout-flex wp-container-core-columns-is-layout-9d6595d7 wp-block-columns-is-layout-flex\">\n<div class=\"wp-block-column is-layout-flow wp-block-column-is-layout-flow\"><\/div>\n\n\n\n<div class=\"wp-block-column is-layout-flow wp-block-column-is-layout-flow\"><\/div>\n<\/div>","protected":false},"excerpt":{"rendered":"<p data-pm-slice=\"0 0 []\">Os vasos de cer\u00e2mica vidrada amarela por atacado, acrescentam calor e vitalidade \u00e0 decora\u00e7\u00e3o do espa\u00e7o interior. Como produtos por atacado, o pre\u00e7o \u00e9 competitivo, adequado para compras a granel. Suporte perfeito para oem e odm, entre em contato conosco para saber mais.<\/p>\n<h2>Especifica\u00e7\u00e3o de Vasos de cer\u00e2mica vidrada amarela<\/h2>\n<table width=\"570\">\n<tbody>\n<tr>\n<td width=\"285\">N\u00famero do modelo<\/td>\n<td width=\"285\">G37681-WC18-A01<\/td>\n<\/tr>\n<tr>\n<td>Nome do produto<\/td>\n<td>Vaso de cer\u00e2mica para flores<\/td>\n<\/tr>\n<tr>\n<td>Cor<\/td>\n<td>Amarelo antigo<\/td>\n<\/tr>\n<tr>\n<td>Material<\/td>\n<td>Cer\u00e2mica<\/td>\n<\/tr>\n<tr>\n<td>Cen\u00e1rios de utiliza\u00e7\u00e3o<\/td>\n<td>decora\u00e7\u00e3o de casa<\/td>\n<\/tr>\n<tr>\n<td>Dimens\u00f5es<\/td>\n<td>D:20,5X37cm<\/td>\n<\/tr>\n<tr>\n<td>Peso<\/td>\n<td>5,5 kg\/unidade<\/td>\n<\/tr>\n<\/tbody>\n<\/table>","protected":false},"featured_media":2024,"comment_status":"closed","ping_status":"closed","template":"","meta":{"_acf_changed":false},"product_brand":[],"product_cat":[18,22],"product_tag":[],"class_list":{"0":"post-2015","1":"product","2":"type-product","3":"status-publish","4":"has-post-thumbnail","6":"product_cat-home-decor","7":"product_cat-vase","9":"first","10":"instock","11":"shipping-taxable","12":"product-type-simple"},"acf":[],"_links":{"self":[{"href":"https:\/\/www.santai-ceramics.com\/pt\/wp-json\/wp\/v2\/product\/2015","targetHints":{"allow":["GET"]}}],"collection":[{"href":"https:\/\/www.santai-ceramics.com\/pt\/wp-json\/wp\/v2\/product"}],"about":[{"href":"https:\/\/www.santai-ceramics.com\/pt\/wp-json\/wp\/v2\/types\/product"}],"replies":[{"embeddable":true,"href":"https:\/\/www.santai-ceramics.com\/pt\/wp-json\/wp\/v2\/comments?post=2015"}],"wp:featuredmedia":[{"embeddable":true,"href":"https:\/\/www.santai-ceramics.com\/pt\/wp-json\/wp\/v2\/media\/2024"}],"wp:attachment":[{"href":"https:\/\/www.santai-ceramics.com\/pt\/wp-json\/wp\/v2\/media?parent=2015"}],"wp:term":[{"taxonomy":"product_brand","embeddable":true,"href":"https:\/\/www.santai-ceramics.com\/pt\/wp-json\/wp\/v2\/product_brand?post=2015"},{"taxonomy":"product_cat","embeddable":true,"href":"https:\/\/www.santai-ceramics.com\/pt\/wp-json\/wp\/v2\/product_cat?post=2015"},{"taxonomy":"product_tag","embeddable":true,"href":"https:\/\/www.santai-ceramics.com\/pt\/wp-json\/wp\/v2\/product_tag?post=2015"}],"curies":[{"name":"wp","href":"https:\/\/api.w.org\/{rel}","templated":true}]}}