{"id":2018,"date":"2025-02-20T07:42:41","date_gmt":"2025-02-20T07:42:41","guid":{"rendered":"https:\/\/www.santai-ceramics.com\/?post_type=product&#038;p=2018"},"modified":"2025-02-20T07:42:42","modified_gmt":"2025-02-20T07:42:42","slug":"wholesale-double-handle-vase-for-home-decor","status":"publish","type":"product","link":"https:\/\/www.santai-ceramics.com\/pt\/product\/wholesale-double-handle-vase-for-home-decor\/","title":{"rendered":"Vaso de al\u00e7a dupla por atacado para decora\u00e7\u00e3o de casa - Vaso de cer\u00e2mica SANTAI Fabricante"},"content":{"rendered":"<h3 class=\"wp-block-heading\">Carater\u00edsticas da Jarra de Pega Dupla<\/h3>\n\n\n\n<p><strong>Design \u00fanico: <\/strong>A jarra de pega dupla tem um design derivado da mistura de arte moderna e tradicional. O design de pega dupla n\u00e3o \u00e9 apenas uma melhoria funcional, f\u00e1cil de mover e colocar, mas tamb\u00e9m contribui para o apelo est\u00e9tico da jarra.<\/p>\n\n\n\n<p><strong>Utiliza\u00e7\u00e3o vers\u00e1til:<\/strong> O vaso n\u00e3o \u00e9 necessariamente utilizado para colocar flores ou plantas verdes. Pode ser colocado em qualquer canto da casa como pe\u00e7a decorativa para dar um toque de cor viva ao ambiente.<\/p>\n\n\n\n<p><strong>Artesanato:<\/strong> Cada jarra de cer\u00e2mica com duas pegas \u00e9 trabalhada por artes\u00e3os experientes, com cuidado. O trabalho artesanal confere \u00e0 jarra um car\u00e1cter e uma personalidade \u00fanicos.<\/p>\n\n\n\n<p><strong>Servi\u00e7o personalizado: <\/strong>O servi\u00e7o de vaso personalizado OEM e ODM pode ser fornecido, que pode ser concebido de acordo com o tamanho, cor, padr\u00e3o e outras especifica\u00e7\u00f5es do vaso de acordo com as necessidades do cliente.<\/p>\n\n\n\n<h3 class=\"wp-block-heading\">Servi\u00e7o de vasos de cer\u00e2mica personalizados<\/h3>\n\n\n\n<p>Oferecemos servi\u00e7os OEM e ODM para os nossos produtos.<br>Entrega r\u00e1pida de amostras est\u00e1 dispon\u00edvel.<br>Oferecemos uma variedade de formas, cores, impress\u00e3o personalizada, embalagem e outros servi\u00e7os adaptados para satisfazer as suas necessidades espec\u00edficas.<br><a href=\"https:\/\/www.santai-ceramics.com\/pt\/custom\/\" data-type=\"page\" data-id=\"13\" target=\"_blank\" rel=\"noreferrer noopener\"><strong><b>Saiba mais sobre personaliza\u00e7\u00e3o<\/b> pormenor de vaso em cer\u00e2mica.<\/strong><\/a><\/p>\n\n\n\n<div class=\"wp-block-columns is-layout-flex wp-container-core-columns-is-layout-9d6595d7 wp-block-columns-is-layout-flex\">\n<div class=\"wp-block-column is-layout-flow wp-block-column-is-layout-flow\">\n<figure class=\"wp-block-image size-full\"><img decoding=\"async\" width=\"1500\" height=\"1250\" src=\"https:\/\/www.santai-ceramics.com\/wp-content\/uploads\/2025\/02\/Wholesale-Double-Handle-Vase-5.webp\" alt=\"Vaso de al\u00e7a dupla por atacado (5)\" class=\"wp-image-2067\" srcset=\"https:\/\/www.santai-ceramics.com\/wp-content\/uploads\/2025\/02\/Wholesale-Double-Handle-Vase-5.webp 1500w, https:\/\/www.santai-ceramics.com\/wp-content\/uploads\/2025\/02\/Wholesale-Double-Handle-Vase-5-300x250.webp 300w, https:\/\/www.santai-ceramics.com\/wp-content\/uploads\/2025\/02\/Wholesale-Double-Handle-Vase-5-768x640.webp 768w, https:\/\/www.santai-ceramics.com\/wp-content\/uploads\/2025\/02\/Wholesale-Double-Handle-Vase-5-14x12.webp 14w, https:\/\/www.santai-ceramics.com\/wp-content\/uploads\/2025\/02\/Wholesale-Double-Handle-Vase-5-1200x1000.webp 1200w, https:\/\/www.santai-ceramics.com\/wp-content\/uploads\/2025\/02\/Wholesale-Double-Handle-Vase-5-600x500.webp 600w\" sizes=\"(max-width: 1500px) 100vw, 1500px\" \/><\/figure>\n<\/div>\n\n\n\n<div class=\"wp-block-column is-layout-flow wp-block-column-is-layout-flow\">\n<figure class=\"wp-block-image size-full\"><img decoding=\"async\" width=\"1500\" height=\"1250\" src=\"https:\/\/www.santai-ceramics.com\/wp-content\/uploads\/2025\/02\/Wholesale-Double-Handle-Vase\uff086\uff09.webp\" alt=\"Vaso de al\u00e7a dupla por atacado\uff086\uff09\" class=\"wp-image-2068\" srcset=\"https:\/\/www.santai-ceramics.com\/wp-content\/uploads\/2025\/02\/Wholesale-Double-Handle-Vase\uff086\uff09.webp 1500w, https:\/\/www.santai-ceramics.com\/wp-content\/uploads\/2025\/02\/Wholesale-Double-Handle-Vase\uff086\uff09-300x250.webp 300w, https:\/\/www.santai-ceramics.com\/wp-content\/uploads\/2025\/02\/Wholesale-Double-Handle-Vase\uff086\uff09-768x640.webp 768w, https:\/\/www.santai-ceramics.com\/wp-content\/uploads\/2025\/02\/Wholesale-Double-Handle-Vase\uff086\uff09-14x12.webp 14w, https:\/\/www.santai-ceramics.com\/wp-content\/uploads\/2025\/02\/Wholesale-Double-Handle-Vase\uff086\uff09-1200x1000.webp 1200w, https:\/\/www.santai-ceramics.com\/wp-content\/uploads\/2025\/02\/Wholesale-Double-Handle-Vase\uff086\uff09-600x500.webp 600w\" sizes=\"(max-width: 1500px) 100vw, 1500px\" \/><\/figure>\n<\/div>\n<\/div>\n\n\n\n<div class=\"wp-block-columns is-layout-flex wp-container-core-columns-is-layout-9d6595d7 wp-block-columns-is-layout-flex\">\n<div class=\"wp-block-column is-layout-flow wp-block-column-is-layout-flow\"><\/div>\n\n\n\n<div class=\"wp-block-column is-layout-flow wp-block-column-is-layout-flow\"><\/div>\n<\/div>","protected":false},"excerpt":{"rendered":"<p data-pm-slice=\"0 0 []\">Vaso de cer\u00e2mica de pega dupla por atacado, perfeito para decora\u00e7\u00e3o de casa. Atrav\u00e9s do nosso servi\u00e7o grossista, pode obter vasos de cer\u00e2mica requintados a um pre\u00e7o mais competitivo, acrescentando elementos decorativos apelativos \u00e0 sua loja ou projeto. Suporte OEM e ODM, contacte-nos para um or\u00e7amento.<\/p>\n<h2>Especifica\u00e7\u00f5es da Jarra de cer\u00e2mica com duas pegas<\/h2>\n<table width=\"855\">\n<tbody>\n<tr>\n<td width=\"285\">N\u00famero do modelo<\/td>\n<td width=\"285\">G37685-WC18-A01<\/td>\n<td width=\"285\">G37685-WC18-A02<\/td>\n<\/tr>\n<tr>\n<td>Nome do produto<\/td>\n<td>Vaso de cer\u00e2mica para flores<\/td>\n<td>Vaso de cer\u00e2mica para flores<\/td>\n<\/tr>\n<tr>\n<td>Cor<\/td>\n<td>Amarelo antigo<\/td>\n<td>Amarelo antigo<\/td>\n<\/tr>\n<tr>\n<td>Material<\/td>\n<td>Cer\u00e2mica<\/td>\n<td>Cer\u00e2mica<\/td>\n<\/tr>\n<tr>\n<td>Cen\u00e1rios de utiliza\u00e7\u00e3o<\/td>\n<td>decora\u00e7\u00e3o de casa<\/td>\n<td>decora\u00e7\u00e3o de casa<\/td>\n<\/tr>\n<tr>\n<td>Dimens\u00f5es<\/td>\n<td>25X24,5X34cm<\/td>\n<td>20,5X19,5X25,5cm<\/td>\n<\/tr>\n<tr>\n<td>Peso<\/td>\n<td>6,4 kg\/unidade<\/td>\n<td>3kg\/pc<\/td>\n<\/tr>\n<\/tbody>\n<\/table>","protected":false},"featured_media":2063,"comment_status":"closed","ping_status":"closed","template":"","meta":{"_acf_changed":false},"product_brand":[],"product_cat":[18,22],"product_tag":[],"class_list":{"0":"post-2018","1":"product","2":"type-product","3":"status-publish","4":"has-post-thumbnail","6":"product_cat-home-decor","7":"product_cat-vase","9":"first","10":"instock","11":"shipping-taxable","12":"product-type-simple"},"acf":[],"_links":{"self":[{"href":"https:\/\/www.santai-ceramics.com\/pt\/wp-json\/wp\/v2\/product\/2018","targetHints":{"allow":["GET"]}}],"collection":[{"href":"https:\/\/www.santai-ceramics.com\/pt\/wp-json\/wp\/v2\/product"}],"about":[{"href":"https:\/\/www.santai-ceramics.com\/pt\/wp-json\/wp\/v2\/types\/product"}],"replies":[{"embeddable":true,"href":"https:\/\/www.santai-ceramics.com\/pt\/wp-json\/wp\/v2\/comments?post=2018"}],"wp:featuredmedia":[{"embeddable":true,"href":"https:\/\/www.santai-ceramics.com\/pt\/wp-json\/wp\/v2\/media\/2063"}],"wp:attachment":[{"href":"https:\/\/www.santai-ceramics.com\/pt\/wp-json\/wp\/v2\/media?parent=2018"}],"wp:term":[{"taxonomy":"product_brand","embeddable":true,"href":"https:\/\/www.santai-ceramics.com\/pt\/wp-json\/wp\/v2\/product_brand?post=2018"},{"taxonomy":"product_cat","embeddable":true,"href":"https:\/\/www.santai-ceramics.com\/pt\/wp-json\/wp\/v2\/product_cat?post=2018"},{"taxonomy":"product_tag","embeddable":true,"href":"https:\/\/www.santai-ceramics.com\/pt\/wp-json\/wp\/v2\/product_tag?post=2018"}],"curies":[{"name":"wp","href":"https:\/\/api.w.org\/{rel}","templated":true}]}}