{"id":2019,"date":"2025-02-20T06:24:35","date_gmt":"2025-02-20T06:24:35","guid":{"rendered":"https:\/\/www.santai-ceramics.com\/?post_type=product&#038;p=2019"},"modified":"2025-02-20T06:24:36","modified_gmt":"2025-02-20T06:24:36","slug":"wholesale-yellow-ceramic-vases-for-retail-stores","status":"publish","type":"product","link":"https:\/\/www.santai-ceramics.com\/pt\/product\/wholesale-yellow-ceramic-vases-for-retail-stores\/","title":{"rendered":"Vasos de cer\u00e2mica amarela por atacado, vasos de flores a granel para a sua loja de retalho, neg\u00f3cio por atacado"},"content":{"rendered":"<h3 class=\"wp-block-heading\">Features of\u00a0Yellow Small Ceramic Vases\u200b<\/h3>\n\n\n\n<p><strong>Suitable size: <\/strong>The yellow ceramic vase has a moderate size and can accommodate a variety of flowers, such as silk flowers and fresh flowers, perfectly showing the graceful curves of flowers.<\/p>\n\n\n\n<p><strong>Forte sentido de arte: <\/strong>The unique texture design shows the exquisite craftsmanship level and the user&#8217;s pursuit and taste of beauty.<\/p>\n\n\n\n<p><strong>Suitable as commercial decoration: <\/strong>This vase is not only suitable for home use, but also very suitable as a decoration for commercial spaces such as hotels, restaurants, and cafes.<\/p>\n\n\n\n<p><strong>Noble gift choice: T<\/strong>his vintage ceramic vase has become a very suitable gift choice with its unique design and exquisite craftsmanship.<\/p>\n\n\n\n<h3 class=\"wp-block-heading\">Servi\u00e7o de vasos de cer\u00e2mica personalizados<\/h3>\n\n\n\n<p>Oferecemos servi\u00e7os OEM e ODM para os nossos produtos.<br>Entrega r\u00e1pida de amostras est\u00e1 dispon\u00edvel.<br>Oferecemos uma variedade de formas, cores, impress\u00e3o personalizada, embalagem e outros servi\u00e7os adaptados para satisfazer as suas necessidades espec\u00edficas.<br><a href=\"https:\/\/www.santai-ceramics.com\/pt\/custom\/\" data-type=\"page\" data-id=\"13\" target=\"_blank\" rel=\"noreferrer noopener\"><strong><b>Saiba mais sobre personaliza\u00e7\u00e3o<\/b> pormenor de vaso em cer\u00e2mica.<\/strong><\/a><\/p>\n\n\n\n<div class=\"wp-block-columns is-layout-flex wp-container-core-columns-is-layout-9d6595d7 wp-block-columns-is-layout-flex\">\n<div class=\"wp-block-column is-layout-flow wp-block-column-is-layout-flow\"><\/div>\n\n\n\n<div class=\"wp-block-column is-layout-flow wp-block-column-is-layout-flow\"><\/div>\n<\/div>","protected":false},"excerpt":{"rendered":"<p data-pm-slice=\"0 0 []\">Wholesale yellow ceramic vase, the smooth glaze design makes cleaning and maintenance easy, just wipe with a damp cloth to keep the vase shiny and beautiful, suitable for placing fresh flowers, artificial flowers, or as a stand-alone home decoration. Contact us for a quote.<\/p>\n<h2>Specification of\u00a0 Yellow Ceramic Vase<\/h2>\n<table width=\"570\">\n<tbody>\n<tr>\n<td width=\"285\">N\u00famero do modelo<\/td>\n<td width=\"285\">G37683-WC18-A01<\/td>\n<\/tr>\n<tr>\n<td>Nome do produto<\/td>\n<td>Vaso de cer\u00e2mica para flores<\/td>\n<\/tr>\n<tr>\n<td>Cor<\/td>\n<td>Amarelo antigo<\/td>\n<\/tr>\n<tr>\n<td>Material<\/td>\n<td>Cer\u00e2mica<\/td>\n<\/tr>\n<tr>\n<td>Cen\u00e1rios de utiliza\u00e7\u00e3o<\/td>\n<td>decora\u00e7\u00e3o de casa<\/td>\n<\/tr>\n<tr>\n<td>Dimens\u00f5es<\/td>\n<td>D:20X20,5cm<\/td>\n<\/tr>\n<tr>\n<td>Peso<\/td>\n<td>3,2 kg\/unidade<\/td>\n<\/tr>\n<\/tbody>\n<\/table>","protected":false},"featured_media":2036,"comment_status":"closed","ping_status":"closed","template":"","meta":{"_acf_changed":false},"product_brand":[],"product_cat":[18,22],"product_tag":[],"class_list":{"0":"post-2019","1":"product","2":"type-product","3":"status-publish","4":"has-post-thumbnail","6":"product_cat-home-decor","7":"product_cat-vase","9":"first","10":"instock","11":"shipping-taxable","12":"product-type-simple"},"acf":[],"_links":{"self":[{"href":"https:\/\/www.santai-ceramics.com\/pt\/wp-json\/wp\/v2\/product\/2019","targetHints":{"allow":["GET"]}}],"collection":[{"href":"https:\/\/www.santai-ceramics.com\/pt\/wp-json\/wp\/v2\/product"}],"about":[{"href":"https:\/\/www.santai-ceramics.com\/pt\/wp-json\/wp\/v2\/types\/product"}],"replies":[{"embeddable":true,"href":"https:\/\/www.santai-ceramics.com\/pt\/wp-json\/wp\/v2\/comments?post=2019"}],"wp:featuredmedia":[{"embeddable":true,"href":"https:\/\/www.santai-ceramics.com\/pt\/wp-json\/wp\/v2\/media\/2036"}],"wp:attachment":[{"href":"https:\/\/www.santai-ceramics.com\/pt\/wp-json\/wp\/v2\/media?parent=2019"}],"wp:term":[{"taxonomy":"product_brand","embeddable":true,"href":"https:\/\/www.santai-ceramics.com\/pt\/wp-json\/wp\/v2\/product_brand?post=2019"},{"taxonomy":"product_cat","embeddable":true,"href":"https:\/\/www.santai-ceramics.com\/pt\/wp-json\/wp\/v2\/product_cat?post=2019"},{"taxonomy":"product_tag","embeddable":true,"href":"https:\/\/www.santai-ceramics.com\/pt\/wp-json\/wp\/v2\/product_tag?post=2019"}],"curies":[{"name":"wp","href":"https:\/\/api.w.org\/{rel}","templated":true}]}}