{"id":2020,"date":"2025-02-20T07:19:40","date_gmt":"2025-02-20T07:19:40","guid":{"rendered":"https:\/\/www.santai-ceramics.com\/?post_type=product&#038;p=2020"},"modified":"2025-02-20T07:19:51","modified_gmt":"2025-02-20T07:19:51","slug":"wholesale-vintage-bud-vases","status":"publish","type":"product","link":"https:\/\/www.santai-ceramics.com\/pt\/product\/wholesale-vintage-bud-vases\/","title":{"rendered":"Vasos de bot\u00e3o vintage por atacado, design estreito, adequado para decora\u00e7\u00e3o de arranjo de flores - SANTAI Ceramic Vase Fabricante"},"content":{"rendered":"<h3 class=\"wp-block-heading\">Features of\u00a0Vintage Bud Vases<\/h3>\n\n\n\n<p><strong>Classic retro style: <\/strong>The vase adopts retro yellow glaze, and the unique color is very suitable for matching various home styles.<\/p>\n\n\n\n<p><strong>Suitable for many occasions:<\/strong> The vintage bud vase can be used for home living room, dining table, study, office and commercial place decoration.<\/p>\n\n\n\n<p><strong>Suitable for wholesale purchase: <\/strong>Factory direct sales, more competitive price, suitable for retailers and decoration companies to make bulk purchases to meet the needs of the market.<\/p>\n\n\n\n<p><strong>Suporte OEM e ODM: <\/strong>Santai ceramic vase manufacturer provides one-stop customized vase solutions, providing a wealth of customized vase options.<\/p>\n\n\n\n<h3 class=\"wp-block-heading\">Servi\u00e7o de vasos de cer\u00e2mica personalizados<\/h3>\n\n\n\n<p>Oferecemos servi\u00e7os OEM e ODM para os nossos produtos.<br>Entrega r\u00e1pida de amostras est\u00e1 dispon\u00edvel.<br>Oferecemos uma variedade de formas, cores, impress\u00e3o personalizada, embalagem e outros servi\u00e7os adaptados para satisfazer as suas necessidades espec\u00edficas.<br><a href=\"https:\/\/www.santai-ceramics.com\/pt\/custom\/\" data-type=\"page\" data-id=\"13\" target=\"_blank\" rel=\"noreferrer noopener\"><strong><b>Saiba mais sobre personaliza\u00e7\u00e3o<\/b> pormenores do vaso em cer\u00e2mica.<\/strong><\/a><\/p>\n\n\n\n<div class=\"wp-block-columns is-layout-flex wp-container-core-columns-is-layout-9d6595d7 wp-block-columns-is-layout-flex\">\n<div class=\"wp-block-column is-layout-flow wp-block-column-is-layout-flow\">\n<figure class=\"wp-block-image size-full\"><img decoding=\"async\" width=\"1500\" height=\"1249\" src=\"https:\/\/www.santai-ceramics.com\/wp-content\/uploads\/2025\/02\/Wholesale-Vintage-Bud-Vase-7.webp\" alt=\"Wholesale Vintage Bud Vase (7)\" class=\"wp-image-2053\" srcset=\"https:\/\/www.santai-ceramics.com\/wp-content\/uploads\/2025\/02\/Wholesale-Vintage-Bud-Vase-7.webp 1500w, https:\/\/www.santai-ceramics.com\/wp-content\/uploads\/2025\/02\/Wholesale-Vintage-Bud-Vase-7-300x250.webp 300w, https:\/\/www.santai-ceramics.com\/wp-content\/uploads\/2025\/02\/Wholesale-Vintage-Bud-Vase-7-768x639.webp 768w, https:\/\/www.santai-ceramics.com\/wp-content\/uploads\/2025\/02\/Wholesale-Vintage-Bud-Vase-7-14x12.webp 14w, https:\/\/www.santai-ceramics.com\/wp-content\/uploads\/2025\/02\/Wholesale-Vintage-Bud-Vase-7-1200x999.webp 1200w, https:\/\/www.santai-ceramics.com\/wp-content\/uploads\/2025\/02\/Wholesale-Vintage-Bud-Vase-7-600x500.webp 600w\" sizes=\"(max-width: 1500px) 100vw, 1500px\" \/><\/figure>\n<\/div>\n\n\n\n<div class=\"wp-block-column is-layout-flow wp-block-column-is-layout-flow\">\n<figure class=\"wp-block-image size-full\"><img decoding=\"async\" width=\"1500\" height=\"1249\" src=\"https:\/\/www.santai-ceramics.com\/wp-content\/uploads\/2025\/02\/Wholesale-Vintage-Bud-Vase-8.webp\" alt=\"Wholesale Vintage Bud Vase (8)\" class=\"wp-image-2054\" srcset=\"https:\/\/www.santai-ceramics.com\/wp-content\/uploads\/2025\/02\/Wholesale-Vintage-Bud-Vase-8.webp 1500w, https:\/\/www.santai-ceramics.com\/wp-content\/uploads\/2025\/02\/Wholesale-Vintage-Bud-Vase-8-300x250.webp 300w, https:\/\/www.santai-ceramics.com\/wp-content\/uploads\/2025\/02\/Wholesale-Vintage-Bud-Vase-8-768x639.webp 768w, https:\/\/www.santai-ceramics.com\/wp-content\/uploads\/2025\/02\/Wholesale-Vintage-Bud-Vase-8-14x12.webp 14w, https:\/\/www.santai-ceramics.com\/wp-content\/uploads\/2025\/02\/Wholesale-Vintage-Bud-Vase-8-1200x999.webp 1200w, https:\/\/www.santai-ceramics.com\/wp-content\/uploads\/2025\/02\/Wholesale-Vintage-Bud-Vase-8-600x500.webp 600w\" sizes=\"(max-width: 1500px) 100vw, 1500px\" \/><\/figure>\n<\/div>\n<\/div>","protected":false},"excerpt":{"rendered":"<p data-pm-slice=\"0 0 []\">Wholesale vintage bud vases, whether fresh flowers, dried flowers or decorative branches, can be exquisitely displayed in this vase, bringing elegant visual enjoyment. Santai supports oem and odm, contact us for a quote.<\/p>\n<h2>Specification of Ceramic Vintage Bud Vases<\/h2>\n<table style=\"border-collapse: collapse; width: 855.02pt;\" border=\"0\" width=\"1140\" cellspacing=\"0\" cellpadding=\"0\">\n<tbody>\n<tr style=\"height: 24.95pt;\">\n<td class=\"et2\" style=\"height: 24.95pt; width: 213.75pt;\" width=\"285\" height=\"33\">N\u00famero do modelo<\/td>\n<td class=\"et3\" style=\"width: 213.75pt;\" width=\"285\">G37686-WC18-A01<\/td>\n<td class=\"et3\" style=\"width: 213.75pt;\" width=\"285\">G37686-WC18-A02<\/td>\n<td class=\"et3\" style=\"width: 213.75pt;\" width=\"285\">G37686-WC18-A03<\/td>\n<\/tr>\n<tr style=\"height: 24.95pt;\">\n<td class=\"et2\" style=\"height: 24.95pt;\" height=\"33\">Nome do produto<\/td>\n<td class=\"et3\">Vaso de cer\u00e2mica para flores<\/td>\n<td class=\"et3\">Vaso de cer\u00e2mica para flores<\/td>\n<td class=\"et3\">Vaso de cer\u00e2mica para flores<\/td>\n<\/tr>\n<tr style=\"height: 24.95pt;\">\n<td class=\"et2\" style=\"height: 24.95pt;\" height=\"33\">Cor<\/td>\n<td class=\"et3\">Amarelo antigo<\/td>\n<td class=\"et3\">Amarelo antigo<\/td>\n<td class=\"et3\">Amarelo antigo<\/td>\n<\/tr>\n<tr style=\"height: 24.95pt;\">\n<td class=\"et2\" style=\"height: 24.95pt;\" height=\"33\">Material<\/td>\n<td class=\"et3\">Cer\u00e2mica<\/td>\n<td class=\"et3\">Cer\u00e2mica<\/td>\n<td class=\"et3\">Cer\u00e2mica<\/td>\n<\/tr>\n<tr style=\"height: 24.95pt;\">\n<td class=\"et2\" style=\"height: 24.95pt;\" height=\"33\">Cen\u00e1rios de utiliza\u00e7\u00e3o<\/td>\n<td class=\"et3\">decora\u00e7\u00e3o de casa<\/td>\n<td class=\"et3\">decora\u00e7\u00e3o de casa<\/td>\n<td class=\"et3\">decora\u00e7\u00e3o de casa<\/td>\n<\/tr>\n<tr style=\"height: 24.95pt;\">\n<td class=\"et2\" style=\"height: 24.95pt;\" height=\"33\">Dimens\u00f5es<\/td>\n<td class=\"et3\">D:15.5X30.5cm<\/td>\n<td class=\"et3\">D:17.5X24cm<\/td>\n<td class=\"et3\">D:17.5X18cm<\/td>\n<\/tr>\n<tr style=\"height: 24.95pt;\">\n<td class=\"et2\" style=\"height: 24.95pt;\" height=\"33\">Peso<\/td>\n<td class=\"et3\">3.5kg\/pc<\/td>\n<td class=\"et3\">3,1 kg\/unidade<\/td>\n<td class=\"et3\">2.6kg\/pc<\/td>\n<\/tr>\n<\/tbody>\n<\/table>","protected":false},"featured_media":2047,"comment_status":"closed","ping_status":"closed","template":"","meta":{"_acf_changed":false},"product_brand":[],"product_cat":[18,22],"product_tag":[],"class_list":{"0":"post-2020","1":"product","2":"type-product","3":"status-publish","4":"has-post-thumbnail","6":"product_cat-home-decor","7":"product_cat-vase","9":"first","10":"instock","11":"shipping-taxable","12":"product-type-simple"},"acf":[],"_links":{"self":[{"href":"https:\/\/www.santai-ceramics.com\/pt\/wp-json\/wp\/v2\/product\/2020","targetHints":{"allow":["GET"]}}],"collection":[{"href":"https:\/\/www.santai-ceramics.com\/pt\/wp-json\/wp\/v2\/product"}],"about":[{"href":"https:\/\/www.santai-ceramics.com\/pt\/wp-json\/wp\/v2\/types\/product"}],"replies":[{"embeddable":true,"href":"https:\/\/www.santai-ceramics.com\/pt\/wp-json\/wp\/v2\/comments?post=2020"}],"wp:featuredmedia":[{"embeddable":true,"href":"https:\/\/www.santai-ceramics.com\/pt\/wp-json\/wp\/v2\/media\/2047"}],"wp:attachment":[{"href":"https:\/\/www.santai-ceramics.com\/pt\/wp-json\/wp\/v2\/media?parent=2020"}],"wp:term":[{"taxonomy":"product_brand","embeddable":true,"href":"https:\/\/www.santai-ceramics.com\/pt\/wp-json\/wp\/v2\/product_brand?post=2020"},{"taxonomy":"product_cat","embeddable":true,"href":"https:\/\/www.santai-ceramics.com\/pt\/wp-json\/wp\/v2\/product_cat?post=2020"},{"taxonomy":"product_tag","embeddable":true,"href":"https:\/\/www.santai-ceramics.com\/pt\/wp-json\/wp\/v2\/product_tag?post=2020"}],"curies":[{"name":"wp","href":"https:\/\/api.w.org\/{rel}","templated":true}]}}