{"id":2021,"date":"2025-02-20T06:09:08","date_gmt":"2025-02-20T06:09:08","guid":{"rendered":"https:\/\/www.santai-ceramics.com\/?post_type=product&#038;p=2021"},"modified":"2025-02-20T06:09:10","modified_gmt":"2025-02-20T06:09:10","slug":"wholesale-yellow-vintage-ceramic-vases","status":"publish","type":"product","link":"https:\/\/www.santai-ceramics.com\/pt\/product\/wholesale-yellow-vintage-ceramic-vases\/","title":{"rendered":"Vasos de cer\u00e2mica vintage amarelos por atacado, vasos de cer\u00e2mica antigos venda direta da f\u00e1brica - SANTAI fabricante de vasos de cer\u00e2mica"},"content":{"rendered":"<h3 class=\"wp-block-heading\">Carater\u00edsticas da Jarra de cer\u00e2mica vintage amarela<\/h3>\n\n\n\n<p><strong>Estilo vintage: <\/strong>O tom amarelo cl\u00e1ssico e o design requintado da textura desta jarra d\u00e3o-lhe um toque acolhedor, tornando-a numa obra de arte que n\u00e3o pode ser ignorada em qualquer espa\u00e7o.<\/p>\n\n\n\n<p><strong>Boa capacidade de carga:<\/strong> O vaso de cer\u00e2mica vintage tem uma estrutura de design est\u00e1vel e um fundo ligeiramente mais largo, o que evita que se incline e tombe ao colocar flores altas.<\/p>\n\n\n\n<p><strong>Diversas op\u00e7\u00f5es de coloca\u00e7\u00e3o: <\/strong>O vaso de cer\u00e2mica vintage \u00e9 adequado para ser colocado numa variedade de locais, incluindo mesas de jantar, estantes, parapeitos de janelas, entradas e quaisquer outros locais que necessitem de decora\u00e7\u00e3o.<\/p>\n\n\n\n<p><strong>Decora\u00e7\u00e3o criativa: <\/strong>Para al\u00e9m de ser um recipiente tradicional para flores, tamb\u00e9m pode ser combinado com outras decora\u00e7\u00f5es para criar um estilo de casa personalizado.<\/p>\n\n\n\n<p><strong>Boa durabilidade: <\/strong>O material cer\u00e2mico tem uma forte resist\u00eancia a altas temperaturas, o que n\u00e3o s\u00f3 \u00e9 adequado para utiliza\u00e7\u00e3o no interior, como tamb\u00e9m pode ser colocado em seguran\u00e7a em varandas, parapeitos de janelas e outros locais com luz solar direta. A coloca\u00e7\u00e3o a longo prazo n\u00e3o afectar\u00e1 o seu aspeto e textura.<\/p>\n\n\n\n<h3 class=\"wp-block-heading\">Servi\u00e7o de vasos de cer\u00e2mica personalizados<\/h3>\n\n\n\n<p>Oferecemos servi\u00e7os OEM e ODM para os nossos produtos.<br>Entrega r\u00e1pida de amostras est\u00e1 dispon\u00edvel.<br>Oferecemos uma variedade de formas, cores, impress\u00e3o personalizada, embalagem e outros servi\u00e7os adaptados para satisfazer as suas necessidades espec\u00edficas.<br><a href=\"https:\/\/www.santai-ceramics.com\/pt\/custom\/\" data-type=\"page\" data-id=\"13\" target=\"_blank\" rel=\"noreferrer noopener\"><strong><b>Saiba mais sobre personaliza\u00e7\u00e3o<\/b> pormenor de vaso em cer\u00e2mica.<\/strong><\/a><\/p>\n\n\n\n<div class=\"wp-block-columns is-layout-flex wp-container-core-columns-is-layout-9d6595d7 wp-block-columns-is-layout-flex\">\n<div class=\"wp-block-column is-layout-flow wp-block-column-is-layout-flow\">\n<figure class=\"wp-block-image size-full\"><img decoding=\"async\" width=\"1500\" height=\"1250\" src=\"https:\/\/www.santai-ceramics.com\/wp-content\/uploads\/2025\/02\/Wholesale-Yellow-Vintage-Ceramic-Vase-3.webp\" alt=\"Vaso de cer\u00e2mica vintage amarelo por atacado (3)\" class=\"wp-image-2032\" srcset=\"https:\/\/www.santai-ceramics.com\/wp-content\/uploads\/2025\/02\/Wholesale-Yellow-Vintage-Ceramic-Vase-3.webp 1500w, https:\/\/www.santai-ceramics.com\/wp-content\/uploads\/2025\/02\/Wholesale-Yellow-Vintage-Ceramic-Vase-3-300x250.webp 300w, https:\/\/www.santai-ceramics.com\/wp-content\/uploads\/2025\/02\/Wholesale-Yellow-Vintage-Ceramic-Vase-3-768x640.webp 768w, https:\/\/www.santai-ceramics.com\/wp-content\/uploads\/2025\/02\/Wholesale-Yellow-Vintage-Ceramic-Vase-3-14x12.webp 14w, https:\/\/www.santai-ceramics.com\/wp-content\/uploads\/2025\/02\/Wholesale-Yellow-Vintage-Ceramic-Vase-3-1200x1000.webp 1200w, https:\/\/www.santai-ceramics.com\/wp-content\/uploads\/2025\/02\/Wholesale-Yellow-Vintage-Ceramic-Vase-3-600x500.webp 600w\" sizes=\"(max-width: 1500px) 100vw, 1500px\" \/><\/figure>\n<\/div>\n\n\n\n<div class=\"wp-block-column is-layout-flow wp-block-column-is-layout-flow\">\n<figure class=\"wp-block-image size-full\"><img decoding=\"async\" width=\"1500\" height=\"1249\" src=\"https:\/\/www.santai-ceramics.com\/wp-content\/uploads\/2025\/02\/Wholesale-Yellow-Vintage-Ceramic-Vase-4.webp\" alt=\"Vaso de cer\u00e2mica vintage amarelo por atacado (4)\" class=\"wp-image-2033\" srcset=\"https:\/\/www.santai-ceramics.com\/wp-content\/uploads\/2025\/02\/Wholesale-Yellow-Vintage-Ceramic-Vase-4.webp 1500w, https:\/\/www.santai-ceramics.com\/wp-content\/uploads\/2025\/02\/Wholesale-Yellow-Vintage-Ceramic-Vase-4-300x250.webp 300w, https:\/\/www.santai-ceramics.com\/wp-content\/uploads\/2025\/02\/Wholesale-Yellow-Vintage-Ceramic-Vase-4-768x639.webp 768w, https:\/\/www.santai-ceramics.com\/wp-content\/uploads\/2025\/02\/Wholesale-Yellow-Vintage-Ceramic-Vase-4-14x12.webp 14w, https:\/\/www.santai-ceramics.com\/wp-content\/uploads\/2025\/02\/Wholesale-Yellow-Vintage-Ceramic-Vase-4-1200x999.webp 1200w, https:\/\/www.santai-ceramics.com\/wp-content\/uploads\/2025\/02\/Wholesale-Yellow-Vintage-Ceramic-Vase-4-600x500.webp 600w\" sizes=\"(max-width: 1500px) 100vw, 1500px\" \/><\/figure>\n<\/div>\n<\/div>\n\n\n\n<div class=\"wp-block-columns is-layout-flex wp-container-core-columns-is-layout-9d6595d7 wp-block-columns-is-layout-flex\">\n<div class=\"wp-block-column is-layout-flow wp-block-column-is-layout-flow\"><\/div>\n\n\n\n<div class=\"wp-block-column is-layout-flow wp-block-column-is-layout-flow\"><\/div>\n<\/div>","protected":false},"excerpt":{"rendered":"<p data-pm-slice=\"0 0 []\">Vasos de cer\u00e2mica amarela vintage por atacado, cada vaso \u00e9 cuidadosamente feito de materiais cer\u00e2micos de alta qualidade, combinando artesanato com texturas de superf\u00edcie delicadas para criar uma decora\u00e7\u00e3o de casa \u00fanica. As compras a granel s\u00e3o mais favor\u00e1veis, entre em contato conosco para obter mais informa\u00e7\u00f5es sobre personaliza\u00e7\u00e3o e atacado.<\/p>\n<h2>Especifica\u00e7\u00f5es da Jarra de cer\u00e2mica vintage amarela<\/h2>\n<table width=\"570\">\n<tbody>\n<tr>\n<td width=\"285\">N\u00famero do modelo<\/td>\n<td width=\"285\">G37682-WC18-A01<\/td>\n<\/tr>\n<tr>\n<td>Nome do produto<\/td>\n<td>Vaso de cer\u00e2mica para flores<\/td>\n<\/tr>\n<tr>\n<td>Cor<\/td>\n<td>Amarelo antigo<\/td>\n<\/tr>\n<tr>\n<td>Material<\/td>\n<td>Cer\u00e2mica<\/td>\n<\/tr>\n<tr>\n<td>Cen\u00e1rios de utiliza\u00e7\u00e3o<\/td>\n<td>decora\u00e7\u00e3o de casa<\/td>\n<\/tr>\n<tr>\n<td>Dimens\u00f5es<\/td>\n<td>D:19,5X28,5cm<\/td>\n<\/tr>\n<tr>\n<td>Peso<\/td>\n<td>4,1 kg\/unidade<\/td>\n<\/tr>\n<\/tbody>\n<\/table>","protected":false},"featured_media":2030,"comment_status":"closed","ping_status":"closed","template":"","meta":{"_acf_changed":false},"product_brand":[],"product_cat":[18,22],"product_tag":[],"class_list":{"0":"post-2021","1":"product","2":"type-product","3":"status-publish","4":"has-post-thumbnail","6":"product_cat-home-decor","7":"product_cat-vase","9":"first","10":"instock","11":"shipping-taxable","12":"product-type-simple"},"acf":[],"_links":{"self":[{"href":"https:\/\/www.santai-ceramics.com\/pt\/wp-json\/wp\/v2\/product\/2021","targetHints":{"allow":["GET"]}}],"collection":[{"href":"https:\/\/www.santai-ceramics.com\/pt\/wp-json\/wp\/v2\/product"}],"about":[{"href":"https:\/\/www.santai-ceramics.com\/pt\/wp-json\/wp\/v2\/types\/product"}],"replies":[{"embeddable":true,"href":"https:\/\/www.santai-ceramics.com\/pt\/wp-json\/wp\/v2\/comments?post=2021"}],"wp:featuredmedia":[{"embeddable":true,"href":"https:\/\/www.santai-ceramics.com\/pt\/wp-json\/wp\/v2\/media\/2030"}],"wp:attachment":[{"href":"https:\/\/www.santai-ceramics.com\/pt\/wp-json\/wp\/v2\/media?parent=2021"}],"wp:term":[{"taxonomy":"product_brand","embeddable":true,"href":"https:\/\/www.santai-ceramics.com\/pt\/wp-json\/wp\/v2\/product_brand?post=2021"},{"taxonomy":"product_cat","embeddable":true,"href":"https:\/\/www.santai-ceramics.com\/pt\/wp-json\/wp\/v2\/product_cat?post=2021"},{"taxonomy":"product_tag","embeddable":true,"href":"https:\/\/www.santai-ceramics.com\/pt\/wp-json\/wp\/v2\/product_tag?post=2021"}],"curies":[{"name":"wp","href":"https:\/\/api.w.org\/{rel}","templated":true}]}}