{"id":2146,"date":"2025-03-06T15:06:01","date_gmt":"2025-03-06T15:06:01","guid":{"rendered":"https:\/\/www.santai-ceramics.com\/?post_type=product&#038;p=2146"},"modified":"2025-06-07T16:39:57","modified_gmt":"2025-06-07T16:39:57","slug":"wholesale-electroplated-finish-retro-small-plant-pots","status":"publish","type":"product","link":"https:\/\/www.santai-ceramics.com\/pt\/product\/wholesale-electroplated-finish-retro-small-plant-pots\/","title":{"rendered":"Vasos para plantas pequenos com acabamento galvanizado por atacado - Fabricante de cer\u00e2mica SANTAI"},"content":{"rendered":"<h3 class=\"wp-block-heading\">Carater\u00edsticas dos vasos para plantas pequenos Retro <\/h3>\n\n\n\n<p><strong>Aplica\u00e7\u00f5es vers\u00e1teis: <\/strong>Os pequenos vasos de plantas retro por atacado s\u00e3o adequados para uma variedade de plantas, incluindo flores, suculentas e ervas, tornando-os vers\u00e1teis para utiliza\u00e7\u00e3o no interior e no exterior.<\/p>\n\n\n\n<p><strong>Est\u00e9tica atractiva: <\/strong>Trata-se de uma jardineira bem concebida que pode melhorar a decora\u00e7\u00e3o da sua casa e do seu jardim, aumentando o seu atrativo para os consumidores que procuram solu\u00e7\u00f5es de jardinagem com estilo.<\/p>\n\n\n\n<p><strong>Procura no mercado: <\/strong>Com a tend\u00eancia crescente da jardinagem dom\u00e9stica e das plantas de interior, estes pequenos vasos de plantas retro podem satisfazer a procura crescente dos consumidores de produtos para tratamento de plantas.<\/p>\n\n\n\n<p><strong>Oportunidades de venda por grosso: <\/strong>Adequados para empresas que procuram vender por grosso, estes pequenos vasos de plantas retro s\u00e3o populares entre os retalhistas e centros de jardinagem.<\/p>\n\n\n\n<p><strong>Pre\u00e7o de f\u00e1brica: <\/strong>As f\u00e1bricas oferecem frequentemente pre\u00e7os competitivos, o que torna econ\u00f3mico o armazenamento destes produtos.<\/p>\n\n\n\n<h3 class=\"wp-block-heading\">Servi\u00e7o de vasos personalizados para plantas<\/h3>\n\n\n\n<p>Oferecemos servi\u00e7os OEM e ODM para os nossos produtos.<br>Entrega r\u00e1pida de amostras est\u00e1 dispon\u00edvel.<br>Oferecemos uma variedade de formas, cores, impress\u00e3o personalizada, embalagem e outros servi\u00e7os adaptados para satisfazer as suas necessidades espec\u00edficas.<br><a href=\"https:\/\/www.santai-ceramics.com\/pt\/custom\/\" data-type=\"page\" data-id=\"13\" target=\"_blank\" rel=\"noreferrer noopener\"><strong><b>Saiba mais sobre personaliza\u00e7\u00e3o<\/b> pormenor do vaso de plantas.<\/strong><\/a><\/p>\n\n\n\n<div class=\"wp-block-columns is-layout-flex wp-container-core-columns-is-layout-9d6595d7 wp-block-columns-is-layout-flex\">\n<div class=\"wp-block-column is-layout-flow wp-block-column-is-layout-flow\">\n<figure class=\"wp-block-image size-full\"><img decoding=\"async\" width=\"1500\" height=\"1249\" src=\"https:\/\/www.santai-ceramics.com\/wp-content\/uploads\/2025\/03\/Wholesale-Retro-Small-Plant-Pots-3.webp\" alt=\"Vasos pequenos para plantas Retro por atacado (3)\" class=\"wp-image-2165\" srcset=\"https:\/\/www.santai-ceramics.com\/wp-content\/uploads\/2025\/03\/Wholesale-Retro-Small-Plant-Pots-3.webp 1500w, https:\/\/www.santai-ceramics.com\/wp-content\/uploads\/2025\/03\/Wholesale-Retro-Small-Plant-Pots-3-300x250.webp 300w, https:\/\/www.santai-ceramics.com\/wp-content\/uploads\/2025\/03\/Wholesale-Retro-Small-Plant-Pots-3-768x639.webp 768w, https:\/\/www.santai-ceramics.com\/wp-content\/uploads\/2025\/03\/Wholesale-Retro-Small-Plant-Pots-3-14x12.webp 14w, https:\/\/www.santai-ceramics.com\/wp-content\/uploads\/2025\/03\/Wholesale-Retro-Small-Plant-Pots-3-1200x999.webp 1200w, https:\/\/www.santai-ceramics.com\/wp-content\/uploads\/2025\/03\/Wholesale-Retro-Small-Plant-Pots-3-600x500.webp 600w\" sizes=\"(max-width: 1500px) 100vw, 1500px\" \/><\/figure>\n<\/div>\n\n\n\n<div class=\"wp-block-column is-layout-flow wp-block-column-is-layout-flow\">\n<figure class=\"wp-block-image size-full\"><img decoding=\"async\" width=\"1500\" height=\"1249\" src=\"https:\/\/www.santai-ceramics.com\/wp-content\/uploads\/2025\/03\/Wholesale-Retro-Small-Plant-Pots-4.webp\" alt=\"Vasos pequenos para plantas Retro por atacado (4)\" class=\"wp-image-2166\" srcset=\"https:\/\/www.santai-ceramics.com\/wp-content\/uploads\/2025\/03\/Wholesale-Retro-Small-Plant-Pots-4.webp 1500w, https:\/\/www.santai-ceramics.com\/wp-content\/uploads\/2025\/03\/Wholesale-Retro-Small-Plant-Pots-4-300x250.webp 300w, https:\/\/www.santai-ceramics.com\/wp-content\/uploads\/2025\/03\/Wholesale-Retro-Small-Plant-Pots-4-768x639.webp 768w, https:\/\/www.santai-ceramics.com\/wp-content\/uploads\/2025\/03\/Wholesale-Retro-Small-Plant-Pots-4-14x12.webp 14w, https:\/\/www.santai-ceramics.com\/wp-content\/uploads\/2025\/03\/Wholesale-Retro-Small-Plant-Pots-4-1200x999.webp 1200w, https:\/\/www.santai-ceramics.com\/wp-content\/uploads\/2025\/03\/Wholesale-Retro-Small-Plant-Pots-4-600x500.webp 600w\" sizes=\"(max-width: 1500px) 100vw, 1500px\" \/><\/figure>\n<\/div>\n<\/div>\n\n\n\n<div class=\"wp-block-columns is-layout-flex wp-container-core-columns-is-layout-9d6595d7 wp-block-columns-is-layout-flex\">\n<div class=\"wp-block-column is-layout-flow wp-block-column-is-layout-flow\"><\/div>\n\n\n\n<div class=\"wp-block-column is-layout-flow wp-block-column-is-layout-flow\"><\/div>\n<\/div>","protected":false},"excerpt":{"rendered":"<p data-pm-slice=\"0 0 []\">Vasos para plantas pequenos com acabamento galvanizado, perfeitos para real\u00e7ar qualquer ambiente que necessite de decora\u00e7\u00e3o e conquistar os cora\u00e7\u00f5es dos amantes de plantas em todo o lado. Encomende j\u00e1 por grosso para tirar partido dos nossos pre\u00e7os competitivos e op\u00e7\u00f5es personaliz\u00e1veis!<\/p>\n<h2>Especifica\u00e7\u00e3o de Vasos para plantas pequenos com acabamento galvanizado Retro<\/h2>\n<table width=\"855\">\n<tbody>\n<tr>\n<td width=\"285\">N\u00famero do modelo<\/td>\n<td width=\"285\">A36546-G094-A01<\/td>\n<td width=\"285\">A36546-G094-A02<\/td>\n<\/tr>\n<tr>\n<td>Nome do produto<\/td>\n<td>Vaso de cer\u00e2mica para flores<\/td>\n<td>Vaso de cer\u00e2mica para flores<\/td>\n<\/tr>\n<tr>\n<td>Cor<\/td>\n<td>Ouro galvanizado antigo<\/td>\n<td>Ouro galvanizado antigo<\/td>\n<\/tr>\n<tr>\n<td>Material<\/td>\n<td>Cer\u00e2mica<\/td>\n<td>Cer\u00e2mica<\/td>\n<\/tr>\n<tr>\n<td>Cen\u00e1rios de utiliza\u00e7\u00e3o<\/td>\n<td>decora\u00e7\u00e3o de casa<\/td>\n<td>decora\u00e7\u00e3o de casa<\/td>\n<\/tr>\n<tr>\n<td>Dimens\u00f5es<\/td>\n<td>D:18,5X17cm<\/td>\n<td>D:15X13,5cm<\/td>\n<\/tr>\n<tr>\n<td>Peso<\/td>\n<td>1,2 kg\/unidade<\/td>\n<td>0,7 kg\/unidade<\/td>\n<\/tr>\n<\/tbody>\n<\/table>","protected":false},"featured_media":2163,"comment_status":"closed","ping_status":"closed","template":"","meta":{"_acf_changed":false},"product_brand":[],"product_cat":[18,42,23],"product_tag":[],"class_list":{"0":"post-2146","1":"product","2":"type-product","3":"status-publish","4":"has-post-thumbnail","6":"product_cat-home-decor","7":"product_cat-wholesale-ceramic-plant-pots","8":"product_cat-ceramic-pots-planters","10":"first","11":"instock","12":"shipping-taxable","13":"product-type-simple"},"acf":[],"_links":{"self":[{"href":"https:\/\/www.santai-ceramics.com\/pt\/wp-json\/wp\/v2\/product\/2146","targetHints":{"allow":["GET"]}}],"collection":[{"href":"https:\/\/www.santai-ceramics.com\/pt\/wp-json\/wp\/v2\/product"}],"about":[{"href":"https:\/\/www.santai-ceramics.com\/pt\/wp-json\/wp\/v2\/types\/product"}],"replies":[{"embeddable":true,"href":"https:\/\/www.santai-ceramics.com\/pt\/wp-json\/wp\/v2\/comments?post=2146"}],"wp:featuredmedia":[{"embeddable":true,"href":"https:\/\/www.santai-ceramics.com\/pt\/wp-json\/wp\/v2\/media\/2163"}],"wp:attachment":[{"href":"https:\/\/www.santai-ceramics.com\/pt\/wp-json\/wp\/v2\/media?parent=2146"}],"wp:term":[{"taxonomy":"product_brand","embeddable":true,"href":"https:\/\/www.santai-ceramics.com\/pt\/wp-json\/wp\/v2\/product_brand?post=2146"},{"taxonomy":"product_cat","embeddable":true,"href":"https:\/\/www.santai-ceramics.com\/pt\/wp-json\/wp\/v2\/product_cat?post=2146"},{"taxonomy":"product_tag","embeddable":true,"href":"https:\/\/www.santai-ceramics.com\/pt\/wp-json\/wp\/v2\/product_tag?post=2146"}],"curies":[{"name":"wp","href":"https:\/\/api.w.org\/{rel}","templated":true}]}}