{"id":2147,"date":"2025-03-06T14:27:54","date_gmt":"2025-03-06T14:27:54","guid":{"rendered":"https:\/\/www.santai-ceramics.com\/?post_type=product&#038;p=2147"},"modified":"2025-06-10T00:55:45","modified_gmt":"2025-06-10T00:55:45","slug":"wholesale-vintage-ceramic-jar-with-electroplated-gold-finish","status":"publish","type":"product","link":"https:\/\/www.santai-ceramics.com\/pt\/product\/wholesale-vintage-ceramic-jar-with-electroplated-gold-finish\/","title":{"rendered":"Frasco de cer\u00e2mica vintage por atacado com tampa - Recipiente de armazenamento decorativo em ouro galvanizado antigo e elegante"},"content":{"rendered":"<h3 class=\"wp-block-heading\">Carater\u00edsticas do frasco de cer\u00e2mica Vintage<\/h3>\n\n\n\n<p><strong>Design cl\u00e1ssico retro: <\/strong>O frasco de cer\u00e2mica vintage utiliza um tratamento de superf\u00edcie antigo em ouro galvanizado, apresentando um estilo retro elegante.<\/p>\n\n\n\n<p><strong>Utiliza\u00e7\u00e3o decorativa multifuncional: <\/strong>O frasco de cer\u00e2mica vintage pode ser utilizado como decora\u00e7\u00e3o para dar um toque art\u00edstico ao espa\u00e7o e pode tamb\u00e9m ser utilizado para guardar objectos.<\/p>\n\n\n\n<p><strong>Artesanato requintado: <\/strong>Cada jarro de cer\u00e2mica \u00e9 finamente feito \u00e0 m\u00e3o e tem um aspeto delicado. N\u00e3o s\u00f3 pode melhorar a qualidade da casa, como tamb\u00e9m tem valor de cole\u00e7\u00e3o.<\/p>\n\n\n\n<p><strong>Amigo do ambiente e inofensivo:<\/strong> Utiliza materiais cer\u00e2micos amigos do ambiente, que s\u00e3o seguros e inofensivos, e \u00e9 uma escolha muito saud\u00e1vel para o lar.<\/p>\n\n\n\n<h3 class=\"wp-block-heading\">Servi\u00e7o de cer\u00e2mica personalizada<\/h3>\n\n\n\n<p>Oferecemos servi\u00e7os OEM e ODM para os nossos produtos.<br>Entrega r\u00e1pida de amostras est\u00e1 dispon\u00edvel.<br>Oferecemos uma variedade de formas, cores, impress\u00e3o personalizada, embalagem e outros servi\u00e7os adaptados para satisfazer as suas necessidades espec\u00edficas.<br><a href=\"https:\/\/www.santai-ceramics.com\/pt\/custom\/\" data-type=\"page\" data-id=\"13\" target=\"_blank\" rel=\"noreferrer noopener\"><strong><b>Saiba mais sobre personaliza\u00e7\u00e3o<\/b> pormenor da cer\u00e2mica.<\/strong><\/a><\/p>\n\n\n\n<div class=\"wp-block-columns is-layout-flex wp-container-core-columns-is-layout-9d6595d7 wp-block-columns-is-layout-flex\">\n<div class=\"wp-block-column is-layout-flow wp-block-column-is-layout-flow\">\n<figure class=\"wp-block-image size-full\"><img decoding=\"async\" width=\"1500\" height=\"1250\" src=\"https:\/\/www.santai-ceramics.com\/wp-content\/uploads\/2025\/03\/Wholesale-Vintage-Ceramic-Jar-with-Lid-2.webp\" alt=\"Frasco de cer\u00e2mica vintage com tampa por atacado (2)\" class=\"wp-image-2159\" srcset=\"https:\/\/www.santai-ceramics.com\/wp-content\/uploads\/2025\/03\/Wholesale-Vintage-Ceramic-Jar-with-Lid-2.webp 1500w, https:\/\/www.santai-ceramics.com\/wp-content\/uploads\/2025\/03\/Wholesale-Vintage-Ceramic-Jar-with-Lid-2-300x250.webp 300w, https:\/\/www.santai-ceramics.com\/wp-content\/uploads\/2025\/03\/Wholesale-Vintage-Ceramic-Jar-with-Lid-2-768x640.webp 768w, https:\/\/www.santai-ceramics.com\/wp-content\/uploads\/2025\/03\/Wholesale-Vintage-Ceramic-Jar-with-Lid-2-14x12.webp 14w, https:\/\/www.santai-ceramics.com\/wp-content\/uploads\/2025\/03\/Wholesale-Vintage-Ceramic-Jar-with-Lid-2-1200x1000.webp 1200w, https:\/\/www.santai-ceramics.com\/wp-content\/uploads\/2025\/03\/Wholesale-Vintage-Ceramic-Jar-with-Lid-2-600x500.webp 600w\" sizes=\"(max-width: 1500px) 100vw, 1500px\" \/><\/figure>\n<\/div>\n\n\n\n<div class=\"wp-block-column is-layout-flow wp-block-column-is-layout-flow\">\n<figure class=\"wp-block-image size-full\"><img decoding=\"async\" width=\"1500\" height=\"1249\" src=\"https:\/\/www.santai-ceramics.com\/wp-content\/uploads\/2025\/03\/Wholesale-Vintage-Ceramic-Jar-with-Lid-3.webp\" alt=\"Frasco de cer\u00e2mica vintage com tampa por atacado (3)\" class=\"wp-image-2160\" srcset=\"https:\/\/www.santai-ceramics.com\/wp-content\/uploads\/2025\/03\/Wholesale-Vintage-Ceramic-Jar-with-Lid-3.webp 1500w, https:\/\/www.santai-ceramics.com\/wp-content\/uploads\/2025\/03\/Wholesale-Vintage-Ceramic-Jar-with-Lid-3-300x250.webp 300w, https:\/\/www.santai-ceramics.com\/wp-content\/uploads\/2025\/03\/Wholesale-Vintage-Ceramic-Jar-with-Lid-3-768x639.webp 768w, https:\/\/www.santai-ceramics.com\/wp-content\/uploads\/2025\/03\/Wholesale-Vintage-Ceramic-Jar-with-Lid-3-14x12.webp 14w, https:\/\/www.santai-ceramics.com\/wp-content\/uploads\/2025\/03\/Wholesale-Vintage-Ceramic-Jar-with-Lid-3-1200x999.webp 1200w, https:\/\/www.santai-ceramics.com\/wp-content\/uploads\/2025\/03\/Wholesale-Vintage-Ceramic-Jar-with-Lid-3-600x500.webp 600w\" sizes=\"(max-width: 1500px) 100vw, 1500px\" \/><\/figure>\n<\/div>\n<\/div>","protected":false},"excerpt":{"rendered":"<p data-pm-slice=\"0 0 []\">\u00a0Este frasco de cer\u00e2mica vintage por atacado oferece um toque intemporal e elegante e \u00e9 ideal para retalhistas ou organizadores de eventos que procuram um frasco de cer\u00e2mica elegante e de alta qualidade. Suporte OEM e ODM; contacte-nos para obter uma cota\u00e7\u00e3o.<\/p>\n<h2>Especifica\u00e7\u00f5es do Frasco de cer\u00e2mica vintage<\/h2>\n<table width=\"855\">\n<tbody>\n<tr>\n<td width=\"285\">N\u00famero do modelo<\/td>\n<td width=\"285\">A35349-G094-G01<\/td>\n<td width=\"285\">A35349-G094-G02<\/td>\n<\/tr>\n<tr>\n<td>Nome do produto<\/td>\n<td>Frasco de cer\u00e2mica<\/td>\n<td>Frasco de cer\u00e2mica<\/td>\n<\/tr>\n<tr>\n<td>Cor<\/td>\n<td>Ouro galvanizado antigo<\/td>\n<td>Ouro galvanizado antigo<\/td>\n<\/tr>\n<tr>\n<td>Material<\/td>\n<td>Cer\u00e2mica<\/td>\n<td>Cer\u00e2mica<\/td>\n<\/tr>\n<tr>\n<td>Cen\u00e1rios de utiliza\u00e7\u00e3o<\/td>\n<td>decora\u00e7\u00e3o de casa<\/td>\n<td>decora\u00e7\u00e3o de casa<\/td>\n<\/tr>\n<tr>\n<td>Dimens\u00f5es<\/td>\n<td>D:17X27cm<\/td>\n<td>D:15X21,5cm<\/td>\n<\/tr>\n<tr>\n<td>Peso<\/td>\n<td>1,3 kg\/unidade<\/td>\n<td>1kg\/pc<\/td>\n<\/tr>\n<\/tbody>\n<\/table>","protected":false},"featured_media":2158,"comment_status":"closed","ping_status":"closed","template":"","meta":{"_acf_changed":false},"product_brand":[],"product_cat":[18,43],"product_tag":[],"class_list":{"0":"post-2147","1":"product","2":"type-product","3":"status-publish","4":"has-post-thumbnail","6":"product_cat-home-decor","7":"product_cat-wholesale-ceramic-jar","9":"first","10":"instock","11":"shipping-taxable","12":"product-type-simple"},"acf":[],"_links":{"self":[{"href":"https:\/\/www.santai-ceramics.com\/pt\/wp-json\/wp\/v2\/product\/2147","targetHints":{"allow":["GET"]}}],"collection":[{"href":"https:\/\/www.santai-ceramics.com\/pt\/wp-json\/wp\/v2\/product"}],"about":[{"href":"https:\/\/www.santai-ceramics.com\/pt\/wp-json\/wp\/v2\/types\/product"}],"replies":[{"embeddable":true,"href":"https:\/\/www.santai-ceramics.com\/pt\/wp-json\/wp\/v2\/comments?post=2147"}],"wp:featuredmedia":[{"embeddable":true,"href":"https:\/\/www.santai-ceramics.com\/pt\/wp-json\/wp\/v2\/media\/2158"}],"wp:attachment":[{"href":"https:\/\/www.santai-ceramics.com\/pt\/wp-json\/wp\/v2\/media?parent=2147"}],"wp:term":[{"taxonomy":"product_brand","embeddable":true,"href":"https:\/\/www.santai-ceramics.com\/pt\/wp-json\/wp\/v2\/product_brand?post=2147"},{"taxonomy":"product_cat","embeddable":true,"href":"https:\/\/www.santai-ceramics.com\/pt\/wp-json\/wp\/v2\/product_cat?post=2147"},{"taxonomy":"product_tag","embeddable":true,"href":"https:\/\/www.santai-ceramics.com\/pt\/wp-json\/wp\/v2\/product_tag?post=2147"}],"curies":[{"name":"wp","href":"https:\/\/api.w.org\/{rel}","templated":true}]}}