{"id":2186,"date":"2025-03-07T08:05:11","date_gmt":"2025-03-07T08:05:11","guid":{"rendered":"https:\/\/www.santai-ceramics.com\/?post_type=product&#038;p=2186"},"modified":"2025-03-07T08:07:35","modified_gmt":"2025-03-07T08:07:35","slug":"wholesale-golden-elegance-ceramic-vase-collection","status":"publish","type":"product","link":"https:\/\/www.santai-ceramics.com\/pt\/product\/wholesale-golden-elegance-ceramic-vase-collection\/","title":{"rendered":"Cole\u00e7\u00e3o de vasos de cer\u00e2mica Golden Elegance com acabamento em galvanoplastia - Fabricante de cer\u00e2mica SANTAI"},"content":{"rendered":"<h3 class=\"wp-block-heading\">Carater\u00edsticas da cole\u00e7\u00e3o de vasos de cer\u00e2mica Golden Elegance<\/h3>\n\n\n\n<p><strong>Artesanato excecional:<\/strong> Cada vaso combina a precis\u00e3o da f\u00e1brica com o trabalho manual especializado, de modo que cada um \u00e9 \u00fanico e perfeitamente feito \u00e0 m\u00e3o.<\/p>\n\n\n\n<p><strong>Estilo sofisticado: <\/strong>O seu aspeto rico, devido ao acabamento antigo em ouro galvanizado, permite-lhes integrar-se em qualquer estilo de decora\u00e7\u00e3o.<\/p>\n\n\n\n<p><strong>Utiliza\u00e7\u00e3o flex\u00edvel: <\/strong>Aplic\u00e1veis a muitos cen\u00e1rios de decora\u00e7\u00e3o de casa, os vasos s\u00e3o concebidos com bom gosto para se adaptarem a qualquer lugar, seja em salas de estar, salas de jantar ou mesmo halls de entrada.<\/p>\n\n\n\n<p><strong>Variedade de tamanhos: <\/strong>A cole\u00e7\u00e3o inclui vasos de v\u00e1rios tamanhos, que proporcionam diferentes solu\u00e7\u00f5es para diferentes exig\u00eancias de exposi\u00e7\u00e3o.<\/p>\n\n\n\n<p><strong>Servi\u00e7o OEM e ODM: <\/strong>Apoiamos a flexibilidade nas quantidades encomendadas e podemos apoiar designs personalizados ou varia\u00e7\u00f5es, conforme solicitado, ajudando-o a fazer ajustes \u00e0 cole\u00e7\u00e3o para satisfazer as suas necessidades precisas de mercado.<\/p>\n\n\n\n<h3 class=\"wp-block-heading\">Servi\u00e7o de vasos de cer\u00e2mica personalizados<\/h3>\n\n\n\n<p>Oferecemos servi\u00e7os OEM e ODM para os nossos produtos.<br>Entrega r\u00e1pida de amostras est\u00e1 dispon\u00edvel.<br>Oferecemos uma variedade de formas, cores, impress\u00e3o personalizada, embalagem e outros servi\u00e7os adaptados para satisfazer as suas necessidades espec\u00edficas.<br><a href=\"https:\/\/www.santai-ceramics.com\/pt\/custom\/\" data-type=\"page\" data-id=\"13\" target=\"_blank\" rel=\"noreferrer noopener\"><strong><b>Saiba mais sobre personaliza\u00e7\u00e3o<\/b> pormenor de vaso em cer\u00e2mica.<\/strong><\/a><\/p>\n\n\n\n<div class=\"wp-block-columns is-layout-flex wp-container-core-columns-is-layout-9d6595d7 wp-block-columns-is-layout-flex\">\n<div class=\"wp-block-column is-layout-flow wp-block-column-is-layout-flow\">\n<figure class=\"wp-block-image size-full\"><img decoding=\"async\" width=\"1500\" height=\"1249\" src=\"https:\/\/www.santai-ceramics.com\/wp-content\/uploads\/2025\/03\/Wholesale-Elegant-Vase-with-Electroplating-Finish-7.webp\" alt=\"Vaso elegante por atacado com acabamento em galvanoplastia (7)\" class=\"wp-image-2194\" srcset=\"https:\/\/www.santai-ceramics.com\/wp-content\/uploads\/2025\/03\/Wholesale-Elegant-Vase-with-Electroplating-Finish-7.webp 1500w, https:\/\/www.santai-ceramics.com\/wp-content\/uploads\/2025\/03\/Wholesale-Elegant-Vase-with-Electroplating-Finish-7-300x250.webp 300w, https:\/\/www.santai-ceramics.com\/wp-content\/uploads\/2025\/03\/Wholesale-Elegant-Vase-with-Electroplating-Finish-7-768x639.webp 768w, https:\/\/www.santai-ceramics.com\/wp-content\/uploads\/2025\/03\/Wholesale-Elegant-Vase-with-Electroplating-Finish-7-14x12.webp 14w, https:\/\/www.santai-ceramics.com\/wp-content\/uploads\/2025\/03\/Wholesale-Elegant-Vase-with-Electroplating-Finish-7-1200x999.webp 1200w, https:\/\/www.santai-ceramics.com\/wp-content\/uploads\/2025\/03\/Wholesale-Elegant-Vase-with-Electroplating-Finish-7-600x500.webp 600w\" sizes=\"(max-width: 1500px) 100vw, 1500px\" \/><\/figure>\n<\/div>\n\n\n\n<div class=\"wp-block-column is-layout-flow wp-block-column-is-layout-flow\">\n<figure class=\"wp-block-image size-full\"><img decoding=\"async\" width=\"1500\" height=\"1249\" src=\"https:\/\/www.santai-ceramics.com\/wp-content\/uploads\/2025\/03\/Wholesale-Elegant-Vase-with-Electroplating-Finish-8.webp\" alt=\"Vaso elegante por atacado com acabamento em galvanoplastia (8)\" class=\"wp-image-2195\" srcset=\"https:\/\/www.santai-ceramics.com\/wp-content\/uploads\/2025\/03\/Wholesale-Elegant-Vase-with-Electroplating-Finish-8.webp 1500w, https:\/\/www.santai-ceramics.com\/wp-content\/uploads\/2025\/03\/Wholesale-Elegant-Vase-with-Electroplating-Finish-8-300x250.webp 300w, https:\/\/www.santai-ceramics.com\/wp-content\/uploads\/2025\/03\/Wholesale-Elegant-Vase-with-Electroplating-Finish-8-768x639.webp 768w, https:\/\/www.santai-ceramics.com\/wp-content\/uploads\/2025\/03\/Wholesale-Elegant-Vase-with-Electroplating-Finish-8-14x12.webp 14w, https:\/\/www.santai-ceramics.com\/wp-content\/uploads\/2025\/03\/Wholesale-Elegant-Vase-with-Electroplating-Finish-8-1200x999.webp 1200w, https:\/\/www.santai-ceramics.com\/wp-content\/uploads\/2025\/03\/Wholesale-Elegant-Vase-with-Electroplating-Finish-8-600x500.webp 600w\" sizes=\"(max-width: 1500px) 100vw, 1500px\" \/><\/figure>\n<\/div>\n<\/div>","protected":false},"excerpt":{"rendered":"<p data-pm-slice=\"0 0 []\">Cole\u00e7\u00e3o de vasos de cer\u00e2mica de eleg\u00e2ncia dourada por atacado, esta s\u00e9rie inclui vasos de v\u00e1rios tamanhos, o que \u00e9 conveniente para os retalhistas comprarem de forma flex\u00edvel de acordo com a procura do mercado. Estamos empenhados em fornecer processamento r\u00e1pido de pedidos e entrega pontual para atender \u00e0s necessidades de estoque dos varejistas. Bem-vindo a contactar-nos.<\/p>\n<h2>Especifica\u00e7\u00e3o da cole\u00e7\u00e3o de vasos de cer\u00e2mica Golden Elegance<\/h2>\n<table width=\"1140\">\n<tbody>\n<tr>\n<td width=\"285\">N\u00famero do modelo<\/td>\n<td width=\"285\">A36778-G094-A01<\/td>\n<td width=\"285\">A36778-G094-A02<\/td>\n<td width=\"285\">A36778-G094-A03<\/td>\n<\/tr>\n<tr>\n<td>Nome do produto<\/td>\n<td>Vaso de cer\u00e2mica para flores<\/td>\n<td>Vaso de cer\u00e2mica para flores<\/td>\n<td>Vaso de cer\u00e2mica para flores<\/td>\n<\/tr>\n<tr>\n<td>Cor<\/td>\n<td>Ouro galvanizado antigo<\/td>\n<td>Ouro galvanizado antigo<\/td>\n<td>Ouro galvanizado antigo<\/td>\n<\/tr>\n<tr>\n<td>Material<\/td>\n<td>Cer\u00e2mica<\/td>\n<td>Cer\u00e2mica<\/td>\n<td>Cer\u00e2mica<\/td>\n<\/tr>\n<tr>\n<td>Cen\u00e1rios de utiliza\u00e7\u00e3o<\/td>\n<td>decora\u00e7\u00e3o de casa<\/td>\n<td>decora\u00e7\u00e3o de casa<\/td>\n<td>decora\u00e7\u00e3o de casa<\/td>\n<\/tr>\n<tr>\n<td>Dimens\u00f5es<\/td>\n<td>D:17,5X27cm<\/td>\n<td>D:18X21cm<\/td>\n<td>D:14,5X14,5cm<\/td>\n<\/tr>\n<tr>\n<td>Peso<\/td>\n<td>1,4 kg\/unidade<\/td>\n<td>1,1 kg\/unidade<\/td>\n<td>0,8 kg\/unidade<\/td>\n<\/tr>\n<\/tbody>\n<\/table>","protected":false},"featured_media":2188,"comment_status":"closed","ping_status":"closed","template":"","meta":{"_acf_changed":false},"product_brand":[],"product_cat":[18,22],"product_tag":[],"class_list":{"0":"post-2186","1":"product","2":"type-product","3":"status-publish","4":"has-post-thumbnail","6":"product_cat-home-decor","7":"product_cat-vase","9":"first","10":"instock","11":"shipping-taxable","12":"product-type-simple"},"acf":[],"_links":{"self":[{"href":"https:\/\/www.santai-ceramics.com\/pt\/wp-json\/wp\/v2\/product\/2186","targetHints":{"allow":["GET"]}}],"collection":[{"href":"https:\/\/www.santai-ceramics.com\/pt\/wp-json\/wp\/v2\/product"}],"about":[{"href":"https:\/\/www.santai-ceramics.com\/pt\/wp-json\/wp\/v2\/types\/product"}],"replies":[{"embeddable":true,"href":"https:\/\/www.santai-ceramics.com\/pt\/wp-json\/wp\/v2\/comments?post=2186"}],"wp:featuredmedia":[{"embeddable":true,"href":"https:\/\/www.santai-ceramics.com\/pt\/wp-json\/wp\/v2\/media\/2188"}],"wp:attachment":[{"href":"https:\/\/www.santai-ceramics.com\/pt\/wp-json\/wp\/v2\/media?parent=2186"}],"wp:term":[{"taxonomy":"product_brand","embeddable":true,"href":"https:\/\/www.santai-ceramics.com\/pt\/wp-json\/wp\/v2\/product_brand?post=2186"},{"taxonomy":"product_cat","embeddable":true,"href":"https:\/\/www.santai-ceramics.com\/pt\/wp-json\/wp\/v2\/product_cat?post=2186"},{"taxonomy":"product_tag","embeddable":true,"href":"https:\/\/www.santai-ceramics.com\/pt\/wp-json\/wp\/v2\/product_tag?post=2186"}],"curies":[{"name":"wp","href":"https:\/\/api.w.org\/{rel}","templated":true}]}}