{"id":2209,"date":"2025-03-23T14:36:11","date_gmt":"2025-03-23T14:36:11","guid":{"rendered":"https:\/\/www.santai-ceramics.com\/?post_type=product&#038;p=2209"},"modified":"2025-06-10T00:56:54","modified_gmt":"2025-06-10T00:56:54","slug":"wholesale-exquisite-ceramic-honey-pot-for-home-decor","status":"publish","type":"product","link":"https:\/\/www.santai-ceramics.com\/pt\/product\/wholesale-exquisite-ceramic-honey-pot-for-home-decor\/","title":{"rendered":"Pote de mel de cer\u00e2mica requintado por atacado para decora\u00e7\u00e3o de casa - Fabricante de cer\u00e2mica SANTAI"},"content":{"rendered":"<h3 class=\"wp-block-heading\">Carater\u00edsticas do pote de mel em cer\u00e2mica <\/h3>\n\n\n\n<p><strong>Design est\u00e9tico em forma de favo de mel:<\/strong> Este requintado pote de mel em cer\u00e2mica replica a textura natural do favo de mel, com linhas geom\u00e9tricas e esmalte cer\u00e2mico suave. \u00c9 um frasco de arruma\u00e7\u00e3o art\u00edstico que real\u00e7a facilmente a textura moderna da cozinha\/bar.<\/p>\n\n\n\n<p><strong>Artesanato profissional em cer\u00e2mica: <\/strong>O pote de mel em cer\u00e2mica adopta a tecnologia de cozedura a alta temperatura com cor de esmalte. O corpo do pote \u00e9 denso e sem poros, e tem uma superf\u00edcie curva suave, que se adapta \u00e0 curva da m\u00e3o e \u00e9 f\u00e1cil de agarrar.<\/p>\n\n\n\n<p><strong>S\u00e9rie verde claro: <\/strong>O esmalte de baixa satura\u00e7\u00e3o apresenta uma textura mate, e o verde bot\u00e3o geral \u00e9 adequado para o estilo n\u00f3rdico\/em casa minimalista.<\/p>\n\n\n\n<p><strong>Vasta gama de cen\u00e1rios aplic\u00e1veis: <\/strong>Adequado para decora\u00e7\u00e3o de exposi\u00e7\u00e3o em lojas, salas de estar, salas de estudo e escrit\u00f3rios.<\/p>\n\n\n\n<p><strong>Pre\u00e7o grossista de f\u00e1brica: <\/strong>Como fabricante profissional de cer\u00e2mica, a SANTAI fornece-lhe servi\u00e7os OEM e ODM e garante-lhe pre\u00e7os de f\u00e1brica.<\/p>\n\n\n\n<h3 class=\"wp-block-heading\">Servi\u00e7o de cer\u00e2mica personalizada<\/h3>\n\n\n\n<p>Oferecemos servi\u00e7os OEM e ODM para os nossos produtos.<br>Entrega r\u00e1pida de amostras est\u00e1 dispon\u00edvel.<br>Oferecemos uma variedade de formas, cores, impress\u00e3o personalizada, embalagem e outros servi\u00e7os adaptados para satisfazer as suas necessidades espec\u00edficas.<br><a href=\"https:\/\/www.santai-ceramics.com\/pt\/custom\/\" data-type=\"page\" data-id=\"13\" target=\"_blank\" rel=\"noreferrer noopener\"><strong><b>Saiba mais sobre personaliza\u00e7\u00e3o<\/b> pormenor da cer\u00e2mica.<\/strong><\/a><\/p>\n\n\n\n<div class=\"wp-block-columns is-layout-flex wp-container-core-columns-is-layout-9d6595d7 wp-block-columns-is-layout-flex\">\n<div class=\"wp-block-column is-layout-flow wp-block-column-is-layout-flow\">\n<figure class=\"wp-block-image size-full\"><img decoding=\"async\" width=\"3760\" height=\"3134\" src=\"https:\/\/www.santai-ceramics.com\/wp-content\/uploads\/2025\/03\/Wholesale-Exquisite-Ceramic-Honey-Pot-5.webp\" alt=\"Pote de mel de cer\u00e2mica requintado por atacado (5)\" class=\"wp-image-2233\" srcset=\"https:\/\/www.santai-ceramics.com\/wp-content\/uploads\/2025\/03\/Wholesale-Exquisite-Ceramic-Honey-Pot-5.webp 3760w, https:\/\/www.santai-ceramics.com\/wp-content\/uploads\/2025\/03\/Wholesale-Exquisite-Ceramic-Honey-Pot-5-300x250.webp 300w, https:\/\/www.santai-ceramics.com\/wp-content\/uploads\/2025\/03\/Wholesale-Exquisite-Ceramic-Honey-Pot-5-768x640.webp 768w, https:\/\/www.santai-ceramics.com\/wp-content\/uploads\/2025\/03\/Wholesale-Exquisite-Ceramic-Honey-Pot-5-14x12.webp 14w, https:\/\/www.santai-ceramics.com\/wp-content\/uploads\/2025\/03\/Wholesale-Exquisite-Ceramic-Honey-Pot-5-1200x1000.webp 1200w, https:\/\/www.santai-ceramics.com\/wp-content\/uploads\/2025\/03\/Wholesale-Exquisite-Ceramic-Honey-Pot-5-600x500.webp 600w\" sizes=\"(max-width: 3760px) 100vw, 3760px\" \/><\/figure>\n<\/div>\n\n\n\n<div class=\"wp-block-column is-layout-flow wp-block-column-is-layout-flow\">\n<figure class=\"wp-block-image size-full\"><img decoding=\"async\" width=\"2500\" height=\"2084\" src=\"https:\/\/www.santai-ceramics.com\/wp-content\/uploads\/2025\/03\/Wholesale-Exquisite-Ceramic-Honey-Pot-6.webp\" alt=\"Pote de mel de cer\u00e2mica requintado por atacado (6)\" class=\"wp-image-2234\" srcset=\"https:\/\/www.santai-ceramics.com\/wp-content\/uploads\/2025\/03\/Wholesale-Exquisite-Ceramic-Honey-Pot-6.webp 2500w, https:\/\/www.santai-ceramics.com\/wp-content\/uploads\/2025\/03\/Wholesale-Exquisite-Ceramic-Honey-Pot-6-300x250.webp 300w, https:\/\/www.santai-ceramics.com\/wp-content\/uploads\/2025\/03\/Wholesale-Exquisite-Ceramic-Honey-Pot-6-768x640.webp 768w, https:\/\/www.santai-ceramics.com\/wp-content\/uploads\/2025\/03\/Wholesale-Exquisite-Ceramic-Honey-Pot-6-14x12.webp 14w, https:\/\/www.santai-ceramics.com\/wp-content\/uploads\/2025\/03\/Wholesale-Exquisite-Ceramic-Honey-Pot-6-1200x1000.webp 1200w, https:\/\/www.santai-ceramics.com\/wp-content\/uploads\/2025\/03\/Wholesale-Exquisite-Ceramic-Honey-Pot-6-600x500.webp 600w\" sizes=\"(max-width: 2500px) 100vw, 2500px\" \/><\/figure>\n<\/div>\n<\/div>\n\n\n\n<div class=\"wp-block-columns is-layout-flex wp-container-core-columns-is-layout-9d6595d7 wp-block-columns-is-layout-flex\">\n<div class=\"wp-block-column is-layout-flow wp-block-column-is-layout-flow\"><\/div>\n\n\n\n<div class=\"wp-block-column is-layout-flow wp-block-column-is-layout-flow\"><\/div>\n<\/div>","protected":false},"excerpt":{"rendered":"<p data-pm-slice=\"0 0 []\">Pote de mel de cer\u00e2mica requintado por atacado, design elegante, pr\u00e1tico e dur\u00e1vel, adequado para decora\u00e7\u00e3o de casa e loja. Fornecemos servi\u00e7os OEM e ODM para satisfazer as necessidades da sua marca. Bem-vindo a contactar-nos para um or\u00e7amento!<\/p>\n<h2>Especifica\u00e7\u00e3o do Pote de mel em cer\u00e2mica requintada<\/h2>\n<table width=\"855\">\n<tbody>\n<tr>\n<td width=\"285\">N\u00famero do modelo<\/td>\n<td width=\"285\">A37751-LD54-G01<\/td>\n<td width=\"285\">A37751-LD54-G02<\/td>\n<\/tr>\n<tr>\n<td>Nome do produto<\/td>\n<td>Frasco de cer\u00e2mica<\/td>\n<td>Frasco de cer\u00e2mica<\/td>\n<\/tr>\n<tr>\n<td>Cor<\/td>\n<td>Verde claro<\/td>\n<td>Verde claro<\/td>\n<\/tr>\n<tr>\n<td>Material<\/td>\n<td>Cer\u00e2mica<\/td>\n<td>Cer\u00e2mica<\/td>\n<\/tr>\n<tr>\n<td>Cen\u00e1rios de utiliza\u00e7\u00e3o<\/td>\n<td>decora\u00e7\u00e3o de casa<\/td>\n<td>decora\u00e7\u00e3o de casa<\/td>\n<\/tr>\n<tr>\n<td>Dimens\u00f5es<\/td>\n<td>D:18,5X25,5cm<\/td>\n<td>D:15,5X20cm<\/td>\n<\/tr>\n<tr>\n<td>Peso<\/td>\n<td>1,6 kg\/unidade<\/td>\n<td>1kg\/pc<\/td>\n<\/tr>\n<\/tbody>\n<\/table>","protected":false},"featured_media":2229,"comment_status":"closed","ping_status":"closed","template":"","meta":{"_acf_changed":false},"product_brand":[],"product_cat":[43,18],"product_tag":[],"class_list":{"0":"post-2209","1":"product","2":"type-product","3":"status-publish","4":"has-post-thumbnail","6":"product_cat-wholesale-ceramic-jar","7":"product_cat-home-decor","9":"first","10":"instock","11":"shipping-taxable","12":"product-type-simple"},"acf":[],"_links":{"self":[{"href":"https:\/\/www.santai-ceramics.com\/pt\/wp-json\/wp\/v2\/product\/2209","targetHints":{"allow":["GET"]}}],"collection":[{"href":"https:\/\/www.santai-ceramics.com\/pt\/wp-json\/wp\/v2\/product"}],"about":[{"href":"https:\/\/www.santai-ceramics.com\/pt\/wp-json\/wp\/v2\/types\/product"}],"replies":[{"embeddable":true,"href":"https:\/\/www.santai-ceramics.com\/pt\/wp-json\/wp\/v2\/comments?post=2209"}],"wp:featuredmedia":[{"embeddable":true,"href":"https:\/\/www.santai-ceramics.com\/pt\/wp-json\/wp\/v2\/media\/2229"}],"wp:attachment":[{"href":"https:\/\/www.santai-ceramics.com\/pt\/wp-json\/wp\/v2\/media?parent=2209"}],"wp:term":[{"taxonomy":"product_brand","embeddable":true,"href":"https:\/\/www.santai-ceramics.com\/pt\/wp-json\/wp\/v2\/product_brand?post=2209"},{"taxonomy":"product_cat","embeddable":true,"href":"https:\/\/www.santai-ceramics.com\/pt\/wp-json\/wp\/v2\/product_cat?post=2209"},{"taxonomy":"product_tag","embeddable":true,"href":"https:\/\/www.santai-ceramics.com\/pt\/wp-json\/wp\/v2\/product_tag?post=2209"}],"curies":[{"name":"wp","href":"https:\/\/api.w.org\/{rel}","templated":true}]}}