{"id":2210,"date":"2025-03-24T08:17:08","date_gmt":"2025-03-24T08:17:08","guid":{"rendered":"https:\/\/www.santai-ceramics.com\/?post_type=product&#038;p=2210"},"modified":"2025-03-24T08:17:10","modified_gmt":"2025-03-24T08:17:10","slug":"wholesale-stylish-double-handle-vase","status":"publish","type":"product","link":"https:\/\/www.santai-ceramics.com\/pt\/product\/wholesale-stylish-double-handle-vase\/","title":{"rendered":"Vaso de pega dupla por atacado com estilo e esmalte requintado para decora\u00e7\u00e3o moderna de casas e eventos"},"content":{"rendered":"<h3 class=\"wp-block-heading\">Carater\u00edsticas da Jarra elegante de pega dupla<\/h3>\n\n\n\n<p><strong>Filosofia de conce\u00e7\u00e3o ecol\u00f3gica:<\/strong> A forma geral da jarra \u00e9 inspirada na vitalidade da natureza, suave e natural. O design \u00fanico confere \u00e0 jarra um sentido de vida \u00fanico.<\/p>\n\n\n\n<p><strong>Esmalte verde suave: <\/strong>Esta elegante jarra de pega dupla utiliza um esmalte verde quente e suave, com um brilho tipo jade.<\/p>\n\n\n\n<p><strong>Versatilidade: <\/strong>Esta jarra n\u00e3o \u00e9 apenas um vaso para arranjos florais, \u00e9 tamb\u00e9m uma bela obra de arte decorativa. Em \u00e1reas como a sala de estar, o escrit\u00f3rio, a mesa de jantar ou a entrada, cria uma atmosfera art\u00edstica elegante.<\/p>\n\n\n\n<p><strong>Material de alta qualidade: <\/strong>Feito de material cer\u00e2mico de alta qualidade, feito \u00e0 m\u00e3o e cozido a alta temperatura, este elegante vaso de pega dupla tem um esmalte suave e delicado e n\u00e3o \u00e9 f\u00e1cil de rachar ou desvanecer.<\/p>\n\n\n\n<h3 class=\"wp-block-heading\">Servi\u00e7o de vasos de cer\u00e2mica personalizados<\/h3>\n\n\n\n<p>Oferecemos servi\u00e7os OEM e ODM para os nossos produtos.<br>Entrega r\u00e1pida de amostras est\u00e1 dispon\u00edvel.<br>Oferecemos uma variedade de formas, cores, impress\u00e3o personalizada, embalagem e outros servi\u00e7os adaptados para satisfazer as suas necessidades espec\u00edficas.<br><a href=\"https:\/\/www.santai-ceramics.com\/pt\/custom\/\" data-type=\"page\" data-id=\"13\" target=\"_blank\" rel=\"noreferrer noopener\"><strong><b>Saiba mais sobre personaliza\u00e7\u00e3o<\/b> pormenor de vaso em cer\u00e2mica.<\/strong><\/a><\/p>\n\n\n\n<div class=\"wp-block-columns is-layout-flex wp-container-core-columns-is-layout-9d6595d7 wp-block-columns-is-layout-flex\">\n<div class=\"wp-block-column is-layout-flow wp-block-column-is-layout-flow\">\n<figure class=\"wp-block-image size-full\"><img decoding=\"async\" width=\"2500\" height=\"2083\" src=\"https:\/\/www.santai-ceramics.com\/wp-content\/uploads\/2025\/03\/Wholesale-Stylish-Double-Handle-Vase-8.webp\" alt=\"Vaso de asa dupla com estilo por atacado (8)\" class=\"wp-image-2274\" srcset=\"https:\/\/www.santai-ceramics.com\/wp-content\/uploads\/2025\/03\/Wholesale-Stylish-Double-Handle-Vase-8.webp 2500w, https:\/\/www.santai-ceramics.com\/wp-content\/uploads\/2025\/03\/Wholesale-Stylish-Double-Handle-Vase-8-300x250.webp 300w, https:\/\/www.santai-ceramics.com\/wp-content\/uploads\/2025\/03\/Wholesale-Stylish-Double-Handle-Vase-8-768x640.webp 768w, https:\/\/www.santai-ceramics.com\/wp-content\/uploads\/2025\/03\/Wholesale-Stylish-Double-Handle-Vase-8-14x12.webp 14w, https:\/\/www.santai-ceramics.com\/wp-content\/uploads\/2025\/03\/Wholesale-Stylish-Double-Handle-Vase-8-1200x1000.webp 1200w, https:\/\/www.santai-ceramics.com\/wp-content\/uploads\/2025\/03\/Wholesale-Stylish-Double-Handle-Vase-8-600x500.webp 600w\" sizes=\"(max-width: 2500px) 100vw, 2500px\" \/><\/figure>\n<\/div>\n\n\n\n<div class=\"wp-block-column is-layout-flow wp-block-column-is-layout-flow\">\n<figure class=\"wp-block-image size-full\"><img decoding=\"async\" width=\"2500\" height=\"2083\" src=\"https:\/\/www.santai-ceramics.com\/wp-content\/uploads\/2025\/03\/Wholesale-Stylish-Double-Handle-Vase-9.webp\" alt=\"Vaso de asa dupla com estilo por atacado (9)\" class=\"wp-image-2275\" srcset=\"https:\/\/www.santai-ceramics.com\/wp-content\/uploads\/2025\/03\/Wholesale-Stylish-Double-Handle-Vase-9.webp 2500w, https:\/\/www.santai-ceramics.com\/wp-content\/uploads\/2025\/03\/Wholesale-Stylish-Double-Handle-Vase-9-300x250.webp 300w, https:\/\/www.santai-ceramics.com\/wp-content\/uploads\/2025\/03\/Wholesale-Stylish-Double-Handle-Vase-9-768x640.webp 768w, https:\/\/www.santai-ceramics.com\/wp-content\/uploads\/2025\/03\/Wholesale-Stylish-Double-Handle-Vase-9-14x12.webp 14w, https:\/\/www.santai-ceramics.com\/wp-content\/uploads\/2025\/03\/Wholesale-Stylish-Double-Handle-Vase-9-1200x1000.webp 1200w, https:\/\/www.santai-ceramics.com\/wp-content\/uploads\/2025\/03\/Wholesale-Stylish-Double-Handle-Vase-9-600x500.webp 600w\" sizes=\"(max-width: 2500px) 100vw, 2500px\" \/><\/figure>\n<\/div>\n<\/div>\n\n\n\n<div class=\"wp-block-columns is-layout-flex wp-container-core-columns-is-layout-9d6595d7 wp-block-columns-is-layout-flex\">\n<div class=\"wp-block-column is-layout-flow wp-block-column-is-layout-flow\"><\/div>\n\n\n\n<div class=\"wp-block-column is-layout-flow wp-block-column-is-layout-flow\"><\/div>\n<\/div>","protected":false},"excerpt":{"rendered":"<p data-pm-slice=\"0 0 []\">O vaso de pega dupla por atacado, com esmalte suave e delicado e design exclusivo de pega dupla, tem um aspeto \u00fanico e elegante, adequado para a decora\u00e7\u00e3o de casa e de eventos. Esta jarra de cer\u00e2mica vidrada de alta qualidade est\u00e1 dispon\u00edvel numa variedade de tamanhos, contacte-nos para um or\u00e7amento.<\/p>\n<h2>Especifica\u00e7\u00e3o do vaso elegante de pega dupla<\/h2>\n<table width=\"1140\">\n<tbody>\n<tr>\n<td width=\"285\">N\u00famero do modelo<\/td>\n<td width=\"285\">A37748-LD54-A01<\/td>\n<td width=\"285\">A37748-LD54-A02<\/td>\n<td width=\"285\">A37748-LD54-A03<\/td>\n<\/tr>\n<tr>\n<td>Nome do produto<\/td>\n<td>Vaso de cer\u00e2mica para flores<\/td>\n<td>Vaso de cer\u00e2mica para flores<\/td>\n<td>Vaso de cer\u00e2mica para flores<\/td>\n<\/tr>\n<tr>\n<td>Cor<\/td>\n<td>Verde claro<\/td>\n<td>Verde claro<\/td>\n<td>Verde claro<\/td>\n<\/tr>\n<tr>\n<td>Material<\/td>\n<td>Cer\u00e2mica<\/td>\n<td>Cer\u00e2mica<\/td>\n<td>Cer\u00e2mica<\/td>\n<\/tr>\n<tr>\n<td>Cen\u00e1rios de utiliza\u00e7\u00e3o<\/td>\n<td>decora\u00e7\u00e3o de casa<\/td>\n<td>decora\u00e7\u00e3o de casa<\/td>\n<td>decora\u00e7\u00e3o de casa<\/td>\n<\/tr>\n<tr>\n<td>Dimens\u00f5es<\/td>\n<td>15X15X21,5<\/td>\n<td>15X15X16,5<\/td>\n<td>15,5X14,5X14,5<\/td>\n<\/tr>\n<tr>\n<td>Peso<\/td>\n<td>1kg\/pc<\/td>\n<td>0,8 kg\/unidade<\/td>\n<td>0,8 kg\/unidade<\/td>\n<\/tr>\n<\/tbody>\n<\/table>","protected":false},"featured_media":2267,"comment_status":"closed","ping_status":"closed","template":"","meta":{"_acf_changed":false},"product_brand":[],"product_cat":[18,22],"product_tag":[],"class_list":{"0":"post-2210","1":"product","2":"type-product","3":"status-publish","4":"has-post-thumbnail","6":"product_cat-home-decor","7":"product_cat-vase","9":"first","10":"instock","11":"shipping-taxable","12":"product-type-simple"},"acf":[],"_links":{"self":[{"href":"https:\/\/www.santai-ceramics.com\/pt\/wp-json\/wp\/v2\/product\/2210","targetHints":{"allow":["GET"]}}],"collection":[{"href":"https:\/\/www.santai-ceramics.com\/pt\/wp-json\/wp\/v2\/product"}],"about":[{"href":"https:\/\/www.santai-ceramics.com\/pt\/wp-json\/wp\/v2\/types\/product"}],"replies":[{"embeddable":true,"href":"https:\/\/www.santai-ceramics.com\/pt\/wp-json\/wp\/v2\/comments?post=2210"}],"wp:featuredmedia":[{"embeddable":true,"href":"https:\/\/www.santai-ceramics.com\/pt\/wp-json\/wp\/v2\/media\/2267"}],"wp:attachment":[{"href":"https:\/\/www.santai-ceramics.com\/pt\/wp-json\/wp\/v2\/media?parent=2210"}],"wp:term":[{"taxonomy":"product_brand","embeddable":true,"href":"https:\/\/www.santai-ceramics.com\/pt\/wp-json\/wp\/v2\/product_brand?post=2210"},{"taxonomy":"product_cat","embeddable":true,"href":"https:\/\/www.santai-ceramics.com\/pt\/wp-json\/wp\/v2\/product_cat?post=2210"},{"taxonomy":"product_tag","embeddable":true,"href":"https:\/\/www.santai-ceramics.com\/pt\/wp-json\/wp\/v2\/product_tag?post=2210"}],"curies":[{"name":"wp","href":"https:\/\/api.w.org\/{rel}","templated":true}]}}