{"id":2215,"date":"2025-03-23T15:25:37","date_gmt":"2025-03-23T15:25:37","guid":{"rendered":"https:\/\/www.santai-ceramics.com\/?post_type=product&#038;p=2215"},"modified":"2025-03-23T15:25:38","modified_gmt":"2025-03-23T15:25:38","slug":"wholesale-exquisite-art-deco-ceramic-vase","status":"publish","type":"product","link":"https:\/\/www.santai-ceramics.com\/pt\/product\/wholesale-exquisite-art-deco-ceramic-vase\/","title":{"rendered":"Vaso de cer\u00e2mica Art Deco requintado por atacado \uff0c Vaso de cer\u00e2mica de boca larga exclusivo para decora\u00e7\u00e3o de casa"},"content":{"rendered":"<h3 class=\"wp-block-heading\">Carater\u00edsticas da requintada jarra de cer\u00e2mica Art Deco<\/h3>\n\n\n\n<p><strong>Design est\u00e9tico com riscas verticais: <\/strong>Esta jarra de cer\u00e2mica de boca larga de estilo moderno, com ranhuras equidistantes de 8 mm + esmalte suave, forma um n\u00edvel visual tridimensional atrav\u00e9s da refra\u00e7\u00e3o da luz e da sombra, melhorando a est\u00e9tica da decora\u00e7\u00e3o da casa.<\/p>\n\n\n\n<p><strong>Combina\u00e7\u00e3o flex\u00edvel: <\/strong>S\u00e3o fornecidos vasos de diferentes tamanhos, que podem ser utilizados isoladamente ou em combina\u00e7\u00e3o para satisfazer as v\u00e1rias necessidades de decora\u00e7\u00e3o, adequados para flores frescas, flores secas ou flores artificiais.<\/p>\n\n\n\n<p><strong>Material de alta qualidade: <\/strong>Os vasos de cer\u00e2mica s\u00e3o feitos \u00e0 m\u00e3o e queimados a alta temperatura, dur\u00e1veis, lisos e f\u00e1ceis de limpar, e podem manter-se coloridos e texturados ap\u00f3s uma longa utiliza\u00e7\u00e3o.<\/p>\n\n\n\n<p><strong>Aplica\u00e7\u00e3o multi-cena: <\/strong>Pode ser colocado em diferentes locais, como salas de estar, restaurantes, escrit\u00f3rios, hot\u00e9is, etc. O elegante aspeto verde claro pode trazer vitalidade ao ambiente.<\/p>\n\n\n\n<h3 class=\"wp-block-heading\">Servi\u00e7o de vasos de cer\u00e2mica personalizados<\/h3>\n\n\n\n<p>Oferecemos servi\u00e7os OEM e ODM para os nossos produtos.<br>Entrega r\u00e1pida de amostras est\u00e1 dispon\u00edvel.<br>Oferecemos uma variedade de formas, cores, impress\u00e3o personalizada, embalagem e outros servi\u00e7os adaptados para satisfazer as suas necessidades espec\u00edficas.<br><a href=\"https:\/\/www.santai-ceramics.com\/pt\/custom\/\" data-type=\"page\" data-id=\"13\" target=\"_blank\" rel=\"noreferrer noopener\"><strong><b>Saiba mais sobre personaliza\u00e7\u00e3o<\/b> pormenor de vaso em cer\u00e2mica.<\/strong><\/a><\/p>\n\n\n\n<div class=\"wp-block-columns is-layout-flex wp-container-core-columns-is-layout-9d6595d7 wp-block-columns-is-layout-flex\">\n<div class=\"wp-block-column is-layout-flow wp-block-column-is-layout-flow\">\n<figure class=\"wp-block-image size-full\"><img decoding=\"async\" width=\"2500\" height=\"2082\" src=\"https:\/\/www.santai-ceramics.com\/wp-content\/uploads\/2025\/03\/Wholesale-Wide-Mouth-Art-Deco-Ceramic-Vase-4.webp\" alt=\"Vaso de cer\u00e2mica Art Deco de boca larga por atacado (4)\" class=\"wp-image-2249\" srcset=\"https:\/\/www.santai-ceramics.com\/wp-content\/uploads\/2025\/03\/Wholesale-Wide-Mouth-Art-Deco-Ceramic-Vase-4.webp 2500w, https:\/\/www.santai-ceramics.com\/wp-content\/uploads\/2025\/03\/Wholesale-Wide-Mouth-Art-Deco-Ceramic-Vase-4-300x250.webp 300w, https:\/\/www.santai-ceramics.com\/wp-content\/uploads\/2025\/03\/Wholesale-Wide-Mouth-Art-Deco-Ceramic-Vase-4-768x640.webp 768w, https:\/\/www.santai-ceramics.com\/wp-content\/uploads\/2025\/03\/Wholesale-Wide-Mouth-Art-Deco-Ceramic-Vase-4-14x12.webp 14w, https:\/\/www.santai-ceramics.com\/wp-content\/uploads\/2025\/03\/Wholesale-Wide-Mouth-Art-Deco-Ceramic-Vase-4-1200x999.webp 1200w, https:\/\/www.santai-ceramics.com\/wp-content\/uploads\/2025\/03\/Wholesale-Wide-Mouth-Art-Deco-Ceramic-Vase-4-600x500.webp 600w\" sizes=\"(max-width: 2500px) 100vw, 2500px\" \/><\/figure>\n<\/div>\n\n\n\n<div class=\"wp-block-column is-layout-flow wp-block-column-is-layout-flow\">\n<figure class=\"wp-block-image size-full\"><img decoding=\"async\" width=\"2500\" height=\"2083\" src=\"https:\/\/www.santai-ceramics.com\/wp-content\/uploads\/2025\/03\/Wholesale-Wide-Mouth-Art-Deco-Ceramic-Vase-5.webp\" alt=\"Vaso de cer\u00e2mica Art Deco de boca larga por atacado (5)\" class=\"wp-image-2250\" srcset=\"https:\/\/www.santai-ceramics.com\/wp-content\/uploads\/2025\/03\/Wholesale-Wide-Mouth-Art-Deco-Ceramic-Vase-5.webp 2500w, https:\/\/www.santai-ceramics.com\/wp-content\/uploads\/2025\/03\/Wholesale-Wide-Mouth-Art-Deco-Ceramic-Vase-5-300x250.webp 300w, https:\/\/www.santai-ceramics.com\/wp-content\/uploads\/2025\/03\/Wholesale-Wide-Mouth-Art-Deco-Ceramic-Vase-5-768x640.webp 768w, https:\/\/www.santai-ceramics.com\/wp-content\/uploads\/2025\/03\/Wholesale-Wide-Mouth-Art-Deco-Ceramic-Vase-5-14x12.webp 14w, https:\/\/www.santai-ceramics.com\/wp-content\/uploads\/2025\/03\/Wholesale-Wide-Mouth-Art-Deco-Ceramic-Vase-5-1200x1000.webp 1200w, https:\/\/www.santai-ceramics.com\/wp-content\/uploads\/2025\/03\/Wholesale-Wide-Mouth-Art-Deco-Ceramic-Vase-5-600x500.webp 600w\" sizes=\"(max-width: 2500px) 100vw, 2500px\" \/><\/figure>\n<\/div>\n<\/div>\n\n\n\n<div class=\"wp-block-columns is-layout-flex wp-container-core-columns-is-layout-9d6595d7 wp-block-columns-is-layout-flex\">\n<div class=\"wp-block-column is-layout-flow wp-block-column-is-layout-flow\"><\/div>\n\n\n\n<div class=\"wp-block-column is-layout-flow wp-block-column-is-layout-flow\"><\/div>\n<\/div>","protected":false},"excerpt":{"rendered":"<p data-pm-slice=\"0 0 []\">Vaso de cer\u00e2mica art deco requintado por atacado, com artesanato requintado e estilo de design art\u00edstico \u00fanico, este vaso de cer\u00e2mica pode adicionar eleg\u00e2ncia e atmosfera art\u00edstica ao espa\u00e7o interior. O vaso de cer\u00e2mica \u00e9 um produto de alta qualidade, que pode ser usado para decora\u00e7\u00e3o de interiores.<\/p>\n<h2>Especifica\u00e7\u00e3o do Vaso de cer\u00e2mica Art Deco requintado<\/h2>\n<table width=\"855\">\n<tbody>\n<tr>\n<td width=\"285\">N\u00famero do modelo<\/td>\n<td width=\"285\">A37755-LD53-A01<\/td>\n<td width=\"285\">A37755-LD53-A02<\/td>\n<\/tr>\n<tr>\n<td>Nome do produto<\/td>\n<td>Vaso de cer\u00e2mica para flores<\/td>\n<td>Vaso de cer\u00e2mica para flores<\/td>\n<\/tr>\n<tr>\n<td>Cor<\/td>\n<td>Verde claro<\/td>\n<td>Verde claro<\/td>\n<\/tr>\n<tr>\n<td>Material<\/td>\n<td>Cer\u00e2mica<\/td>\n<td>Cer\u00e2mica<\/td>\n<\/tr>\n<tr>\n<td>Cen\u00e1rios de utiliza\u00e7\u00e3o<\/td>\n<td>decora\u00e7\u00e3o de casa<\/td>\n<td>decora\u00e7\u00e3o de casa<\/td>\n<\/tr>\n<tr>\n<td>Dimens\u00f5es<\/td>\n<td>D:13,5X17,5cm<\/td>\n<td>D:10,5X13,5cm<\/td>\n<\/tr>\n<tr>\n<td>Peso<\/td>\n<td>0,9 kg\/unidade<\/td>\n<td>0,5 kg\/unidade<\/td>\n<\/tr>\n<\/tbody>\n<\/table>","protected":false},"featured_media":2246,"comment_status":"closed","ping_status":"closed","template":"","meta":{"_acf_changed":false},"product_brand":[],"product_cat":[18,22],"product_tag":[],"class_list":{"0":"post-2215","1":"product","2":"type-product","3":"status-publish","4":"has-post-thumbnail","6":"product_cat-home-decor","7":"product_cat-vase","9":"first","10":"instock","11":"shipping-taxable","12":"product-type-simple"},"acf":[],"_links":{"self":[{"href":"https:\/\/www.santai-ceramics.com\/pt\/wp-json\/wp\/v2\/product\/2215","targetHints":{"allow":["GET"]}}],"collection":[{"href":"https:\/\/www.santai-ceramics.com\/pt\/wp-json\/wp\/v2\/product"}],"about":[{"href":"https:\/\/www.santai-ceramics.com\/pt\/wp-json\/wp\/v2\/types\/product"}],"replies":[{"embeddable":true,"href":"https:\/\/www.santai-ceramics.com\/pt\/wp-json\/wp\/v2\/comments?post=2215"}],"wp:featuredmedia":[{"embeddable":true,"href":"https:\/\/www.santai-ceramics.com\/pt\/wp-json\/wp\/v2\/media\/2246"}],"wp:attachment":[{"href":"https:\/\/www.santai-ceramics.com\/pt\/wp-json\/wp\/v2\/media?parent=2215"}],"wp:term":[{"taxonomy":"product_brand","embeddable":true,"href":"https:\/\/www.santai-ceramics.com\/pt\/wp-json\/wp\/v2\/product_brand?post=2215"},{"taxonomy":"product_cat","embeddable":true,"href":"https:\/\/www.santai-ceramics.com\/pt\/wp-json\/wp\/v2\/product_cat?post=2215"},{"taxonomy":"product_tag","embeddable":true,"href":"https:\/\/www.santai-ceramics.com\/pt\/wp-json\/wp\/v2\/product_tag?post=2215"}],"curies":[{"name":"wp","href":"https:\/\/api.w.org\/{rel}","templated":true}]}}