{"id":2216,"date":"2025-03-23T14:58:19","date_gmt":"2025-03-23T14:58:19","guid":{"rendered":"https:\/\/www.santai-ceramics.com\/?post_type=product&#038;p=2216"},"modified":"2025-03-23T14:58:20","modified_gmt":"2025-03-23T14:58:20","slug":"wholesale-minimalist-modern-green-ceramic-vase-set","status":"publish","type":"product","link":"https:\/\/www.santai-ceramics.com\/pt\/product\/wholesale-minimalist-modern-green-ceramic-vase-set\/","title":{"rendered":"Conjunto de vasos de cer\u00e2mica verde moderna por atacado, vasos de decora\u00e7\u00e3o para casa feitos \u00e0 m\u00e3o, vasos de cer\u00e2mica minimalistas"},"content":{"rendered":"<h3 class=\"wp-block-heading\">Carater\u00edsticas da Jarra de cer\u00e2mica verde moderna e minimalista <\/h3>\n\n\n\n<p>Est\u00e9tica minimalista: A propor\u00e7\u00e3o de 10 cm da cintura dourada cria um recipiente decorativo de n\u00edvel de exposi\u00e7\u00e3o art\u00edstica, adequado para espa\u00e7os modernos\/bo\u00e9mios e outros estilos.<\/p>\n\n\n\n<p>Apresenta\u00e7\u00e3o visual elegante: O vaso de cer\u00e2mica verde moderno e minimalista tem um esmalte exclusivo \"verde bot\u00e3o\", e a cor de baixa satura\u00e7\u00e3o mistura-se facilmente com a sala de estar de estilo n\u00f3rdico\/canto de caf\u00e9 de estilo interno, etc.<\/p>\n\n\n\n<p>Design compat\u00edvel com a boca larga: O vaso moderno de cer\u00e2mica verde \u00e9 adequado para v\u00e1rias formas de materiais vegetais, como flores\/galhos secos\/rabos de gato, combinados com um aspeto verde, mostrando perfeitamente a postura elegante das plantas.<\/p>\n\n\n\n<p>OEM e ODM: SANTAI \u00e9 um fabricante l\u00edder de cer\u00e2mica decorativa na China, fornecendo servi\u00e7os perfeitos de personaliza\u00e7\u00e3o one-stop e fornecendo os melhores pre\u00e7os de f\u00e1brica para que possa desenvolver melhor o mercado.<\/p>\n\n\n\n<h3 class=\"wp-block-heading\">Servi\u00e7o de vasos de cer\u00e2mica personalizados<\/h3>\n\n\n\n<p>Oferecemos servi\u00e7os OEM e ODM para os nossos produtos.<br>Entrega r\u00e1pida de amostras est\u00e1 dispon\u00edvel.<br>Oferecemos uma variedade de formas, cores, impress\u00e3o personalizada, embalagem e outros servi\u00e7os adaptados para satisfazer as suas necessidades espec\u00edficas.<br><a href=\"https:\/\/www.santai-ceramics.com\/pt\/custom\/\" data-type=\"page\" data-id=\"13\" target=\"_blank\" rel=\"noreferrer noopener\"><strong><b>Saiba mais sobre personaliza\u00e7\u00e3o<\/b> pormenor de vaso em cer\u00e2mica.<\/strong><\/a><\/p>\n\n\n\n<div class=\"wp-block-columns is-layout-flex wp-container-core-columns-is-layout-9d6595d7 wp-block-columns-is-layout-flex\">\n<div class=\"wp-block-column is-layout-flow wp-block-column-is-layout-flow\">\n<figure class=\"wp-block-image size-full\"><img decoding=\"async\" width=\"2500\" height=\"2083\" src=\"https:\/\/www.santai-ceramics.com\/wp-content\/uploads\/2025\/03\/Wholesale-Minimalist-Modern-Green-Ceramic-Vase-8.webp\" alt=\"Vaso de cer\u00e2mica verde moderno minimalista por atacado (8)\" class=\"wp-image-2243\" srcset=\"https:\/\/www.santai-ceramics.com\/wp-content\/uploads\/2025\/03\/Wholesale-Minimalist-Modern-Green-Ceramic-Vase-8.webp 2500w, https:\/\/www.santai-ceramics.com\/wp-content\/uploads\/2025\/03\/Wholesale-Minimalist-Modern-Green-Ceramic-Vase-8-300x250.webp 300w, https:\/\/www.santai-ceramics.com\/wp-content\/uploads\/2025\/03\/Wholesale-Minimalist-Modern-Green-Ceramic-Vase-8-768x640.webp 768w, https:\/\/www.santai-ceramics.com\/wp-content\/uploads\/2025\/03\/Wholesale-Minimalist-Modern-Green-Ceramic-Vase-8-14x12.webp 14w, https:\/\/www.santai-ceramics.com\/wp-content\/uploads\/2025\/03\/Wholesale-Minimalist-Modern-Green-Ceramic-Vase-8-1200x1000.webp 1200w, https:\/\/www.santai-ceramics.com\/wp-content\/uploads\/2025\/03\/Wholesale-Minimalist-Modern-Green-Ceramic-Vase-8-600x500.webp 600w\" sizes=\"(max-width: 2500px) 100vw, 2500px\" \/><\/figure>\n<\/div>\n\n\n\n<div class=\"wp-block-column is-layout-flow wp-block-column-is-layout-flow\">\n<figure class=\"wp-block-image size-full\"><img decoding=\"async\" width=\"2500\" height=\"2083\" src=\"https:\/\/www.santai-ceramics.com\/wp-content\/uploads\/2025\/03\/Wholesale-Minimalist-Modern-Green-Ceramic-Vase-9.webp\" alt=\"Vaso de cer\u00e2mica verde moderno minimalista por atacado (9)\" class=\"wp-image-2244\" srcset=\"https:\/\/www.santai-ceramics.com\/wp-content\/uploads\/2025\/03\/Wholesale-Minimalist-Modern-Green-Ceramic-Vase-9.webp 2500w, https:\/\/www.santai-ceramics.com\/wp-content\/uploads\/2025\/03\/Wholesale-Minimalist-Modern-Green-Ceramic-Vase-9-300x250.webp 300w, https:\/\/www.santai-ceramics.com\/wp-content\/uploads\/2025\/03\/Wholesale-Minimalist-Modern-Green-Ceramic-Vase-9-768x640.webp 768w, https:\/\/www.santai-ceramics.com\/wp-content\/uploads\/2025\/03\/Wholesale-Minimalist-Modern-Green-Ceramic-Vase-9-14x12.webp 14w, https:\/\/www.santai-ceramics.com\/wp-content\/uploads\/2025\/03\/Wholesale-Minimalist-Modern-Green-Ceramic-Vase-9-1200x1000.webp 1200w, https:\/\/www.santai-ceramics.com\/wp-content\/uploads\/2025\/03\/Wholesale-Minimalist-Modern-Green-Ceramic-Vase-9-600x500.webp 600w\" sizes=\"(max-width: 2500px) 100vw, 2500px\" \/><\/figure>\n<\/div>\n<\/div>\n\n\n\n<div class=\"wp-block-columns is-layout-flex wp-container-core-columns-is-layout-9d6595d7 wp-block-columns-is-layout-flex\">\n<div class=\"wp-block-column is-layout-flow wp-block-column-is-layout-flow\"><\/div>\n\n\n\n<div class=\"wp-block-column is-layout-flow wp-block-column-is-layout-flow\"><\/div>\n<\/div>","protected":false},"excerpt":{"rendered":"<p data-pm-slice=\"0 0 []\">Conjunto de vasos de cer\u00e2mica verde moderna por atacado, design simples e moderno, adequado para decora\u00e7\u00e3o de casa, m\u00f3veis de hotel e mercado de presentes. Suporte oem &amp; odm personaliza\u00e7\u00e3o, bem-vindo ao contactar-nos para cota\u00e7\u00e3o por atacado!<\/p>\n<h2>Especifica\u00e7\u00e3o de Vaso de cer\u00e2mica verde moderno e minimalista\u00a0<\/h2>\n<table width=\"1140\">\n<tbody>\n<tr>\n<td width=\"285\">N\u00famero do modelo<\/td>\n<td width=\"285\">A37756-LD53-A01<\/td>\n<td width=\"285\">A37757-LD53-A01<\/td>\n<td width=\"285\">A37758-LD53-A01<\/td>\n<\/tr>\n<tr>\n<td>Nome do produto<\/td>\n<td>Vaso de cer\u00e2mica para flores<\/td>\n<td>Vaso de cer\u00e2mica para flores<\/td>\n<td>Vaso de cer\u00e2mica para flores<\/td>\n<\/tr>\n<tr>\n<td>Cor<\/td>\n<td>Verde claro<\/td>\n<td>Verde claro<\/td>\n<td>Verde claro<\/td>\n<\/tr>\n<tr>\n<td>Material<\/td>\n<td>Cer\u00e2mica<\/td>\n<td>Cer\u00e2mica<\/td>\n<td>Cer\u00e2mica<\/td>\n<\/tr>\n<tr>\n<td>Cen\u00e1rios de utiliza\u00e7\u00e3o<\/td>\n<td>decora\u00e7\u00e3o de casa<\/td>\n<td>decora\u00e7\u00e3o de casa<\/td>\n<td>decora\u00e7\u00e3o de casa<\/td>\n<\/tr>\n<tr>\n<td>Dimens\u00f5es<\/td>\n<td>D:10X22cm<\/td>\n<td>D:12X16cm<\/td>\n<td>D:11X13,5cm<\/td>\n<\/tr>\n<tr>\n<td>Peso<\/td>\n<td>0,7 kg\/unidade<\/td>\n<td>0,5 kg\/unidade<\/td>\n<td>0,4 kg\/unidade<\/td>\n<\/tr>\n<\/tbody>\n<\/table>","protected":false},"featured_media":2236,"comment_status":"closed","ping_status":"closed","template":"","meta":{"_acf_changed":false},"product_brand":[],"product_cat":[18,22],"product_tag":[],"class_list":{"0":"post-2216","1":"product","2":"type-product","3":"status-publish","4":"has-post-thumbnail","6":"product_cat-home-decor","7":"product_cat-vase","9":"first","10":"instock","11":"shipping-taxable","12":"product-type-simple"},"acf":[],"_links":{"self":[{"href":"https:\/\/www.santai-ceramics.com\/pt\/wp-json\/wp\/v2\/product\/2216","targetHints":{"allow":["GET"]}}],"collection":[{"href":"https:\/\/www.santai-ceramics.com\/pt\/wp-json\/wp\/v2\/product"}],"about":[{"href":"https:\/\/www.santai-ceramics.com\/pt\/wp-json\/wp\/v2\/types\/product"}],"replies":[{"embeddable":true,"href":"https:\/\/www.santai-ceramics.com\/pt\/wp-json\/wp\/v2\/comments?post=2216"}],"wp:featuredmedia":[{"embeddable":true,"href":"https:\/\/www.santai-ceramics.com\/pt\/wp-json\/wp\/v2\/media\/2236"}],"wp:attachment":[{"href":"https:\/\/www.santai-ceramics.com\/pt\/wp-json\/wp\/v2\/media?parent=2216"}],"wp:term":[{"taxonomy":"product_brand","embeddable":true,"href":"https:\/\/www.santai-ceramics.com\/pt\/wp-json\/wp\/v2\/product_brand?post=2216"},{"taxonomy":"product_cat","embeddable":true,"href":"https:\/\/www.santai-ceramics.com\/pt\/wp-json\/wp\/v2\/product_cat?post=2216"},{"taxonomy":"product_tag","embeddable":true,"href":"https:\/\/www.santai-ceramics.com\/pt\/wp-json\/wp\/v2\/product_tag?post=2216"}],"curies":[{"name":"wp","href":"https:\/\/api.w.org\/{rel}","templated":true}]}}