{"id":224,"date":"2024-09-28T16:36:34","date_gmt":"2024-09-28T16:36:34","guid":{"rendered":"https:\/\/www.santai-ceramics.com\/?post_type=product&#038;p=224"},"modified":"2025-02-02T14:53:07","modified_gmt":"2025-02-02T14:53:07","slug":"wholesale-mgo-antique-flower-vases","status":"publish","type":"product","link":"https:\/\/www.santai-ceramics.com\/pt\/product\/wholesale-mgo-antique-flower-vases\/","title":{"rendered":"Vasos de flores antigos Mgo por atacado: Design superior com excelente padr\u00e3o de estampagem"},"content":{"rendered":"<h3 class=\"wp-block-heading\">Par\u00e2metros do vaso de flores antigo Mgo<\/h3>\n\n\n\n<figure class=\"wp-block-table\"><table class=\"has-fixed-layout\"><tbody><tr><td>Modelo<\/td><td>Nome do produto<\/td><td>Cor<\/td><td>Material<\/td><td>Utiliza\u00e7\u00f5es<\/td><td>Dimens\u00f5es<\/td><td>Peso<\/td><\/tr><tr><td>A30522-MX68-A01<\/td><td>Vaso de cer\u00e2mica para flores<\/td><td>Azul e branco<\/td><td>Cer\u00e2mica<\/td><td><span class=\"font5\">h<\/span><span class=\"font5\">decora\u00e7\u00e3o de casa,sala de estar<\/span><\/td><td>D:9,5X19,5<\/td><td>0,5 kg\/unidade<\/td><\/tr><tr><td>A30522-MX68-A02<\/td><td>Vaso de cer\u00e2mica para flores<\/td><td>Azul e branco<\/td><td>Cer\u00e2mica<\/td><td><span class=\"font5\">h<\/span><span class=\"font5\">decora\u00e7\u00e3o de casa,sala de estar<\/span><\/td><td>D:12X25<\/td><td>0,9 kg\/unidade<\/td><\/tr><tr><td>A30522-MX68-A03<\/td><td>Vaso de cer\u00e2mica para flores<\/td><td>Azul e branco<\/td><td>Cer\u00e2mica<\/td><td><span class=\"font5\">h<\/span><span class=\"font5\">decora\u00e7\u00e3o de casa,sala de estar<\/span><\/td><td>D:8X16.5<\/td><td>0,38kg\/pc<\/td><\/tr><\/tbody><\/table><\/figure>\n\n\n\n<h3 class=\"wp-block-heading\">Servi\u00e7o de vasos de flores personalizados<\/h3>\n\n\n\n<p>Oferecemos servi\u00e7os OEM e ODM para os nossos produtos.<br>Entrega r\u00e1pida de amostras est\u00e1 dispon\u00edvel.<br>Fornecemos uma variedade de formas, cores, impress\u00e3o personalizada, embalagens e outros servi\u00e7os personalizados para satisfazer as suas necessidades.<br><strong><a href=\"https:\/\/www.santai-ceramics.com\/pt\/custom\/\" target=\"_blank\" data-type=\"page\" data-id=\"13\" rel=\"noreferrer noopener\">Saiba mais sobre os pormenores dos vasos personalizados.<\/a><\/strong><\/p>\n\n\n\n<div class=\"wp-block-columns is-layout-flex wp-container-core-columns-is-layout-9d6595d7 wp-block-columns-is-layout-flex\">\n<div class=\"wp-block-column is-layout-flow wp-block-column-is-layout-flow\">\n<figure class=\"wp-block-image size-full\"><img decoding=\"async\" width=\"2848\" height=\"2848\" src=\"https:\/\/www.santai-ceramics.com\/wp-content\/uploads\/2024\/09\/wholesale-flower-vases-5.webp\" alt=\"\" class=\"wp-image-229\" srcset=\"https:\/\/www.santai-ceramics.com\/wp-content\/uploads\/2024\/09\/wholesale-flower-vases-5.webp 2848w, https:\/\/www.santai-ceramics.com\/wp-content\/uploads\/2024\/09\/wholesale-flower-vases-5-300x300.webp 300w, https:\/\/www.santai-ceramics.com\/wp-content\/uploads\/2024\/09\/wholesale-flower-vases-5-150x150.webp 150w, https:\/\/www.santai-ceramics.com\/wp-content\/uploads\/2024\/09\/wholesale-flower-vases-5-768x768.webp 768w, https:\/\/www.santai-ceramics.com\/wp-content\/uploads\/2024\/09\/wholesale-flower-vases-5-1200x1200.webp 1200w, https:\/\/www.santai-ceramics.com\/wp-content\/uploads\/2024\/09\/wholesale-flower-vases-5-600x600.webp 600w, https:\/\/www.santai-ceramics.com\/wp-content\/uploads\/2024\/09\/wholesale-flower-vases-5-100x100.webp 100w\" sizes=\"(max-width: 2848px) 100vw, 2848px\" \/><\/figure>\n<\/div>\n\n\n\n<div class=\"wp-block-column is-layout-flow wp-block-column-is-layout-flow\">\n<figure class=\"wp-block-image size-full\"><img decoding=\"async\" width=\"3082\" height=\"3082\" src=\"https:\/\/www.santai-ceramics.com\/wp-content\/uploads\/2024\/09\/wholesale-flower-vases-6.webp\" alt=\"\" class=\"wp-image-230\" srcset=\"https:\/\/www.santai-ceramics.com\/wp-content\/uploads\/2024\/09\/wholesale-flower-vases-6.webp 3082w, https:\/\/www.santai-ceramics.com\/wp-content\/uploads\/2024\/09\/wholesale-flower-vases-6-300x300.webp 300w, https:\/\/www.santai-ceramics.com\/wp-content\/uploads\/2024\/09\/wholesale-flower-vases-6-150x150.webp 150w, https:\/\/www.santai-ceramics.com\/wp-content\/uploads\/2024\/09\/wholesale-flower-vases-6-768x768.webp 768w, https:\/\/www.santai-ceramics.com\/wp-content\/uploads\/2024\/09\/wholesale-flower-vases-6-1200x1200.webp 1200w, https:\/\/www.santai-ceramics.com\/wp-content\/uploads\/2024\/09\/wholesale-flower-vases-6-600x600.webp 600w, https:\/\/www.santai-ceramics.com\/wp-content\/uploads\/2024\/09\/wholesale-flower-vases-6-100x100.webp 100w\" sizes=\"(max-width: 3082px) 100vw, 3082px\" \/><\/figure>\n<\/div>\n<\/div>","protected":false},"excerpt":{"rendered":"<p>Santai \u00e9 um fabricante de cer\u00e2mica antiga, n\u00f3s vendemos por atacado vasos de flores antigos. Este vaso de cer\u00e2mica de estilo chin\u00eas est\u00e1 dispon\u00edvel em tr\u00eas tamanhos. Quer seja utilizado como decora\u00e7\u00e3o de casa, presente ou arranjo de flores, pode dar um toque de eleg\u00e2ncia e cultura ao seu espa\u00e7o. Pode escolher o tamanho adequado de acordo com as suas prefer\u00eancias pessoais para satisfazer as necessidades de diferentes ocasi\u00f5es. Quer se trate de um pequeno expositor de secret\u00e1ria ou de uma grande decora\u00e7\u00e3o de ch\u00e3o, pode ser apresentado na perfei\u00e7\u00e3o.<\/p>\n<h2>Carater\u00edsticas do vaso de flores antigo Mgo<\/h2>\n<p><strong>Decora\u00e7\u00e3o de casa:<\/strong> Este vaso antigo \u00e9 muito adequado para decorar a sua sala de estar e o seu quarto. Quer seja colocado sozinho ou com flores, pode tornar-se um foco visual e atrair a aten\u00e7\u00e3o dos convidados. <br \/><strong>Design requintado:<\/strong> Esta jarra antiga tem um design \u00fanico e \u00e9 feita com um artesanato requintado, tornando-a n\u00e3o s\u00f3 uma decora\u00e7\u00e3o, mas tamb\u00e9m uma obra de arte, real\u00e7ando o gosto de todo o ambiente dom\u00e9stico.<br \/><strong>Um presente requintado:<\/strong> Esta jarra antiga pode ser utilizada como decora\u00e7\u00e3o de casa e \u00e9 tamb\u00e9m uma prenda perfeita para amigos ou familiares, especialmente para os mais velhos. Quer se trate de uma festa, anivers\u00e1rio ou outra ocasi\u00e3o especial, pode transmitir as suas b\u00ean\u00e7\u00e3os e pensamentos e tornar-se uma recorda\u00e7\u00e3o preciosa. <br \/><strong>Embalagem e entrega seguras:<\/strong> Fornecemos a melhor embalagem para vasos por atacado. Cada vaso \u00e9 cuidadosamente embalado com espuma de pl\u00e1stico para garantir a seguran\u00e7a e evitar danos durante o transporte.<\/p>","protected":false},"featured_media":225,"comment_status":"closed","ping_status":"closed","template":"","meta":{"_acf_changed":false},"product_brand":[],"product_cat":[22],"product_tag":[34],"class_list":{"0":"post-224","1":"product","2":"type-product","3":"status-publish","4":"has-post-thumbnail","6":"product_cat-vase","7":"product_tag-ceramic-vase","9":"first","10":"instock","11":"shipping-taxable","12":"product-type-simple"},"acf":[],"_links":{"self":[{"href":"https:\/\/www.santai-ceramics.com\/pt\/wp-json\/wp\/v2\/product\/224","targetHints":{"allow":["GET"]}}],"collection":[{"href":"https:\/\/www.santai-ceramics.com\/pt\/wp-json\/wp\/v2\/product"}],"about":[{"href":"https:\/\/www.santai-ceramics.com\/pt\/wp-json\/wp\/v2\/types\/product"}],"replies":[{"embeddable":true,"href":"https:\/\/www.santai-ceramics.com\/pt\/wp-json\/wp\/v2\/comments?post=224"}],"wp:featuredmedia":[{"embeddable":true,"href":"https:\/\/www.santai-ceramics.com\/pt\/wp-json\/wp\/v2\/media\/225"}],"wp:attachment":[{"href":"https:\/\/www.santai-ceramics.com\/pt\/wp-json\/wp\/v2\/media?parent=224"}],"wp:term":[{"taxonomy":"product_brand","embeddable":true,"href":"https:\/\/www.santai-ceramics.com\/pt\/wp-json\/wp\/v2\/product_brand?post=224"},{"taxonomy":"product_cat","embeddable":true,"href":"https:\/\/www.santai-ceramics.com\/pt\/wp-json\/wp\/v2\/product_cat?post=224"},{"taxonomy":"product_tag","embeddable":true,"href":"https:\/\/www.santai-ceramics.com\/pt\/wp-json\/wp\/v2\/product_tag?post=224"}],"curies":[{"name":"wp","href":"https:\/\/api.w.org\/{rel}","templated":true}]}}