{"id":2358,"date":"2025-04-06T07:24:47","date_gmt":"2025-04-06T07:24:47","guid":{"rendered":"https:\/\/www.santai-ceramics.com\/?post_type=product&#038;p=2358"},"modified":"2025-06-05T10:12:55","modified_gmt":"2025-06-05T10:12:55","slug":"wholesale-elegant-fiber-cement-plant-pots","status":"publish","type":"product","link":"https:\/\/www.santai-ceramics.com\/pt\/product\/wholesale-elegant-fiber-cement-plant-pots\/","title":{"rendered":"Vasos para plantas de fibra de cimento por atacado"},"content":{"rendered":"<h3 class=\"wp-block-heading\">Carater\u00edsticas dos vasos para plantas elegantes de fibrocimento<\/h3>\n\n\n\n<p><strong>Bom efeito visual: <\/strong>Os bonitos acabamentos castanhos e dourados antigos conferem a estas jardineiras bons efeitos visuais para decora\u00e7\u00f5es r\u00fasticas, cl\u00e1ssicas e modernas, e complementam a vegeta\u00e7\u00e3o e os arranjos florais.<\/p>\n\n\n\n<p><strong>Durabilidade: <\/strong>O fibrocimento possui maior resist\u00eancia e integridade estrutural do que as jardineiras de terracota e \u00e9 uma solu\u00e7\u00e3o perfeita a longo prazo para projectos paisag\u00edsticos residenciais e comerciais.<\/p>\n\n\n\n<p><strong>Leve: <\/strong>As jardineiras de fibrocimento s\u00e3o muito mais leves do que as jardineiras tradicionais de cimento ou bet\u00e3o, o que facilita a redecora\u00e7\u00e3o de um p\u00e1tio ou a remodela\u00e7\u00e3o de um jardim.<\/p>\n\n\n\n<p><strong>Resistente \u00e0s intemp\u00e9ries: <\/strong>As jardineiras de fibrocimento s\u00e3o resistentes \u00e0s intemp\u00e9ries. N\u00e3o se deformam com a luz solar intensa, n\u00e3o estalam com o gelo, nem se desintegram com a chuva.<\/p>\n\n\n\n<p><strong>OEM e ODM: <\/strong>Oferecemos aos clientes servi\u00e7os de desenvolvimento personalizado, incluindo exig\u00eancias personalizadas como tamanho, forma, cor, textura, etc., o que \u00e9 adequado para encomendas em quantidade.<\/p>\n\n\n\n<h3 class=\"wp-block-heading\">Servi\u00e7o personalizado<\/h3>\n\n\n\n<p>Oferecemos servi\u00e7os OEM e ODM para os nossos produtos.<br>Entrega r\u00e1pida de amostras est\u00e1 dispon\u00edvel.<br>Oferecemos uma variedade de formas, cores, impress\u00e3o personalizada, embalagem e outros servi\u00e7os adaptados para satisfazer as suas necessidades espec\u00edficas.<br><a href=\"https:\/\/www.santai-ceramics.com\/pt\/custom\/\" data-type=\"page\" data-id=\"13\" target=\"_blank\" rel=\"noreferrer noopener\"><strong><b>Saiba mais sobre personaliza\u00e7\u00e3o<\/b> pormenor do vaso de plantas.<\/strong><\/a><\/p>\n\n\n\n<div class=\"wp-block-columns is-layout-flex wp-container-core-columns-is-layout-9d6595d7 wp-block-columns-is-layout-flex\">\n<div class=\"wp-block-column is-layout-flow wp-block-column-is-layout-flow\">\n<figure class=\"wp-block-image size-full\"><img decoding=\"async\" width=\"1500\" height=\"1249\" src=\"https:\/\/www.santai-ceramics.com\/wp-content\/uploads\/2025\/04\/Elegant-Fiber-Cement-Plant-Pots-5.webp\" alt=\"Vasos elegantes de fibrocimento para plantas (5)\" class=\"wp-image-2406\" srcset=\"https:\/\/www.santai-ceramics.com\/wp-content\/uploads\/2025\/04\/Elegant-Fiber-Cement-Plant-Pots-5.webp 1500w, https:\/\/www.santai-ceramics.com\/wp-content\/uploads\/2025\/04\/Elegant-Fiber-Cement-Plant-Pots-5-300x250.webp 300w, https:\/\/www.santai-ceramics.com\/wp-content\/uploads\/2025\/04\/Elegant-Fiber-Cement-Plant-Pots-5-768x639.webp 768w, https:\/\/www.santai-ceramics.com\/wp-content\/uploads\/2025\/04\/Elegant-Fiber-Cement-Plant-Pots-5-14x12.webp 14w, https:\/\/www.santai-ceramics.com\/wp-content\/uploads\/2025\/04\/Elegant-Fiber-Cement-Plant-Pots-5-1200x999.webp 1200w, https:\/\/www.santai-ceramics.com\/wp-content\/uploads\/2025\/04\/Elegant-Fiber-Cement-Plant-Pots-5-600x500.webp 600w\" sizes=\"(max-width: 1500px) 100vw, 1500px\" \/><\/figure>\n<\/div>\n\n\n\n<div class=\"wp-block-column is-layout-flow wp-block-column-is-layout-flow\">\n<figure class=\"wp-block-image size-full\"><img decoding=\"async\" width=\"1500\" height=\"1250\" src=\"https:\/\/www.santai-ceramics.com\/wp-content\/uploads\/2025\/04\/Elegant-Fiber-Cement-Plant-Pots-6.webp\" alt=\"Vasos elegantes de fibrocimento para plantas (6)\" class=\"wp-image-2407\" srcset=\"https:\/\/www.santai-ceramics.com\/wp-content\/uploads\/2025\/04\/Elegant-Fiber-Cement-Plant-Pots-6.webp 1500w, https:\/\/www.santai-ceramics.com\/wp-content\/uploads\/2025\/04\/Elegant-Fiber-Cement-Plant-Pots-6-300x250.webp 300w, https:\/\/www.santai-ceramics.com\/wp-content\/uploads\/2025\/04\/Elegant-Fiber-Cement-Plant-Pots-6-768x640.webp 768w, https:\/\/www.santai-ceramics.com\/wp-content\/uploads\/2025\/04\/Elegant-Fiber-Cement-Plant-Pots-6-14x12.webp 14w, https:\/\/www.santai-ceramics.com\/wp-content\/uploads\/2025\/04\/Elegant-Fiber-Cement-Plant-Pots-6-1200x1000.webp 1200w, https:\/\/www.santai-ceramics.com\/wp-content\/uploads\/2025\/04\/Elegant-Fiber-Cement-Plant-Pots-6-600x500.webp 600w\" sizes=\"(max-width: 1500px) 100vw, 1500px\" \/><\/figure>\n<\/div>\n<\/div>\n\n\n\n<div class=\"wp-block-columns is-layout-flex wp-container-core-columns-is-layout-9d6595d7 wp-block-columns-is-layout-flex\">\n<div class=\"wp-block-column is-layout-flow wp-block-column-is-layout-flow\"><\/div>\n\n\n\n<div class=\"wp-block-column is-layout-flow wp-block-column-is-layout-flow\"><\/div>\n<\/div>","protected":false},"excerpt":{"rendered":"<p data-pm-slice=\"0 0 []\">Os elegantes vasos de fibrocimento em castanho antigo e acabamento dourado d\u00e3o um toque sofisticado a jardins, p\u00e1tios e interiores, adequados para uma variedade de plantas, desde flores a pequenos arbustos. Contacte-nos para um or\u00e7amento.<\/p>\n<h2>Especifica\u00e7\u00e3o de Elegantes vasos para plantas em fibrocimento<\/h2>\n<table width=\"855\">\n<tbody>\n<tr>\n<td width=\"285\">N\u00famero do modelo<\/td>\n<td width=\"285\">J37593-H913-A01<\/td>\n<td width=\"285\">J37593-H913-A02<\/td>\n<\/tr>\n<tr>\n<td>Nome do produto<\/td>\n<td>Plantador de cimento de fibra<\/td>\n<td>Plantador de cimento de fibra<\/td>\n<\/tr>\n<tr>\n<td>Cor<\/td>\n<td>Castanho antigo e dourado<\/td>\n<td>Castanho antigo e dourado<\/td>\n<\/tr>\n<tr>\n<td>Material<\/td>\n<td>Fibra de cimento<\/td>\n<td>Fibra de cimento<\/td>\n<\/tr>\n<tr>\n<td>Cen\u00e1rios de utiliza\u00e7\u00e3o<\/td>\n<td>decora\u00e7\u00e3o &amp; jardim<\/td>\n<td>decora\u00e7\u00e3o &amp; jardim<\/td>\n<\/tr>\n<tr>\n<td>Dimens\u00f5es<\/td>\n<td>D:36X40cm<\/td>\n<td>D:30,5X33cm<\/td>\n<\/tr>\n<tr>\n<td>Peso<\/td>\n<td>8,1 kg\/unidade<\/td>\n<td>5,2 kg\/unidade<\/td>\n<\/tr>\n<\/tbody>\n<\/table>","protected":false},"featured_media":2402,"comment_status":"closed","ping_status":"closed","template":"","meta":{"_acf_changed":false},"product_brand":[],"product_cat":[21,41,18,23],"product_tag":[],"class_list":{"0":"post-2358","1":"product","2":"type-product","3":"status-publish","4":"has-post-thumbnail","6":"product_cat-garden-decor","7":"product_cat-wholesale-fiber-cement-plant-pots","8":"product_cat-home-decor","9":"product_cat-ceramic-pots-planters","11":"first","12":"instock","13":"shipping-taxable","14":"product-type-simple"},"acf":[],"_links":{"self":[{"href":"https:\/\/www.santai-ceramics.com\/pt\/wp-json\/wp\/v2\/product\/2358","targetHints":{"allow":["GET"]}}],"collection":[{"href":"https:\/\/www.santai-ceramics.com\/pt\/wp-json\/wp\/v2\/product"}],"about":[{"href":"https:\/\/www.santai-ceramics.com\/pt\/wp-json\/wp\/v2\/types\/product"}],"replies":[{"embeddable":true,"href":"https:\/\/www.santai-ceramics.com\/pt\/wp-json\/wp\/v2\/comments?post=2358"}],"wp:featuredmedia":[{"embeddable":true,"href":"https:\/\/www.santai-ceramics.com\/pt\/wp-json\/wp\/v2\/media\/2402"}],"wp:attachment":[{"href":"https:\/\/www.santai-ceramics.com\/pt\/wp-json\/wp\/v2\/media?parent=2358"}],"wp:term":[{"taxonomy":"product_brand","embeddable":true,"href":"https:\/\/www.santai-ceramics.com\/pt\/wp-json\/wp\/v2\/product_brand?post=2358"},{"taxonomy":"product_cat","embeddable":true,"href":"https:\/\/www.santai-ceramics.com\/pt\/wp-json\/wp\/v2\/product_cat?post=2358"},{"taxonomy":"product_tag","embeddable":true,"href":"https:\/\/www.santai-ceramics.com\/pt\/wp-json\/wp\/v2\/product_tag?post=2358"}],"curies":[{"name":"wp","href":"https:\/\/api.w.org\/{rel}","templated":true}]}}