{"id":2359,"date":"2025-04-06T06:27:30","date_gmt":"2025-04-06T06:27:30","guid":{"rendered":"https:\/\/www.santai-ceramics.com\/?post_type=product&#038;p=2359"},"modified":"2025-04-06T06:27:31","modified_gmt":"2025-04-06T06:27:31","slug":"wholesale-terracotta-material-rustic-elegance-vases","status":"publish","type":"product","link":"https:\/\/www.santai-ceramics.com\/pt\/product\/wholesale-terracotta-material-rustic-elegance-vases\/","title":{"rendered":"Vasos de eleg\u00e2ncia r\u00fastica por atacado, vasos de material de terracota a granel para venda"},"content":{"rendered":"<h3 class=\"wp-block-heading\">Carater\u00edsticas do vaso Terracotta Rustic Elegance<\/h3>\n\n\n\n<p><strong>Bom valor ornamental:<\/strong> A textura ondulada c\u00f4ncava e convexa deste vaso Rustic Elegance \u00e9 cuidadosamente esculpida \u00e0 m\u00e3o, formando n\u00edveis delicados de luz e sombra sob luz natural, o que tem um bom valor ornamental.<\/p>\n\n\n\n<p><strong>Decora\u00e7\u00e3o perfeita para a casa: <\/strong>Este vaso Rustic Elegance pode ser utilizado como um foco paisag\u00edstico no centro da mesa de jantar, como mostra a imagem, ou pode ser exposto num espa\u00e7o comercial atrav\u00e9s de um conjunto de 3 escadas.<\/p>\n\n\n\n<p><strong>M\u00faltiplas op\u00e7\u00f5es de visualiza\u00e7\u00e3o: <\/strong>Os vasos s\u00e3o adequados para exposi\u00e7\u00e3o independente ou em grupo. Um conjunto de tr\u00eas vasos, dispostos em tamanhos diferentes, pode criar um impacto visual impressionante em boutiques, hot\u00e9is ou galerias de luxo.<\/p>\n\n\n\n<p><strong>Fornecimento a granel e servi\u00e7o personalizado:<\/strong> Fornecemos servi\u00e7o a granel por atacado e tamb\u00e9m fornecemos servi\u00e7os flex\u00edveis de OEM e ODM. Personalize o tamanho, a cor ou o acabamento do vaso para atender \u00e0s necessidades espec\u00edficas de clientes ou marcas.<\/p>\n\n\n\n<h3 class=\"wp-block-heading\">Servi\u00e7o de vasos de terracota personalizados<\/h3>\n\n\n\n<p>Oferecemos servi\u00e7os OEM e ODM para os nossos produtos.<br>Entrega r\u00e1pida de amostras est\u00e1 dispon\u00edvel.<br>Oferecemos uma variedade de formas, cores, impress\u00e3o personalizada, embalagem e outros servi\u00e7os adaptados para satisfazer as suas necessidades espec\u00edficas.<br><a href=\"https:\/\/www.santai-ceramics.com\/pt\/custom\/\" data-type=\"page\" data-id=\"13\" target=\"_blank\" rel=\"noreferrer noopener\"><strong><b>Saiba mais sobre personaliza\u00e7\u00e3o<\/b> pormenor do vaso em terracota.<\/strong><\/a><\/p>\n\n\n\n<div class=\"wp-block-columns is-layout-flex wp-container-core-columns-is-layout-9d6595d7 wp-block-columns-is-layout-flex\">\n<div class=\"wp-block-column is-layout-flow wp-block-column-is-layout-flow\">\n<figure class=\"wp-block-image size-full\"><img decoding=\"async\" width=\"1500\" height=\"1249\" src=\"https:\/\/www.santai-ceramics.com\/wp-content\/uploads\/2025\/04\/Wholesale-Rustic-Elegance-Vases-4.webp\" alt=\"Vasos Rustic Elegance por atacado (4)\" class=\"wp-image-2392\" srcset=\"https:\/\/www.santai-ceramics.com\/wp-content\/uploads\/2025\/04\/Wholesale-Rustic-Elegance-Vases-4.webp 1500w, https:\/\/www.santai-ceramics.com\/wp-content\/uploads\/2025\/04\/Wholesale-Rustic-Elegance-Vases-4-300x250.webp 300w, https:\/\/www.santai-ceramics.com\/wp-content\/uploads\/2025\/04\/Wholesale-Rustic-Elegance-Vases-4-768x639.webp 768w, https:\/\/www.santai-ceramics.com\/wp-content\/uploads\/2025\/04\/Wholesale-Rustic-Elegance-Vases-4-14x12.webp 14w, https:\/\/www.santai-ceramics.com\/wp-content\/uploads\/2025\/04\/Wholesale-Rustic-Elegance-Vases-4-1200x999.webp 1200w, https:\/\/www.santai-ceramics.com\/wp-content\/uploads\/2025\/04\/Wholesale-Rustic-Elegance-Vases-4-600x500.webp 600w\" sizes=\"(max-width: 1500px) 100vw, 1500px\" \/><\/figure>\n<\/div>\n\n\n\n<div class=\"wp-block-column is-layout-flow wp-block-column-is-layout-flow\">\n<figure class=\"wp-block-image size-full\"><img decoding=\"async\" width=\"1500\" height=\"1249\" src=\"https:\/\/www.santai-ceramics.com\/wp-content\/uploads\/2025\/04\/Wholesale-Rustic-Elegance-Vases-5.webp\" alt=\"Vasos Rustic Elegance por atacado (5)\" class=\"wp-image-2393\" srcset=\"https:\/\/www.santai-ceramics.com\/wp-content\/uploads\/2025\/04\/Wholesale-Rustic-Elegance-Vases-5.webp 1500w, https:\/\/www.santai-ceramics.com\/wp-content\/uploads\/2025\/04\/Wholesale-Rustic-Elegance-Vases-5-300x250.webp 300w, https:\/\/www.santai-ceramics.com\/wp-content\/uploads\/2025\/04\/Wholesale-Rustic-Elegance-Vases-5-768x639.webp 768w, https:\/\/www.santai-ceramics.com\/wp-content\/uploads\/2025\/04\/Wholesale-Rustic-Elegance-Vases-5-14x12.webp 14w, https:\/\/www.santai-ceramics.com\/wp-content\/uploads\/2025\/04\/Wholesale-Rustic-Elegance-Vases-5-1200x999.webp 1200w, https:\/\/www.santai-ceramics.com\/wp-content\/uploads\/2025\/04\/Wholesale-Rustic-Elegance-Vases-5-600x500.webp 600w\" sizes=\"(max-width: 1500px) 100vw, 1500px\" \/><\/figure>\n<\/div>\n<\/div>\n\n\n\n<div class=\"wp-block-columns is-layout-flex wp-container-core-columns-is-layout-9d6595d7 wp-block-columns-is-layout-flex\">\n<div class=\"wp-block-column is-layout-flow wp-block-column-is-layout-flow\"><\/div>\n\n\n\n<div class=\"wp-block-column is-layout-flow wp-block-column-is-layout-flow\"><\/div>\n<\/div>","protected":false},"excerpt":{"rendered":"<p data-pm-slice=\"0 0 []\">Vasos r\u00fasticos e elegantes por atacado, o material de terracota natural n\u00e3o s\u00f3 garante durabilidade, como tamb\u00e9m proporciona uma excelente respirabilidade para as plantas, criando um ambiente mais saud\u00e1vel para os arranjos florais. Estes vasos podem ser perfeitamente integrados numa variedade de estilos de design, desde o minimalismo moderno \u00e0 casa de campo tradicional. Apoio aos servi\u00e7os OEM e ODM, contacte-nos para obter um or\u00e7amento.<\/p>\n<h2>Especifica\u00e7\u00f5es da Jarra Rustic Elegance<\/h2>\n<table width=\"570\">\n<tbody>\n<tr>\n<td width=\"285\">N\u00famero do modelo<\/td>\n<td width=\"285\">G37594-H913-A01<\/td>\n<\/tr>\n<tr>\n<td>Nome do produto<\/td>\n<td>Vaso de terracota<\/td>\n<\/tr>\n<tr>\n<td>Cor<\/td>\n<td>Castanho antigo e dourado<\/td>\n<\/tr>\n<tr>\n<td>Material<\/td>\n<td>Terracota\u00a0<\/td>\n<\/tr>\n<tr>\n<td>Cen\u00e1rios de utiliza\u00e7\u00e3o<\/td>\n<td>decora\u00e7\u00e3o &amp; jardim<\/td>\n<\/tr>\n<tr>\n<td>Dimens\u00f5es<\/td>\n<td>D:28X27,5cm<\/td>\n<\/tr>\n<tr>\n<td>Peso<\/td>\n<td>5,3 kg\/unidade<\/td>\n<\/tr>\n<\/tbody>\n<\/table>","protected":false},"featured_media":2389,"comment_status":"closed","ping_status":"closed","template":"","meta":{"_acf_changed":false},"product_brand":[],"product_cat":[18,22],"product_tag":[],"class_list":{"0":"post-2359","1":"product","2":"type-product","3":"status-publish","4":"has-post-thumbnail","6":"product_cat-home-decor","7":"product_cat-vase","9":"first","10":"instock","11":"shipping-taxable","12":"product-type-simple"},"acf":[],"_links":{"self":[{"href":"https:\/\/www.santai-ceramics.com\/pt\/wp-json\/wp\/v2\/product\/2359","targetHints":{"allow":["GET"]}}],"collection":[{"href":"https:\/\/www.santai-ceramics.com\/pt\/wp-json\/wp\/v2\/product"}],"about":[{"href":"https:\/\/www.santai-ceramics.com\/pt\/wp-json\/wp\/v2\/types\/product"}],"replies":[{"embeddable":true,"href":"https:\/\/www.santai-ceramics.com\/pt\/wp-json\/wp\/v2\/comments?post=2359"}],"wp:featuredmedia":[{"embeddable":true,"href":"https:\/\/www.santai-ceramics.com\/pt\/wp-json\/wp\/v2\/media\/2389"}],"wp:attachment":[{"href":"https:\/\/www.santai-ceramics.com\/pt\/wp-json\/wp\/v2\/media?parent=2359"}],"wp:term":[{"taxonomy":"product_brand","embeddable":true,"href":"https:\/\/www.santai-ceramics.com\/pt\/wp-json\/wp\/v2\/product_brand?post=2359"},{"taxonomy":"product_cat","embeddable":true,"href":"https:\/\/www.santai-ceramics.com\/pt\/wp-json\/wp\/v2\/product_cat?post=2359"},{"taxonomy":"product_tag","embeddable":true,"href":"https:\/\/www.santai-ceramics.com\/pt\/wp-json\/wp\/v2\/product_tag?post=2359"}],"curies":[{"name":"wp","href":"https:\/\/api.w.org\/{rel}","templated":true}]}}