{"id":2360,"date":"2025-04-06T07:01:12","date_gmt":"2025-04-06T07:01:12","guid":{"rendered":"https:\/\/www.santai-ceramics.com\/?post_type=product&#038;p=2360"},"modified":"2025-06-07T16:06:53","modified_gmt":"2025-06-07T16:06:53","slug":"wholesale-rustic-terracotta-vases-with-texture","status":"publish","type":"product","link":"https:\/\/www.santai-ceramics.com\/pt\/product\/wholesale-rustic-terracotta-vases-with-texture\/","title":{"rendered":"Vasos de terracota r\u00fasticos por atacado com textura"},"content":{"rendered":"<h3 class=\"wp-block-heading\">Carater\u00edsticas dos vasos r\u00fasticos de terracota<\/h3>\n\n\n\n<p><strong>Aspeto elegante: <\/strong>Esta jarra adopta um design minimalista e os seus tons de terra criam uma atmosfera calma, adequada para uma decora\u00e7\u00e3o moderna e tradicional.<\/p>\n\n\n\n<p><strong>Utiliza\u00e7\u00e3o multifuncional:<\/strong> Para al\u00e9m de conter flores ou plantas, esta jarra de terracota \u00e9 uma decora\u00e7\u00e3o independente e um expositor criativo em prateleiras e cornijas de lareira.<\/p>\n\n\n\n<p><strong>Artesanato forte: <\/strong>Cada vaso \u00e9 cozido a alta temperatura e polido \u00e0 m\u00e3o, e a superf\u00edcie mant\u00e9m a textura delicada e a diferen\u00e7a subtil de cor do barro natural, mostrando uma beleza original \u00fanica.<\/p>\n\n\n\n<p><strong>Adequado para oferta: <\/strong>A pr\u00f3pria terracota representa a liga\u00e7\u00e3o entre a antiguidade e a natureza. Este vaso n\u00e3o \u00e9 apenas pr\u00e1tico, mas tamb\u00e9m tem um sentido de vida, est\u00e9tica e cultura, adequado como presente de Natal<\/p>\n\n\n\n<h3 class=\"wp-block-heading\">Servi\u00e7o de vasos de terracota personalizados<\/h3>\n\n\n\n<p>Oferecemos servi\u00e7os OEM e ODM para os nossos produtos.<br>Entrega r\u00e1pida de amostras est\u00e1 dispon\u00edvel.<br>Oferecemos uma variedade de formas, cores, impress\u00e3o personalizada, embalagem e outros servi\u00e7os adaptados para satisfazer as suas necessidades espec\u00edficas.<br><a href=\"https:\/\/www.santai-ceramics.com\/pt\/custom\/\" data-type=\"page\" data-id=\"13\" target=\"_blank\" rel=\"noreferrer noopener\"><strong><b>Saiba mais sobre personaliza\u00e7\u00e3o<\/b> detalhes do vaso em terracota.<\/strong><\/a><\/p>\n\n\n\n<div class=\"wp-block-columns is-layout-flex wp-container-core-columns-is-layout-9d6595d7 wp-block-columns-is-layout-flex\">\n<div class=\"wp-block-column is-layout-flow wp-block-column-is-layout-flow\">\n<figure class=\"wp-block-image size-full\"><img decoding=\"async\" width=\"1500\" height=\"1249\" src=\"https:\/\/www.santai-ceramics.com\/wp-content\/uploads\/2025\/04\/Wholesale-Rustic-Terracotta-Vases-With-Texture-5.webp\" alt=\"Vasos de terracota r\u00fasticos por atacado com textura (5)\" class=\"wp-image-2399\" srcset=\"https:\/\/www.santai-ceramics.com\/wp-content\/uploads\/2025\/04\/Wholesale-Rustic-Terracotta-Vases-With-Texture-5.webp 1500w, https:\/\/www.santai-ceramics.com\/wp-content\/uploads\/2025\/04\/Wholesale-Rustic-Terracotta-Vases-With-Texture-5-300x250.webp 300w, https:\/\/www.santai-ceramics.com\/wp-content\/uploads\/2025\/04\/Wholesale-Rustic-Terracotta-Vases-With-Texture-5-768x639.webp 768w, https:\/\/www.santai-ceramics.com\/wp-content\/uploads\/2025\/04\/Wholesale-Rustic-Terracotta-Vases-With-Texture-5-14x12.webp 14w, https:\/\/www.santai-ceramics.com\/wp-content\/uploads\/2025\/04\/Wholesale-Rustic-Terracotta-Vases-With-Texture-5-1200x999.webp 1200w, https:\/\/www.santai-ceramics.com\/wp-content\/uploads\/2025\/04\/Wholesale-Rustic-Terracotta-Vases-With-Texture-5-600x500.webp 600w\" sizes=\"(max-width: 1500px) 100vw, 1500px\" \/><\/figure>\n<\/div>\n\n\n\n<div class=\"wp-block-column is-layout-flow wp-block-column-is-layout-flow\">\n<figure class=\"wp-block-image size-full\"><img decoding=\"async\" width=\"1500\" height=\"1250\" src=\"https:\/\/www.santai-ceramics.com\/wp-content\/uploads\/2025\/04\/Wholesale-Rustic-Terracotta-Vases-With-Texture-6.webp\" alt=\"Vasos de terracota r\u00fasticos por atacado com textura (6)\" class=\"wp-image-2400\" srcset=\"https:\/\/www.santai-ceramics.com\/wp-content\/uploads\/2025\/04\/Wholesale-Rustic-Terracotta-Vases-With-Texture-6.webp 1500w, https:\/\/www.santai-ceramics.com\/wp-content\/uploads\/2025\/04\/Wholesale-Rustic-Terracotta-Vases-With-Texture-6-300x250.webp 300w, https:\/\/www.santai-ceramics.com\/wp-content\/uploads\/2025\/04\/Wholesale-Rustic-Terracotta-Vases-With-Texture-6-768x640.webp 768w, https:\/\/www.santai-ceramics.com\/wp-content\/uploads\/2025\/04\/Wholesale-Rustic-Terracotta-Vases-With-Texture-6-14x12.webp 14w, https:\/\/www.santai-ceramics.com\/wp-content\/uploads\/2025\/04\/Wholesale-Rustic-Terracotta-Vases-With-Texture-6-1200x1000.webp 1200w, https:\/\/www.santai-ceramics.com\/wp-content\/uploads\/2025\/04\/Wholesale-Rustic-Terracotta-Vases-With-Texture-6-600x500.webp 600w\" sizes=\"(max-width: 1500px) 100vw, 1500px\" \/><\/figure>\n<\/div>\n<\/div>","protected":false},"excerpt":{"rendered":"<p data-pm-slice=\"0 0 []\">Os vasos de barro r\u00fastico por grosso com texturas conferem um encanto \u00fanico a qualquer exposi\u00e7\u00e3o interior ou de retalho, adequados para lojas de decora\u00e7\u00e3o, lojas de flores. Os grossistas e retalhistas podem contactar-nos para obter or\u00e7amentos.<\/p>\n<h2>Especifica\u00e7\u00e3o de Vasos r\u00fasticos de terracota com textura<\/h2>\n<table width=\"1140\">\n<tbody>\n<tr>\n<td width=\"285\">N\u00famero do modelo<\/td>\n<td width=\"285\">G37595-H913-A01<\/td>\n<td width=\"285\">G37595-H913-A02<\/td>\n<td width=\"285\">G37595-H913-A03<\/td>\n<\/tr>\n<tr>\n<td>Nome do produto<\/td>\n<td>Vaso de flores em terracota<\/td>\n<td>Vaso de flores em terracota<\/td>\n<td>Vaso de flores em terracota<\/td>\n<\/tr>\n<tr>\n<td>Cor<\/td>\n<td>Castanho antigo e dourado<\/td>\n<td>Castanho antigo e dourado<\/td>\n<td>Castanho antigo e dourado<\/td>\n<\/tr>\n<tr>\n<td>Material<\/td>\n<td>Terracota\u00a0<\/td>\n<td>Terracota\u00a0<\/td>\n<td>Terracota\u00a0<\/td>\n<\/tr>\n<tr>\n<td>Cen\u00e1rios de utiliza\u00e7\u00e3o<\/td>\n<td>decora\u00e7\u00e3o &amp; jardim<\/td>\n<td>decora\u00e7\u00e3o &amp; jardim<\/td>\n<td>decora\u00e7\u00e3o &amp; jardim<\/td>\n<\/tr>\n<tr>\n<td>Dimens\u00f5es<\/td>\n<td>D:25X26cm<\/td>\n<td>D:19X20cm<\/td>\n<td>D:14X14,5cm<\/td>\n<\/tr>\n<tr>\n<td>Peso<\/td>\n<td>3.5kg\/pc<\/td>\n<td>1,9 kg\/unidade<\/td>\n<td>1,1 kg\/unidade<\/td>\n<\/tr>\n<\/tbody>\n<\/table>","protected":false},"featured_media":2395,"comment_status":"closed","ping_status":"closed","template":"","meta":{"_acf_changed":false},"product_brand":[],"product_cat":[18,22],"product_tag":[],"class_list":{"0":"post-2360","1":"product","2":"type-product","3":"status-publish","4":"has-post-thumbnail","6":"product_cat-home-decor","7":"product_cat-vase","9":"first","10":"instock","11":"shipping-taxable","12":"product-type-simple"},"acf":[],"_links":{"self":[{"href":"https:\/\/www.santai-ceramics.com\/pt\/wp-json\/wp\/v2\/product\/2360","targetHints":{"allow":["GET"]}}],"collection":[{"href":"https:\/\/www.santai-ceramics.com\/pt\/wp-json\/wp\/v2\/product"}],"about":[{"href":"https:\/\/www.santai-ceramics.com\/pt\/wp-json\/wp\/v2\/types\/product"}],"replies":[{"embeddable":true,"href":"https:\/\/www.santai-ceramics.com\/pt\/wp-json\/wp\/v2\/comments?post=2360"}],"wp:featuredmedia":[{"embeddable":true,"href":"https:\/\/www.santai-ceramics.com\/pt\/wp-json\/wp\/v2\/media\/2395"}],"wp:attachment":[{"href":"https:\/\/www.santai-ceramics.com\/pt\/wp-json\/wp\/v2\/media?parent=2360"}],"wp:term":[{"taxonomy":"product_brand","embeddable":true,"href":"https:\/\/www.santai-ceramics.com\/pt\/wp-json\/wp\/v2\/product_brand?post=2360"},{"taxonomy":"product_cat","embeddable":true,"href":"https:\/\/www.santai-ceramics.com\/pt\/wp-json\/wp\/v2\/product_cat?post=2360"},{"taxonomy":"product_tag","embeddable":true,"href":"https:\/\/www.santai-ceramics.com\/pt\/wp-json\/wp\/v2\/product_tag?post=2360"}],"curies":[{"name":"wp","href":"https:\/\/api.w.org\/{rel}","templated":true}]}}