{"id":2361,"date":"2025-04-06T03:30:48","date_gmt":"2025-04-06T03:30:48","guid":{"rendered":"https:\/\/www.santai-ceramics.com\/?post_type=product&#038;p=2361"},"modified":"2025-06-12T16:12:23","modified_gmt":"2025-06-12T16:12:23","slug":"wholesale-elegant-vintage-candle-holders","status":"publish","type":"product","link":"https:\/\/www.santai-ceramics.com\/pt\/product\/wholesale-elegant-vintage-candle-holders\/","title":{"rendered":"Casti\u00e7ais vintage elegantes por atacado - V\u00e1rios tamanhos \u00e0 escolha"},"content":{"rendered":"<h3 class=\"wp-block-heading\">Carater\u00edsticas dos Casti\u00e7ais Vintage Elegantes<\/h3>\n\n\n\n<p><strong>Look cl\u00e1ssico:<\/strong> O casti\u00e7al apresenta uma textura de superf\u00edcie desgastada criada atrav\u00e9s de uma t\u00e9cnica de acabamento manual, imitando o aspeto envelhecido das cer\u00e2micas antigas, reflectindo o estilo dos elementos arquitect\u00f3nicos europeus cl\u00e1ssicos.<\/p>\n\n\n\n<p><strong>Material de resina dur\u00e1vel: <\/strong>Este casti\u00e7al \u00e9 fabricado com uma f\u00f3rmula de resina de poli\u00e9ster, o que o torna fi\u00e1vel para utiliza\u00e7\u00e3o no interior e no exterior, desde invernos aconchegantes junto \u00e0 lareira a festas de ver\u00e3o no jardim \u00e0 noite.<\/p>\n\n\n\n<p><strong>Aplic\u00e1vel a hot\u00e9is e restaurantes: <\/strong>Fabricado em resina de poli\u00e9ster melhorada, resiste a fissuras e lascas, o que o torna perfeito para um hotel ou um ambiente de restaurante com muito tr\u00e1fego.<\/p>\n\n\n\n<p><strong>Servi\u00e7o grossista: <\/strong>Dispon\u00edvel em grandes quantidades, este casti\u00e7al por atacado foi concebido para um envio, armazenamento e configura\u00e7\u00e3o eficientes, quer esteja a comprar decora\u00e7\u00e3o sazonal, mobili\u00e1rio de hotel ou aluguer para casamentos\/eventos.<\/p>\n\n\n\n<div class=\"wp-block-columns is-layout-flex wp-container-core-columns-is-layout-9d6595d7 wp-block-columns-is-layout-flex\">\n<div class=\"wp-block-column is-layout-flow wp-block-column-is-layout-flow\">\n<figure class=\"wp-block-image size-full\"><img decoding=\"async\" width=\"1500\" height=\"1249\" src=\"https:\/\/www.santai-ceramics.com\/wp-content\/uploads\/2025\/04\/Wholesale-Elegant-Candle-Holders-6.webp\" alt=\"Venda por grosso de casti\u00e7ais elegantes (6)\" class=\"wp-image-2378\" srcset=\"https:\/\/www.santai-ceramics.com\/wp-content\/uploads\/2025\/04\/Wholesale-Elegant-Candle-Holders-6.webp 1500w, https:\/\/www.santai-ceramics.com\/wp-content\/uploads\/2025\/04\/Wholesale-Elegant-Candle-Holders-6-300x250.webp 300w, https:\/\/www.santai-ceramics.com\/wp-content\/uploads\/2025\/04\/Wholesale-Elegant-Candle-Holders-6-768x639.webp 768w, https:\/\/www.santai-ceramics.com\/wp-content\/uploads\/2025\/04\/Wholesale-Elegant-Candle-Holders-6-14x12.webp 14w, https:\/\/www.santai-ceramics.com\/wp-content\/uploads\/2025\/04\/Wholesale-Elegant-Candle-Holders-6-1200x999.webp 1200w, https:\/\/www.santai-ceramics.com\/wp-content\/uploads\/2025\/04\/Wholesale-Elegant-Candle-Holders-6-600x500.webp 600w\" sizes=\"(max-width: 1500px) 100vw, 1500px\" \/><\/figure>\n<\/div>\n\n\n\n<div class=\"wp-block-column is-layout-flow wp-block-column-is-layout-flow\">\n<figure class=\"wp-block-image size-full\"><img decoding=\"async\" width=\"1500\" height=\"1249\" src=\"https:\/\/www.santai-ceramics.com\/wp-content\/uploads\/2025\/04\/Wholesale-Elegant-Candle-Holders-7.webp\" alt=\"Venda por grosso de casti\u00e7ais elegantes (7)\" class=\"wp-image-2379\" srcset=\"https:\/\/www.santai-ceramics.com\/wp-content\/uploads\/2025\/04\/Wholesale-Elegant-Candle-Holders-7.webp 1500w, https:\/\/www.santai-ceramics.com\/wp-content\/uploads\/2025\/04\/Wholesale-Elegant-Candle-Holders-7-300x250.webp 300w, https:\/\/www.santai-ceramics.com\/wp-content\/uploads\/2025\/04\/Wholesale-Elegant-Candle-Holders-7-768x639.webp 768w, https:\/\/www.santai-ceramics.com\/wp-content\/uploads\/2025\/04\/Wholesale-Elegant-Candle-Holders-7-14x12.webp 14w, https:\/\/www.santai-ceramics.com\/wp-content\/uploads\/2025\/04\/Wholesale-Elegant-Candle-Holders-7-1200x999.webp 1200w, https:\/\/www.santai-ceramics.com\/wp-content\/uploads\/2025\/04\/Wholesale-Elegant-Candle-Holders-7-600x500.webp 600w\" sizes=\"(max-width: 1500px) 100vw, 1500px\" \/><\/figure>\n<\/div>\n<\/div>\n\n\n\n<h3 class=\"wp-block-heading\">Servi\u00e7o de decora\u00e7\u00e3o em cer\u00e2mica personalizada<\/h3>\n\n\n\n<p>Oferecemos servi\u00e7os OEM e ODM para os nossos produtos.<br>Entrega r\u00e1pida de amostras est\u00e1 dispon\u00edvel.<br>Oferecemos uma variedade de formas, cores, impress\u00e3o personalizada, embalagem e outros servi\u00e7os adaptados para satisfazer as suas necessidades espec\u00edficas.<\/p>\n\n\n\n<p><a href=\"https:\/\/www.santai-ceramics.com\/pt\/custom\/\" data-type=\"page\" data-id=\"13\" target=\"_blank\" rel=\"noreferrer noopener\"><b>Saiba mais sobre os detalhes dos casti\u00e7ais personalizados<\/b>.<\/a><br><\/p>\n\n\n\n<div class=\"wp-block-columns is-layout-flex wp-container-core-columns-is-layout-9d6595d7 wp-block-columns-is-layout-flex\">\n<div class=\"wp-block-column is-layout-flow wp-block-column-is-layout-flow\"><\/div>\n\n\n\n<div class=\"wp-block-column is-layout-flow wp-block-column-is-layout-flow\"><\/div>\n<\/div>","protected":false},"excerpt":{"rendered":"<p data-pm-slice=\"0 0 []\">Os casti\u00e7ais elegantes por atacado, feitos de resina de alta resist\u00eancia, com artesanato para criar uma textura vintage, visualmente deslumbrante, muito adequado para restaurantes e hot\u00e9is de luxo. Bem-vindo retalhistas, grossistas, prestadores de servi\u00e7os de decora\u00e7\u00e3o de interiores para nos contactar.<\/p>\n<h2>Especifica\u00e7\u00e3o de Casti\u00e7ais Vintage Elegantes<\/h2>\n<table width=\"855\">\n<tbody>\n<tr>\n<td width=\"285\">N\u00famero do modelo<\/td>\n<td width=\"285\">E37596-H913-A01<\/td>\n<td width=\"285\">E37596-H913-A02<\/td>\n<\/tr>\n<tr>\n<td>Nome do produto<\/td>\n<td>Casti\u00e7al de poliresina<\/td>\n<td>Casti\u00e7al de poliresina<\/td>\n<\/tr>\n<tr>\n<td>Cor<\/td>\n<td>Castanho antigo e dourado<\/td>\n<td>Castanho antigo e dourado<\/td>\n<\/tr>\n<tr>\n<td>Material<\/td>\n<td>Poliresina<\/td>\n<td>Poliresina<\/td>\n<\/tr>\n<tr>\n<td>Cen\u00e1rios de utiliza\u00e7\u00e3o<\/td>\n<td>decora\u00e7\u00e3o de casa<\/td>\n<td>decora\u00e7\u00e3o de casa<\/td>\n<\/tr>\n<tr>\n<td>Dimens\u00f5es<\/td>\n<td>D:13,5X36cm<\/td>\n<td>D:13X27cm<\/td>\n<\/tr>\n<tr>\n<td>Peso<\/td>\n<td>1,8 kg\/unidade<\/td>\n<td>1,1 kg\/unidade<\/td>\n<\/tr>\n<\/tbody>\n<\/table>","protected":false},"featured_media":2373,"comment_status":"closed","ping_status":"closed","template":"","meta":{"_acf_changed":false},"product_brand":[],"product_cat":[18,26,45],"product_tag":[],"class_list":{"0":"post-2361","1":"product","2":"type-product","3":"status-publish","4":"has-post-thumbnail","6":"product_cat-home-decor","7":"product_cat-home-accessories","8":"product_cat-wholesale-resin-candle-holders","10":"first","11":"instock","12":"shipping-taxable","13":"product-type-simple"},"acf":[],"_links":{"self":[{"href":"https:\/\/www.santai-ceramics.com\/pt\/wp-json\/wp\/v2\/product\/2361","targetHints":{"allow":["GET"]}}],"collection":[{"href":"https:\/\/www.santai-ceramics.com\/pt\/wp-json\/wp\/v2\/product"}],"about":[{"href":"https:\/\/www.santai-ceramics.com\/pt\/wp-json\/wp\/v2\/types\/product"}],"replies":[{"embeddable":true,"href":"https:\/\/www.santai-ceramics.com\/pt\/wp-json\/wp\/v2\/comments?post=2361"}],"wp:featuredmedia":[{"embeddable":true,"href":"https:\/\/www.santai-ceramics.com\/pt\/wp-json\/wp\/v2\/media\/2373"}],"wp:attachment":[{"href":"https:\/\/www.santai-ceramics.com\/pt\/wp-json\/wp\/v2\/media?parent=2361"}],"wp:term":[{"taxonomy":"product_brand","embeddable":true,"href":"https:\/\/www.santai-ceramics.com\/pt\/wp-json\/wp\/v2\/product_brand?post=2361"},{"taxonomy":"product_cat","embeddable":true,"href":"https:\/\/www.santai-ceramics.com\/pt\/wp-json\/wp\/v2\/product_cat?post=2361"},{"taxonomy":"product_tag","embeddable":true,"href":"https:\/\/www.santai-ceramics.com\/pt\/wp-json\/wp\/v2\/product_tag?post=2361"}],"curies":[{"name":"wp","href":"https:\/\/api.w.org\/{rel}","templated":true}]}}