{"id":2363,"date":"2025-04-06T07:57:51","date_gmt":"2025-04-06T07:57:51","guid":{"rendered":"https:\/\/www.santai-ceramics.com\/?post_type=product&#038;p=2363"},"modified":"2025-06-05T10:12:49","modified_gmt":"2025-06-05T10:12:49","slug":"wholesale-large-brown-rustic-plant-pots-for-the-garden","status":"publish","type":"product","link":"https:\/\/www.santai-ceramics.com\/pt\/product\/wholesale-large-brown-rustic-plant-pots-for-the-garden\/","title":{"rendered":"Vasos r\u00fasticos castanhos grandes para plantas para o jardim, dispon\u00edveis em 3 tamanhos"},"content":{"rendered":"<h3 class=\"wp-block-heading\">Carater\u00edsticas dos vasos r\u00fasticos castanhos para plantas<\/h3>\n\n\n\n<p><strong>Op\u00e7\u00f5es de tamanhos m\u00faltiplos:<\/strong> Estes vasos est\u00e3o dispon\u00edveis em tr\u00eas tamanhos pr\u00e1ticos, proporcionando flexibilidade para diferentes plantas.<\/p>\n\n\n\n<p><strong>Coloca\u00e7\u00e3o vers\u00e1til:<\/strong> Perfeito para jardins, varandas, alpendres ou mesmo espa\u00e7os interiores com uma est\u00e9tica natural. O aspeto r\u00fastico adapta-se tanto a casas de quinta modernas como a designs de jardins cl\u00e1ssicos.<\/p>\n\n\n\n<p><strong>Resistente \u00e0s intemp\u00e9ries: <\/strong>Fabricado em fibrocimento, resiste \u00e0s condi\u00e7\u00f5es exteriores, incluindo chuva, geada e exposi\u00e7\u00e3o aos raios UV, sem se desvanecer ou degradar.<\/p>\n\n\n\n<p><strong>Pre\u00e7os por grosso: <\/strong>Dispon\u00edvel a granel, perfeito para retalhistas, centros de jardinagem ou paisagistas.<\/p>\n\n\n\n<h3 class=\"wp-block-heading\">Servi\u00e7o de vasos personalizados para plantas<\/h3>\n\n\n\n<p>Oferecemos servi\u00e7os OEM e ODM para os nossos produtos.<br>Entrega r\u00e1pida de amostras est\u00e1 dispon\u00edvel.<br>Oferecemos uma variedade de formas, cores, impress\u00e3o personalizada, embalagem e outros servi\u00e7os adaptados para satisfazer as suas necessidades espec\u00edficas.<br><a href=\"https:\/\/www.santai-ceramics.com\/pt\/custom\/\" data-type=\"page\" data-id=\"13\" target=\"_blank\" rel=\"noreferrer noopener\"><strong><b>Saiba mais sobre personaliza\u00e7\u00e3o<\/b> pormenor do vaso de plantas.<\/strong><\/a><\/p>\n\n\n\n<div class=\"wp-block-columns is-layout-flex wp-container-core-columns-is-layout-9d6595d7 wp-block-columns-is-layout-flex\">\n<div class=\"wp-block-column is-layout-flow wp-block-column-is-layout-flow\">\n<figure class=\"wp-block-image size-full\"><img decoding=\"async\" width=\"1500\" height=\"1249\" src=\"https:\/\/www.santai-ceramics.com\/wp-content\/uploads\/2025\/04\/Wholesale-Large-Brown-Rustic-Plant-Pots-6.webp\" alt=\"Vasos para plantas r\u00fasticos castanhos grandes por atacado (6)\" class=\"wp-image-2414\" srcset=\"https:\/\/www.santai-ceramics.com\/wp-content\/uploads\/2025\/04\/Wholesale-Large-Brown-Rustic-Plant-Pots-6.webp 1500w, https:\/\/www.santai-ceramics.com\/wp-content\/uploads\/2025\/04\/Wholesale-Large-Brown-Rustic-Plant-Pots-6-300x250.webp 300w, https:\/\/www.santai-ceramics.com\/wp-content\/uploads\/2025\/04\/Wholesale-Large-Brown-Rustic-Plant-Pots-6-768x639.webp 768w, https:\/\/www.santai-ceramics.com\/wp-content\/uploads\/2025\/04\/Wholesale-Large-Brown-Rustic-Plant-Pots-6-14x12.webp 14w, https:\/\/www.santai-ceramics.com\/wp-content\/uploads\/2025\/04\/Wholesale-Large-Brown-Rustic-Plant-Pots-6-1200x999.webp 1200w, https:\/\/www.santai-ceramics.com\/wp-content\/uploads\/2025\/04\/Wholesale-Large-Brown-Rustic-Plant-Pots-6-600x500.webp 600w\" sizes=\"(max-width: 1500px) 100vw, 1500px\" \/><\/figure>\n<\/div>\n\n\n\n<div class=\"wp-block-column is-layout-flow wp-block-column-is-layout-flow\">\n<figure class=\"wp-block-image size-full\"><img decoding=\"async\" width=\"1500\" height=\"1250\" src=\"https:\/\/www.santai-ceramics.com\/wp-content\/uploads\/2025\/04\/Wholesale-Large-Brown-Rustic-Plant-Pots-7.webp\" alt=\"Vasos para plantas r\u00fasticos castanhos grandes por atacado (7)\" class=\"wp-image-2415\" srcset=\"https:\/\/www.santai-ceramics.com\/wp-content\/uploads\/2025\/04\/Wholesale-Large-Brown-Rustic-Plant-Pots-7.webp 1500w, https:\/\/www.santai-ceramics.com\/wp-content\/uploads\/2025\/04\/Wholesale-Large-Brown-Rustic-Plant-Pots-7-300x250.webp 300w, https:\/\/www.santai-ceramics.com\/wp-content\/uploads\/2025\/04\/Wholesale-Large-Brown-Rustic-Plant-Pots-7-768x640.webp 768w, https:\/\/www.santai-ceramics.com\/wp-content\/uploads\/2025\/04\/Wholesale-Large-Brown-Rustic-Plant-Pots-7-14x12.webp 14w, https:\/\/www.santai-ceramics.com\/wp-content\/uploads\/2025\/04\/Wholesale-Large-Brown-Rustic-Plant-Pots-7-1200x1000.webp 1200w, https:\/\/www.santai-ceramics.com\/wp-content\/uploads\/2025\/04\/Wholesale-Large-Brown-Rustic-Plant-Pots-7-600x500.webp 600w\" sizes=\"(max-width: 1500px) 100vw, 1500px\" \/><\/figure>\n<\/div>\n<\/div>\n\n\n\n<div class=\"wp-block-columns is-layout-flex wp-container-core-columns-is-layout-9d6595d7 wp-block-columns-is-layout-flex\">\n<div class=\"wp-block-column is-layout-flow wp-block-column-is-layout-flow\"><\/div>\n\n\n\n<div class=\"wp-block-column is-layout-flow wp-block-column-is-layout-flow\"><\/div>\n<\/div>","protected":false},"excerpt":{"rendered":"<p data-pm-slice=\"0 0 []\">Grandes vasos r\u00fasticos castanhos por atacado, estes vasos para plantas s\u00e3o feitos \u00e0 m\u00e3o com um acabamento r\u00fastico castanho \u00e1spero que complementa as paisagens tradicionais e modernas. Existem 3 tamanhos \u00e0 escolha, por favor contacte-nos para um or\u00e7amento.<\/p>\n<h2>Especifica\u00e7\u00e3o de Vasos r\u00fasticos castanhos grandes para plantas<\/h2>\n<table style=\"border-collapse: collapse; width: 855.02pt;\" border=\"0\" width=\"1140\" cellspacing=\"0\" cellpadding=\"0\">\n<tbody>\n<tr style=\"height: 24.95pt;\">\n<td class=\"et2\" style=\"height: 24.95pt; width: 213.75pt;\" width=\"285\" height=\"33\">N\u00famero do modelo<\/td>\n<td class=\"et2\" style=\"width: 213.75pt;\" width=\"285\">J37585-H912-A01<\/td>\n<td class=\"et3\" style=\"width: 213.75pt;\" width=\"285\">J37585-H912-A02<\/td>\n<td class=\"et3\" style=\"width: 213.75pt;\" width=\"285\">J37585-H912-A03<\/td>\n<\/tr>\n<tr style=\"height: 24.95pt;\">\n<td class=\"et2\" style=\"height: 24.95pt;\" height=\"33\">Nome do produto<\/td>\n<td class=\"et3\">Plantador de cimento de fibra<\/td>\n<td class=\"et3\">Plantador de cimento de fibra<\/td>\n<td class=\"et3\">Plantador de cimento de fibra<\/td>\n<\/tr>\n<tr style=\"height: 24.95pt;\">\n<td class=\"et2\" style=\"height: 24.95pt;\" height=\"33\">Cor<\/td>\n<td class=\"et3\">Castanho antigo e prata<\/td>\n<td class=\"et3\">Castanho antigo e prata<\/td>\n<td class=\"et3\">Castanho antigo e prata<\/td>\n<\/tr>\n<tr style=\"height: 24.95pt;\">\n<td class=\"et2\" style=\"height: 24.95pt;\" height=\"33\">Material<\/td>\n<td class=\"et3\">Fibra de cimento<\/td>\n<td class=\"et3\">Fibra de cimento<\/td>\n<td class=\"et3\">Fibra de cimento<\/td>\n<\/tr>\n<tr style=\"height: 24.95pt;\">\n<td class=\"et2\" style=\"height: 24.95pt;\" height=\"33\">Cen\u00e1rios de utiliza\u00e7\u00e3o<\/td>\n<td class=\"et3\">decora\u00e7\u00e3o &amp; jardim<\/td>\n<td class=\"et3\">decora\u00e7\u00e3o &amp; jardim<\/td>\n<td class=\"et3\">decora\u00e7\u00e3o &amp; jardim<\/td>\n<\/tr>\n<tr style=\"height: 24.95pt;\">\n<td class=\"et2\" style=\"height: 24.95pt;\" height=\"33\">Dimens\u00f5es<\/td>\n<td class=\"et3\">D:47,5X46,5cm<\/td>\n<td class=\"et3\">D:38X38cm<\/td>\n<td class=\"et3\">D:30X30cm<\/td>\n<\/tr>\n<tr style=\"height: 24.95pt;\">\n<td class=\"et2\" style=\"height: 24.95pt;\" height=\"33\">Peso<\/td>\n<td class=\"et3\">11,3 kg\/unidade<\/td>\n<td class=\"et3\">7,7 kg\/unidade<\/td>\n<td class=\"et3\">4,1 kg\/unidade<\/td>\n<\/tr>\n<\/tbody>\n<\/table>\n<p>&nbsp;<\/p>","protected":false},"featured_media":2409,"comment_status":"closed","ping_status":"closed","template":"","meta":{"_acf_changed":false},"product_brand":[],"product_cat":[18,41,21,23],"product_tag":[],"class_list":{"0":"post-2363","1":"product","2":"type-product","3":"status-publish","4":"has-post-thumbnail","6":"product_cat-home-decor","7":"product_cat-wholesale-fiber-cement-plant-pots","8":"product_cat-garden-decor","9":"product_cat-ceramic-pots-planters","11":"first","12":"instock","13":"shipping-taxable","14":"product-type-simple"},"acf":[],"_links":{"self":[{"href":"https:\/\/www.santai-ceramics.com\/pt\/wp-json\/wp\/v2\/product\/2363","targetHints":{"allow":["GET"]}}],"collection":[{"href":"https:\/\/www.santai-ceramics.com\/pt\/wp-json\/wp\/v2\/product"}],"about":[{"href":"https:\/\/www.santai-ceramics.com\/pt\/wp-json\/wp\/v2\/types\/product"}],"replies":[{"embeddable":true,"href":"https:\/\/www.santai-ceramics.com\/pt\/wp-json\/wp\/v2\/comments?post=2363"}],"wp:featuredmedia":[{"embeddable":true,"href":"https:\/\/www.santai-ceramics.com\/pt\/wp-json\/wp\/v2\/media\/2409"}],"wp:attachment":[{"href":"https:\/\/www.santai-ceramics.com\/pt\/wp-json\/wp\/v2\/media?parent=2363"}],"wp:term":[{"taxonomy":"product_brand","embeddable":true,"href":"https:\/\/www.santai-ceramics.com\/pt\/wp-json\/wp\/v2\/product_brand?post=2363"},{"taxonomy":"product_cat","embeddable":true,"href":"https:\/\/www.santai-ceramics.com\/pt\/wp-json\/wp\/v2\/product_cat?post=2363"},{"taxonomy":"product_tag","embeddable":true,"href":"https:\/\/www.santai-ceramics.com\/pt\/wp-json\/wp\/v2\/product_tag?post=2363"}],"curies":[{"name":"wp","href":"https:\/\/api.w.org\/{rel}","templated":true}]}}