{"id":2451,"date":"2025-04-15T02:50:33","date_gmt":"2025-04-15T02:50:33","guid":{"rendered":"https:\/\/www.santai-ceramics.com\/?post_type=product&#038;p=2451"},"modified":"2025-06-12T15:38:15","modified_gmt":"2025-06-12T15:38:15","slug":"wholesale-flower-shape-vintage-candle-holder","status":"publish","type":"product","link":"https:\/\/www.santai-ceramics.com\/pt\/product\/wholesale-flower-shape-vintage-candle-holder\/","title":{"rendered":"Suporte de vela vintage em forma de flor por atacado para decora\u00e7\u00e3o art\u00edstica"},"content":{"rendered":"<h3 class=\"wp-block-heading\">Carater\u00edsticas do Casti\u00e7al Vintage <\/h3>\n\n\n\n<p><strong>Design vintage elegante: <\/strong>Este casti\u00e7al vintage tem belos entalhes em forma de flor com requintados detalhes vintage, tornando-o numa obra de arte que melhora a atmosfera do espa\u00e7o.<\/p>\n\n\n\n<p><strong>Material de resina dur\u00e1vel: <\/strong>Este casti\u00e7al vintage \u00e9 feito de resina de alta qualidade, que n\u00e3o \u00e9 f\u00e1cil de rachar e lascar, adequado para utiliza\u00e7\u00e3o a longo prazo em casas, restaurantes ou hot\u00e9is.<\/p>\n\n\n\n<p><strong>Leve e resistente: <\/strong>Este material \u00e9 leve, f\u00e1cil de transportar e de ajustar a posi\u00e7\u00e3o conforme necess\u00e1rio, seguro e c\u00f3modo na utiliza\u00e7\u00e3o di\u00e1ria.<\/p>\n\n\n\n<p><strong>Utiliza\u00e7\u00e3o decorativa vers\u00e1til: <\/strong>Este porta-velas tem uma vasta gama de utiliza\u00e7\u00f5es. Integra-se perfeitamente em v\u00e1rios ambientes, como casamentos, caf\u00e9s, restaurantes, etc.<\/p>\n\n\n\n<p><strong>Amigo do com\u00e9rcio grossista: <\/strong>O casti\u00e7al por grosso foi concebido para compradores a granel, que beneficiam de pre\u00e7os diretos de f\u00e1brica e de uma cadeia de abastecimento eficiente.<\/p>\n\n\n\n<h3 class=\"wp-block-heading\">Servi\u00e7o de suporte de velas personalizado<\/h3>\n\n\n\n<p>Oferecemos servi\u00e7os OEM e ODM para os nossos produtos.<br>Entrega r\u00e1pida de amostras est\u00e1 dispon\u00edvel.<br>Oferecemos uma variedade de formas, cores, impress\u00e3o personalizada, embalagem e outros servi\u00e7os adaptados para satisfazer as suas necessidades espec\u00edficas.<br><a href=\"https:\/\/www.santai-ceramics.com\/pt\/custom\/\" data-type=\"page\" data-id=\"13\" target=\"_blank\" rel=\"noreferrer noopener\"><strong><b>Saiba mais sobre personaliza\u00e7\u00e3o<\/b> pormenor do casti\u00e7al.<\/strong><\/a><\/p>\n\n\n\n<div class=\"wp-block-columns is-layout-flex wp-container-core-columns-is-layout-9d6595d7 wp-block-columns-is-layout-flex\">\n<div class=\"wp-block-column is-layout-flow wp-block-column-is-layout-flow\">\n<figure class=\"wp-block-image size-full\"><img decoding=\"async\" width=\"2000\" height=\"1666\" src=\"https:\/\/www.santai-ceramics.com\/wp-content\/uploads\/2025\/04\/Wholesale-Vintage-Candle-Holder-4.webp\" alt=\"Suporte de vela vintage por atacado (4)\" class=\"wp-image-2487\" srcset=\"https:\/\/www.santai-ceramics.com\/wp-content\/uploads\/2025\/04\/Wholesale-Vintage-Candle-Holder-4.webp 2000w, https:\/\/www.santai-ceramics.com\/wp-content\/uploads\/2025\/04\/Wholesale-Vintage-Candle-Holder-4-300x250.webp 300w, https:\/\/www.santai-ceramics.com\/wp-content\/uploads\/2025\/04\/Wholesale-Vintage-Candle-Holder-4-768x640.webp 768w, https:\/\/www.santai-ceramics.com\/wp-content\/uploads\/2025\/04\/Wholesale-Vintage-Candle-Holder-4-14x12.webp 14w, https:\/\/www.santai-ceramics.com\/wp-content\/uploads\/2025\/04\/Wholesale-Vintage-Candle-Holder-4-1200x1000.webp 1200w, https:\/\/www.santai-ceramics.com\/wp-content\/uploads\/2025\/04\/Wholesale-Vintage-Candle-Holder-4-600x500.webp 600w\" sizes=\"(max-width: 2000px) 100vw, 2000px\" \/><\/figure>\n<\/div>\n\n\n\n<div class=\"wp-block-column is-layout-flow wp-block-column-is-layout-flow\">\n<figure class=\"wp-block-image size-full\"><img decoding=\"async\" width=\"2000\" height=\"1666\" src=\"https:\/\/www.santai-ceramics.com\/wp-content\/uploads\/2025\/04\/Wholesale-Vintage-Candle-Holder-5.webp\" alt=\"Suporte de vela vintage por atacado (5)\" class=\"wp-image-2488\" srcset=\"https:\/\/www.santai-ceramics.com\/wp-content\/uploads\/2025\/04\/Wholesale-Vintage-Candle-Holder-5.webp 2000w, https:\/\/www.santai-ceramics.com\/wp-content\/uploads\/2025\/04\/Wholesale-Vintage-Candle-Holder-5-300x250.webp 300w, https:\/\/www.santai-ceramics.com\/wp-content\/uploads\/2025\/04\/Wholesale-Vintage-Candle-Holder-5-768x640.webp 768w, https:\/\/www.santai-ceramics.com\/wp-content\/uploads\/2025\/04\/Wholesale-Vintage-Candle-Holder-5-14x12.webp 14w, https:\/\/www.santai-ceramics.com\/wp-content\/uploads\/2025\/04\/Wholesale-Vintage-Candle-Holder-5-1200x1000.webp 1200w, https:\/\/www.santai-ceramics.com\/wp-content\/uploads\/2025\/04\/Wholesale-Vintage-Candle-Holder-5-600x500.webp 600w\" sizes=\"(max-width: 2000px) 100vw, 2000px\" \/><\/figure>\n<\/div>\n<\/div>","protected":false},"excerpt":{"rendered":"<p data-pm-slice=\"0 0 []\">O suporte de vela vintage em forma de flor, fabricado em resina de alta qualidade, garante uma vida longa, bonita e pr\u00e1tica. Adequado para real\u00e7ar a decora\u00e7\u00e3o interior da decora\u00e7\u00e3o da casa, casamento, caf\u00e9 ou hotel boutique. Bem-vindo a contactar-nos para um or\u00e7amento.<\/p>\n<h2>Especifica\u00e7\u00f5es do Suporte de vela vintage em forma de flor<\/h2>\n<table width=\"855\">\n<tbody>\n<tr>\n<td width=\"285\">N\u00famero do modelo<\/td>\n<td width=\"285\">E37582-H889-A01<\/td>\n<td width=\"285\">E37582-H889-A01<\/td>\n<\/tr>\n<tr>\n<td>Nome do produto<\/td>\n<td>Casti\u00e7al de poliresina<\/td>\n<td>Casti\u00e7al de poliresina<\/td>\n<\/tr>\n<tr>\n<td>Cor<\/td>\n<td>Verde antigo<\/td>\n<td>Verde antigo<\/td>\n<\/tr>\n<tr>\n<td>Material<\/td>\n<td>Poliresina<\/td>\n<td>Poliresina<\/td>\n<\/tr>\n<tr>\n<td>Cen\u00e1rios de utiliza\u00e7\u00e3o<\/td>\n<td>decora\u00e7\u00e3o de casa<\/td>\n<td>decora\u00e7\u00e3o de casa<\/td>\n<\/tr>\n<tr>\n<td>Dimens\u00f5es<\/td>\n<td>11X10X27cm<\/td>\n<td>9X7X20cm<\/td>\n<\/tr>\n<tr>\n<td>Peso<\/td>\n<td>0,5 kg\/unidade<\/td>\n<td>0,3 kg\/unidade<\/td>\n<\/tr>\n<\/tbody>\n<\/table>","protected":false},"featured_media":2484,"comment_status":"closed","ping_status":"closed","template":"","meta":{"_acf_changed":false},"product_brand":[],"product_cat":[18,26,45],"product_tag":[],"class_list":{"0":"post-2451","1":"product","2":"type-product","3":"status-publish","4":"has-post-thumbnail","6":"product_cat-home-decor","7":"product_cat-home-accessories","8":"product_cat-wholesale-resin-candle-holders","10":"first","11":"instock","12":"shipping-taxable","13":"product-type-simple"},"acf":[],"_links":{"self":[{"href":"https:\/\/www.santai-ceramics.com\/pt\/wp-json\/wp\/v2\/product\/2451","targetHints":{"allow":["GET"]}}],"collection":[{"href":"https:\/\/www.santai-ceramics.com\/pt\/wp-json\/wp\/v2\/product"}],"about":[{"href":"https:\/\/www.santai-ceramics.com\/pt\/wp-json\/wp\/v2\/types\/product"}],"replies":[{"embeddable":true,"href":"https:\/\/www.santai-ceramics.com\/pt\/wp-json\/wp\/v2\/comments?post=2451"}],"wp:featuredmedia":[{"embeddable":true,"href":"https:\/\/www.santai-ceramics.com\/pt\/wp-json\/wp\/v2\/media\/2484"}],"wp:attachment":[{"href":"https:\/\/www.santai-ceramics.com\/pt\/wp-json\/wp\/v2\/media?parent=2451"}],"wp:term":[{"taxonomy":"product_brand","embeddable":true,"href":"https:\/\/www.santai-ceramics.com\/pt\/wp-json\/wp\/v2\/product_brand?post=2451"},{"taxonomy":"product_cat","embeddable":true,"href":"https:\/\/www.santai-ceramics.com\/pt\/wp-json\/wp\/v2\/product_cat?post=2451"},{"taxonomy":"product_tag","embeddable":true,"href":"https:\/\/www.santai-ceramics.com\/pt\/wp-json\/wp\/v2\/product_tag?post=2451"}],"curies":[{"name":"wp","href":"https:\/\/api.w.org\/{rel}","templated":true}]}}