{"id":2452,"date":"2025-04-15T04:14:36","date_gmt":"2025-04-15T04:14:36","guid":{"rendered":"https:\/\/www.santai-ceramics.com\/?post_type=product&#038;p=2452"},"modified":"2025-06-05T10:12:35","modified_gmt":"2025-06-05T10:12:35","slug":"wholesale-fiber-cement-planter-with-imitation-stone-finish","status":"publish","type":"product","link":"https:\/\/www.santai-ceramics.com\/pt\/product\/wholesale-fiber-cement-planter-with-imitation-stone-finish\/","title":{"rendered":"Vaso de cimento de fibra por atacado com acabamento de imita\u00e7\u00e3o de pedra - Vaso decorativo dur\u00e1vel para interior e exterior"},"content":{"rendered":"<h3 class=\"wp-block-heading\">Carater\u00edsticas da Plantadeira de fibrocimento com acabamento em imita\u00e7\u00e3o de pedra<\/h3>\n\n\n\n<p><strong>Textura de rocha realista: <\/strong>O plantador de fibrocimento apresenta um design de textura de pedra que imita a rocha natural, dando-lhe um aspeto \u00fanico.<\/p>\n\n\n\n<p><strong>Constru\u00e7\u00e3o dur\u00e1vel em cimento de fibra:<\/strong> Fabricadas com uma composi\u00e7\u00e3o de cimento e fibra de alta resist\u00eancia, estas jardineiras s\u00e3o mais dur\u00e1veis do que as cer\u00e2micas normais, resistentes \u00e0s intemp\u00e9ries, \u00e0 prova de fissuras e constru\u00eddas para durar anos no interior e no exterior.<\/p>\n\n\n\n<p><strong>Luz e for\u00e7a: <\/strong>Em compara\u00e7\u00e3o com as jardineiras de bet\u00e3o, o fibrocimento oferece o mesmo aspeto duradouro, mas com um peso consideravelmente mais leve para facilitar o transporte.<\/p>\n\n\n\n<p><strong>Ajust\u00e1vel para o volume: <\/strong>Em v\u00e1rios tamanhos, formas e texturas para compradores B2B - adequado para viveiros, empresas de paisagismo e centros de melhoramento da casa.<\/p>\n\n\n\n<h3 class=\"wp-block-heading\">Servi\u00e7o personalizado<\/h3>\n\n\n\n<p>Oferecemos servi\u00e7os OEM e ODM para os nossos produtos.<br>Entrega r\u00e1pida de amostras est\u00e1 dispon\u00edvel.<br>Oferecemos uma variedade de formas, cores, impress\u00e3o personalizada, embalagem e outros servi\u00e7os adaptados para satisfazer as suas necessidades espec\u00edficas.<br><a href=\"https:\/\/www.santai-ceramics.com\/pt\/custom\/\" data-type=\"page\" data-id=\"13\" target=\"_blank\" rel=\"noreferrer noopener\"><strong><b>Saiba mais sobre personaliza\u00e7\u00e3o<\/b>  pormenor.<\/strong><\/a><\/p>\n\n\n\n<div class=\"wp-block-columns is-layout-flex wp-container-core-columns-is-layout-9d6595d7 wp-block-columns-is-layout-flex\">\n<div class=\"wp-block-column is-layout-flow wp-block-column-is-layout-flow\">\n<figure class=\"wp-block-image size-full\"><img decoding=\"async\" width=\"1500\" height=\"1250\" src=\"https:\/\/www.santai-ceramics.com\/wp-content\/uploads\/2025\/04\/Fiber-Cement-Planter-Details-2.webp\" alt=\"Detalhes da jardineira de fibrocimento (2)\" class=\"wp-image-2516\" srcset=\"https:\/\/www.santai-ceramics.com\/wp-content\/uploads\/2025\/04\/Fiber-Cement-Planter-Details-2.webp 1500w, https:\/\/www.santai-ceramics.com\/wp-content\/uploads\/2025\/04\/Fiber-Cement-Planter-Details-2-300x250.webp 300w, https:\/\/www.santai-ceramics.com\/wp-content\/uploads\/2025\/04\/Fiber-Cement-Planter-Details-2-768x640.webp 768w, https:\/\/www.santai-ceramics.com\/wp-content\/uploads\/2025\/04\/Fiber-Cement-Planter-Details-2-14x12.webp 14w, https:\/\/www.santai-ceramics.com\/wp-content\/uploads\/2025\/04\/Fiber-Cement-Planter-Details-2-1200x1000.webp 1200w, https:\/\/www.santai-ceramics.com\/wp-content\/uploads\/2025\/04\/Fiber-Cement-Planter-Details-2-600x500.webp 600w\" sizes=\"(max-width: 1500px) 100vw, 1500px\" \/><\/figure>\n<\/div>\n\n\n\n<div class=\"wp-block-column is-layout-flow wp-block-column-is-layout-flow\">\n<figure class=\"wp-block-image size-full\"><img decoding=\"async\" width=\"1500\" height=\"1250\" src=\"https:\/\/www.santai-ceramics.com\/wp-content\/uploads\/2025\/04\/Fiber-Cement-Planter-Details-3.webp\" alt=\"Detalhes da jardineira de fibrocimento (3)\" class=\"wp-image-2517\" srcset=\"https:\/\/www.santai-ceramics.com\/wp-content\/uploads\/2025\/04\/Fiber-Cement-Planter-Details-3.webp 1500w, https:\/\/www.santai-ceramics.com\/wp-content\/uploads\/2025\/04\/Fiber-Cement-Planter-Details-3-300x250.webp 300w, https:\/\/www.santai-ceramics.com\/wp-content\/uploads\/2025\/04\/Fiber-Cement-Planter-Details-3-768x640.webp 768w, https:\/\/www.santai-ceramics.com\/wp-content\/uploads\/2025\/04\/Fiber-Cement-Planter-Details-3-14x12.webp 14w, https:\/\/www.santai-ceramics.com\/wp-content\/uploads\/2025\/04\/Fiber-Cement-Planter-Details-3-1200x1000.webp 1200w, https:\/\/www.santai-ceramics.com\/wp-content\/uploads\/2025\/04\/Fiber-Cement-Planter-Details-3-600x500.webp 600w\" sizes=\"(max-width: 1500px) 100vw, 1500px\" \/><\/figure>\n<\/div>\n<\/div>","protected":false},"excerpt":{"rendered":"<p data-pm-slice=\"0 0 []\">Plantador de fibrocimento por atacado com acabamento em imita\u00e7\u00e3o de pedra, a mistura perfeita de for\u00e7a, estilo e beleza natural. Apresenta um design minimalista e textura de pedra realista. As compras a granel s\u00e3o bem-vindas.<\/p>\n<h2>Especifica\u00e7\u00e3o da plantadeira de fibrocimento<\/h2>\n<table width=\"1140\">\n<tbody>\n<tr>\n<td width=\"285\">N\u00famero do modelo<\/td>\n<td width=\"285\">J37585-H889-A01<\/td>\n<td width=\"285\">J37585-H889-A02<\/td>\n<td width=\"285\">J37585-H889-A03<\/td>\n<\/tr>\n<tr>\n<td>Nome do produto<\/td>\n<td>Plantador de cimento de fibra<\/td>\n<td>Plantador de cimento de fibra<\/td>\n<td>Plantador de cimento de fibra<\/td>\n<\/tr>\n<tr>\n<td>Cor<\/td>\n<td>Verde antigo<\/td>\n<td>Verde antigo<\/td>\n<td>Verde antigo<\/td>\n<\/tr>\n<tr>\n<td>Material<\/td>\n<td>Fibra de cimento\u00a0<\/td>\n<td>Fibra de cimento\u00a0<\/td>\n<td>Fibra de cimento\u00a0<\/td>\n<\/tr>\n<tr>\n<td>Cen\u00e1rios de utiliza\u00e7\u00e3o<\/td>\n<td>decora\u00e7\u00e3o de casa e jardim<\/td>\n<td>decora\u00e7\u00e3o de casa e jardim<\/td>\n<td>decora\u00e7\u00e3o de casa e jardim<\/td>\n<\/tr>\n<tr>\n<td>Dimens\u00f5es<\/td>\n<td>D:47,5X46,5cm<\/td>\n<td>D:38X38cm<\/td>\n<td>D:30X30cm<\/td>\n<\/tr>\n<tr>\n<td>Peso<\/td>\n<td>11,3 kg\/unidade<\/td>\n<td>7,7 kg\/unidade<\/td>\n<td>4,1 kg\/unidade<\/td>\n<\/tr>\n<\/tbody>\n<\/table>","protected":false},"featured_media":2511,"comment_status":"closed","ping_status":"closed","template":"","meta":{"_acf_changed":false},"product_brand":[],"product_cat":[18,41,21,23],"product_tag":[],"class_list":{"0":"post-2452","1":"product","2":"type-product","3":"status-publish","4":"has-post-thumbnail","6":"product_cat-home-decor","7":"product_cat-wholesale-fiber-cement-plant-pots","8":"product_cat-garden-decor","9":"product_cat-ceramic-pots-planters","11":"first","12":"instock","13":"shipping-taxable","14":"product-type-simple"},"acf":[],"_links":{"self":[{"href":"https:\/\/www.santai-ceramics.com\/pt\/wp-json\/wp\/v2\/product\/2452","targetHints":{"allow":["GET"]}}],"collection":[{"href":"https:\/\/www.santai-ceramics.com\/pt\/wp-json\/wp\/v2\/product"}],"about":[{"href":"https:\/\/www.santai-ceramics.com\/pt\/wp-json\/wp\/v2\/types\/product"}],"replies":[{"embeddable":true,"href":"https:\/\/www.santai-ceramics.com\/pt\/wp-json\/wp\/v2\/comments?post=2452"}],"wp:featuredmedia":[{"embeddable":true,"href":"https:\/\/www.santai-ceramics.com\/pt\/wp-json\/wp\/v2\/media\/2511"}],"wp:attachment":[{"href":"https:\/\/www.santai-ceramics.com\/pt\/wp-json\/wp\/v2\/media?parent=2452"}],"wp:term":[{"taxonomy":"product_brand","embeddable":true,"href":"https:\/\/www.santai-ceramics.com\/pt\/wp-json\/wp\/v2\/product_brand?post=2452"},{"taxonomy":"product_cat","embeddable":true,"href":"https:\/\/www.santai-ceramics.com\/pt\/wp-json\/wp\/v2\/product_cat?post=2452"},{"taxonomy":"product_tag","embeddable":true,"href":"https:\/\/www.santai-ceramics.com\/pt\/wp-json\/wp\/v2\/product_tag?post=2452"}],"curies":[{"name":"wp","href":"https:\/\/api.w.org\/{rel}","templated":true}]}}