{"id":2453,"date":"2025-04-15T02:14:39","date_gmt":"2025-04-15T02:14:39","guid":{"rendered":"https:\/\/www.santai-ceramics.com\/?post_type=product&#038;p=2453"},"modified":"2025-04-15T02:16:25","modified_gmt":"2025-04-15T02:16:25","slug":"wholesale-frosted-handmade-minimalist-ceramic-vase","status":"publish","type":"product","link":"https:\/\/www.santai-ceramics.com\/pt\/product\/wholesale-frosted-handmade-minimalist-ceramic-vase\/","title":{"rendered":"Vasos de cer\u00e2mica feitos \u00e0 m\u00e3o por atacado com textura branca fosca e esmalte verde enevoado"},"content":{"rendered":"<h3 class=\"wp-block-heading\">Carater\u00edsticas da Jarra de cer\u00e2mica feita \u00e0 m\u00e3o<\/h3>\n\n\n\n<p><strong>Aspeto digno e art\u00edstico: <\/strong>Os nossos vasos de cer\u00e2mica para venda por grosso apresentam uma linda textura branca mate e um elegante esmalte verde n\u00e9voa, acrescentando charme rural e eleg\u00e2ncia urbana.<\/p>\n\n\n\n<p><strong>Adequado para v\u00e1rias ocasi\u00f5es: <\/strong>Os nossos vasos de cer\u00e2mica por atacado s\u00e3o ideais para boutiques, restaurantes finos ou casas modernas, dando um toque urbano a diferentes ambientes.<\/p>\n\n\n\n<p><strong>Arte artesanal: <\/strong>Cada vaso \u00e9 feito \u00e0 m\u00e3o por artes\u00e3os qualificados, com diferen\u00e7as de formas, esmaltes e texturas.<\/p>\n\n\n\n<p><strong>Material amigo do ambiente: <\/strong>Estes vasos s\u00e3o feitos de barro natural e de esmaltes n\u00e3o t\u00f3xicos, que s\u00e3o amigos do homem e das plantas.<\/p>\n\n\n\n<p><strong>Adequado para OEM e grossista:<\/strong> Sendo uma f\u00e1brica, aceitamos encomendas por atacado a granel e fornecemos servi\u00e7os personalizados, incluindo tamanho, cor, acabamento de superf\u00edcie e embalagem, adequados para retalhistas de marca ou grossistas de decora\u00e7\u00e3o, etc.<\/p>\n\n\n\n<h3 class=\"wp-block-heading\">Servi\u00e7o de vasos de cer\u00e2mica personalizados<\/h3>\n\n\n\n<p>Oferecemos servi\u00e7os OEM e ODM para os nossos produtos.<br>Entrega r\u00e1pida de amostras est\u00e1 dispon\u00edvel.<br>Oferecemos uma variedade de formas, cores, impress\u00e3o personalizada, embalagem e outros servi\u00e7os adaptados para satisfazer as suas necessidades espec\u00edficas.<br><b><strong><a href=\"https:\/\/www.santai-ceramics.com\/pt\/custom\/\" target=\"_blank\" rel=\"noreferrer noopener\">Saiba mais sobre os detalhes do vaso de cer\u00e2mica personalizado<\/a><\/strong><\/b><\/p>\n\n\n\n<div class=\"wp-block-columns is-layout-flex wp-container-core-columns-is-layout-9d6595d7 wp-block-columns-is-layout-flex\">\n<div class=\"wp-block-column is-layout-flow wp-block-column-is-layout-flow\">\n<figure class=\"wp-block-image size-full\"><img decoding=\"async\" width=\"1600\" height=\"1599\" src=\"https:\/\/www.santai-ceramics.com\/wp-content\/uploads\/2025\/04\/Wholesale-Handmade-Ceramic-Vases-3.webp\" alt=\"Vasos de cer\u00e2mica feitos \u00e0 m\u00e3o por atacado (3)\" class=\"wp-image-2480\" srcset=\"https:\/\/www.santai-ceramics.com\/wp-content\/uploads\/2025\/04\/Wholesale-Handmade-Ceramic-Vases-3.webp 1600w, https:\/\/www.santai-ceramics.com\/wp-content\/uploads\/2025\/04\/Wholesale-Handmade-Ceramic-Vases-3-300x300.webp 300w, https:\/\/www.santai-ceramics.com\/wp-content\/uploads\/2025\/04\/Wholesale-Handmade-Ceramic-Vases-3-150x150.webp 150w, https:\/\/www.santai-ceramics.com\/wp-content\/uploads\/2025\/04\/Wholesale-Handmade-Ceramic-Vases-3-768x768.webp 768w, https:\/\/www.santai-ceramics.com\/wp-content\/uploads\/2025\/04\/Wholesale-Handmade-Ceramic-Vases-3-12x12.webp 12w, https:\/\/www.santai-ceramics.com\/wp-content\/uploads\/2025\/04\/Wholesale-Handmade-Ceramic-Vases-3-1200x1200.webp 1200w, https:\/\/www.santai-ceramics.com\/wp-content\/uploads\/2025\/04\/Wholesale-Handmade-Ceramic-Vases-3-600x600.webp 600w, https:\/\/www.santai-ceramics.com\/wp-content\/uploads\/2025\/04\/Wholesale-Handmade-Ceramic-Vases-3-100x100.webp 100w\" sizes=\"(max-width: 1600px) 100vw, 1600px\" \/><\/figure>\n<\/div>\n\n\n\n<div class=\"wp-block-column is-layout-flow wp-block-column-is-layout-flow\">\n<figure class=\"wp-block-image size-full\"><img decoding=\"async\" width=\"1600\" height=\"1600\" src=\"https:\/\/www.santai-ceramics.com\/wp-content\/uploads\/2025\/04\/Wholesale-Handmade-Ceramic-Vases-4.webp\" alt=\"Vasos de cer\u00e2mica feitos \u00e0 m\u00e3o por atacado (4)\" class=\"wp-image-2481\" srcset=\"https:\/\/www.santai-ceramics.com\/wp-content\/uploads\/2025\/04\/Wholesale-Handmade-Ceramic-Vases-4.webp 1600w, https:\/\/www.santai-ceramics.com\/wp-content\/uploads\/2025\/04\/Wholesale-Handmade-Ceramic-Vases-4-300x300.webp 300w, https:\/\/www.santai-ceramics.com\/wp-content\/uploads\/2025\/04\/Wholesale-Handmade-Ceramic-Vases-4-150x150.webp 150w, https:\/\/www.santai-ceramics.com\/wp-content\/uploads\/2025\/04\/Wholesale-Handmade-Ceramic-Vases-4-768x768.webp 768w, https:\/\/www.santai-ceramics.com\/wp-content\/uploads\/2025\/04\/Wholesale-Handmade-Ceramic-Vases-4-12x12.webp 12w, https:\/\/www.santai-ceramics.com\/wp-content\/uploads\/2025\/04\/Wholesale-Handmade-Ceramic-Vases-4-1200x1200.webp 1200w, https:\/\/www.santai-ceramics.com\/wp-content\/uploads\/2025\/04\/Wholesale-Handmade-Ceramic-Vases-4-600x600.webp 600w, https:\/\/www.santai-ceramics.com\/wp-content\/uploads\/2025\/04\/Wholesale-Handmade-Ceramic-Vases-4-100x100.webp 100w\" sizes=\"(max-width: 1600px) 100vw, 1600px\" \/><\/figure>\n<\/div>\n<\/div>","protected":false},"excerpt":{"rendered":"<p data-pm-slice=\"0 0 []\">Os vasos de cer\u00e2mica feitos \u00e0 m\u00e3o por atacado com textura branca fosca e esmalte verde enevoado podem melhorar a decora\u00e7\u00e3o da sua casa, espa\u00e7o de escrit\u00f3rio ou fazer um presente atencioso. Estes vasos s\u00e3o perfeitos para compra por grosso, contacte-nos para obter um or\u00e7amento.<\/p>\n<h2>Especifica\u00e7\u00e3o de Vasos de cer\u00e2mica feitos \u00e0 m\u00e3o<\/h2>\n<table width=\"855\">\n<tbody>\n<tr>\n<td width=\"285\">N\u00famero do modelo<\/td>\n<td width=\"285\">A37116-LC21-A01<\/td>\n<td width=\"285\">A37116-LC21-A02<\/td>\n<\/tr>\n<tr>\n<td>Nome do produto<\/td>\n<td>Vaso de cer\u00e2mica para flores<\/td>\n<td>Vaso de cer\u00e2mica para flores<\/td>\n<\/tr>\n<tr>\n<td>Cor<\/td>\n<td>Branco e azul<\/td>\n<td>Branco e azul<\/td>\n<\/tr>\n<tr>\n<td>Material<\/td>\n<td>Cer\u00e2mica<\/td>\n<td>Cer\u00e2mica<\/td>\n<\/tr>\n<tr>\n<td>Cen\u00e1rios de utiliza\u00e7\u00e3o<\/td>\n<td>decora\u00e7\u00e3o de casa<\/td>\n<td>decora\u00e7\u00e3o de casa<\/td>\n<\/tr>\n<tr>\n<td>Dimens\u00f5es<\/td>\n<td>D:23,5X29,5cm<\/td>\n<td>D:19,5X24,5cm<\/td>\n<\/tr>\n<tr>\n<td>Peso<\/td>\n<td>2,9 kg\/unidade<\/td>\n<td>2,1 kg\/unidade<\/td>\n<\/tr>\n<\/tbody>\n<\/table>","protected":false},"featured_media":2478,"comment_status":"closed","ping_status":"closed","template":"","meta":{"_acf_changed":false},"product_brand":[],"product_cat":[18,22],"product_tag":[],"class_list":{"0":"post-2453","1":"product","2":"type-product","3":"status-publish","4":"has-post-thumbnail","6":"product_cat-home-decor","7":"product_cat-vase","9":"first","10":"instock","11":"shipping-taxable","12":"product-type-simple"},"acf":[],"_links":{"self":[{"href":"https:\/\/www.santai-ceramics.com\/pt\/wp-json\/wp\/v2\/product\/2453","targetHints":{"allow":["GET"]}}],"collection":[{"href":"https:\/\/www.santai-ceramics.com\/pt\/wp-json\/wp\/v2\/product"}],"about":[{"href":"https:\/\/www.santai-ceramics.com\/pt\/wp-json\/wp\/v2\/types\/product"}],"replies":[{"embeddable":true,"href":"https:\/\/www.santai-ceramics.com\/pt\/wp-json\/wp\/v2\/comments?post=2453"}],"wp:featuredmedia":[{"embeddable":true,"href":"https:\/\/www.santai-ceramics.com\/pt\/wp-json\/wp\/v2\/media\/2478"}],"wp:attachment":[{"href":"https:\/\/www.santai-ceramics.com\/pt\/wp-json\/wp\/v2\/media?parent=2453"}],"wp:term":[{"taxonomy":"product_brand","embeddable":true,"href":"https:\/\/www.santai-ceramics.com\/pt\/wp-json\/wp\/v2\/product_brand?post=2453"},{"taxonomy":"product_cat","embeddable":true,"href":"https:\/\/www.santai-ceramics.com\/pt\/wp-json\/wp\/v2\/product_cat?post=2453"},{"taxonomy":"product_tag","embeddable":true,"href":"https:\/\/www.santai-ceramics.com\/pt\/wp-json\/wp\/v2\/product_tag?post=2453"}],"curies":[{"name":"wp","href":"https:\/\/api.w.org\/{rel}","templated":true}]}}