{"id":2454,"date":"2025-04-15T01:36:38","date_gmt":"2025-04-15T01:36:38","guid":{"rendered":"https:\/\/www.santai-ceramics.com\/?post_type=product&#038;p=2454"},"modified":"2025-06-10T01:02:00","modified_gmt":"2025-06-10T01:02:00","slug":"wholesale-elegant-handcrafted-decorative-ceramic-jars","status":"publish","type":"product","link":"https:\/\/www.santai-ceramics.com\/pt\/product\/wholesale-elegant-handcrafted-decorative-ceramic-jars\/","title":{"rendered":"Frascos de cer\u00e2mica decorativos por grosso para decora\u00e7\u00e3o de interiores - Vasos de cer\u00e2mica elegantes feitos \u00e0 m\u00e3o"},"content":{"rendered":"<h3 class=\"wp-block-heading\">Carater\u00edsticas dos frascos decorativos de cer\u00e2mica<\/h3>\n\n\n\n<p><strong>Esmalte Art\u00edstico:<\/strong> Uma base branca suave com um subtil esmalte verde-azul cria um aspeto simples e elegante, perfeito para a decora\u00e7\u00e3o de m\u00f3veis modernos.<\/p>\n\n\n\n<p><strong>Decora\u00e7\u00e3o vers\u00e1til: <\/strong>A abertura ampla e a base robusta tornam-na perfeita para guardar flores secas, ramos ou plantas artificiais.<\/p>\n\n\n\n<p><strong>Acabamento \u00e0 m\u00e3o: <\/strong>Varia\u00e7\u00f5es subtis de textura e cor reflectem o encanto artesanal e a singularidade de cada pe\u00e7a.<\/p>\n\n\n\n<p><strong>Design amigo do com\u00e9rcio grossista: <\/strong>O apelo est\u00e9tico e a qualidade tornam-no perfeito para boutiques, caf\u00e9s, spas e \u00e1trios de hot\u00e9is.<\/p>\n\n\n\n<p><strong>OEM e ODM: <\/strong>SANTAI Pottery Manufacturer oferece servi\u00e7os de decora\u00e7\u00e3o de cer\u00e2mica por atacado, e as grandes encomendas podem ser personalizadas em profundidade em termos de esmalte, textura, tamanho e cor.<\/p>\n\n\n\n<h3 class=\"wp-block-heading\">Servi\u00e7o de jarras de cer\u00e2mica personalizadas<\/h3>\n\n\n\n<p>Oferecemos servi\u00e7os OEM e ODM para os nossos produtos.<br>Entrega r\u00e1pida de amostras est\u00e1 dispon\u00edvel.<br>Oferecemos uma variedade de formas, cores, impress\u00e3o personalizada, embalagem e outros servi\u00e7os adaptados para satisfazer as suas necessidades espec\u00edficas.<br><a href=\"https:\/\/www.santai-ceramics.com\/pt\/custom\/\" data-type=\"page\" data-id=\"13\" target=\"_blank\" rel=\"noreferrer noopener\"><strong><b>Saiba mais sobre personaliza\u00e7\u00e3o<\/b> pormenor da jarra de cer\u00e2mica.<\/strong><\/a><\/p>\n\n\n\n<div class=\"wp-block-columns is-layout-flex wp-container-core-columns-is-layout-9d6595d7 wp-block-columns-is-layout-flex\">\n<div class=\"wp-block-column is-layout-flow wp-block-column-is-layout-flow\">\n<figure class=\"wp-block-image size-full\"><img decoding=\"async\" width=\"1600\" height=\"1600\" src=\"https:\/\/www.santai-ceramics.com\/wp-content\/uploads\/2025\/04\/Wholesale-Decorative-Ceramic-Jars-3.webp\" alt=\"Frascos de cer\u00e2mica decorativos por atacado (3)\" class=\"wp-image-2470\" srcset=\"https:\/\/www.santai-ceramics.com\/wp-content\/uploads\/2025\/04\/Wholesale-Decorative-Ceramic-Jars-3.webp 1600w, https:\/\/www.santai-ceramics.com\/wp-content\/uploads\/2025\/04\/Wholesale-Decorative-Ceramic-Jars-3-300x300.webp 300w, https:\/\/www.santai-ceramics.com\/wp-content\/uploads\/2025\/04\/Wholesale-Decorative-Ceramic-Jars-3-150x150.webp 150w, https:\/\/www.santai-ceramics.com\/wp-content\/uploads\/2025\/04\/Wholesale-Decorative-Ceramic-Jars-3-768x768.webp 768w, https:\/\/www.santai-ceramics.com\/wp-content\/uploads\/2025\/04\/Wholesale-Decorative-Ceramic-Jars-3-12x12.webp 12w, https:\/\/www.santai-ceramics.com\/wp-content\/uploads\/2025\/04\/Wholesale-Decorative-Ceramic-Jars-3-1200x1200.webp 1200w, https:\/\/www.santai-ceramics.com\/wp-content\/uploads\/2025\/04\/Wholesale-Decorative-Ceramic-Jars-3-600x600.webp 600w, https:\/\/www.santai-ceramics.com\/wp-content\/uploads\/2025\/04\/Wholesale-Decorative-Ceramic-Jars-3-100x100.webp 100w\" sizes=\"(max-width: 1600px) 100vw, 1600px\" \/><\/figure>\n<\/div>\n\n\n\n<div class=\"wp-block-column is-layout-flow wp-block-column-is-layout-flow\">\n<figure class=\"wp-block-image size-full\"><img decoding=\"async\" width=\"1600\" height=\"1600\" src=\"https:\/\/www.santai-ceramics.com\/wp-content\/uploads\/2025\/04\/Wholesale-Decorative-Ceramic-Jars-4.webp\" alt=\"Frascos de cer\u00e2mica decorativos por atacado (4)\" class=\"wp-image-2471\" srcset=\"https:\/\/www.santai-ceramics.com\/wp-content\/uploads\/2025\/04\/Wholesale-Decorative-Ceramic-Jars-4.webp 1600w, https:\/\/www.santai-ceramics.com\/wp-content\/uploads\/2025\/04\/Wholesale-Decorative-Ceramic-Jars-4-300x300.webp 300w, https:\/\/www.santai-ceramics.com\/wp-content\/uploads\/2025\/04\/Wholesale-Decorative-Ceramic-Jars-4-150x150.webp 150w, https:\/\/www.santai-ceramics.com\/wp-content\/uploads\/2025\/04\/Wholesale-Decorative-Ceramic-Jars-4-768x768.webp 768w, https:\/\/www.santai-ceramics.com\/wp-content\/uploads\/2025\/04\/Wholesale-Decorative-Ceramic-Jars-4-12x12.webp 12w, https:\/\/www.santai-ceramics.com\/wp-content\/uploads\/2025\/04\/Wholesale-Decorative-Ceramic-Jars-4-1200x1200.webp 1200w, https:\/\/www.santai-ceramics.com\/wp-content\/uploads\/2025\/04\/Wholesale-Decorative-Ceramic-Jars-4-600x600.webp 600w, https:\/\/www.santai-ceramics.com\/wp-content\/uploads\/2025\/04\/Wholesale-Decorative-Ceramic-Jars-4-100x100.webp 100w\" sizes=\"(max-width: 1600px) 100vw, 1600px\" \/><\/figure>\n<\/div>\n<\/div>\n\n\n\n<div class=\"wp-block-columns is-layout-flex wp-container-core-columns-is-layout-9d6595d7 wp-block-columns-is-layout-flex\">\n<div class=\"wp-block-column is-layout-flow wp-block-column-is-layout-flow\"><\/div>\n\n\n\n<div class=\"wp-block-column is-layout-flow wp-block-column-is-layout-flow\"><\/div>\n<\/div>","protected":false},"excerpt":{"rendered":"<p data-pm-slice=\"0 0 []\">Frascos decorativos de cer\u00e2mica por atacado, cada pe\u00e7a tem uma superf\u00edcie texturada e um esmalte suave, exalando uma atmosfera natural e elegante. Adequado para exposi\u00e7\u00e3o ou venda em boutiques, lojas de decora\u00e7\u00e3o em cer\u00e2mica, hot\u00e9is, etc. Os fabricantes de cer\u00e2mica SANTAI fornecem um servi\u00e7o completo, bem-vindo a contactar-nos para um or\u00e7amento.<\/p>\n<h2>Especifica\u00e7\u00e3o do Jarro de cer\u00e2mica decorativo<\/h2>\n<table width=\"855\">\n<tbody>\n<tr>\n<td width=\"285\">N\u00famero do modelo<\/td>\n<td width=\"285\">A35828-LC21-A02<\/td>\n<td width=\"285\">A35828-LC21-A03<\/td>\n<\/tr>\n<tr>\n<td>Nome do produto<\/td>\n<td>Jarra de cer\u00e2mica \/ vaso para flores<\/td>\n<td>Jarra de cer\u00e2mica \/ vaso para flores<\/td>\n<\/tr>\n<tr>\n<td>Cor<\/td>\n<td>Branco e azul<\/td>\n<td>Branco e azul<\/td>\n<\/tr>\n<tr>\n<td>Material<\/td>\n<td>Cer\u00e2mica<\/td>\n<td>Cer\u00e2mica<\/td>\n<\/tr>\n<tr>\n<td>Cen\u00e1rios de utiliza\u00e7\u00e3o<\/td>\n<td>decora\u00e7\u00e3o de casa<\/td>\n<td>decora\u00e7\u00e3o de casa<\/td>\n<\/tr>\n<tr>\n<td>Dimens\u00f5es<\/td>\n<td>D:24,5X30,5cm<\/td>\n<td>D:20X20,5cm<\/td>\n<\/tr>\n<tr>\n<td>Peso<\/td>\n<td>2.5kg\/pc<\/td>\n<td>1,9 kg\/unidade<\/td>\n<\/tr>\n<\/tbody>\n<\/table>","protected":false},"featured_media":2468,"comment_status":"closed","ping_status":"closed","template":"","meta":{"_acf_changed":false},"product_brand":[],"product_cat":[18,43,22],"product_tag":[],"class_list":{"0":"post-2454","1":"product","2":"type-product","3":"status-publish","4":"has-post-thumbnail","6":"product_cat-home-decor","7":"product_cat-wholesale-ceramic-jar","8":"product_cat-vase","10":"first","11":"instock","12":"shipping-taxable","13":"product-type-simple"},"acf":[],"_links":{"self":[{"href":"https:\/\/www.santai-ceramics.com\/pt\/wp-json\/wp\/v2\/product\/2454","targetHints":{"allow":["GET"]}}],"collection":[{"href":"https:\/\/www.santai-ceramics.com\/pt\/wp-json\/wp\/v2\/product"}],"about":[{"href":"https:\/\/www.santai-ceramics.com\/pt\/wp-json\/wp\/v2\/types\/product"}],"replies":[{"embeddable":true,"href":"https:\/\/www.santai-ceramics.com\/pt\/wp-json\/wp\/v2\/comments?post=2454"}],"wp:featuredmedia":[{"embeddable":true,"href":"https:\/\/www.santai-ceramics.com\/pt\/wp-json\/wp\/v2\/media\/2468"}],"wp:attachment":[{"href":"https:\/\/www.santai-ceramics.com\/pt\/wp-json\/wp\/v2\/media?parent=2454"}],"wp:term":[{"taxonomy":"product_brand","embeddable":true,"href":"https:\/\/www.santai-ceramics.com\/pt\/wp-json\/wp\/v2\/product_brand?post=2454"},{"taxonomy":"product_cat","embeddable":true,"href":"https:\/\/www.santai-ceramics.com\/pt\/wp-json\/wp\/v2\/product_cat?post=2454"},{"taxonomy":"product_tag","embeddable":true,"href":"https:\/\/www.santai-ceramics.com\/pt\/wp-json\/wp\/v2\/product_tag?post=2454"}],"curies":[{"name":"wp","href":"https:\/\/api.w.org\/{rel}","templated":true}]}}