{"id":2457,"date":"2025-04-15T01:52:39","date_gmt":"2025-04-15T01:52:39","guid":{"rendered":"https:\/\/www.santai-ceramics.com\/?post_type=product&#038;p=2457"},"modified":"2025-06-12T16:11:46","modified_gmt":"2025-06-12T16:11:46","slug":"wholesale-elegant-and-simple-ceramic-candle-holder","status":"publish","type":"product","link":"https:\/\/www.santai-ceramics.com\/pt\/product\/wholesale-elegant-and-simple-ceramic-candle-holder\/","title":{"rendered":"Casti\u00e7al de cer\u00e2mica simples e elegante por atacado - Fabricante de cer\u00e2mica SANTAI"},"content":{"rendered":"<h3 class=\"wp-block-heading\">Carater\u00edsticas do suporte de vela em cer\u00e2mica<\/h3>\n\n\n\n<p><strong>Ideal para ilumina\u00e7\u00e3o ambiente:<\/strong> Quer seja colocado na mesa de jantar, na prateleira da casa de banho ou na mesinha de cabeceira, o casti\u00e7al em cer\u00e2mica cria uma atmosfera relaxante e tranquila.<\/p>\n\n\n\n<p><strong>Est\u00e1vel e resistente ao calor: <\/strong>Fabricados em cer\u00e2mica de alta qualidade, os nossos casti\u00e7ais de cer\u00e2mica para venda por grosso suportam o calor com seguran\u00e7a e n\u00e3o tombam facilmente - perfeitos para velas de ch\u00e1 e pequenas velas de pilar.<\/p>\n\n\n\n<p><strong>F\u00e1cil de pentear: <\/strong>Integre-se em interiores minimalistas, bo\u00e9mios, campestres, japoneses ou costeiros sem ocupar muito espa\u00e7o.<\/p>\n\n\n\n<p><strong>Personaliz\u00e1vel a granel:<\/strong> Como fabricante de cer\u00e2mica decorativa, podemos personalizar tamanhos, esmaltes, log\u00f3tipos e embalagens para satisfazer as necessidades da sua marca.<\/p>\n\n\n\n<h3 class=\"wp-block-heading\">Servi\u00e7o de casti\u00e7ais personalizados<\/h3>\n\n\n\n<p>Oferecemos servi\u00e7os OEM e ODM para os nossos produtos.<br>Entrega r\u00e1pida de amostras est\u00e1 dispon\u00edvel.<br>Oferecemos uma variedade de formas, cores, impress\u00e3o personalizada, embalagem e outros servi\u00e7os adaptados para satisfazer as suas necessidades espec\u00edficas.<br><a href=\"https:\/\/www.santai-ceramics.com\/pt\/custom\/\" data-type=\"page\" data-id=\"13\" target=\"_blank\" rel=\"noreferrer noopener\"><strong><b>Saiba mais sobre personaliza\u00e7\u00e3o<\/b> pormenor do casti\u00e7al.<\/strong><\/a><\/p>\n\n\n\n<div class=\"wp-block-columns is-layout-flex wp-container-core-columns-is-layout-9d6595d7 wp-block-columns-is-layout-flex\">\n<div class=\"wp-block-column is-layout-flow wp-block-column-is-layout-flow\">\n<figure class=\"wp-block-image size-full\"><img decoding=\"async\" width=\"1600\" height=\"1600\" src=\"https:\/\/www.santai-ceramics.com\/wp-content\/uploads\/2025\/04\/Wholesale-Ceramic-Candle-Holder-3.webp\" alt=\"Suporte de vela em cer\u00e2mica por atacado (3)\" class=\"wp-image-2475\" srcset=\"https:\/\/www.santai-ceramics.com\/wp-content\/uploads\/2025\/04\/Wholesale-Ceramic-Candle-Holder-3.webp 1600w, https:\/\/www.santai-ceramics.com\/wp-content\/uploads\/2025\/04\/Wholesale-Ceramic-Candle-Holder-3-300x300.webp 300w, https:\/\/www.santai-ceramics.com\/wp-content\/uploads\/2025\/04\/Wholesale-Ceramic-Candle-Holder-3-150x150.webp 150w, https:\/\/www.santai-ceramics.com\/wp-content\/uploads\/2025\/04\/Wholesale-Ceramic-Candle-Holder-3-768x768.webp 768w, https:\/\/www.santai-ceramics.com\/wp-content\/uploads\/2025\/04\/Wholesale-Ceramic-Candle-Holder-3-12x12.webp 12w, https:\/\/www.santai-ceramics.com\/wp-content\/uploads\/2025\/04\/Wholesale-Ceramic-Candle-Holder-3-1200x1200.webp 1200w, https:\/\/www.santai-ceramics.com\/wp-content\/uploads\/2025\/04\/Wholesale-Ceramic-Candle-Holder-3-600x600.webp 600w, https:\/\/www.santai-ceramics.com\/wp-content\/uploads\/2025\/04\/Wholesale-Ceramic-Candle-Holder-3-100x100.webp 100w\" sizes=\"(max-width: 1600px) 100vw, 1600px\" \/><\/figure>\n<\/div>\n\n\n\n<div class=\"wp-block-column is-layout-flow wp-block-column-is-layout-flow\">\n<figure class=\"wp-block-image size-full\"><img decoding=\"async\" width=\"1600\" height=\"1600\" src=\"https:\/\/www.santai-ceramics.com\/wp-content\/uploads\/2025\/04\/Wholesale-Ceramic-Candle-Holder-4.webp\" alt=\"Suporte de vela em cer\u00e2mica por atacado (4)\" class=\"wp-image-2476\" srcset=\"https:\/\/www.santai-ceramics.com\/wp-content\/uploads\/2025\/04\/Wholesale-Ceramic-Candle-Holder-4.webp 1600w, https:\/\/www.santai-ceramics.com\/wp-content\/uploads\/2025\/04\/Wholesale-Ceramic-Candle-Holder-4-300x300.webp 300w, https:\/\/www.santai-ceramics.com\/wp-content\/uploads\/2025\/04\/Wholesale-Ceramic-Candle-Holder-4-150x150.webp 150w, https:\/\/www.santai-ceramics.com\/wp-content\/uploads\/2025\/04\/Wholesale-Ceramic-Candle-Holder-4-768x768.webp 768w, https:\/\/www.santai-ceramics.com\/wp-content\/uploads\/2025\/04\/Wholesale-Ceramic-Candle-Holder-4-12x12.webp 12w, https:\/\/www.santai-ceramics.com\/wp-content\/uploads\/2025\/04\/Wholesale-Ceramic-Candle-Holder-4-1200x1200.webp 1200w, https:\/\/www.santai-ceramics.com\/wp-content\/uploads\/2025\/04\/Wholesale-Ceramic-Candle-Holder-4-600x600.webp 600w, https:\/\/www.santai-ceramics.com\/wp-content\/uploads\/2025\/04\/Wholesale-Ceramic-Candle-Holder-4-100x100.webp 100w\" sizes=\"(max-width: 1600px) 100vw, 1600px\" \/><\/figure>\n<\/div>\n<\/div>","protected":false},"excerpt":{"rendered":"<p data-pm-slice=\"0 0 []\">Porta-velas de cer\u00e2mica por grosso, ideal para velas de ch\u00e1 ou pequenas velas de pilar. Expanda a sua linha de produtos com os nossos casti\u00e7ais de cer\u00e2mica feitos \u00e0 m\u00e3o. Adequado para boutiques, lojas de cer\u00e2mica, empresas de design de interiores, contacte-nos para obter um or\u00e7amento.<\/p>\n<h2>Especifica\u00e7\u00e3o de Casti\u00e7al de cer\u00e2mica simples e elegante<\/h2>\n<table width=\"855\">\n<tbody>\n<tr>\n<td width=\"285\">N\u00famero do modelo<\/td>\n<td width=\"285\">A35933-LC21-A01<\/td>\n<td width=\"285\">A35933-LC21-A02<\/td>\n<\/tr>\n<tr>\n<td>Nome do produto<\/td>\n<td>Suporte de vela em cer\u00e2mica<\/td>\n<td>Suporte de vela em cer\u00e2mica<\/td>\n<\/tr>\n<tr>\n<td>Cor<\/td>\n<td>Branco e azul<\/td>\n<td>Branco e azul<\/td>\n<\/tr>\n<tr>\n<td>Material<\/td>\n<td>Cer\u00e2mica<\/td>\n<td>Cer\u00e2mica<\/td>\n<\/tr>\n<tr>\n<td>Cen\u00e1rios de utiliza\u00e7\u00e3o<\/td>\n<td>decora\u00e7\u00e3o de casa<\/td>\n<td>decora\u00e7\u00e3o de casa<\/td>\n<\/tr>\n<tr>\n<td>Dimens\u00f5es<\/td>\n<td>D:11,5X25cm<\/td>\n<td>D:11,5X21cm<\/td>\n<\/tr>\n<tr>\n<td>Peso<\/td>\n<td>0,9 kg\/unidade<\/td>\n<td>0,8 kg\/unidade<\/td>\n<\/tr>\n<\/tbody>\n<\/table>","protected":false},"featured_media":2473,"comment_status":"closed","ping_status":"closed","template":"","meta":{"_acf_changed":false},"product_brand":[],"product_cat":[18,46,26],"product_tag":[],"class_list":{"0":"post-2457","1":"product","2":"type-product","3":"status-publish","4":"has-post-thumbnail","6":"product_cat-home-decor","7":"product_cat-wholesale-ceramic-candle-holders","8":"product_cat-home-accessories","10":"first","11":"instock","12":"shipping-taxable","13":"product-type-simple"},"acf":[],"_links":{"self":[{"href":"https:\/\/www.santai-ceramics.com\/pt\/wp-json\/wp\/v2\/product\/2457","targetHints":{"allow":["GET"]}}],"collection":[{"href":"https:\/\/www.santai-ceramics.com\/pt\/wp-json\/wp\/v2\/product"}],"about":[{"href":"https:\/\/www.santai-ceramics.com\/pt\/wp-json\/wp\/v2\/types\/product"}],"replies":[{"embeddable":true,"href":"https:\/\/www.santai-ceramics.com\/pt\/wp-json\/wp\/v2\/comments?post=2457"}],"wp:featuredmedia":[{"embeddable":true,"href":"https:\/\/www.santai-ceramics.com\/pt\/wp-json\/wp\/v2\/media\/2473"}],"wp:attachment":[{"href":"https:\/\/www.santai-ceramics.com\/pt\/wp-json\/wp\/v2\/media?parent=2457"}],"wp:term":[{"taxonomy":"product_brand","embeddable":true,"href":"https:\/\/www.santai-ceramics.com\/pt\/wp-json\/wp\/v2\/product_brand?post=2457"},{"taxonomy":"product_cat","embeddable":true,"href":"https:\/\/www.santai-ceramics.com\/pt\/wp-json\/wp\/v2\/product_cat?post=2457"},{"taxonomy":"product_tag","embeddable":true,"href":"https:\/\/www.santai-ceramics.com\/pt\/wp-json\/wp\/v2\/product_tag?post=2457"}],"curies":[{"name":"wp","href":"https:\/\/api.w.org\/{rel}","templated":true}]}}