{"id":2563,"date":"2025-05-06T07:28:47","date_gmt":"2025-05-06T07:28:47","guid":{"rendered":"https:\/\/www.santai-ceramics.com\/?post_type=product&#038;p=2563"},"modified":"2025-06-12T16:11:26","modified_gmt":"2025-06-12T16:11:26","slug":"wholesale-deep-blue-glazed-ceramic-candle-holder","status":"publish","type":"product","link":"https:\/\/www.santai-ceramics.com\/pt\/product\/wholesale-deep-blue-glazed-ceramic-candle-holder\/","title":{"rendered":"Suporte de vela em cer\u00e2mica vidrada azul profundo por atacado - Acento decorativo elegante para casa, eventos e lojas de presentes"},"content":{"rendered":"<h3 class=\"wp-block-heading\">Carater\u00edsticas do casti\u00e7al de cer\u00e2mica vidrada Deep Blue<\/h3>\n\n\n\n<ul class=\"wp-block-list\">\n<li><strong>V\u00e1rios tamanhos dispon\u00edveis: <\/strong>Os nossos casti\u00e7ais de cer\u00e2mica est\u00e3o dispon\u00edveis numa variedade de tamanhos para segurar velas de diferentes tamanhos, satisfazendo as necessidades de decora\u00e7\u00e3o e coloca\u00e7\u00e3o de diferentes espa\u00e7os.<\/li>\n\n\n\n<li><strong>Alta qualidade:<\/strong> Fabricado com mat\u00e9rias-primas cer\u00e2micas de alta qualidade e cozido a altas temperaturas, o casti\u00e7al de cer\u00e2mica tem uma estrutura inferior est\u00e1vel, uma textura dura e um toque delicado.<\/li>\n\n\n\n<li><strong>Design de apar\u00eancia \u00fanica e requintada: <\/strong>O casti\u00e7al de cer\u00e2mica adopta um design \u00fanico de esmalte azul, que \u00e9 simples e avan\u00e7ado. Adequado para ser exposto em v\u00e1rios tipos de decora\u00e7\u00e3o.<\/li>\n<\/ul>\n\n\n\n<h3 class=\"wp-block-heading\">Servi\u00e7o de casti\u00e7ais personalizados<\/h3>\n\n\n\n<p>Oferecemos servi\u00e7os OEM e ODM para os nossos produtos.<br>Entrega r\u00e1pida de amostras est\u00e1 dispon\u00edvel.<br>Oferecemos uma variedade de formas, cores, impress\u00e3o personalizada, embalagem e outros servi\u00e7os adaptados para satisfazer as suas necessidades espec\u00edficas.<br><a href=\"https:\/\/www.santai-ceramics.com\/pt\/custom\/\" data-type=\"page\" data-id=\"13\" target=\"_blank\" rel=\"noreferrer noopener\"><strong><b>Saiba mais sobre personaliza\u00e7\u00e3o<\/b> solu\u00e7\u00f5es de suportes cer\u00e2micos.<\/strong><\/a><\/p>\n\n\n\n<div class=\"wp-block-columns is-layout-flex wp-container-core-columns-is-layout-9d6595d7 wp-block-columns-is-layout-flex\">\n<div class=\"wp-block-column is-layout-flow wp-block-column-is-layout-flow\">\n<figure class=\"wp-block-image size-full\"><img decoding=\"async\" width=\"1500\" height=\"1249\" src=\"https:\/\/www.santai-ceramics.com\/wp-content\/uploads\/2025\/05\/Deep-Blue-Candle-Holder-Display-1.webp\" alt=\"Expositor de casti\u00e7ais azul profundo (1)\" class=\"wp-image-2588\" srcset=\"https:\/\/www.santai-ceramics.com\/wp-content\/uploads\/2025\/05\/Deep-Blue-Candle-Holder-Display-1.webp 1500w, https:\/\/www.santai-ceramics.com\/wp-content\/uploads\/2025\/05\/Deep-Blue-Candle-Holder-Display-1-300x250.webp 300w, https:\/\/www.santai-ceramics.com\/wp-content\/uploads\/2025\/05\/Deep-Blue-Candle-Holder-Display-1-768x639.webp 768w, https:\/\/www.santai-ceramics.com\/wp-content\/uploads\/2025\/05\/Deep-Blue-Candle-Holder-Display-1-14x12.webp 14w, https:\/\/www.santai-ceramics.com\/wp-content\/uploads\/2025\/05\/Deep-Blue-Candle-Holder-Display-1-1200x999.webp 1200w, https:\/\/www.santai-ceramics.com\/wp-content\/uploads\/2025\/05\/Deep-Blue-Candle-Holder-Display-1-600x500.webp 600w\" sizes=\"(max-width: 1500px) 100vw, 1500px\" \/><\/figure>\n<\/div>\n\n\n\n<div class=\"wp-block-column is-layout-flow wp-block-column-is-layout-flow\">\n<figure class=\"wp-block-image size-full\"><img decoding=\"async\" width=\"1500\" height=\"1249\" src=\"https:\/\/www.santai-ceramics.com\/wp-content\/uploads\/2025\/05\/Deep-Blue-Candle-Holder-Display-2.webp\" alt=\"Expositor de casti\u00e7ais azul profundo (2)\" class=\"wp-image-2589\" srcset=\"https:\/\/www.santai-ceramics.com\/wp-content\/uploads\/2025\/05\/Deep-Blue-Candle-Holder-Display-2.webp 1500w, https:\/\/www.santai-ceramics.com\/wp-content\/uploads\/2025\/05\/Deep-Blue-Candle-Holder-Display-2-300x250.webp 300w, https:\/\/www.santai-ceramics.com\/wp-content\/uploads\/2025\/05\/Deep-Blue-Candle-Holder-Display-2-768x639.webp 768w, https:\/\/www.santai-ceramics.com\/wp-content\/uploads\/2025\/05\/Deep-Blue-Candle-Holder-Display-2-14x12.webp 14w, https:\/\/www.santai-ceramics.com\/wp-content\/uploads\/2025\/05\/Deep-Blue-Candle-Holder-Display-2-1200x999.webp 1200w, https:\/\/www.santai-ceramics.com\/wp-content\/uploads\/2025\/05\/Deep-Blue-Candle-Holder-Display-2-600x500.webp 600w\" sizes=\"(max-width: 1500px) 100vw, 1500px\" \/><\/figure>\n<\/div>\n<\/div>\n\n\n\n<div class=\"wp-block-columns is-layout-flex wp-container-core-columns-is-layout-9d6595d7 wp-block-columns-is-layout-flex\">\n<div class=\"wp-block-column is-layout-flow wp-block-column-is-layout-flow\"><\/div>\n\n\n\n<div class=\"wp-block-column is-layout-flow wp-block-column-is-layout-flow\"><\/div>\n<\/div>","protected":false},"excerpt":{"rendered":"<p data-pm-slice=\"0 0 []\">Os casti\u00e7ais de cer\u00e2mica azul profundo por atacado, com esmalte azul profundo suave, proporcionam uma boa experi\u00eancia visual, adequada para produtos de varejo. E os vasos de cer\u00e2mica azul profundo t\u00eam boa durabilidade e resist\u00eancia ao calor, n\u00e3o racham facilmente, podem segurar velas por um longo tempo. Personaliza\u00e7\u00e3o de suporte e baixo MOQ. Bem-vindo a contactar-nos para uma cota\u00e7\u00e3o.<\/p>\n<h2>Especifica\u00e7\u00f5es do Suporte de vela em cer\u00e2mica vidrada azul profundo<\/h2>\n<table width=\"855\">\n<tbody>\n<tr>\n<td width=\"285\">N\u00famero do modelo<\/td>\n<td width=\"285\">A34848-L136-A01<\/td>\n<td width=\"285\">A34848-L136-A02<\/td>\n<\/tr>\n<tr>\n<td>Nome do produto<\/td>\n<td>Suporte de vela em cer\u00e2mica<\/td>\n<td>Suporte de vela em cer\u00e2mica<\/td>\n<\/tr>\n<tr>\n<td>Cor<\/td>\n<td>Azul escuro<\/td>\n<td>Azul escuro<\/td>\n<\/tr>\n<tr>\n<td>Material<\/td>\n<td>Cer\u00e2mica\u00a0<\/td>\n<td>Cer\u00e2mica\u00a0<\/td>\n<\/tr>\n<tr>\n<td>Cen\u00e1rios de utiliza\u00e7\u00e3o<\/td>\n<td>decora\u00e7\u00e3o de casa<\/td>\n<td>decora\u00e7\u00e3o de casa<\/td>\n<\/tr>\n<tr>\n<td>Dimens\u00f5es<\/td>\n<td>D:14,5X26cm<\/td>\n<td>D:14,5X19cm<\/td>\n<\/tr>\n<tr>\n<td>Peso<\/td>\n<td>1kg\/pc<\/td>\n<td>0,8 kg\/unidade<\/td>\n<\/tr>\n<\/tbody>\n<\/table>","protected":false},"featured_media":2583,"comment_status":"closed","ping_status":"closed","template":"","meta":{"_acf_changed":false},"product_brand":[],"product_cat":[18,46,26],"product_tag":[],"class_list":{"0":"post-2563","1":"product","2":"type-product","3":"status-publish","4":"has-post-thumbnail","6":"product_cat-home-decor","7":"product_cat-wholesale-ceramic-candle-holders","8":"product_cat-home-accessories","10":"first","11":"instock","12":"shipping-taxable","13":"product-type-simple"},"acf":[],"_links":{"self":[{"href":"https:\/\/www.santai-ceramics.com\/pt\/wp-json\/wp\/v2\/product\/2563","targetHints":{"allow":["GET"]}}],"collection":[{"href":"https:\/\/www.santai-ceramics.com\/pt\/wp-json\/wp\/v2\/product"}],"about":[{"href":"https:\/\/www.santai-ceramics.com\/pt\/wp-json\/wp\/v2\/types\/product"}],"replies":[{"embeddable":true,"href":"https:\/\/www.santai-ceramics.com\/pt\/wp-json\/wp\/v2\/comments?post=2563"}],"wp:featuredmedia":[{"embeddable":true,"href":"https:\/\/www.santai-ceramics.com\/pt\/wp-json\/wp\/v2\/media\/2583"}],"wp:attachment":[{"href":"https:\/\/www.santai-ceramics.com\/pt\/wp-json\/wp\/v2\/media?parent=2563"}],"wp:term":[{"taxonomy":"product_brand","embeddable":true,"href":"https:\/\/www.santai-ceramics.com\/pt\/wp-json\/wp\/v2\/product_brand?post=2563"},{"taxonomy":"product_cat","embeddable":true,"href":"https:\/\/www.santai-ceramics.com\/pt\/wp-json\/wp\/v2\/product_cat?post=2563"},{"taxonomy":"product_tag","embeddable":true,"href":"https:\/\/www.santai-ceramics.com\/pt\/wp-json\/wp\/v2\/product_tag?post=2563"}],"curies":[{"name":"wp","href":"https:\/\/api.w.org\/{rel}","templated":true}]}}