{"id":2564,"date":"2025-05-06T08:22:37","date_gmt":"2025-05-06T08:22:37","guid":{"rendered":"https:\/\/www.santai-ceramics.com\/?post_type=product&#038;p=2564"},"modified":"2025-05-06T08:23:22","modified_gmt":"2025-05-06T08:23:22","slug":"wholesale-unique-shaped-vases","status":"publish","type":"product","link":"https:\/\/www.santai-ceramics.com\/pt\/product\/wholesale-unique-shaped-vases\/","title":{"rendered":"Vasos de forma \u00fanica por atacado para arranjos florais e decora\u00e7\u00e3o de casa"},"content":{"rendered":"<h3 class=\"wp-block-heading\">Carater\u00edsticas do vaso de forma \u00fanica<\/h3>\n\n\n\n<ul class=\"wp-block-list\">\n<li><strong>V\u00e1rios tamanhos:<\/strong> O conjunto inclui dois tamanhos diferentes para uma variedade de utiliza\u00e7\u00f5es - grande para flores decorativas e pequeno para decora\u00e7\u00f5es simples.<\/li>\n\n\n\n<li><strong>Base est\u00e1vel: <\/strong>A base redonda e larga aumenta a estabilidade e evita a queda, tornando-a ideal para acomodar ramos de flores mais pesados.<\/li>\n\n\n\n<li><strong>Excelente servi\u00e7o:<\/strong> Como um fabricante profissional de vaso de cer\u00e2mica, SANTAI oferece excelentes servi\u00e7os, tais como pre\u00e7os de f\u00e1brica e baixo MOQ.<\/li>\n<\/ul>\n\n\n\n<h3 class=\"wp-block-heading\">Servi\u00e7o de vasos de cer\u00e2mica personalizados<\/h3>\n\n\n\n<p>Oferecemos servi\u00e7os OEM e ODM para os nossos produtos.<br>Entrega r\u00e1pida de amostras est\u00e1 dispon\u00edvel.<br>Oferecemos uma variedade de formas, cores, impress\u00e3o personalizada, embalagem e outros servi\u00e7os adaptados para satisfazer as suas necessidades espec\u00edficas.<br><a href=\"https:\/\/www.santai-ceramics.com\/pt\/custom\/\" data-type=\"page\" data-id=\"13\" target=\"_blank\" rel=\"noreferrer noopener\"><strong>Saiba mais sobre as solu\u00e7\u00f5es personalizadas para vasos de cer\u00e2mica.<\/strong><\/a><\/p>\n\n\n\n<div class=\"wp-block-columns is-layout-flex wp-container-core-columns-is-layout-9d6595d7 wp-block-columns-is-layout-flex\">\n<div class=\"wp-block-column is-layout-flow wp-block-column-is-layout-flow\">\n<figure class=\"wp-block-image size-full\"><img decoding=\"async\" width=\"1500\" height=\"1249\" src=\"https:\/\/www.santai-ceramics.com\/wp-content\/uploads\/2025\/05\/unique-shaped-vase-display-1.webp\" alt=\"exposi\u00e7\u00e3o de vasos com formas \u00fanicas (1)\" class=\"wp-image-2600\" srcset=\"https:\/\/www.santai-ceramics.com\/wp-content\/uploads\/2025\/05\/unique-shaped-vase-display-1.webp 1500w, https:\/\/www.santai-ceramics.com\/wp-content\/uploads\/2025\/05\/unique-shaped-vase-display-1-300x250.webp 300w, https:\/\/www.santai-ceramics.com\/wp-content\/uploads\/2025\/05\/unique-shaped-vase-display-1-768x639.webp 768w, https:\/\/www.santai-ceramics.com\/wp-content\/uploads\/2025\/05\/unique-shaped-vase-display-1-14x12.webp 14w, https:\/\/www.santai-ceramics.com\/wp-content\/uploads\/2025\/05\/unique-shaped-vase-display-1-1200x999.webp 1200w, https:\/\/www.santai-ceramics.com\/wp-content\/uploads\/2025\/05\/unique-shaped-vase-display-1-600x500.webp 600w\" sizes=\"(max-width: 1500px) 100vw, 1500px\" \/><\/figure>\n<\/div>\n\n\n\n<div class=\"wp-block-column is-layout-flow wp-block-column-is-layout-flow\">\n<figure class=\"wp-block-image size-full\"><img decoding=\"async\" width=\"1500\" height=\"1250\" src=\"https:\/\/www.santai-ceramics.com\/wp-content\/uploads\/2025\/05\/unique-shaped-vase-display-2.webp\" alt=\"exposi\u00e7\u00e3o de vasos com formas \u00fanicas (2)\" class=\"wp-image-2601\" srcset=\"https:\/\/www.santai-ceramics.com\/wp-content\/uploads\/2025\/05\/unique-shaped-vase-display-2.webp 1500w, https:\/\/www.santai-ceramics.com\/wp-content\/uploads\/2025\/05\/unique-shaped-vase-display-2-300x250.webp 300w, https:\/\/www.santai-ceramics.com\/wp-content\/uploads\/2025\/05\/unique-shaped-vase-display-2-768x640.webp 768w, https:\/\/www.santai-ceramics.com\/wp-content\/uploads\/2025\/05\/unique-shaped-vase-display-2-14x12.webp 14w, https:\/\/www.santai-ceramics.com\/wp-content\/uploads\/2025\/05\/unique-shaped-vase-display-2-1200x1000.webp 1200w, https:\/\/www.santai-ceramics.com\/wp-content\/uploads\/2025\/05\/unique-shaped-vase-display-2-600x500.webp 600w\" sizes=\"(max-width: 1500px) 100vw, 1500px\" \/><\/figure>\n<\/div>\n<\/div>","protected":false},"excerpt":{"rendered":"<p>Estes vasos de cer\u00e2mica t\u00eam curvas elegantes, superf\u00edcies texturizadas e esmalte de alto brilho, aumentando efetivamente o apelo visual. O fabricante de vaso de cer\u00e2mica SANTAI oferece uma variedade de tamanhos e estilos de vasos para escolher, fornecendo servi\u00e7os de OEM e ODM de alta qualidade. Bem-vindo a contactar-nos para um or\u00e7amento.<\/p>\n<h2>Especifica\u00e7\u00e3o de Vasos de forma \u00fanica<\/h2>\n<table width=\"855\">\n<tbody>\n<tr>\n<td width=\"285\">N\u00famero do modelo<\/td>\n<td width=\"285\">A35023-L136-A01<\/td>\n<td width=\"285\">A35023-L136-A02<\/td>\n<\/tr>\n<tr>\n<td>Nome do produto<\/td>\n<td>Jarra de cer\u00e2mica<\/td>\n<td>Jarra de cer\u00e2mica<\/td>\n<\/tr>\n<tr>\n<td>Cor<\/td>\n<td>Azul escuro<\/td>\n<td>Azul escuro<\/td>\n<\/tr>\n<tr>\n<td>Material<\/td>\n<td>Cer\u00e2mica\u00a0<\/td>\n<td>Cer\u00e2mica\u00a0<\/td>\n<\/tr>\n<tr>\n<td>Cen\u00e1rios de utiliza\u00e7\u00e3o<\/td>\n<td>decora\u00e7\u00e3o de casa<\/td>\n<td>decora\u00e7\u00e3o de casa<\/td>\n<\/tr>\n<tr>\n<td>Dimens\u00f5es<\/td>\n<td>D:15X21cm<\/td>\n<td>D:11X15cm<\/td>\n<\/tr>\n<tr>\n<td>Peso<\/td>\n<td>0,9 kg\/unidade<\/td>\n<td>0,4 kg\/unidade<\/td>\n<\/tr>\n<\/tbody>\n<\/table>","protected":false},"featured_media":2602,"comment_status":"closed","ping_status":"closed","template":"","meta":{"_acf_changed":false},"product_brand":[],"product_cat":[18,22],"product_tag":[],"class_list":{"0":"post-2564","1":"product","2":"type-product","3":"status-publish","4":"has-post-thumbnail","6":"product_cat-home-decor","7":"product_cat-vase","9":"first","10":"instock","11":"shipping-taxable","12":"product-type-simple"},"acf":[],"_links":{"self":[{"href":"https:\/\/www.santai-ceramics.com\/pt\/wp-json\/wp\/v2\/product\/2564","targetHints":{"allow":["GET"]}}],"collection":[{"href":"https:\/\/www.santai-ceramics.com\/pt\/wp-json\/wp\/v2\/product"}],"about":[{"href":"https:\/\/www.santai-ceramics.com\/pt\/wp-json\/wp\/v2\/types\/product"}],"replies":[{"embeddable":true,"href":"https:\/\/www.santai-ceramics.com\/pt\/wp-json\/wp\/v2\/comments?post=2564"}],"wp:featuredmedia":[{"embeddable":true,"href":"https:\/\/www.santai-ceramics.com\/pt\/wp-json\/wp\/v2\/media\/2602"}],"wp:attachment":[{"href":"https:\/\/www.santai-ceramics.com\/pt\/wp-json\/wp\/v2\/media?parent=2564"}],"wp:term":[{"taxonomy":"product_brand","embeddable":true,"href":"https:\/\/www.santai-ceramics.com\/pt\/wp-json\/wp\/v2\/product_brand?post=2564"},{"taxonomy":"product_cat","embeddable":true,"href":"https:\/\/www.santai-ceramics.com\/pt\/wp-json\/wp\/v2\/product_cat?post=2564"},{"taxonomy":"product_tag","embeddable":true,"href":"https:\/\/www.santai-ceramics.com\/pt\/wp-json\/wp\/v2\/product_tag?post=2564"}],"curies":[{"name":"wp","href":"https:\/\/api.w.org\/{rel}","templated":true}]}}