{"id":2566,"date":"2025-05-06T09:14:37","date_gmt":"2025-05-06T09:14:37","guid":{"rendered":"https:\/\/www.santai-ceramics.com\/?post_type=product&#038;p=2566"},"modified":"2025-06-12T16:11:15","modified_gmt":"2025-06-12T16:11:15","slug":"wholesale-vintage-ceramic-unique-candle-holder","status":"publish","type":"product","link":"https:\/\/www.santai-ceramics.com\/pt\/product\/wholesale-vintage-ceramic-unique-candle-holder\/","title":{"rendered":"Suporte de vela \u00fanico em cer\u00e2mica vintage por atacado"},"content":{"rendered":"<h3 class=\"wp-block-heading\">Carater\u00edsticas do suporte de vela em cer\u00e2mica<\/h3>\n\n\n\n<ul class=\"wp-block-list\">\n<li><strong>Design est\u00e1vel e pr\u00e1tico: <\/strong>Concebida com uma base larga ou uma estrutura s\u00f3lida para estabilidade, pode segurar as velas de forma segura e evitar que caiam.<\/li>\n\n\n\n<li><strong>Muito utilizado:<\/strong> O suporte de vela em cer\u00e2mica \u00e9 adequado para v\u00e1rias ocasi\u00f5es, incluindo decora\u00e7\u00e3o de casa, casamentos, restaurantes, caf\u00e9s e exposi\u00e7\u00f5es festivas.<\/li>\n\n\n\n<li><strong>Pre\u00e7os favor\u00e1veis ao com\u00e9rcio grossista: <\/strong>O fabricante de cer\u00e2mica SANATI oferece pre\u00e7os competitivos para compradores a granel, tais como retalhistas, organizadores de eventos ou lojas de presentes.<\/li>\n<\/ul>\n\n\n\n<h3 class=\"wp-block-heading\">Servi\u00e7o de casti\u00e7ais personalizados<\/h3>\n\n\n\n<p>Oferecemos servi\u00e7os OEM e ODM para os nossos produtos.<br>Entrega r\u00e1pida de amostras est\u00e1 dispon\u00edvel.<br>Oferecemos uma variedade de formas, cores, impress\u00e3o personalizada, embalagem e outros servi\u00e7os adaptados para satisfazer as suas necessidades espec\u00edficas.<br><a href=\"https:\/\/www.santai-ceramics.com\/pt\/custom\/\" data-type=\"page\" data-id=\"13\" target=\"_blank\" rel=\"noreferrer noopener\"><strong><b>Saiba mais sobre personaliza\u00e7\u00e3o<\/b> solu\u00e7\u00f5es para casti\u00e7ais em cer\u00e2mica.<\/strong><\/a><\/p>\n\n\n\n<div class=\"wp-block-columns is-layout-flex wp-container-core-columns-is-layout-9d6595d7 wp-block-columns-is-layout-flex\">\n<div class=\"wp-block-column is-layout-flow wp-block-column-is-layout-flow\">\n<figure class=\"wp-block-image size-full\"><img decoding=\"async\" width=\"2814\" height=\"2344\" src=\"https:\/\/www.santai-ceramics.com\/wp-content\/uploads\/2025\/05\/ceramic-candle-holder-display-1.webp\" alt=\"expositor de velas em cer\u00e2mica (1)\" class=\"wp-image-2616\" srcset=\"https:\/\/www.santai-ceramics.com\/wp-content\/uploads\/2025\/05\/ceramic-candle-holder-display-1.webp 2814w, https:\/\/www.santai-ceramics.com\/wp-content\/uploads\/2025\/05\/ceramic-candle-holder-display-1-300x250.webp 300w, https:\/\/www.santai-ceramics.com\/wp-content\/uploads\/2025\/05\/ceramic-candle-holder-display-1-768x640.webp 768w, https:\/\/www.santai-ceramics.com\/wp-content\/uploads\/2025\/05\/ceramic-candle-holder-display-1-14x12.webp 14w, https:\/\/www.santai-ceramics.com\/wp-content\/uploads\/2025\/05\/ceramic-candle-holder-display-1-1200x1000.webp 1200w, https:\/\/www.santai-ceramics.com\/wp-content\/uploads\/2025\/05\/ceramic-candle-holder-display-1-600x500.webp 600w\" sizes=\"(max-width: 2814px) 100vw, 2814px\" \/><\/figure>\n<\/div>\n\n\n\n<div class=\"wp-block-column is-layout-flow wp-block-column-is-layout-flow\">\n<figure class=\"wp-block-image size-full\"><img decoding=\"async\" width=\"3141\" height=\"2617\" src=\"https:\/\/www.santai-ceramics.com\/wp-content\/uploads\/2025\/05\/ceramic-candle-holder-display-2.webp\" alt=\"expositor de velas em cer\u00e2mica (2)\" class=\"wp-image-2617\" srcset=\"https:\/\/www.santai-ceramics.com\/wp-content\/uploads\/2025\/05\/ceramic-candle-holder-display-2.webp 3141w, https:\/\/www.santai-ceramics.com\/wp-content\/uploads\/2025\/05\/ceramic-candle-holder-display-2-300x250.webp 300w, https:\/\/www.santai-ceramics.com\/wp-content\/uploads\/2025\/05\/ceramic-candle-holder-display-2-768x640.webp 768w, https:\/\/www.santai-ceramics.com\/wp-content\/uploads\/2025\/05\/ceramic-candle-holder-display-2-14x12.webp 14w, https:\/\/www.santai-ceramics.com\/wp-content\/uploads\/2025\/05\/ceramic-candle-holder-display-2-1200x1000.webp 1200w, https:\/\/www.santai-ceramics.com\/wp-content\/uploads\/2025\/05\/ceramic-candle-holder-display-2-600x500.webp 600w\" sizes=\"(max-width: 3141px) 100vw, 3141px\" \/><\/figure>\n<\/div>\n<\/div>","protected":false},"excerpt":{"rendered":"<p data-pm-slice=\"0 0 []\">O fabricante de cer\u00e2mica SANTAI fornece v\u00e1rios tamanhos e estilos, suporta OEM e ODM, contacte-nos para obter uma cota\u00e7\u00e3o.<\/p>\n<h2>Especifica\u00e7\u00f5es do Suporte de vela em cer\u00e2mica vintage<\/h2>\n<table width=\"855\">\n<tbody>\n<tr>\n<td width=\"285\">N\u00famero do modelo<\/td>\n<td width=\"285\">A35351-L136-A01<\/td>\n<td width=\"285\">A35351-L136-A02<\/td>\n<\/tr>\n<tr>\n<td>Nome do produto<\/td>\n<td>Suporte de vela em cer\u00e2mica<\/td>\n<td>Suporte de vela em cer\u00e2mica<\/td>\n<\/tr>\n<tr>\n<td>Cor<\/td>\n<td>Azul escuro<\/td>\n<td>Azul escuro<\/td>\n<\/tr>\n<tr>\n<td>Material<\/td>\n<td>Cer\u00e2mica\u00a0<\/td>\n<td>Cer\u00e2mica\u00a0<\/td>\n<\/tr>\n<tr>\n<td>Cen\u00e1rios de utiliza\u00e7\u00e3o<\/td>\n<td>decora\u00e7\u00e3o de casa<\/td>\n<td>decora\u00e7\u00e3o de casa<\/td>\n<\/tr>\n<tr>\n<td>Dimens\u00f5es<\/td>\n<td>D:14,5X21,5cm<\/td>\n<td>D:14,5X16,5cm<\/td>\n<\/tr>\n<tr>\n<td>Peso<\/td>\n<td>0,9 kg\/unidade<\/td>\n<td>0,6 kg\/unidade<\/td>\n<\/tr>\n<\/tbody>\n<\/table>","protected":false},"featured_media":2618,"comment_status":"closed","ping_status":"closed","template":"","meta":{"_acf_changed":false},"product_brand":[],"product_cat":[18,46,26],"product_tag":[],"class_list":{"0":"post-2566","1":"product","2":"type-product","3":"status-publish","4":"has-post-thumbnail","6":"product_cat-home-decor","7":"product_cat-wholesale-ceramic-candle-holders","8":"product_cat-home-accessories","10":"first","11":"instock","12":"shipping-taxable","13":"product-type-simple"},"acf":[],"_links":{"self":[{"href":"https:\/\/www.santai-ceramics.com\/pt\/wp-json\/wp\/v2\/product\/2566","targetHints":{"allow":["GET"]}}],"collection":[{"href":"https:\/\/www.santai-ceramics.com\/pt\/wp-json\/wp\/v2\/product"}],"about":[{"href":"https:\/\/www.santai-ceramics.com\/pt\/wp-json\/wp\/v2\/types\/product"}],"replies":[{"embeddable":true,"href":"https:\/\/www.santai-ceramics.com\/pt\/wp-json\/wp\/v2\/comments?post=2566"}],"wp:featuredmedia":[{"embeddable":true,"href":"https:\/\/www.santai-ceramics.com\/pt\/wp-json\/wp\/v2\/media\/2618"}],"wp:attachment":[{"href":"https:\/\/www.santai-ceramics.com\/pt\/wp-json\/wp\/v2\/media?parent=2566"}],"wp:term":[{"taxonomy":"product_brand","embeddable":true,"href":"https:\/\/www.santai-ceramics.com\/pt\/wp-json\/wp\/v2\/product_brand?post=2566"},{"taxonomy":"product_cat","embeddable":true,"href":"https:\/\/www.santai-ceramics.com\/pt\/wp-json\/wp\/v2\/product_cat?post=2566"},{"taxonomy":"product_tag","embeddable":true,"href":"https:\/\/www.santai-ceramics.com\/pt\/wp-json\/wp\/v2\/product_tag?post=2566"}],"curies":[{"name":"wp","href":"https:\/\/api.w.org\/{rel}","templated":true}]}}