{"id":2684,"date":"2025-05-29T06:54:30","date_gmt":"2025-05-29T06:54:30","guid":{"rendered":"https:\/\/www.santai-ceramics.com\/?post_type=product&#038;p=2684"},"modified":"2025-06-08T03:01:30","modified_gmt":"2025-06-08T03:01:30","slug":"wholesale-classic-elegance-ceramic-vase","status":"publish","type":"product","link":"https:\/\/www.santai-ceramics.com\/pt\/product\/wholesale-classic-elegance-ceramic-vase\/","title":{"rendered":"Jarra de cer\u00e2mica Classic Elegance por atacado, cor de azeitona natural, tr\u00eas tamanhos dispon\u00edveis"},"content":{"rendered":"<h3 class=\"wp-block-heading\">Carater\u00edsticas do vaso de cer\u00e2mica Classic Elegance<\/h3>\n\n\n\n<ul class=\"wp-block-list\">\n<li>Design \u00fanico: O design aerodin\u00e2mico e \u00e0s riscas torna-o muito atrativo visualmente, aumentando o efeito decorativo.<\/li>\n\n\n\n<li>Cor elegante: A tonalidade verde real \u00e9 mais nobre e elegante, e \u00e9 f\u00e1cil de combinar com v\u00e1rios estilos de casa.<\/li>\n\n\n\n<li>V\u00e1rias op\u00e7\u00f5es de tamanho: Est\u00e3o dispon\u00edveis tr\u00eas tamanhos de vasos, que podem ser utilizados para colocar diferentes tipos de flores e adaptar-se a v\u00e1rios cen\u00e1rios de utiliza\u00e7\u00e3o.<\/li>\n<\/ul>\n\n\n\n<h3 class=\"wp-block-heading\">Servi\u00e7o de vasos de cer\u00e2mica personalizados<\/h3>\n\n\n\n<p>Oferecemos servi\u00e7os OEM e ODM para os nossos produtos.<br>Entrega r\u00e1pida de amostras est\u00e1 dispon\u00edvel.<br>Oferecemos uma variedade de formas, cores, impress\u00e3o personalizada, embalagem e outros servi\u00e7os adaptados para satisfazer as suas necessidades espec\u00edficas.<br><a href=\"https:\/\/www.santai-ceramics.com\/pt\/custom\/\" data-type=\"page\" data-id=\"13\" target=\"_blank\" rel=\"noreferrer noopener\"><strong><b>Saiba mais sobre personaliza\u00e7\u00e3o<\/b> pormenor de vaso em cer\u00e2mica.<\/strong><\/a><\/p>\n\n\n\n<div class=\"wp-block-columns is-layout-flex wp-container-core-columns-is-layout-9d6595d7 wp-block-columns-is-layout-flex\">\n<div class=\"wp-block-column is-layout-flow wp-block-column-is-layout-flow\">\n<figure class=\"wp-block-image size-full\"><img decoding=\"async\" width=\"2835\" height=\"2362\" src=\"https:\/\/www.santai-ceramics.com\/wp-content\/uploads\/2025\/05\/Classic-Elegance-Ceramic-Vase-Series-1.webp\" alt=\"S\u00e9rie de jarras de cer\u00e2mica Classic Elegance (1)\" class=\"wp-image-2743\" srcset=\"https:\/\/www.santai-ceramics.com\/wp-content\/uploads\/2025\/05\/Classic-Elegance-Ceramic-Vase-Series-1.webp 2835w, https:\/\/www.santai-ceramics.com\/wp-content\/uploads\/2025\/05\/Classic-Elegance-Ceramic-Vase-Series-1-300x250.webp 300w, https:\/\/www.santai-ceramics.com\/wp-content\/uploads\/2025\/05\/Classic-Elegance-Ceramic-Vase-Series-1-768x640.webp 768w, https:\/\/www.santai-ceramics.com\/wp-content\/uploads\/2025\/05\/Classic-Elegance-Ceramic-Vase-Series-1-14x12.webp 14w, https:\/\/www.santai-ceramics.com\/wp-content\/uploads\/2025\/05\/Classic-Elegance-Ceramic-Vase-Series-1-1200x1000.webp 1200w, https:\/\/www.santai-ceramics.com\/wp-content\/uploads\/2025\/05\/Classic-Elegance-Ceramic-Vase-Series-1-600x500.webp 600w\" sizes=\"(max-width: 2835px) 100vw, 2835px\" \/><\/figure>\n<\/div>\n\n\n\n<div class=\"wp-block-column is-layout-flow wp-block-column-is-layout-flow\">\n<figure class=\"wp-block-image size-full\"><img decoding=\"async\" width=\"2835\" height=\"2362\" src=\"https:\/\/www.santai-ceramics.com\/wp-content\/uploads\/2025\/05\/Classic-Elegance-Ceramic-Vase-Series-2.webp\" alt=\"S\u00e9rie de jarras de cer\u00e2mica Classic Elegance (2)\" class=\"wp-image-2744\" srcset=\"https:\/\/www.santai-ceramics.com\/wp-content\/uploads\/2025\/05\/Classic-Elegance-Ceramic-Vase-Series-2.webp 2835w, https:\/\/www.santai-ceramics.com\/wp-content\/uploads\/2025\/05\/Classic-Elegance-Ceramic-Vase-Series-2-300x250.webp 300w, https:\/\/www.santai-ceramics.com\/wp-content\/uploads\/2025\/05\/Classic-Elegance-Ceramic-Vase-Series-2-768x640.webp 768w, https:\/\/www.santai-ceramics.com\/wp-content\/uploads\/2025\/05\/Classic-Elegance-Ceramic-Vase-Series-2-14x12.webp 14w, https:\/\/www.santai-ceramics.com\/wp-content\/uploads\/2025\/05\/Classic-Elegance-Ceramic-Vase-Series-2-1200x1000.webp 1200w, https:\/\/www.santai-ceramics.com\/wp-content\/uploads\/2025\/05\/Classic-Elegance-Ceramic-Vase-Series-2-600x500.webp 600w\" sizes=\"(max-width: 2835px) 100vw, 2835px\" \/><\/figure>\n<\/div>\n<\/div>\n\n\n\n<div class=\"wp-block-columns is-layout-flex wp-container-core-columns-is-layout-9d6595d7 wp-block-columns-is-layout-flex\">\n<div class=\"wp-block-column is-layout-flow wp-block-column-is-layout-flow\"><\/div>\n\n\n\n<div class=\"wp-block-column is-layout-flow wp-block-column-is-layout-flow\"><\/div>\n<\/div>","protected":false},"excerpt":{"rendered":"<p data-pm-slice=\"0 0 []\">Vaso de cer\u00e2mica de eleg\u00e2ncia cl\u00e1ssica por atacado, este vaso combina a est\u00e9tica do design tradicional e moderno, tem um temperamento nobre e elegante, adequado para uma variedade de estilos de casa. Pode ser usado para decorar a sala de estar, o escrit\u00f3rio e outros locais. Suporte a personaliza\u00e7\u00e3o OEM\/ODM, bem-vindo a comprar a granel.<\/p>\n<h2>Especifica\u00e7\u00f5es da Jarra de cer\u00e2mica Classic Elegance<\/h2>\n<table width=\"1140\">\n<tbody>\n<tr>\n<td width=\"285\">N\u00famero do modelo<\/td>\n<td width=\"285\">A37943-LE35-A01<\/td>\n<td width=\"285\">A37943-LE35-A02<\/td>\n<td width=\"285\">A37943-LE35-A03<\/td>\n<\/tr>\n<tr>\n<td>Nome do produto<\/td>\n<td>Jarra de cer\u00e2mica<\/td>\n<td>Jarra de cer\u00e2mica<\/td>\n<td>Jarra de cer\u00e2mica<\/td>\n<\/tr>\n<tr>\n<td>Cor<\/td>\n<td>Verde real<\/td>\n<td>Verde real<\/td>\n<td>Verde real<\/td>\n<\/tr>\n<tr>\n<td>Material<\/td>\n<td>Cer\u00e2mica\u00a0<\/td>\n<td>Cer\u00e2mica\u00a0<\/td>\n<td>Cer\u00e2mica\u00a0<\/td>\n<\/tr>\n<tr>\n<td>Cen\u00e1rios de utiliza\u00e7\u00e3o<\/td>\n<td>decora\u00e7\u00e3o de casa<\/td>\n<td>decora\u00e7\u00e3o de casa<\/td>\n<td>decora\u00e7\u00e3o de casa<\/td>\n<\/tr>\n<tr>\n<td>Dimens\u00f5es<\/td>\n<td>D:17,5X31cm<\/td>\n<td>D:13,5X22,5cm<\/td>\n<td>D:10X18cm<\/td>\n<\/tr>\n<tr>\n<td>Peso<\/td>\n<td>1,6 kg\/unidade<\/td>\n<td>0,9 kg\/unidade<\/td>\n<td>0,5 kg\/unidade<\/td>\n<\/tr>\n<\/tbody>\n<\/table>","protected":false},"featured_media":2745,"comment_status":"closed","ping_status":"closed","template":"","meta":{"_acf_changed":false},"product_brand":[],"product_cat":[18],"product_tag":[],"class_list":{"0":"post-2684","1":"product","2":"type-product","3":"status-publish","4":"has-post-thumbnail","6":"product_cat-home-decor","8":"first","9":"instock","10":"shipping-taxable","11":"product-type-simple"},"acf":[],"_links":{"self":[{"href":"https:\/\/www.santai-ceramics.com\/pt\/wp-json\/wp\/v2\/product\/2684","targetHints":{"allow":["GET"]}}],"collection":[{"href":"https:\/\/www.santai-ceramics.com\/pt\/wp-json\/wp\/v2\/product"}],"about":[{"href":"https:\/\/www.santai-ceramics.com\/pt\/wp-json\/wp\/v2\/types\/product"}],"replies":[{"embeddable":true,"href":"https:\/\/www.santai-ceramics.com\/pt\/wp-json\/wp\/v2\/comments?post=2684"}],"wp:featuredmedia":[{"embeddable":true,"href":"https:\/\/www.santai-ceramics.com\/pt\/wp-json\/wp\/v2\/media\/2745"}],"wp:attachment":[{"href":"https:\/\/www.santai-ceramics.com\/pt\/wp-json\/wp\/v2\/media?parent=2684"}],"wp:term":[{"taxonomy":"product_brand","embeddable":true,"href":"https:\/\/www.santai-ceramics.com\/pt\/wp-json\/wp\/v2\/product_brand?post=2684"},{"taxonomy":"product_cat","embeddable":true,"href":"https:\/\/www.santai-ceramics.com\/pt\/wp-json\/wp\/v2\/product_cat?post=2684"},{"taxonomy":"product_tag","embeddable":true,"href":"https:\/\/www.santai-ceramics.com\/pt\/wp-json\/wp\/v2\/product_tag?post=2684"}],"curies":[{"name":"wp","href":"https:\/\/api.w.org\/{rel}","templated":true}]}}