{"id":2689,"date":"2025-05-28T10:33:17","date_gmt":"2025-05-28T10:33:17","guid":{"rendered":"https:\/\/www.santai-ceramics.com\/?post_type=product&#038;p=2689"},"modified":"2025-06-07T16:03:14","modified_gmt":"2025-06-07T16:03:14","slug":"modern-textured-bowl-ceramic-plant-pots-wholesale","status":"publish","type":"product","link":"https:\/\/www.santai-ceramics.com\/pt\/product\/modern-textured-bowl-ceramic-plant-pots-wholesale\/","title":{"rendered":"Vasos de cer\u00e2mica para plantas com textura moderna por atacado: Verde escuro, tamanho m\u00e9dio"},"content":{"rendered":"<h3 class=\"wp-block-heading\">Features of\u00a0Ceramic Plant Pots<\/h3>\n\n\n\n<ul class=\"wp-block-list\">\n<li>Striped bowl shape, simple and elegant<\/li>\n\n\n\n<li>Our wholesale ceramic plant pots are available in two compact sizes (19\u00d716cm \/ 15.5\u00d712.5cm), suitable for desktop or windowsill placement<\/li>\n\n\n\n<li>Suitable for planting succulents, green plants, small potted plants, etc.<\/li>\n\n\n\n<li>Smooth surface, easy to clean and maintain<\/li>\n\n\n\n<li>The ceramic plant pot has a smooth dark green glaze, making the home decoration more elegant and chic.<\/li>\n<\/ul>\n\n\n\n<h3 class=\"wp-block-heading\">Custom Ceramic Plant PotService<\/h3>\n\n\n\n<p>Oferecemos servi\u00e7os OEM e ODM para os nossos produtos.<br>Entrega r\u00e1pida de amostras est\u00e1 dispon\u00edvel.<br>Oferecemos uma variedade de formas, cores, impress\u00e3o personalizada, embalagem e outros servi\u00e7os adaptados para satisfazer as suas necessidades espec\u00edficas.<br><a href=\"https:\/\/www.santai-ceramics.com\/pt\/custom\/\" data-type=\"page\" data-id=\"13\" target=\"_blank\" rel=\"noreferrer noopener\"><strong><b>Saiba mais sobre personaliza\u00e7\u00e3o<\/b> ceramic plant pots detail.<\/strong><\/a><\/p>\n\n\n\n<div class=\"wp-block-columns is-layout-flex wp-container-core-columns-is-layout-9d6595d7 wp-block-columns-is-layout-flex\">\n<div class=\"wp-block-column is-layout-flow wp-block-column-is-layout-flow\">\n<figure class=\"wp-block-image size-full\"><img decoding=\"async\" width=\"1692\" height=\"1692\" src=\"https:\/\/www.santai-ceramics.com\/wp-content\/uploads\/2025\/05\/Wholesale-bowl-shaped-ceramic-plant-pots-4.webp\" alt=\"Wholesale bowl-shaped ceramic plant pots (4)\" class=\"wp-image-2702\" srcset=\"https:\/\/www.santai-ceramics.com\/wp-content\/uploads\/2025\/05\/Wholesale-bowl-shaped-ceramic-plant-pots-4.webp 1692w, https:\/\/www.santai-ceramics.com\/wp-content\/uploads\/2025\/05\/Wholesale-bowl-shaped-ceramic-plant-pots-4-300x300.webp 300w, https:\/\/www.santai-ceramics.com\/wp-content\/uploads\/2025\/05\/Wholesale-bowl-shaped-ceramic-plant-pots-4-150x150.webp 150w, https:\/\/www.santai-ceramics.com\/wp-content\/uploads\/2025\/05\/Wholesale-bowl-shaped-ceramic-plant-pots-4-768x768.webp 768w, https:\/\/www.santai-ceramics.com\/wp-content\/uploads\/2025\/05\/Wholesale-bowl-shaped-ceramic-plant-pots-4-12x12.webp 12w, https:\/\/www.santai-ceramics.com\/wp-content\/uploads\/2025\/05\/Wholesale-bowl-shaped-ceramic-plant-pots-4-1200x1200.webp 1200w, https:\/\/www.santai-ceramics.com\/wp-content\/uploads\/2025\/05\/Wholesale-bowl-shaped-ceramic-plant-pots-4-600x600.webp 600w, https:\/\/www.santai-ceramics.com\/wp-content\/uploads\/2025\/05\/Wholesale-bowl-shaped-ceramic-plant-pots-4-100x100.webp 100w\" sizes=\"(max-width: 1692px) 100vw, 1692px\" \/><\/figure>\n<\/div>\n\n\n\n<div class=\"wp-block-column is-layout-flow wp-block-column-is-layout-flow\">\n<figure class=\"wp-block-image size-full\"><img decoding=\"async\" width=\"2551\" height=\"2126\" src=\"https:\/\/www.santai-ceramics.com\/wp-content\/uploads\/2025\/05\/Wholesale-bowl-shaped-ceramic-plant-pots-5.webp\" alt=\"Wholesale bowl-shaped ceramic plant pots (5)\" class=\"wp-image-2703\" srcset=\"https:\/\/www.santai-ceramics.com\/wp-content\/uploads\/2025\/05\/Wholesale-bowl-shaped-ceramic-plant-pots-5.webp 2551w, https:\/\/www.santai-ceramics.com\/wp-content\/uploads\/2025\/05\/Wholesale-bowl-shaped-ceramic-plant-pots-5-300x250.webp 300w, https:\/\/www.santai-ceramics.com\/wp-content\/uploads\/2025\/05\/Wholesale-bowl-shaped-ceramic-plant-pots-5-768x640.webp 768w, https:\/\/www.santai-ceramics.com\/wp-content\/uploads\/2025\/05\/Wholesale-bowl-shaped-ceramic-plant-pots-5-14x12.webp 14w, https:\/\/www.santai-ceramics.com\/wp-content\/uploads\/2025\/05\/Wholesale-bowl-shaped-ceramic-plant-pots-5-1200x1000.webp 1200w, https:\/\/www.santai-ceramics.com\/wp-content\/uploads\/2025\/05\/Wholesale-bowl-shaped-ceramic-plant-pots-5-600x500.webp 600w\" sizes=\"(max-width: 2551px) 100vw, 2551px\" \/><\/figure>\n<\/div>\n<\/div>","protected":false},"excerpt":{"rendered":"<p data-pm-slice=\"0 0 []\">Wholesale dark green glazed ceramic flower pots, bowl-shaped with three-dimensional vertical stripes, and a circular groove on the base, presenting a simple and modern feel. Suitable for placing in the green corner of the living room, or as an embellishment for the bar counter of a cafe.<\/p>\n<h2>Specification of\u00a0 Ceramic Plant Pots<\/h2>\n<table width=\"855\">\n<tbody>\n<tr>\n<td width=\"285\">N\u00famero do modelo<\/td>\n<td width=\"285\">A35553-LE35-A01<\/td>\n<td width=\"285\">A35553-LE35-A02<\/td>\n<\/tr>\n<tr>\n<td>Nome do produto<\/td>\n<td>Vaso de cer\u00e2mica para plantas<\/td>\n<td>Vaso de cer\u00e2mica para plantas<\/td>\n<\/tr>\n<tr>\n<td>Cor<\/td>\n<td>Verde real<\/td>\n<td>Verde real<\/td>\n<\/tr>\n<tr>\n<td>Material<\/td>\n<td>Cer\u00e2mica\u00a0<\/td>\n<td>Cer\u00e2mica\u00a0<\/td>\n<\/tr>\n<tr>\n<td>Cen\u00e1rios de utiliza\u00e7\u00e3o<\/td>\n<td>decora\u00e7\u00e3o de casa<\/td>\n<td>decora\u00e7\u00e3o de casa<\/td>\n<\/tr>\n<tr>\n<td>Dimens\u00f5es<\/td>\n<td>D:19X16cm<\/td>\n<td>D:15.5X12.5cm<\/td>\n<\/tr>\n<tr>\n<td>Peso<\/td>\n<td>1,1 kg\/unidade<\/td>\n<td>0,6 kg\/unidade<\/td>\n<\/tr>\n<\/tbody>\n<\/table>","protected":false},"featured_media":2699,"comment_status":"closed","ping_status":"closed","template":"","meta":{"_acf_changed":false},"product_brand":[],"product_cat":[18,42,23],"product_tag":[],"class_list":{"0":"post-2689","1":"product","2":"type-product","3":"status-publish","4":"has-post-thumbnail","6":"product_cat-home-decor","7":"product_cat-wholesale-ceramic-plant-pots","8":"product_cat-ceramic-pots-planters","10":"first","11":"instock","12":"shipping-taxable","13":"product-type-simple"},"acf":[],"_links":{"self":[{"href":"https:\/\/www.santai-ceramics.com\/pt\/wp-json\/wp\/v2\/product\/2689","targetHints":{"allow":["GET"]}}],"collection":[{"href":"https:\/\/www.santai-ceramics.com\/pt\/wp-json\/wp\/v2\/product"}],"about":[{"href":"https:\/\/www.santai-ceramics.com\/pt\/wp-json\/wp\/v2\/types\/product"}],"replies":[{"embeddable":true,"href":"https:\/\/www.santai-ceramics.com\/pt\/wp-json\/wp\/v2\/comments?post=2689"}],"wp:featuredmedia":[{"embeddable":true,"href":"https:\/\/www.santai-ceramics.com\/pt\/wp-json\/wp\/v2\/media\/2699"}],"wp:attachment":[{"href":"https:\/\/www.santai-ceramics.com\/pt\/wp-json\/wp\/v2\/media?parent=2689"}],"wp:term":[{"taxonomy":"product_brand","embeddable":true,"href":"https:\/\/www.santai-ceramics.com\/pt\/wp-json\/wp\/v2\/product_brand?post=2689"},{"taxonomy":"product_cat","embeddable":true,"href":"https:\/\/www.santai-ceramics.com\/pt\/wp-json\/wp\/v2\/product_cat?post=2689"},{"taxonomy":"product_tag","embeddable":true,"href":"https:\/\/www.santai-ceramics.com\/pt\/wp-json\/wp\/v2\/product_tag?post=2689"}],"curies":[{"name":"wp","href":"https:\/\/api.w.org\/{rel}","templated":true}]}}