{"id":2690,"date":"2025-05-29T07:44:48","date_gmt":"2025-05-29T07:44:48","guid":{"rendered":"https:\/\/www.santai-ceramics.com\/?post_type=product&#038;p=2690"},"modified":"2025-06-12T08:55:45","modified_gmt":"2025-06-12T08:55:45","slug":"wholesale-natural-green-flower-vase","status":"publish","type":"product","link":"https:\/\/www.santai-ceramics.com\/pt\/product\/wholesale-natural-green-flower-vase\/","title":{"rendered":"Vaso de flores verde natural por atacado, esmalte em forma de rede, plantador de design reto"},"content":{"rendered":"<h3 class=\"wp-block-heading\">Carater\u00edsticas dos vasos de flores verdes naturais<\/h3>\n\n\n\n<ul class=\"wp-block-list\">\n<li><strong>Padr\u00e3o de diamante tridimensional: <\/strong>O corpo da jarra \u00e9 coberto por um padr\u00e3o de diamante com formas c\u00f4ncavas e convexas, que real\u00e7a o n\u00edvel t\u00e1til e visual, e tem sabores modernos e retro.<\/li>\n\n\n\n<li><strong>Estilo natural: <\/strong>A combina\u00e7\u00e3o geral de cores \u00e9 discreta e harmoniosa, adequada para criar uma decora\u00e7\u00e3o de espa\u00e7o simples, de estilo n\u00f3rdico ou japon\u00eas.<\/li>\n\n\n\n<li><strong>Corpo da garrafa de boca larga: <\/strong>A boca da garrafa \u00e9 larga, o que \u00e9 conveniente para inserir livremente uma variedade de flores<\/li>\n<\/ul>\n\n\n\n<h3 class=\"wp-block-heading\">Servi\u00e7o de vasos de flores personalizados<\/h3>\n\n\n\n<p>Oferecemos servi\u00e7os OEM e ODM para os nossos produtos.<br>Entrega r\u00e1pida de amostras est\u00e1 dispon\u00edvel.<br>Oferecemos uma variedade de formas, cores, impress\u00e3o personalizada, embalagem e outros servi\u00e7os adaptados para satisfazer as suas necessidades espec\u00edficas.<br><a href=\"https:\/\/www.santai-ceramics.com\/pt\/custom\/\" data-type=\"page\" data-id=\"13\" target=\"_blank\" rel=\"noreferrer noopener\"><strong><b>Saiba mais sobre personaliza\u00e7\u00e3o<\/b> pormenor do vaso de flores.<\/strong><\/a><\/p>\n\n\n\n<div class=\"wp-block-columns is-layout-flex wp-container-core-columns-is-layout-9d6595d7 wp-block-columns-is-layout-flex\">\n<div class=\"wp-block-column is-layout-flow wp-block-column-is-layout-flow\">\n<figure class=\"wp-block-image size-full\"><img decoding=\"async\" width=\"1984\" height=\"1654\" src=\"https:\/\/www.santai-ceramics.com\/wp-content\/uploads\/2025\/05\/Wholesale-Natural-Green-Flower-Vase-4-1.webp\" alt=\"Vaso de flores verde natural por atacado (4)\" class=\"wp-image-2770\" srcset=\"https:\/\/www.santai-ceramics.com\/wp-content\/uploads\/2025\/05\/Wholesale-Natural-Green-Flower-Vase-4-1.webp 1984w, https:\/\/www.santai-ceramics.com\/wp-content\/uploads\/2025\/05\/Wholesale-Natural-Green-Flower-Vase-4-1-300x250.webp 300w, https:\/\/www.santai-ceramics.com\/wp-content\/uploads\/2025\/05\/Wholesale-Natural-Green-Flower-Vase-4-1-768x640.webp 768w, https:\/\/www.santai-ceramics.com\/wp-content\/uploads\/2025\/05\/Wholesale-Natural-Green-Flower-Vase-4-1-14x12.webp 14w, https:\/\/www.santai-ceramics.com\/wp-content\/uploads\/2025\/05\/Wholesale-Natural-Green-Flower-Vase-4-1-1200x1000.webp 1200w, https:\/\/www.santai-ceramics.com\/wp-content\/uploads\/2025\/05\/Wholesale-Natural-Green-Flower-Vase-4-1-600x500.webp 600w\" sizes=\"(max-width: 1984px) 100vw, 1984px\" \/><\/figure>\n<\/div>\n\n\n\n<div class=\"wp-block-column is-layout-flow wp-block-column-is-layout-flow\">\n<figure class=\"wp-block-image size-full\"><img decoding=\"async\" width=\"2835\" height=\"2362\" src=\"https:\/\/www.santai-ceramics.com\/wp-content\/uploads\/2025\/05\/Wholesale-Natural-Green-Flower-Vase-5-1.webp\" alt=\"Vaso de flores verde natural por atacado (5)\" class=\"wp-image-2771\" srcset=\"https:\/\/www.santai-ceramics.com\/wp-content\/uploads\/2025\/05\/Wholesale-Natural-Green-Flower-Vase-5-1.webp 2835w, https:\/\/www.santai-ceramics.com\/wp-content\/uploads\/2025\/05\/Wholesale-Natural-Green-Flower-Vase-5-1-300x250.webp 300w, https:\/\/www.santai-ceramics.com\/wp-content\/uploads\/2025\/05\/Wholesale-Natural-Green-Flower-Vase-5-1-768x640.webp 768w, https:\/\/www.santai-ceramics.com\/wp-content\/uploads\/2025\/05\/Wholesale-Natural-Green-Flower-Vase-5-1-14x12.webp 14w, https:\/\/www.santai-ceramics.com\/wp-content\/uploads\/2025\/05\/Wholesale-Natural-Green-Flower-Vase-5-1-1200x1000.webp 1200w, https:\/\/www.santai-ceramics.com\/wp-content\/uploads\/2025\/05\/Wholesale-Natural-Green-Flower-Vase-5-1-600x500.webp 600w\" sizes=\"(max-width: 2835px) 100vw, 2835px\" \/><\/figure>\n<\/div>\n<\/div>","protected":false},"excerpt":{"rendered":"<p data-pm-slice=\"0 0 []\">Os vasos verdes naturais por grosso, que combinam um toque moderno e vintage, s\u00e3o perfeitos para interiores minimalistas e de estilo n\u00f3rdico. O design cil\u00edndrico alto permite a disposi\u00e7\u00e3o flex\u00edvel de uma variedade de estilos florais. Est\u00e3o dispon\u00edveis servi\u00e7os de personaliza\u00e7\u00e3o OEM\/ODM e as compras a granel s\u00e3o bem-vindas.<\/p>\n<h2>Especifica\u00e7\u00f5es do Vaso de flores verde natural<\/h2>\n<table width=\"855\">\n<tbody>\n<tr>\n<td width=\"285\">N\u00famero do modelo<\/td>\n<td width=\"285\">A37946-LE35-A01<\/td>\n<td width=\"285\">A37946-LE35-A02<\/td>\n<\/tr>\n<tr>\n<td>Nome do produto<\/td>\n<td>Jarra de cer\u00e2mica<\/td>\n<td>Jarra de cer\u00e2mica<\/td>\n<\/tr>\n<tr>\n<td>Cor<\/td>\n<td>Verde real<\/td>\n<td>Verde real<\/td>\n<\/tr>\n<tr>\n<td>Material<\/td>\n<td>Cer\u00e2mica\u00a0<\/td>\n<td>Cer\u00e2mica\u00a0<\/td>\n<\/tr>\n<tr>\n<td>Cen\u00e1rios de utiliza\u00e7\u00e3o<\/td>\n<td>decora\u00e7\u00e3o de casa<\/td>\n<td>decora\u00e7\u00e3o de casa<\/td>\n<\/tr>\n<tr>\n<td>Dimens\u00f5es<\/td>\n<td>D:20X20cm<\/td>\n<td>D:15X14cm<\/td>\n<\/tr>\n<tr>\n<td>Peso<\/td>\n<td>1,7 kg\/unidade<\/td>\n<td>0,8 kg\/unidade<\/td>\n<\/tr>\n<\/tbody>\n<\/table>","protected":false},"featured_media":2767,"comment_status":"closed","ping_status":"closed","template":"","meta":{"_acf_changed":false},"product_brand":[],"product_cat":[18,42,23,22],"product_tag":[],"class_list":{"0":"post-2690","1":"product","2":"type-product","3":"status-publish","4":"has-post-thumbnail","6":"product_cat-home-decor","7":"product_cat-wholesale-ceramic-plant-pots","8":"product_cat-ceramic-pots-planters","9":"product_cat-vase","11":"first","12":"instock","13":"shipping-taxable","14":"product-type-simple"},"acf":[],"_links":{"self":[{"href":"https:\/\/www.santai-ceramics.com\/pt\/wp-json\/wp\/v2\/product\/2690","targetHints":{"allow":["GET"]}}],"collection":[{"href":"https:\/\/www.santai-ceramics.com\/pt\/wp-json\/wp\/v2\/product"}],"about":[{"href":"https:\/\/www.santai-ceramics.com\/pt\/wp-json\/wp\/v2\/types\/product"}],"replies":[{"embeddable":true,"href":"https:\/\/www.santai-ceramics.com\/pt\/wp-json\/wp\/v2\/comments?post=2690"}],"wp:featuredmedia":[{"embeddable":true,"href":"https:\/\/www.santai-ceramics.com\/pt\/wp-json\/wp\/v2\/media\/2767"}],"wp:attachment":[{"href":"https:\/\/www.santai-ceramics.com\/pt\/wp-json\/wp\/v2\/media?parent=2690"}],"wp:term":[{"taxonomy":"product_brand","embeddable":true,"href":"https:\/\/www.santai-ceramics.com\/pt\/wp-json\/wp\/v2\/product_brand?post=2690"},{"taxonomy":"product_cat","embeddable":true,"href":"https:\/\/www.santai-ceramics.com\/pt\/wp-json\/wp\/v2\/product_cat?post=2690"},{"taxonomy":"product_tag","embeddable":true,"href":"https:\/\/www.santai-ceramics.com\/pt\/wp-json\/wp\/v2\/product_tag?post=2690"}],"curies":[{"name":"wp","href":"https:\/\/api.w.org\/{rel}","templated":true}]}}