{"id":2691,"date":"2025-05-28T15:41:57","date_gmt":"2025-05-28T15:41:57","guid":{"rendered":"https:\/\/www.santai-ceramics.com\/?post_type=product&#038;p=2691"},"modified":"2025-06-05T14:23:42","modified_gmt":"2025-06-05T14:23:42","slug":"wholesale-classic-decorative-plant-pots","status":"publish","type":"product","link":"https:\/\/www.santai-ceramics.com\/pt\/product\/wholesale-classic-decorative-plant-pots\/","title":{"rendered":"Vasos decorativos para plantas por atacado, vasos para plantas de estilo chin\u00eas cl\u00e1ssico a granel"},"content":{"rendered":"<h3 class=\"wp-block-heading\">Carater\u00edsticas dos vasos decorativos para plantas<\/h3>\n\n\n\n<ul class=\"wp-block-list\">\n<li><strong>Conce\u00e7\u00e3o art\u00edstica: <\/strong>A superf\u00edcie do vaso de cer\u00e2mica para plantas \u00e9 decorada com uma textura geom\u00e9trica em relevo, que combina a beleza decorativa moderna e cl\u00e1ssica.<\/li>\n\n\n\n<li><strong>V\u00e1rios tamanhos:<\/strong> Dispon\u00edvel em tr\u00eas tamanhos: grande, m\u00e9dio e pequeno, adequado para diferentes necessidades das plantas.<\/li>\n\n\n\n<li><strong>Atualiza\u00e7\u00e3o do processo cer\u00e2mico: <\/strong>Cozedura a alta temperatura com elevada densidade, mais resistente \u00e0 \u00e1gua e \u00e0 humidade do que a cer\u00e2mica comum, a parede exterior tem um esmalte liso, que \u00e9 mais f\u00e1cil de limpar.<\/li>\n<\/ul>\n\n\n\n<h3 class=\"wp-block-heading\">Servi\u00e7o de vasos personalizados para plantas<\/h3>\n\n\n\n<p>Oferecemos servi\u00e7os OEM e ODM para os nossos produtos.<br>Entrega r\u00e1pida de amostras est\u00e1 dispon\u00edvel.<br>Oferecemos uma variedade de formas, cores, impress\u00e3o personalizada, embalagem e outros servi\u00e7os adaptados para satisfazer as suas necessidades espec\u00edficas.<br><a href=\"https:\/\/www.santai-ceramics.com\/pt\/custom\/\" data-type=\"page\" data-id=\"13\" target=\"_blank\" rel=\"noreferrer noopener\"><strong><b>Saiba mais sobre personaliza\u00e7\u00e3o<\/b> detalhes do vaso para plantas.<\/strong><\/a><\/p>\n\n\n\n<div class=\"wp-block-columns is-layout-flex wp-container-core-columns-is-layout-9d6595d7 wp-block-columns-is-layout-flex\">\n<div class=\"wp-block-column is-layout-flow wp-block-column-is-layout-flow\">\n<figure class=\"wp-block-image size-full\"><img decoding=\"async\" width=\"2551\" height=\"2126\" src=\"https:\/\/www.santai-ceramics.com\/wp-content\/uploads\/2025\/05\/Wholesale-Decorative-Plant-Pots-5.webp\" alt=\"Vasos decorativos para plantas por atacado (5)\" class=\"wp-image-2715\" srcset=\"https:\/\/www.santai-ceramics.com\/wp-content\/uploads\/2025\/05\/Wholesale-Decorative-Plant-Pots-5.webp 2551w, https:\/\/www.santai-ceramics.com\/wp-content\/uploads\/2025\/05\/Wholesale-Decorative-Plant-Pots-5-300x250.webp 300w, https:\/\/www.santai-ceramics.com\/wp-content\/uploads\/2025\/05\/Wholesale-Decorative-Plant-Pots-5-768x640.webp 768w, https:\/\/www.santai-ceramics.com\/wp-content\/uploads\/2025\/05\/Wholesale-Decorative-Plant-Pots-5-14x12.webp 14w, https:\/\/www.santai-ceramics.com\/wp-content\/uploads\/2025\/05\/Wholesale-Decorative-Plant-Pots-5-1200x1000.webp 1200w, https:\/\/www.santai-ceramics.com\/wp-content\/uploads\/2025\/05\/Wholesale-Decorative-Plant-Pots-5-600x500.webp 600w\" sizes=\"(max-width: 2551px) 100vw, 2551px\" \/><\/figure>\n<\/div>\n\n\n\n<div class=\"wp-block-column is-layout-flow wp-block-column-is-layout-flow\">\n<figure class=\"wp-block-image size-full\"><img decoding=\"async\" width=\"1590\" height=\"1590\" src=\"https:\/\/www.santai-ceramics.com\/wp-content\/uploads\/2025\/05\/Wholesale-Decorative-Plant-Pots-6.webp\" alt=\"Vasos decorativos para plantas por atacado (6)\" class=\"wp-image-2716\" srcset=\"https:\/\/www.santai-ceramics.com\/wp-content\/uploads\/2025\/05\/Wholesale-Decorative-Plant-Pots-6.webp 1590w, https:\/\/www.santai-ceramics.com\/wp-content\/uploads\/2025\/05\/Wholesale-Decorative-Plant-Pots-6-300x300.webp 300w, https:\/\/www.santai-ceramics.com\/wp-content\/uploads\/2025\/05\/Wholesale-Decorative-Plant-Pots-6-150x150.webp 150w, https:\/\/www.santai-ceramics.com\/wp-content\/uploads\/2025\/05\/Wholesale-Decorative-Plant-Pots-6-768x768.webp 768w, https:\/\/www.santai-ceramics.com\/wp-content\/uploads\/2025\/05\/Wholesale-Decorative-Plant-Pots-6-12x12.webp 12w, https:\/\/www.santai-ceramics.com\/wp-content\/uploads\/2025\/05\/Wholesale-Decorative-Plant-Pots-6-1200x1200.webp 1200w, https:\/\/www.santai-ceramics.com\/wp-content\/uploads\/2025\/05\/Wholesale-Decorative-Plant-Pots-6-600x600.webp 600w, https:\/\/www.santai-ceramics.com\/wp-content\/uploads\/2025\/05\/Wholesale-Decorative-Plant-Pots-6-100x100.webp 100w\" sizes=\"(max-width: 1590px) 100vw, 1590px\" \/><\/figure>\n<\/div>\n<\/div>\n\n\n\n<div class=\"wp-block-columns is-layout-flex wp-container-core-columns-is-layout-9d6595d7 wp-block-columns-is-layout-flex\">\n<div class=\"wp-block-column is-layout-flow wp-block-column-is-layout-flow\"><\/div>\n\n\n\n<div class=\"wp-block-column is-layout-flow wp-block-column-is-layout-flow\"><\/div>\n<\/div>","protected":false},"excerpt":{"rendered":"<p data-pm-slice=\"0 0 []\">Os vasos decorativos para plantas por grosso, com uma est\u00e9tica minimalista moderna combinada com pormenores decorativos cl\u00e1ssicos, t\u00eam uma est\u00e9tica \u00fanica e podem ser utilizados para decorar espa\u00e7os interiores e exteriores. Esta s\u00e9rie est\u00e1 dispon\u00edvel em tr\u00eas tamanhos: grande (D18cm), m\u00e9dio (D14,5cm) e pequeno (D11,5cm), que podem ser usados para cultivar suculentas, pequenas flores e plantas hidrop\u00f3nicas. As compras a granel s\u00e3o bem-vindas.<\/p>\n<h2>Especifica\u00e7\u00e3o dos vasos decorativos para plantas<\/h2>\n<table width=\"1140\">\n<tbody>\n<tr>\n<td width=\"285\">N\u00famero do modelo<\/td>\n<td width=\"285\">A36211-LE35-A01<\/td>\n<td width=\"285\">A36211-LE35-A02<\/td>\n<td width=\"285\">A36211-LE35-A03<\/td>\n<\/tr>\n<tr>\n<td>Nome do produto<\/td>\n<td>Jarra de cer\u00e2mica<\/td>\n<td>Jarra de cer\u00e2mica<\/td>\n<td>Jarra de cer\u00e2mica<\/td>\n<\/tr>\n<tr>\n<td>Cor<\/td>\n<td>Verde real<\/td>\n<td>Verde real<\/td>\n<td>Verde real<\/td>\n<\/tr>\n<tr>\n<td>Material<\/td>\n<td>Cer\u00e2mica\u00a0<\/td>\n<td>Cer\u00e2mica\u00a0<\/td>\n<td>Cer\u00e2mica\u00a0<\/td>\n<\/tr>\n<tr>\n<td>Cen\u00e1rios de utiliza\u00e7\u00e3o<\/td>\n<td>decora\u00e7\u00e3o de casa \/ decora\u00e7\u00e3o de jardim<\/td>\n<td>decora\u00e7\u00e3o de casa \/ decora\u00e7\u00e3o de jardim<\/td>\n<td>decora\u00e7\u00e3o de casa \/ decora\u00e7\u00e3o de jardim<\/td>\n<\/tr>\n<tr>\n<td>Dimens\u00f5es<\/td>\n<td>D:18X17cm<\/td>\n<td>D:14,5X13,5cm<\/td>\n<td>D:11,5X10,5cm<\/td>\n<\/tr>\n<tr>\n<td>Peso<\/td>\n<td>1,4 kg\/unidade<\/td>\n<td>0,9 kg\/unidade<\/td>\n<td>0,6 kg\/unidade<\/td>\n<\/tr>\n<\/tbody>\n<\/table>","protected":false},"featured_media":2711,"comment_status":"closed","ping_status":"closed","template":"","meta":{"_acf_changed":false},"product_brand":[],"product_cat":[18,42,21,23],"product_tag":[],"class_list":{"0":"post-2691","1":"product","2":"type-product","3":"status-publish","4":"has-post-thumbnail","6":"product_cat-home-decor","7":"product_cat-wholesale-ceramic-plant-pots","8":"product_cat-garden-decor","9":"product_cat-ceramic-pots-planters","11":"first","12":"instock","13":"shipping-taxable","14":"product-type-simple"},"acf":[],"_links":{"self":[{"href":"https:\/\/www.santai-ceramics.com\/pt\/wp-json\/wp\/v2\/product\/2691","targetHints":{"allow":["GET"]}}],"collection":[{"href":"https:\/\/www.santai-ceramics.com\/pt\/wp-json\/wp\/v2\/product"}],"about":[{"href":"https:\/\/www.santai-ceramics.com\/pt\/wp-json\/wp\/v2\/types\/product"}],"replies":[{"embeddable":true,"href":"https:\/\/www.santai-ceramics.com\/pt\/wp-json\/wp\/v2\/comments?post=2691"}],"wp:featuredmedia":[{"embeddable":true,"href":"https:\/\/www.santai-ceramics.com\/pt\/wp-json\/wp\/v2\/media\/2711"}],"wp:attachment":[{"href":"https:\/\/www.santai-ceramics.com\/pt\/wp-json\/wp\/v2\/media?parent=2691"}],"wp:term":[{"taxonomy":"product_brand","embeddable":true,"href":"https:\/\/www.santai-ceramics.com\/pt\/wp-json\/wp\/v2\/product_brand?post=2691"},{"taxonomy":"product_cat","embeddable":true,"href":"https:\/\/www.santai-ceramics.com\/pt\/wp-json\/wp\/v2\/product_cat?post=2691"},{"taxonomy":"product_tag","embeddable":true,"href":"https:\/\/www.santai-ceramics.com\/pt\/wp-json\/wp\/v2\/product_tag?post=2691"}],"curies":[{"name":"wp","href":"https:\/\/api.w.org\/{rel}","templated":true}]}}