{"id":2694,"date":"2025-05-29T03:17:50","date_gmt":"2025-05-29T03:17:50","guid":{"rendered":"https:\/\/www.santai-ceramics.com\/?post_type=product&#038;p=2694"},"modified":"2025-06-10T01:05:34","modified_gmt":"2025-06-10T01:05:34","slug":"wholesale-dark-green-ceramic-jar","status":"publish","type":"product","link":"https:\/\/www.santai-ceramics.com\/pt\/product\/wholesale-dark-green-ceramic-jar\/","title":{"rendered":"Frasco de cer\u00e2mica verde-escuro por atacado para decora\u00e7\u00e3o de casa, vendas diretas da f\u00e1brica"},"content":{"rendered":"<h3 class=\"wp-block-heading\">Carater\u00edsticas do frasco de cer\u00e2mica verde escuro<\/h3>\n\n\n\n<ul class=\"wp-block-list\">\n<li><strong>Utiliza\u00e7\u00f5es vers\u00e1teis: <\/strong> Perfeita para segurar flores, decorar ramos, ou colocada sozinha como pe\u00e7a decorativa.<\/li>\n\n\n\n<li><strong>Charm feito \u00e0 m\u00e3o:<\/strong> Varia\u00e7\u00f5es subtis no esmalte e na forma d\u00e3o a cada pe\u00e7a um toque artesanal \u00fanico.<\/li>\n\n\n\n<li><strong>V\u00e1rios tamanhos:<\/strong> Dispon\u00edvel em diferentes tamanhos para uma utiliza\u00e7\u00e3o decorativa e funcional flex\u00edvel.<\/li>\n<\/ul>\n\n\n\n<h3 class=\"wp-block-heading\">Servi\u00e7o de jarras de cer\u00e2mica personalizadas<\/h3>\n\n\n\n<p>Oferecemos servi\u00e7os OEM e ODM para os nossos produtos.<br>Entrega r\u00e1pida de amostras est\u00e1 dispon\u00edvel.<br>Oferecemos uma variedade de formas, cores, impress\u00e3o personalizada, embalagem e outros servi\u00e7os adaptados para satisfazer as suas necessidades espec\u00edficas.<br><a href=\"https:\/\/www.santai-ceramics.com\/pt\/custom\/\" data-type=\"page\" data-id=\"13\" target=\"_blank\" rel=\"noreferrer noopener\"><strong><b>Saiba mais sobre personaliza\u00e7\u00e3o<\/b> pormenor da cer\u00e2mica.<\/strong><\/a><\/p>\n\n\n\n<div class=\"wp-block-columns is-layout-flex wp-container-core-columns-is-layout-9d6595d7 wp-block-columns-is-layout-flex\">\n<div class=\"wp-block-column is-layout-flow wp-block-column-is-layout-flow\">\n<figure class=\"wp-block-image size-full\"><img decoding=\"async\" width=\"2835\" height=\"2362\" src=\"https:\/\/www.santai-ceramics.com\/wp-content\/uploads\/2025\/05\/Wholesale-Dark-Green-Ceramic-Jar-2.webp\" alt=\"Frasco de cer\u00e2mica verde escuro por atacado (2)\" class=\"wp-image-2726\" srcset=\"https:\/\/www.santai-ceramics.com\/wp-content\/uploads\/2025\/05\/Wholesale-Dark-Green-Ceramic-Jar-2.webp 2835w, https:\/\/www.santai-ceramics.com\/wp-content\/uploads\/2025\/05\/Wholesale-Dark-Green-Ceramic-Jar-2-300x250.webp 300w, https:\/\/www.santai-ceramics.com\/wp-content\/uploads\/2025\/05\/Wholesale-Dark-Green-Ceramic-Jar-2-768x640.webp 768w, https:\/\/www.santai-ceramics.com\/wp-content\/uploads\/2025\/05\/Wholesale-Dark-Green-Ceramic-Jar-2-14x12.webp 14w, https:\/\/www.santai-ceramics.com\/wp-content\/uploads\/2025\/05\/Wholesale-Dark-Green-Ceramic-Jar-2-1200x1000.webp 1200w, https:\/\/www.santai-ceramics.com\/wp-content\/uploads\/2025\/05\/Wholesale-Dark-Green-Ceramic-Jar-2-600x500.webp 600w\" sizes=\"(max-width: 2835px) 100vw, 2835px\" \/><\/figure>\n<\/div>\n\n\n\n<div class=\"wp-block-column is-layout-flow wp-block-column-is-layout-flow\">\n<figure class=\"wp-block-image size-full\"><img decoding=\"async\" width=\"3118\" height=\"2598\" src=\"https:\/\/www.santai-ceramics.com\/wp-content\/uploads\/2025\/05\/Wholesale-Dark-Green-Ceramic-Jar-4.webp\" alt=\"Frasco de cer\u00e2mica verde escuro por atacado (4)\" class=\"wp-image-2728\" srcset=\"https:\/\/www.santai-ceramics.com\/wp-content\/uploads\/2025\/05\/Wholesale-Dark-Green-Ceramic-Jar-4.webp 3118w, https:\/\/www.santai-ceramics.com\/wp-content\/uploads\/2025\/05\/Wholesale-Dark-Green-Ceramic-Jar-4-300x250.webp 300w, https:\/\/www.santai-ceramics.com\/wp-content\/uploads\/2025\/05\/Wholesale-Dark-Green-Ceramic-Jar-4-768x640.webp 768w, https:\/\/www.santai-ceramics.com\/wp-content\/uploads\/2025\/05\/Wholesale-Dark-Green-Ceramic-Jar-4-14x12.webp 14w, https:\/\/www.santai-ceramics.com\/wp-content\/uploads\/2025\/05\/Wholesale-Dark-Green-Ceramic-Jar-4-1200x1000.webp 1200w, https:\/\/www.santai-ceramics.com\/wp-content\/uploads\/2025\/05\/Wholesale-Dark-Green-Ceramic-Jar-4-600x500.webp 600w\" sizes=\"(max-width: 3118px) 100vw, 3118px\" \/><\/figure>\n<\/div>\n<\/div>\n\n\n\n<div class=\"wp-block-columns is-layout-flex wp-container-core-columns-is-layout-9d6595d7 wp-block-columns-is-layout-flex\">\n<div class=\"wp-block-column is-layout-flow wp-block-column-is-layout-flow\"><\/div>\n\n\n\n<div class=\"wp-block-column is-layout-flow wp-block-column-is-layout-flow\"><\/div>\n<\/div>","protected":false},"excerpt":{"rendered":"<p data-pm-slice=\"0 0 []\">Frasco de cer\u00e2mica verde escuro por atacado, da f\u00e1brica SANTAI, aproveite os pre\u00e7os preferenciais da f\u00e1brica, esta s\u00e9rie \u00e9 adequada para decora\u00e7\u00e3o de casa, exibi\u00e7\u00e3o de flores e embalagens de presentes e outras cenas. Uma variedade de tamanhos est\u00e3o dispon\u00edveis, que podem ser colocados sozinhos ou em combina\u00e7\u00e3o. Suporte a personaliza\u00e7\u00e3o OEM\/ODM, entre em contacto connosco.<\/p>\n<h2>Especifica\u00e7\u00f5es do Frasco de cer\u00e2mica verde escuro<\/h2>\n<table width=\"1140\">\n<tbody>\n<tr>\n<td width=\"285\">N\u00famero do modelo<\/td>\n<td width=\"285\">A37045-LE35-A01<\/td>\n<td width=\"285\">A37045-LE35-A02<\/td>\n<td width=\"285\">A37045-LE35-A03<\/td>\n<\/tr>\n<tr>\n<td>Nome do produto<\/td>\n<td>Frasco de cer\u00e2mica<\/td>\n<td>Frasco de cer\u00e2mica<\/td>\n<td>Frasco de cer\u00e2mica<\/td>\n<\/tr>\n<tr>\n<td>Cor<\/td>\n<td>Verde real<\/td>\n<td>Verde real<\/td>\n<td>Verde real<\/td>\n<\/tr>\n<tr>\n<td>Material<\/td>\n<td>Cer\u00e2mica\u00a0<\/td>\n<td>Cer\u00e2mica\u00a0<\/td>\n<td>Cer\u00e2mica\u00a0<\/td>\n<\/tr>\n<tr>\n<td>Cen\u00e1rios de utiliza\u00e7\u00e3o<\/td>\n<td>decora\u00e7\u00e3o de casa<\/td>\n<td>decora\u00e7\u00e3o de casa<\/td>\n<td>decora\u00e7\u00e3o de casa<\/td>\n<\/tr>\n<tr>\n<td>Dimens\u00f5es<\/td>\n<td>D:23X21cm<\/td>\n<td>D:17,5X15,5cm<\/td>\n<td>D:12,5X11,5cm<\/td>\n<\/tr>\n<tr>\n<td>Peso<\/td>\n<td>1,7 kg\/unidade<\/td>\n<td>0,9 kg\/unidade<\/td>\n<td>0,5 kg\/unidade<\/td>\n<\/tr>\n<\/tbody>\n<\/table>","protected":false},"featured_media":2725,"comment_status":"closed","ping_status":"closed","template":"","meta":{"_acf_changed":false},"product_brand":[],"product_cat":[18,43,22],"product_tag":[],"class_list":{"0":"post-2694","1":"product","2":"type-product","3":"status-publish","4":"has-post-thumbnail","6":"product_cat-home-decor","7":"product_cat-wholesale-ceramic-jar","8":"product_cat-vase","10":"first","11":"instock","12":"shipping-taxable","13":"product-type-simple"},"acf":[],"_links":{"self":[{"href":"https:\/\/www.santai-ceramics.com\/pt\/wp-json\/wp\/v2\/product\/2694","targetHints":{"allow":["GET"]}}],"collection":[{"href":"https:\/\/www.santai-ceramics.com\/pt\/wp-json\/wp\/v2\/product"}],"about":[{"href":"https:\/\/www.santai-ceramics.com\/pt\/wp-json\/wp\/v2\/types\/product"}],"replies":[{"embeddable":true,"href":"https:\/\/www.santai-ceramics.com\/pt\/wp-json\/wp\/v2\/comments?post=2694"}],"wp:featuredmedia":[{"embeddable":true,"href":"https:\/\/www.santai-ceramics.com\/pt\/wp-json\/wp\/v2\/media\/2725"}],"wp:attachment":[{"href":"https:\/\/www.santai-ceramics.com\/pt\/wp-json\/wp\/v2\/media?parent=2694"}],"wp:term":[{"taxonomy":"product_brand","embeddable":true,"href":"https:\/\/www.santai-ceramics.com\/pt\/wp-json\/wp\/v2\/product_brand?post=2694"},{"taxonomy":"product_cat","embeddable":true,"href":"https:\/\/www.santai-ceramics.com\/pt\/wp-json\/wp\/v2\/product_cat?post=2694"},{"taxonomy":"product_tag","embeddable":true,"href":"https:\/\/www.santai-ceramics.com\/pt\/wp-json\/wp\/v2\/product_tag?post=2694"}],"curies":[{"name":"wp","href":"https:\/\/api.w.org\/{rel}","templated":true}]}}