{"id":2857,"date":"2025-06-30T06:39:39","date_gmt":"2025-06-30T06:39:39","guid":{"rendered":"https:\/\/www.santai-ceramics.com\/?post_type=product&#038;p=2857"},"modified":"2025-06-30T06:42:32","modified_gmt":"2025-06-30T06:42:32","slug":"wholesale-natural-texture-ceramic-vases","status":"publish","type":"product","link":"https:\/\/www.santai-ceramics.com\/pt\/product\/wholesale-natural-texture-ceramic-vases\/","title":{"rendered":"Vasos de cer\u00e2mica com textura natural por atacado"},"content":{"rendered":"<h3 class=\"wp-block-heading\">Carater\u00edsticas dos vasos de cer\u00e2mica com textura natural<\/h3>\n\n\n\n<ul class=\"wp-block-list\">\n<li><strong>Textura tecida \u00e0 m\u00e3o:<\/strong> O corpo da jarra \u00e9 decorado com delicadas linhas castanhas, formando um padr\u00e3o natural entrela\u00e7ado. Cada textura de jarra \u00e9 feita \u00e0 m\u00e3o de forma \u00fanica, real\u00e7ando o trabalho artesanal.<\/li>\n\n\n\n<li><strong>Combina\u00e7\u00e3o de tons de terra: <\/strong>A jarra de cer\u00e2mica \u00e9 maioritariamente bege, combinada com uma textura bronzeada, mostrando calor, simplicidade e facilidade de integra\u00e7\u00e3o em v\u00e1rias casas de estilo natural.<\/li>\n\n\n\n<li><strong>Tratamento de esmalte bicolor: <\/strong>A base de esmalte bege \u00e9 sobreposta com textura bronzeada, a cor do esmalte \u00e9 uniforme e natural, o n\u00edvel visual \u00e9 rico e n\u00e3o demasiado ostensivo.<\/li>\n<\/ul>\n\n\n\n<h3 class=\"wp-block-heading\">Servi\u00e7o de vasos de cer\u00e2mica personalizados<\/h3>\n\n\n\n<p>Oferecemos servi\u00e7os OEM e ODM para os nossos produtos.<br>Entrega r\u00e1pida de amostras est\u00e1 dispon\u00edvel.<br>Oferecemos uma variedade de formas, cores, impress\u00e3o personalizada, embalagem e outros servi\u00e7os adaptados para satisfazer as suas necessidades espec\u00edficas.<br><a href=\"https:\/\/www.santai-ceramics.com\/pt\/custom\/\" data-type=\"page\" data-id=\"13\" target=\"_blank\" rel=\"noreferrer noopener\"><strong>Saiba mais sobre os pormenores das jarras de cer\u00e2mica personalizadas.<\/strong><\/a><\/p>\n\n\n\n<div class=\"wp-block-columns is-layout-flex wp-container-core-columns-is-layout-9d6595d7 wp-block-columns-is-layout-flex\">\n<div class=\"wp-block-column is-layout-flow wp-block-column-is-layout-flow\">\n<figure class=\"wp-block-image size-full\"><img decoding=\"async\" width=\"3118\" height=\"2598\" src=\"https:\/\/www.santai-ceramics.com\/wp-content\/uploads\/2025\/06\/wholesale-natural-texture-ceramic-vases-4.webp\" alt=\"vasos de cer\u00e2mica de textura natural por atacado (4)\" class=\"wp-image-2958\" srcset=\"https:\/\/www.santai-ceramics.com\/wp-content\/uploads\/2025\/06\/wholesale-natural-texture-ceramic-vases-4.webp 3118w, https:\/\/www.santai-ceramics.com\/wp-content\/uploads\/2025\/06\/wholesale-natural-texture-ceramic-vases-4-300x250.webp 300w, https:\/\/www.santai-ceramics.com\/wp-content\/uploads\/2025\/06\/wholesale-natural-texture-ceramic-vases-4-768x640.webp 768w, https:\/\/www.santai-ceramics.com\/wp-content\/uploads\/2025\/06\/wholesale-natural-texture-ceramic-vases-4-14x12.webp 14w, https:\/\/www.santai-ceramics.com\/wp-content\/uploads\/2025\/06\/wholesale-natural-texture-ceramic-vases-4-1200x1000.webp 1200w, https:\/\/www.santai-ceramics.com\/wp-content\/uploads\/2025\/06\/wholesale-natural-texture-ceramic-vases-4-600x500.webp 600w\" sizes=\"(max-width: 3118px) 100vw, 3118px\" \/><\/figure>\n<\/div>\n\n\n\n<div class=\"wp-block-column is-layout-flow wp-block-column-is-layout-flow\">\n<figure class=\"wp-block-image size-full\"><img decoding=\"async\" width=\"2835\" height=\"2362\" src=\"https:\/\/www.santai-ceramics.com\/wp-content\/uploads\/2025\/06\/wholesale-natural-texture-ceramic-vases-5.webp\" alt=\"vasos de cer\u00e2mica de textura natural por atacado (5)\" class=\"wp-image-2959\" srcset=\"https:\/\/www.santai-ceramics.com\/wp-content\/uploads\/2025\/06\/wholesale-natural-texture-ceramic-vases-5.webp 2835w, https:\/\/www.santai-ceramics.com\/wp-content\/uploads\/2025\/06\/wholesale-natural-texture-ceramic-vases-5-300x250.webp 300w, https:\/\/www.santai-ceramics.com\/wp-content\/uploads\/2025\/06\/wholesale-natural-texture-ceramic-vases-5-768x640.webp 768w, https:\/\/www.santai-ceramics.com\/wp-content\/uploads\/2025\/06\/wholesale-natural-texture-ceramic-vases-5-14x12.webp 14w, https:\/\/www.santai-ceramics.com\/wp-content\/uploads\/2025\/06\/wholesale-natural-texture-ceramic-vases-5-1200x1000.webp 1200w, https:\/\/www.santai-ceramics.com\/wp-content\/uploads\/2025\/06\/wholesale-natural-texture-ceramic-vases-5-600x500.webp 600w\" sizes=\"(max-width: 2835px) 100vw, 2835px\" \/><\/figure>\n<\/div>\n<\/div>","protected":false},"excerpt":{"rendered":"<p data-pm-slice=\"0 0 []\">Vasos de cer\u00e2mica por grosso com delicadas linhas castanhas entrela\u00e7adas com texturas, cada padr\u00e3o apresentando uma textura artesanal \u00fanica.<\/p>\n<h2>Especifica\u00e7\u00f5es de Vasos de cer\u00e2mica com textura natural<\/h2>\n<table width=\"1140\">\n<tbody>\n<tr>\n<td width=\"285\">N\u00famero do modelo<\/td>\n<td width=\"285\">A37881-LE16-A01<\/td>\n<td width=\"285\">A37881-LE16-A02<\/td>\n<td width=\"285\">A37881-LE16-A03<\/td>\n<\/tr>\n<tr>\n<td>Nome do produto<\/td>\n<td>Jarra de cer\u00e2mica<\/td>\n<td>Jarra de cer\u00e2mica<\/td>\n<td>Jarra de cer\u00e2mica<\/td>\n<\/tr>\n<tr>\n<td>Cor<\/td>\n<td>Caramelo<\/td>\n<td>Caramelo<\/td>\n<td>Caramelo<\/td>\n<\/tr>\n<tr>\n<td>Material<\/td>\n<td>Cer\u00e2mica\u00a0<\/td>\n<td>Cer\u00e2mica\u00a0<\/td>\n<td>Cer\u00e2mica\u00a0<\/td>\n<\/tr>\n<tr>\n<td>Cen\u00e1rios de utiliza\u00e7\u00e3o<\/td>\n<td>decora\u00e7\u00e3o de casa<\/td>\n<td>decora\u00e7\u00e3o de casa<\/td>\n<td>decora\u00e7\u00e3o de casa<\/td>\n<\/tr>\n<tr>\n<td>Dimens\u00f5es<\/td>\n<td>D:17,5X31cm<\/td>\n<td>D:16X24,5cm<\/td>\n<td>D:15,5X20cm<\/td>\n<\/tr>\n<tr>\n<td>Peso<\/td>\n<td>1,7 kg\/unidade<\/td>\n<td>1,1 kg\/unidade<\/td>\n<td>0,9 kg\/unidade<\/td>\n<\/tr>\n<\/tbody>\n<\/table>","protected":false},"featured_media":2955,"comment_status":"closed","ping_status":"closed","template":"","meta":{"_acf_changed":false},"product_brand":[],"product_cat":[18,22],"product_tag":[],"class_list":{"0":"post-2857","1":"product","2":"type-product","3":"status-publish","4":"has-post-thumbnail","6":"product_cat-home-decor","7":"product_cat-vase","9":"first","10":"instock","11":"shipping-taxable","12":"product-type-simple"},"acf":[],"_links":{"self":[{"href":"https:\/\/www.santai-ceramics.com\/pt\/wp-json\/wp\/v2\/product\/2857","targetHints":{"allow":["GET"]}}],"collection":[{"href":"https:\/\/www.santai-ceramics.com\/pt\/wp-json\/wp\/v2\/product"}],"about":[{"href":"https:\/\/www.santai-ceramics.com\/pt\/wp-json\/wp\/v2\/types\/product"}],"replies":[{"embeddable":true,"href":"https:\/\/www.santai-ceramics.com\/pt\/wp-json\/wp\/v2\/comments?post=2857"}],"wp:featuredmedia":[{"embeddable":true,"href":"https:\/\/www.santai-ceramics.com\/pt\/wp-json\/wp\/v2\/media\/2955"}],"wp:attachment":[{"href":"https:\/\/www.santai-ceramics.com\/pt\/wp-json\/wp\/v2\/media?parent=2857"}],"wp:term":[{"taxonomy":"product_brand","embeddable":true,"href":"https:\/\/www.santai-ceramics.com\/pt\/wp-json\/wp\/v2\/product_brand?post=2857"},{"taxonomy":"product_cat","embeddable":true,"href":"https:\/\/www.santai-ceramics.com\/pt\/wp-json\/wp\/v2\/product_cat?post=2857"},{"taxonomy":"product_tag","embeddable":true,"href":"https:\/\/www.santai-ceramics.com\/pt\/wp-json\/wp\/v2\/product_tag?post=2857"}],"curies":[{"name":"wp","href":"https:\/\/api.w.org\/{rel}","templated":true}]}}