{"id":2860,"date":"2025-06-20T06:37:48","date_gmt":"2025-06-20T06:37:48","guid":{"rendered":"https:\/\/www.santai-ceramics.com\/?post_type=product&#038;p=2860"},"modified":"2025-06-20T06:37:50","modified_gmt":"2025-06-20T06:37:50","slug":"wholesale-geometric-ceramic-vase-set","status":"publish","type":"product","link":"https:\/\/www.santai-ceramics.com\/pt\/product\/wholesale-geometric-ceramic-vase-set\/","title":{"rendered":"Cole\u00e7\u00e3o de vasos de cer\u00e2mica geom\u00e9tricos por grosso para interiores contempor\u00e2neos"},"content":{"rendered":"<h3 class=\"wp-block-heading\">Carater\u00edsticas da cole\u00e7\u00e3o de vasos de cer\u00e2mica geom\u00e9tricos<\/h3>\n\n\n\n<ul class=\"wp-block-list\">\n<li><strong>Linhas est\u00e9ticas geom\u00e9tricas: <\/strong>O corpo da jarra de cer\u00e2mica \u00e9 decorado com linhas bronzeadas e padr\u00f5es tecidos, inspirados em texturas naturais, mostrando uma tens\u00e3o visual racional e quente.<\/li>\n\n\n\n<li><strong>Forma de propor\u00e7\u00e3o \u00e1urea: <\/strong>Esta jarra de cer\u00e2mica adopta uma combina\u00e7\u00e3o estrutural cient\u00edfica de um pesco\u00e7o esguio e uma barriga arredondada. \u00c9 adequado para a exposi\u00e7\u00e3o simples da arte de uma \u00fanica flor e tamb\u00e9m pode suportar um ramo de flores, mantendo a eleg\u00e2ncia e o equil\u00edbrio da forma geral.<\/li>\n\n\n\n<li><strong>Combina\u00e7\u00e3o elegante de cores: <\/strong>Esta jarra de cer\u00e2mica adopta um esquema de cores com bege como base e linhas bronzeadas como decora\u00e7\u00e3o. O tom de cor \u00e9 suave e moderno, e pode integrar-se naturalmente numa variedade de estilos, como o n\u00f3rdico, japon\u00eas, Wabi-sabi, minimalismo moderno, etc.<\/li>\n\n\n\n<li><strong>Design f\u00e1cil de limpar: <\/strong>O esmalte mate \u00e9 resistente \u00e0s impress\u00f5es digitais, n\u00e3o \u00e9 f\u00e1cil de deixar manchas de \u00e1gua e p\u00f3, e a textura granular pode cobrir eficazmente os vest\u00edgios da utiliza\u00e7\u00e3o di\u00e1ria, o que \u00e9 f\u00e1cil de limpar e manter.<\/li>\n\n\n\n<li><strong>Servi\u00e7o grossista de vasos: <\/strong>A SANTAI fornece servi\u00e7os profissionais de venda por atacado de vasos de cer\u00e2mica, apoiando a personaliza\u00e7\u00e3o de v\u00e1rios tamanhos, cores e texturas de superf\u00edcie para atender a diferentes necessidades de espa\u00e7o e exibi\u00e7\u00e3o, adequados para marcas dom\u00e9sticas, est\u00fadios de arte floral e lojas de m\u00f3veis.<\/li>\n<\/ul>\n\n\n\n<h3 class=\"wp-block-heading\">Servi\u00e7o de vasos de cer\u00e2mica personalizados<\/h3>\n\n\n\n<p>Oferecemos servi\u00e7os OEM e ODM para os nossos produtos.<br>Entrega r\u00e1pida de amostras est\u00e1 dispon\u00edvel.<br>Oferecemos uma variedade de formas, cores, impress\u00e3o personalizada, embalagem e outros servi\u00e7os adaptados para satisfazer as suas necessidades espec\u00edficas.<br><a href=\"https:\/\/www.santai-ceramics.com\/pt\/custom\/\" data-type=\"page\" data-id=\"13\" target=\"_blank\" rel=\"noreferrer noopener\"><strong><b>Saiba mais sobre personaliza\u00e7\u00e3o<\/b> pormenores do vaso em cer\u00e2mica.<\/strong><\/a><\/p>\n\n\n\n<div class=\"wp-block-columns is-layout-flex wp-container-core-columns-is-layout-9d6595d7 wp-block-columns-is-layout-flex\">\n<div class=\"wp-block-column is-layout-flow wp-block-column-is-layout-flow\">\n<figure class=\"wp-block-image size-full\"><img decoding=\"async\" width=\"1800\" height=\"1800\" src=\"https:\/\/www.santai-ceramics.com\/wp-content\/uploads\/2025\/06\/wholesale-Geometric-ceramic-vases-3-1.webp\" alt=\"vasos geom\u00e9tricos de cer\u00e2mica por atacado (3)\" class=\"wp-image-2889\" srcset=\"https:\/\/www.santai-ceramics.com\/wp-content\/uploads\/2025\/06\/wholesale-Geometric-ceramic-vases-3-1.webp 1800w, https:\/\/www.santai-ceramics.com\/wp-content\/uploads\/2025\/06\/wholesale-Geometric-ceramic-vases-3-1-300x300.webp 300w, https:\/\/www.santai-ceramics.com\/wp-content\/uploads\/2025\/06\/wholesale-Geometric-ceramic-vases-3-1-150x150.webp 150w, https:\/\/www.santai-ceramics.com\/wp-content\/uploads\/2025\/06\/wholesale-Geometric-ceramic-vases-3-1-768x768.webp 768w, https:\/\/www.santai-ceramics.com\/wp-content\/uploads\/2025\/06\/wholesale-Geometric-ceramic-vases-3-1-12x12.webp 12w, https:\/\/www.santai-ceramics.com\/wp-content\/uploads\/2025\/06\/wholesale-Geometric-ceramic-vases-3-1-1200x1200.webp 1200w, https:\/\/www.santai-ceramics.com\/wp-content\/uploads\/2025\/06\/wholesale-Geometric-ceramic-vases-3-1-600x600.webp 600w, https:\/\/www.santai-ceramics.com\/wp-content\/uploads\/2025\/06\/wholesale-Geometric-ceramic-vases-3-1-100x100.webp 100w\" sizes=\"(max-width: 1800px) 100vw, 1800px\" \/><\/figure>\n<\/div>\n\n\n\n<div class=\"wp-block-column is-layout-flow wp-block-column-is-layout-flow\">\n<figure class=\"wp-block-image size-full\"><img decoding=\"async\" width=\"1800\" height=\"1800\" src=\"https:\/\/www.santai-ceramics.com\/wp-content\/uploads\/2025\/06\/wholesale-Geometric-ceramic-vases-4-1.webp\" alt=\"vasos geom\u00e9tricos de cer\u00e2mica por atacado (4)\" class=\"wp-image-2890\" srcset=\"https:\/\/www.santai-ceramics.com\/wp-content\/uploads\/2025\/06\/wholesale-Geometric-ceramic-vases-4-1.webp 1800w, https:\/\/www.santai-ceramics.com\/wp-content\/uploads\/2025\/06\/wholesale-Geometric-ceramic-vases-4-1-300x300.webp 300w, https:\/\/www.santai-ceramics.com\/wp-content\/uploads\/2025\/06\/wholesale-Geometric-ceramic-vases-4-1-150x150.webp 150w, https:\/\/www.santai-ceramics.com\/wp-content\/uploads\/2025\/06\/wholesale-Geometric-ceramic-vases-4-1-768x768.webp 768w, https:\/\/www.santai-ceramics.com\/wp-content\/uploads\/2025\/06\/wholesale-Geometric-ceramic-vases-4-1-12x12.webp 12w, https:\/\/www.santai-ceramics.com\/wp-content\/uploads\/2025\/06\/wholesale-Geometric-ceramic-vases-4-1-1200x1200.webp 1200w, https:\/\/www.santai-ceramics.com\/wp-content\/uploads\/2025\/06\/wholesale-Geometric-ceramic-vases-4-1-600x600.webp 600w, https:\/\/www.santai-ceramics.com\/wp-content\/uploads\/2025\/06\/wholesale-Geometric-ceramic-vases-4-1-100x100.webp 100w\" sizes=\"(max-width: 1800px) 100vw, 1800px\" \/><\/figure>\n<\/div>\n<\/div>\n\n\n\n<div class=\"wp-block-columns is-layout-flex wp-container-core-columns-is-layout-9d6595d7 wp-block-columns-is-layout-flex\">\n<div class=\"wp-block-column is-layout-flow wp-block-column-is-layout-flow\"><\/div>\n\n\n\n<div class=\"wp-block-column is-layout-flow wp-block-column-is-layout-flow\"><\/div>\n<\/div>","protected":false},"excerpt":{"rendered":"<p data-pm-slice=\"0 0 []\">Combinando na perfei\u00e7\u00e3o um design minimalista com um artesanato requintado, esta cole\u00e7\u00e3o de vasos de cer\u00e2mica \u00e9 perfeita para quem valoriza linhas simples, tons calmos e um estilo intemporal, transformando os espa\u00e7os do dia a dia em ambientes art\u00edsticos cuidadosamente concebidos. Contacte os fabricantes de vasos de cer\u00e2mica SANTAI para obter o melhor or\u00e7amento.<\/p>\n<h2>Especifica\u00e7\u00f5es da Jarra de cer\u00e2mica geom\u00e9trica<\/h2>\n<table width=\"855\">\n<tbody>\n<tr>\n<td width=\"285\">N\u00famero do modelo<\/td>\n<td width=\"285\">A35533-LE16-A01<\/td>\n<td width=\"285\">A35533-LE16-A02<\/td>\n<\/tr>\n<tr>\n<td>Nome do produto<\/td>\n<td>Jarra de cer\u00e2mica<\/td>\n<td>Jarra de cer\u00e2mica<\/td>\n<\/tr>\n<tr>\n<td>Cor<\/td>\n<td>Caramelo<\/td>\n<td>Caramelo<\/td>\n<\/tr>\n<tr>\n<td>Material<\/td>\n<td>Cer\u00e2mica\u00a0<\/td>\n<td>Cer\u00e2mica\u00a0<\/td>\n<\/tr>\n<tr>\n<td>Cen\u00e1rios de utiliza\u00e7\u00e3o<\/td>\n<td>decora\u00e7\u00e3o de casa<\/td>\n<td>decora\u00e7\u00e3o de casa<\/td>\n<\/tr>\n<tr>\n<td>Dimens\u00f5es<\/td>\n<td>D:16,5X33cm<\/td>\n<td>D:14X28cm<\/td>\n<\/tr>\n<tr>\n<td>Peso<\/td>\n<td>1,7 kg\/unidade<\/td>\n<td>1kg\/pc<\/td>\n<\/tr>\n<\/tbody>\n<\/table>","protected":false},"featured_media":2887,"comment_status":"closed","ping_status":"closed","template":"","meta":{"_acf_changed":false},"product_brand":[],"product_cat":[18,22],"product_tag":[],"class_list":{"0":"post-2860","1":"product","2":"type-product","3":"status-publish","4":"has-post-thumbnail","6":"product_cat-home-decor","7":"product_cat-vase","9":"first","10":"instock","11":"shipping-taxable","12":"product-type-simple"},"acf":[],"_links":{"self":[{"href":"https:\/\/www.santai-ceramics.com\/pt\/wp-json\/wp\/v2\/product\/2860","targetHints":{"allow":["GET"]}}],"collection":[{"href":"https:\/\/www.santai-ceramics.com\/pt\/wp-json\/wp\/v2\/product"}],"about":[{"href":"https:\/\/www.santai-ceramics.com\/pt\/wp-json\/wp\/v2\/types\/product"}],"replies":[{"embeddable":true,"href":"https:\/\/www.santai-ceramics.com\/pt\/wp-json\/wp\/v2\/comments?post=2860"}],"wp:featuredmedia":[{"embeddable":true,"href":"https:\/\/www.santai-ceramics.com\/pt\/wp-json\/wp\/v2\/media\/2887"}],"wp:attachment":[{"href":"https:\/\/www.santai-ceramics.com\/pt\/wp-json\/wp\/v2\/media?parent=2860"}],"wp:term":[{"taxonomy":"product_brand","embeddable":true,"href":"https:\/\/www.santai-ceramics.com\/pt\/wp-json\/wp\/v2\/product_brand?post=2860"},{"taxonomy":"product_cat","embeddable":true,"href":"https:\/\/www.santai-ceramics.com\/pt\/wp-json\/wp\/v2\/product_cat?post=2860"},{"taxonomy":"product_tag","embeddable":true,"href":"https:\/\/www.santai-ceramics.com\/pt\/wp-json\/wp\/v2\/product_tag?post=2860"}],"curies":[{"name":"wp","href":"https:\/\/api.w.org\/{rel}","templated":true}]}}