{"id":2863,"date":"2025-06-30T06:14:28","date_gmt":"2025-06-30T06:14:28","guid":{"rendered":"https:\/\/www.santai-ceramics.com\/?post_type=product&#038;p=2863"},"modified":"2025-06-30T06:14:29","modified_gmt":"2025-06-30T06:14:29","slug":"wholesale-warm-toned-flower-pots","status":"publish","type":"product","link":"https:\/\/www.santai-ceramics.com\/pt\/product\/wholesale-warm-toned-flower-pots\/","title":{"rendered":"Vasos de flores geom\u00e9tricos de cer\u00e2mica por grosso para interiores modernos"},"content":{"rendered":"<h3 class=\"wp-block-heading\">Carater\u00edsticas dos vasos de flores geom\u00e9tricos em cer\u00e2mica<\/h3>\n\n\n\n<ul class=\"wp-block-list\">\n<li><strong>Est\u00e9tica unificada:<\/strong> A linguagem tem\u00e1tica e o tom de cor consistentes de toda a s\u00e9rie garantem uma coordena\u00e7\u00e3o harmoniosa, quer sejam utilizados isoladamente ou em conjunto.<\/li>\n\n\n\n<li><strong>Design bonito:<\/strong> Os vasos de flores t\u00eam padr\u00f5es e cores \u00fanicos, tons quentes, que podem acrescentar uma atmosfera art\u00edstica ao ambiente dom\u00e9stico.<\/li>\n\n\n\n<li><strong>Boa drenagem:<\/strong> Feito de material cer\u00e2mico, tem boa permeabilidade ao ar, pode evitar a acumula\u00e7\u00e3o de \u00e1gua e contribuir para o crescimento saud\u00e1vel das plantas.<\/li>\n<\/ul>\n\n\n\n<h3 class=\"wp-block-heading\">Servi\u00e7o de vasos de cer\u00e2mica personalizados<\/h3>\n\n\n\n<p>Oferecemos servi\u00e7os OEM e ODM para os nossos produtos.<br>Entrega r\u00e1pida de amostras est\u00e1 dispon\u00edvel.<br>Oferecemos uma variedade de formas, cores, impress\u00e3o personalizada, embalagem e outros servi\u00e7os adaptados para satisfazer as suas necessidades espec\u00edficas.<br><a href=\"https:\/\/www.santai-ceramics.com\/pt\/custom\/\" data-type=\"page\" data-id=\"13\" target=\"_blank\" rel=\"noreferrer noopener\"><strong><b>Saiba mais sobre personaliza\u00e7\u00e3o<\/b> pormenores de vasos de cer\u00e2mica.<\/strong><\/a><\/p>\n\n\n\n<div class=\"wp-block-columns is-layout-flex wp-container-core-columns-is-layout-9d6595d7 wp-block-columns-is-layout-flex\">\n<div class=\"wp-block-column is-layout-flow wp-block-column-is-layout-flow\">\n<figure class=\"wp-block-image size-full\"><img decoding=\"async\" width=\"1182\" height=\"1182\" src=\"https:\/\/www.santai-ceramics.com\/wp-content\/uploads\/2025\/06\/wholesale-geometric-ceramic-flower-pots-2.webp\" alt=\"vasos geom\u00e9tricos de cer\u00e2mica para flores por atacado (2)\" class=\"wp-image-2950\" srcset=\"https:\/\/www.santai-ceramics.com\/wp-content\/uploads\/2025\/06\/wholesale-geometric-ceramic-flower-pots-2.webp 1182w, https:\/\/www.santai-ceramics.com\/wp-content\/uploads\/2025\/06\/wholesale-geometric-ceramic-flower-pots-2-300x300.webp 300w, https:\/\/www.santai-ceramics.com\/wp-content\/uploads\/2025\/06\/wholesale-geometric-ceramic-flower-pots-2-150x150.webp 150w, https:\/\/www.santai-ceramics.com\/wp-content\/uploads\/2025\/06\/wholesale-geometric-ceramic-flower-pots-2-768x768.webp 768w, https:\/\/www.santai-ceramics.com\/wp-content\/uploads\/2025\/06\/wholesale-geometric-ceramic-flower-pots-2-12x12.webp 12w, https:\/\/www.santai-ceramics.com\/wp-content\/uploads\/2025\/06\/wholesale-geometric-ceramic-flower-pots-2-600x600.webp 600w, https:\/\/www.santai-ceramics.com\/wp-content\/uploads\/2025\/06\/wholesale-geometric-ceramic-flower-pots-2-100x100.webp 100w\" sizes=\"(max-width: 1182px) 100vw, 1182px\" \/><\/figure>\n<\/div>\n\n\n\n<div class=\"wp-block-column is-layout-flow wp-block-column-is-layout-flow\">\n<figure class=\"wp-block-image size-full\"><img decoding=\"async\" width=\"2022\" height=\"2022\" src=\"https:\/\/www.santai-ceramics.com\/wp-content\/uploads\/2025\/06\/wholesale-geometric-ceramic-flower-pots-4.webp\" alt=\"vasos de flores geom\u00e9tricos de cer\u00e2mica por atacado (4)\" class=\"wp-image-2952\" srcset=\"https:\/\/www.santai-ceramics.com\/wp-content\/uploads\/2025\/06\/wholesale-geometric-ceramic-flower-pots-4.webp 2022w, https:\/\/www.santai-ceramics.com\/wp-content\/uploads\/2025\/06\/wholesale-geometric-ceramic-flower-pots-4-300x300.webp 300w, https:\/\/www.santai-ceramics.com\/wp-content\/uploads\/2025\/06\/wholesale-geometric-ceramic-flower-pots-4-150x150.webp 150w, https:\/\/www.santai-ceramics.com\/wp-content\/uploads\/2025\/06\/wholesale-geometric-ceramic-flower-pots-4-768x768.webp 768w, https:\/\/www.santai-ceramics.com\/wp-content\/uploads\/2025\/06\/wholesale-geometric-ceramic-flower-pots-4-12x12.webp 12w, https:\/\/www.santai-ceramics.com\/wp-content\/uploads\/2025\/06\/wholesale-geometric-ceramic-flower-pots-4-1200x1200.webp 1200w, https:\/\/www.santai-ceramics.com\/wp-content\/uploads\/2025\/06\/wholesale-geometric-ceramic-flower-pots-4-600x600.webp 600w, https:\/\/www.santai-ceramics.com\/wp-content\/uploads\/2025\/06\/wholesale-geometric-ceramic-flower-pots-4-100x100.webp 100w\" sizes=\"(max-width: 2022px) 100vw, 2022px\" \/><\/figure>\n<\/div>\n<\/div>","protected":false},"excerpt":{"rendered":"<p data-pm-slice=\"0 0 []\">Expanda a sua linha de produtos com os nossos vasos geom\u00e9tricos de cer\u00e2mica para plantas por atacado. Cada vaso apresenta um padr\u00e3o de c\u00edrculos e setas gravado \u00e0 m\u00e3o, elegantemente enrolado numa base suave em branco. Contacte-nos para um or\u00e7amento.<\/p>\n<h2>Especifica\u00e7\u00f5es de Vasos de flores geom\u00e9tricos em cer\u00e2mica<\/h2>\n<table width=\"1140\">\n<tbody>\n<tr>\n<td width=\"285\">N\u00famero do modelo<\/td>\n<td width=\"285\">A37849-LE16-A01<\/td>\n<td width=\"285\">A37849-LE16-A02<\/td>\n<td width=\"285\">A37850-LE16-A01<\/td>\n<\/tr>\n<tr>\n<td>Nome do produto<\/td>\n<td>Jarra de cer\u00e2mica<\/td>\n<td>Jarra de cer\u00e2mica<\/td>\n<td>Jarra de cer\u00e2mica<\/td>\n<\/tr>\n<tr>\n<td>Cor<\/td>\n<td>Caramelo<\/td>\n<td>Caramelo<\/td>\n<td>Caramelo<\/td>\n<\/tr>\n<tr>\n<td>Material<\/td>\n<td>Cer\u00e2mica\u00a0<\/td>\n<td>Cer\u00e2mica\u00a0<\/td>\n<td>Cer\u00e2mica\u00a0<\/td>\n<\/tr>\n<tr>\n<td>Cen\u00e1rios de utiliza\u00e7\u00e3o<\/td>\n<td>decora\u00e7\u00e3o de casa<\/td>\n<td>decora\u00e7\u00e3o de casa<\/td>\n<td>decora\u00e7\u00e3o de casa<\/td>\n<\/tr>\n<tr>\n<td>Dimens\u00f5es<\/td>\n<td>D:20X14cm<\/td>\n<td>D:16,5X11,5cm<\/td>\n<td>15X15X27,5cm<\/td>\n<\/tr>\n<tr>\n<td>Peso<\/td>\n<td>1,3 kg\/unidade<\/td>\n<td>0,8 kg\/unidade<\/td>\n<td>1,2 kg\/unidade<\/td>\n<\/tr>\n<\/tbody>\n<\/table>","protected":false},"featured_media":2949,"comment_status":"closed","ping_status":"closed","template":"","meta":{"_acf_changed":false},"product_brand":[],"product_cat":[18,42,23],"product_tag":[],"class_list":{"0":"post-2863","1":"product","2":"type-product","3":"status-publish","4":"has-post-thumbnail","6":"product_cat-home-decor","7":"product_cat-wholesale-ceramic-plant-pots","8":"product_cat-ceramic-pots-planters","10":"first","11":"instock","12":"shipping-taxable","13":"product-type-simple"},"acf":[],"_links":{"self":[{"href":"https:\/\/www.santai-ceramics.com\/pt\/wp-json\/wp\/v2\/product\/2863","targetHints":{"allow":["GET"]}}],"collection":[{"href":"https:\/\/www.santai-ceramics.com\/pt\/wp-json\/wp\/v2\/product"}],"about":[{"href":"https:\/\/www.santai-ceramics.com\/pt\/wp-json\/wp\/v2\/types\/product"}],"replies":[{"embeddable":true,"href":"https:\/\/www.santai-ceramics.com\/pt\/wp-json\/wp\/v2\/comments?post=2863"}],"wp:featuredmedia":[{"embeddable":true,"href":"https:\/\/www.santai-ceramics.com\/pt\/wp-json\/wp\/v2\/media\/2949"}],"wp:attachment":[{"href":"https:\/\/www.santai-ceramics.com\/pt\/wp-json\/wp\/v2\/media?parent=2863"}],"wp:term":[{"taxonomy":"product_brand","embeddable":true,"href":"https:\/\/www.santai-ceramics.com\/pt\/wp-json\/wp\/v2\/product_brand?post=2863"},{"taxonomy":"product_cat","embeddable":true,"href":"https:\/\/www.santai-ceramics.com\/pt\/wp-json\/wp\/v2\/product_cat?post=2863"},{"taxonomy":"product_tag","embeddable":true,"href":"https:\/\/www.santai-ceramics.com\/pt\/wp-json\/wp\/v2\/product_tag?post=2863"}],"curies":[{"name":"wp","href":"https:\/\/api.w.org\/{rel}","templated":true}]}}