{"id":2865,"date":"2025-06-20T06:18:45","date_gmt":"2025-06-20T06:18:45","guid":{"rendered":"https:\/\/www.santai-ceramics.com\/?post_type=product&#038;p=2865"},"modified":"2025-06-20T06:18:46","modified_gmt":"2025-06-20T06:18:46","slug":"wholesale-modern-geometric-ceramic-vases","status":"publish","type":"product","link":"https:\/\/www.santai-ceramics.com\/pt\/product\/wholesale-modern-geometric-ceramic-vases\/","title":{"rendered":"S\u00e9rie de vasos de cer\u00e2mica geom\u00e9tricos artesanais por atacado para um estilo de interior moderno - Fabricante de vasos de cer\u00e2mica SANTAI"},"content":{"rendered":"<h3 class=\"wp-block-heading\">Carater\u00edsticas da Jarra de cer\u00e2mica geom\u00e9trica artesanal<\/h3>\n\n\n\n<ul class=\"wp-block-list\">\n<li><strong>Est\u00e9tica de linhas tridimensionais:<\/strong> Cada jarra utiliza linhas castanhas para delinear padr\u00f5es geom\u00e9tricos, incluindo grelha, radial, assim\u00e9trico e outros elementos de design, apresentando um efeito visual semelhante a uma tela de arte moderna.<\/li>\n\n\n\n<li><strong>Linguagem de modela\u00e7\u00e3o arquitet\u00f3nica: <\/strong>Combinando a propor\u00e7\u00e3o \u00e1urea de gargalo fino e barriga cheia, a forma \u00e9 vertical e r\u00edtmica, integrando o estilo minimalista n\u00f3rdico e a est\u00e9tica oriental dos utens\u00edlios, apresentando um contorno calmo e tenso.<\/li>\n\n\n\n<li><strong>Sistema de cores unificado: <\/strong>Utilizando o bege neutro como tom principal, complementado por linhas decorativas castanhas, a cor \u00e9 contida e harmoniosa, e pode ser facilmente integrada em diferentes materiais dom\u00e9sticos, como troncos, m\u00e1rmore, cimento, etc., com elevada adaptabilidade de estilo.<\/li>\n\n\n\n<li><strong>Diversifica\u00e7\u00e3o: <\/strong>Esta s\u00e9rie inclui 3 vasos, que utilizam uniformemente linhas geom\u00e9tricas e uma combina\u00e7\u00e3o de cores bege e castanho. As formas abrangem diferentes propor\u00e7\u00f5es, tais como esguia, alta e protuberante, que t\u00eam tanto um sentido de s\u00e9rie como as suas pr\u00f3prias carater\u00edsticas.<\/li>\n\n\n\n<li><strong>Base est\u00e1vel: <\/strong>O fundo do vaso foi concebido com um gradiente de di\u00e2metro de acordo com a altura e a propor\u00e7\u00e3o para garantir que o corpo da garrafa permanece est\u00e1vel quando as flores s\u00e3o inseridas, especialmente adequado para colocar em mesas de jantar, alpendres ou bancadas.<\/li>\n\n\n\n<li><strong>servi\u00e7o grossista de vasos:<\/strong> A SANTAI oferece uma grande variedade de vasos numa grande variedade de tamanhos e estilos. As compras a granel s\u00e3o bem-vindas<\/li>\n<\/ul>\n\n\n\n<h3 class=\"wp-block-heading\">Servi\u00e7o de vasos de cer\u00e2mica personalizados<\/h3>\n\n\n\n<p>Oferecemos servi\u00e7os OEM e ODM para os nossos produtos.<br>Entrega r\u00e1pida de amostras est\u00e1 dispon\u00edvel.<br>Oferecemos uma variedade de formas, cores, impress\u00e3o personalizada, embalagem e outros servi\u00e7os adaptados para satisfazer as suas necessidades espec\u00edficas.<br><a href=\"https:\/\/www.santai-ceramics.com\/pt\/custom\/\" data-type=\"page\" data-id=\"13\" target=\"_blank\" rel=\"noreferrer noopener\"><strong><b>Saiba mais sobre personaliza\u00e7\u00e3o<\/b> pormenor de decora\u00e7\u00e3o em cer\u00e2mica.<\/strong><\/a><\/p>\n\n\n\n<div class=\"wp-block-columns is-layout-flex wp-container-core-columns-is-layout-9d6595d7 wp-block-columns-is-layout-flex\">\n<div class=\"wp-block-column is-layout-flow wp-block-column-is-layout-flow\">\n<figure class=\"wp-block-image size-full\"><img decoding=\"async\" width=\"2835\" height=\"2362\" src=\"https:\/\/www.santai-ceramics.com\/wp-content\/uploads\/2025\/06\/wholesale-geometric-ceramic-vases-8.webp\" alt=\"vasos geom\u00e9tricos de cer\u00e2mica por atacado (8)\" class=\"wp-image-2884\" srcset=\"https:\/\/www.santai-ceramics.com\/wp-content\/uploads\/2025\/06\/wholesale-geometric-ceramic-vases-8.webp 2835w, https:\/\/www.santai-ceramics.com\/wp-content\/uploads\/2025\/06\/wholesale-geometric-ceramic-vases-8-300x250.webp 300w, https:\/\/www.santai-ceramics.com\/wp-content\/uploads\/2025\/06\/wholesale-geometric-ceramic-vases-8-768x640.webp 768w, https:\/\/www.santai-ceramics.com\/wp-content\/uploads\/2025\/06\/wholesale-geometric-ceramic-vases-8-14x12.webp 14w, https:\/\/www.santai-ceramics.com\/wp-content\/uploads\/2025\/06\/wholesale-geometric-ceramic-vases-8-1200x1000.webp 1200w, https:\/\/www.santai-ceramics.com\/wp-content\/uploads\/2025\/06\/wholesale-geometric-ceramic-vases-8-600x500.webp 600w\" sizes=\"(max-width: 2835px) 100vw, 2835px\" \/><\/figure>\n<\/div>\n\n\n\n<div class=\"wp-block-column is-layout-flow wp-block-column-is-layout-flow\">\n<figure class=\"wp-block-image size-full\"><img decoding=\"async\" width=\"3118\" height=\"2598\" src=\"https:\/\/www.santai-ceramics.com\/wp-content\/uploads\/2025\/06\/wholesale-geometric-ceramic-vases-9.webp\" alt=\"vasos geom\u00e9tricos de cer\u00e2mica por atacado (9)\" class=\"wp-image-2885\" srcset=\"https:\/\/www.santai-ceramics.com\/wp-content\/uploads\/2025\/06\/wholesale-geometric-ceramic-vases-9.webp 3118w, https:\/\/www.santai-ceramics.com\/wp-content\/uploads\/2025\/06\/wholesale-geometric-ceramic-vases-9-300x250.webp 300w, https:\/\/www.santai-ceramics.com\/wp-content\/uploads\/2025\/06\/wholesale-geometric-ceramic-vases-9-768x640.webp 768w, https:\/\/www.santai-ceramics.com\/wp-content\/uploads\/2025\/06\/wholesale-geometric-ceramic-vases-9-14x12.webp 14w, https:\/\/www.santai-ceramics.com\/wp-content\/uploads\/2025\/06\/wholesale-geometric-ceramic-vases-9-1200x1000.webp 1200w, https:\/\/www.santai-ceramics.com\/wp-content\/uploads\/2025\/06\/wholesale-geometric-ceramic-vases-9-600x500.webp 600w\" sizes=\"(max-width: 3118px) 100vw, 3118px\" \/><\/figure>\n<\/div>\n<\/div>\n\n\n\n<div class=\"wp-block-columns is-layout-flex wp-container-core-columns-is-layout-9d6595d7 wp-block-columns-is-layout-flex\">\n<div class=\"wp-block-column is-layout-flow wp-block-column-is-layout-flow\"><\/div>\n\n\n\n<div class=\"wp-block-column is-layout-flow wp-block-column-is-layout-flow\"><\/div>\n<\/div>","protected":false},"excerpt":{"rendered":"<p data-pm-slice=\"0 0 []\">Esta s\u00e9rie de jarras de cer\u00e2mica combina inteligentemente formas geom\u00e9tricas modernas com o encanto do trabalho artesanal. Cada vaso tem um padr\u00e3o de linhas castanhas cuidadosamente pintado, combinando na perfei\u00e7\u00e3o o minimalismo n\u00f3rdico com a est\u00e9tica subtil do Oriente. A s\u00e9rie oferece 3 designs coordenados que podem ser combinados com flores ou utilizados como uma escultura decorativa aut\u00f3noma. D\u00ea um upgrade \u00e0 sua decora\u00e7\u00e3o interior. Contacte-nos para obter o melhor or\u00e7amento de um fabricante profissional de vasos de cer\u00e2mica.<\/p>\n<h2>Especifica\u00e7\u00f5es da Jarra de cer\u00e2mica geom\u00e9trica artesanal\u00a0\u00a0<\/h2>\n<table width=\"1140\">\n<tbody>\n<tr>\n<td width=\"285\">N\u00famero do modelo<\/td>\n<td width=\"285\">A35303-LE16-A01<\/td>\n<td width=\"285\">A35302-LE16-A01<\/td>\n<td width=\"285\">A35304-LE16-A01<\/td>\n<\/tr>\n<tr>\n<td>Nome do produto<\/td>\n<td>Jarra de cer\u00e2mica<\/td>\n<td>Jarra de cer\u00e2mica<\/td>\n<td>Jarra de cer\u00e2mica<\/td>\n<\/tr>\n<tr>\n<td>Cor<\/td>\n<td>Caramelo<\/td>\n<td>Caramelo<\/td>\n<td>Caramelo<\/td>\n<\/tr>\n<tr>\n<td>Material<\/td>\n<td>Cer\u00e2mica\u00a0<\/td>\n<td>Cer\u00e2mica\u00a0<\/td>\n<td>Cer\u00e2mica\u00a0<\/td>\n<\/tr>\n<tr>\n<td>Cen\u00e1rios de utiliza\u00e7\u00e3o<\/td>\n<td>decora\u00e7\u00e3o de casa<\/td>\n<td>decora\u00e7\u00e3o de casa<\/td>\n<td>decora\u00e7\u00e3o de casa<\/td>\n<\/tr>\n<tr>\n<td>Dimens\u00f5es<\/td>\n<td>D:18,5X22cm<\/td>\n<td>D:16,5X34,5cm<\/td>\n<td>D:17X26cm<\/td>\n<\/tr>\n<tr>\n<td>Peso<\/td>\n<td>1,1 kg\/unidade<\/td>\n<td>1,5 kg\/unidade<\/td>\n<td>0,8 kg\/unidade<\/td>\n<\/tr>\n<\/tbody>\n<\/table>","protected":false},"featured_media":2877,"comment_status":"closed","ping_status":"closed","template":"","meta":{"_acf_changed":false},"product_brand":[],"product_cat":[18,22],"product_tag":[],"class_list":{"0":"post-2865","1":"product","2":"type-product","3":"status-publish","4":"has-post-thumbnail","6":"product_cat-home-decor","7":"product_cat-vase","9":"first","10":"instock","11":"shipping-taxable","12":"product-type-simple"},"acf":[],"_links":{"self":[{"href":"https:\/\/www.santai-ceramics.com\/pt\/wp-json\/wp\/v2\/product\/2865","targetHints":{"allow":["GET"]}}],"collection":[{"href":"https:\/\/www.santai-ceramics.com\/pt\/wp-json\/wp\/v2\/product"}],"about":[{"href":"https:\/\/www.santai-ceramics.com\/pt\/wp-json\/wp\/v2\/types\/product"}],"replies":[{"embeddable":true,"href":"https:\/\/www.santai-ceramics.com\/pt\/wp-json\/wp\/v2\/comments?post=2865"}],"wp:featuredmedia":[{"embeddable":true,"href":"https:\/\/www.santai-ceramics.com\/pt\/wp-json\/wp\/v2\/media\/2877"}],"wp:attachment":[{"href":"https:\/\/www.santai-ceramics.com\/pt\/wp-json\/wp\/v2\/media?parent=2865"}],"wp:term":[{"taxonomy":"product_brand","embeddable":true,"href":"https:\/\/www.santai-ceramics.com\/pt\/wp-json\/wp\/v2\/product_brand?post=2865"},{"taxonomy":"product_cat","embeddable":true,"href":"https:\/\/www.santai-ceramics.com\/pt\/wp-json\/wp\/v2\/product_cat?post=2865"},{"taxonomy":"product_tag","embeddable":true,"href":"https:\/\/www.santai-ceramics.com\/pt\/wp-json\/wp\/v2\/product_tag?post=2865"}],"curies":[{"name":"wp","href":"https:\/\/api.w.org\/{rel}","templated":true}]}}