{"id":2867,"date":"2025-06-20T02:12:28","date_gmt":"2025-06-20T02:12:28","guid":{"rendered":"https:\/\/www.santai-ceramics.com\/?post_type=product&#038;p=2867"},"modified":"2025-06-20T02:12:49","modified_gmt":"2025-06-20T02:12:49","slug":"wholesale-elegant-ceramic-candlesticks","status":"publish","type":"product","link":"https:\/\/www.santai-ceramics.com\/pt\/product\/wholesale-elegant-ceramic-candlesticks\/","title":{"rendered":"Casti\u00e7ais de cer\u00e2mica caramelo elegantes por atacado - perfeitos para a decora\u00e7\u00e3o da mesa de jantar"},"content":{"rendered":"<h3 class=\"wp-block-heading\">Carater\u00edsticas do Casti\u00e7al de cer\u00e2mica caramelo elegante<\/h3>\n\n\n\n<ul class=\"wp-block-list\">\n<li><strong>Design minimalista: <\/strong>O casti\u00e7al em cer\u00e2mica \u00e9 elegante como uma escultura. O corpo esbranqui\u00e7ado \u00e9 combinado com um acabamento castanho, mostrando uma est\u00e9tica n\u00f3rdica simples e em camadas.<\/li>\n\n\n\n<li><strong>Forte sentido escultural e elevado car\u00e1cter decorativo: <\/strong>O casti\u00e7al de cer\u00e2mica por atacado \u00e9 adequado para uma variedade de estilos de decora\u00e7\u00e3o de interiores. Pode ser apresentado de forma independente ou como parte da mesa de jantar e da est\u00e9tica geral da casa.<\/li>\n\n\n\n<li><strong>Op\u00e7\u00f5es de combina\u00e7\u00e3o de v\u00e1rios tamanhos:<\/strong> O casti\u00e7al grossista oferece diferentes alturas e tamanhos. Pode ser utilizado sozinho ou em grupo para criar um n\u00edvel espacial rico e um sentido ritual.<\/li>\n\n\n\n<li><strong>Adaptabilidade ao tamanho padr\u00e3o: <\/strong>O tamanho da ranhura da vela do casti\u00e7al de cer\u00e2mica corresponde \u00e0s especifica\u00e7\u00f5es das velas cil\u00edndricas comuns, o que \u00e9 f\u00e1cil de utilizar e altamente compat\u00edvel.<\/li>\n\n\n\n<li><strong>Os tons neutros s\u00e3o vers\u00e1teis: <\/strong>Utiliza cores suaves como o branco e o cinzento claro, que tem uma textura de alta qualidade e \u00e9 f\u00e1cil de integrar em v\u00e1rios ambientes de cores de decora\u00e7\u00e3o de casa.<\/li>\n<\/ul>\n\n\n\n<h3 class=\"wp-block-heading\">Servi\u00e7o de casti\u00e7ais personalizados<\/h3>\n\n\n\n<p>Oferecemos servi\u00e7os OEM e ODM para os nossos produtos.<br>Entrega r\u00e1pida de amostras est\u00e1 dispon\u00edvel.<br>Oferecemos uma variedade de formas, cores, impress\u00e3o personalizada, embalagem e outros servi\u00e7os adaptados para satisfazer as suas necessidades espec\u00edficas.<br><a href=\"https:\/\/www.santai-ceramics.com\/pt\/custom\/\" data-type=\"page\" data-id=\"13\" target=\"_blank\" rel=\"noreferrer noopener\"><strong><b>Saiba mais sobre personaliza\u00e7\u00e3o<\/b> pormenor de decora\u00e7\u00e3o em cer\u00e2mica.<\/strong><\/a><\/p>\n\n\n\n<div class=\"wp-block-columns is-layout-flex wp-container-core-columns-is-layout-9d6595d7 wp-block-columns-is-layout-flex\">\n<div class=\"wp-block-column is-layout-flow wp-block-column-is-layout-flow\">\n<figure class=\"wp-block-image size-full\"><img decoding=\"async\" width=\"1191\" height=\"1191\" src=\"https:\/\/www.santai-ceramics.com\/wp-content\/uploads\/2025\/06\/wholesale-elegant-candlesticks-4.webp\" alt=\"casti\u00e7ais elegantes por atacado (4)\" class=\"wp-image-2874\" srcset=\"https:\/\/www.santai-ceramics.com\/wp-content\/uploads\/2025\/06\/wholesale-elegant-candlesticks-4.webp 1191w, https:\/\/www.santai-ceramics.com\/wp-content\/uploads\/2025\/06\/wholesale-elegant-candlesticks-4-300x300.webp 300w, https:\/\/www.santai-ceramics.com\/wp-content\/uploads\/2025\/06\/wholesale-elegant-candlesticks-4-150x150.webp 150w, https:\/\/www.santai-ceramics.com\/wp-content\/uploads\/2025\/06\/wholesale-elegant-candlesticks-4-768x768.webp 768w, https:\/\/www.santai-ceramics.com\/wp-content\/uploads\/2025\/06\/wholesale-elegant-candlesticks-4-12x12.webp 12w, https:\/\/www.santai-ceramics.com\/wp-content\/uploads\/2025\/06\/wholesale-elegant-candlesticks-4-600x600.webp 600w, https:\/\/www.santai-ceramics.com\/wp-content\/uploads\/2025\/06\/wholesale-elegant-candlesticks-4-100x100.webp 100w\" sizes=\"(max-width: 1191px) 100vw, 1191px\" \/><\/figure>\n<\/div>\n\n\n\n<div class=\"wp-block-column is-layout-flow wp-block-column-is-layout-flow\">\n<figure class=\"wp-block-image size-full\"><img decoding=\"async\" width=\"2400\" height=\"2400\" src=\"https:\/\/www.santai-ceramics.com\/wp-content\/uploads\/2025\/06\/wholesale-elegant-candlesticks-5.webp\" alt=\"casti\u00e7ais elegantes por atacado (5)\" class=\"wp-image-2875\" srcset=\"https:\/\/www.santai-ceramics.com\/wp-content\/uploads\/2025\/06\/wholesale-elegant-candlesticks-5.webp 2400w, https:\/\/www.santai-ceramics.com\/wp-content\/uploads\/2025\/06\/wholesale-elegant-candlesticks-5-300x300.webp 300w, https:\/\/www.santai-ceramics.com\/wp-content\/uploads\/2025\/06\/wholesale-elegant-candlesticks-5-150x150.webp 150w, https:\/\/www.santai-ceramics.com\/wp-content\/uploads\/2025\/06\/wholesale-elegant-candlesticks-5-768x768.webp 768w, https:\/\/www.santai-ceramics.com\/wp-content\/uploads\/2025\/06\/wholesale-elegant-candlesticks-5-12x12.webp 12w, https:\/\/www.santai-ceramics.com\/wp-content\/uploads\/2025\/06\/wholesale-elegant-candlesticks-5-1200x1200.webp 1200w, https:\/\/www.santai-ceramics.com\/wp-content\/uploads\/2025\/06\/wholesale-elegant-candlesticks-5-600x600.webp 600w, https:\/\/www.santai-ceramics.com\/wp-content\/uploads\/2025\/06\/wholesale-elegant-candlesticks-5-100x100.webp 100w\" sizes=\"(max-width: 2400px) 100vw, 2400px\" \/><\/figure>\n<\/div>\n<\/div>\n\n\n\n<div class=\"wp-block-columns is-layout-flex wp-container-core-columns-is-layout-9d6595d7 wp-block-columns-is-layout-flex\">\n<div class=\"wp-block-column is-layout-flow wp-block-column-is-layout-flow\"><\/div>\n\n\n\n<div class=\"wp-block-column is-layout-flow wp-block-column-is-layout-flow\"><\/div>\n<\/div>","protected":false},"excerpt":{"rendered":"<p data-pm-slice=\"0 0 []\">Casti\u00e7ais de cer\u00e2mica por grosso. Este elegante casti\u00e7al de cer\u00e2mica cor de caramelo tem um design elegante e escultural. Fabricado em cer\u00e2mica de alta qualidade com uma superf\u00edcie subtilmente texturada, ir\u00e1 melhorar qualquer espa\u00e7o interior. Dispon\u00edvel em dois tamanhos, a base larga e robusta suporta velas de pilar padr\u00e3o com seguran\u00e7a, tornando-o numa bela pe\u00e7a decorativa e num pr\u00e1tico acess\u00f3rio de ilumina\u00e7\u00e3o. Perfeito para a sua sala de estar, quarto ou mesa de jantar. Contacte-nos para obter o melhor or\u00e7amento de um fabricante de decora\u00e7\u00e3o em cer\u00e2mica fi\u00e1vel.<\/p>\n<h2>Especifica\u00e7\u00e3o de Casti\u00e7ais de cer\u00e2mica de estilo simples por atacado<\/h2>\n<table width=\"855\">\n<tbody>\n<tr>\n<td width=\"285\">N\u00famero do modelo<\/td>\n<td width=\"285\">A34848-LE16-A01<\/td>\n<td width=\"285\">A34848-LE16-A02<\/td>\n<\/tr>\n<tr>\n<td>Nome do produto<\/td>\n<td>Casti\u00e7al de cer\u00e2mica<\/td>\n<td>Casti\u00e7al de cer\u00e2mica<\/td>\n<\/tr>\n<tr>\n<td>Cor<\/td>\n<td>Caramelo<\/td>\n<td>Caramelo<\/td>\n<\/tr>\n<tr>\n<td>Material<\/td>\n<td>Cer\u00e2mica\u00a0<\/td>\n<td>Cer\u00e2mica\u00a0<\/td>\n<\/tr>\n<tr>\n<td>Cen\u00e1rios de utiliza\u00e7\u00e3o<\/td>\n<td>decora\u00e7\u00e3o de casa<\/td>\n<td>decora\u00e7\u00e3o de casa<\/td>\n<\/tr>\n<tr>\n<td>Dimens\u00f5es<\/td>\n<td>D:14,5X26cm<\/td>\n<td>D:14,5X19cm<\/td>\n<\/tr>\n<tr>\n<td>Peso<\/td>\n<td>1kg\/pc<\/td>\n<td>0,8 kg\/unidade<\/td>\n<\/tr>\n<\/tbody>\n<\/table>","protected":false},"featured_media":2871,"comment_status":"closed","ping_status":"closed","template":"","meta":{"_acf_changed":false},"product_brand":[],"product_cat":[18,46,26],"product_tag":[],"class_list":{"0":"post-2867","1":"product","2":"type-product","3":"status-publish","4":"has-post-thumbnail","6":"product_cat-home-decor","7":"product_cat-wholesale-ceramic-candle-holders","8":"product_cat-home-accessories","10":"first","11":"instock","12":"shipping-taxable","13":"product-type-simple"},"acf":[],"_links":{"self":[{"href":"https:\/\/www.santai-ceramics.com\/pt\/wp-json\/wp\/v2\/product\/2867","targetHints":{"allow":["GET"]}}],"collection":[{"href":"https:\/\/www.santai-ceramics.com\/pt\/wp-json\/wp\/v2\/product"}],"about":[{"href":"https:\/\/www.santai-ceramics.com\/pt\/wp-json\/wp\/v2\/types\/product"}],"replies":[{"embeddable":true,"href":"https:\/\/www.santai-ceramics.com\/pt\/wp-json\/wp\/v2\/comments?post=2867"}],"wp:featuredmedia":[{"embeddable":true,"href":"https:\/\/www.santai-ceramics.com\/pt\/wp-json\/wp\/v2\/media\/2871"}],"wp:attachment":[{"href":"https:\/\/www.santai-ceramics.com\/pt\/wp-json\/wp\/v2\/media?parent=2867"}],"wp:term":[{"taxonomy":"product_brand","embeddable":true,"href":"https:\/\/www.santai-ceramics.com\/pt\/wp-json\/wp\/v2\/product_brand?post=2867"},{"taxonomy":"product_cat","embeddable":true,"href":"https:\/\/www.santai-ceramics.com\/pt\/wp-json\/wp\/v2\/product_cat?post=2867"},{"taxonomy":"product_tag","embeddable":true,"href":"https:\/\/www.santai-ceramics.com\/pt\/wp-json\/wp\/v2\/product_tag?post=2867"}],"curies":[{"name":"wp","href":"https:\/\/api.w.org\/{rel}","templated":true}]}}