{"id":2961,"date":"2025-06-15T02:00:58","date_gmt":"2025-06-15T02:00:58","guid":{"rendered":"https:\/\/www.santai-ceramics.com\/?post_type=product&#038;p=2961"},"modified":"2025-07-02T03:50:34","modified_gmt":"2025-07-02T03:50:34","slug":"wholesale-crackle-glaze-ceramic-vases","status":"publish","type":"product","link":"https:\/\/www.santai-ceramics.com\/pt\/product\/wholesale-crackle-glaze-ceramic-vases\/","title":{"rendered":"Atacado de vasos de cer\u00e2mica com esmalte craquelado - Conjunto de vasos Celadon pintados \u00e0 m\u00e3o"},"content":{"rendered":"<h3 class=\"wp-block-heading\">Carater\u00edsticas da Jarra de Cer\u00e2mica Crackle Glaze<\/h3>\n\n\n\n<ul class=\"wp-block-list\">\n<li><strong>Material cer\u00e2mico de caulino de alta qualidade: <\/strong>Cada vaso \u00e9 cuidadosamente fabricado com caulino de alta qualidade, que \u00e9 uma argila fina e dur\u00e1vel. Ap\u00f3s a cozedura a alta temperatura, a superf\u00edcie da cer\u00e2mica \u00e9 t\u00e3o lisa como o jade.<\/li>\n\n\n\n<li><strong>Esmalte natural elegante: <\/strong>Feita \u00e0 m\u00e3o, a superf\u00edcie apresenta fissuras que mudam naturalmente, e estes subtis gradientes tonais mostram uma beleza em camadas sob a mudan\u00e7a da luz.<\/li>\n\n\n\n<li><strong>Padr\u00f5es de plantas pintados \u00e0 m\u00e3o por artes\u00e3os: <\/strong>Cada vaso \u00e9 pintado \u00e0 m\u00e3o, representando padr\u00f5es de plantas requintados - folhas, flores e frutos.<\/li>\n\n\n\n<li><strong>V\u00e1rios tamanhos: <\/strong>Os vasos desta s\u00e9rie est\u00e3o dispon\u00edveis em tr\u00eas tamanhos, pequeno, m\u00e9dio e grande, e podem ser colocados sozinhos ou em combina\u00e7\u00e3o.<\/li>\n\n\n\n<li><strong>Design funcional e decorativo:<\/strong> A abertura do vaso \u00e9 muito adequada para inserir flores frescas e flores secas, integrando formas art\u00edsticas com fun\u00e7\u00f5es di\u00e1rias, e pode melhorar o estilo do espa\u00e7o de vida.<\/li>\n\n\n\n<li><strong>Servi\u00e7o grossista de vasos de cer\u00e2mica:<\/strong> Fornecemos solu\u00e7\u00f5es flex\u00edveis de vasos de cer\u00e2mica por atacado, incluindo a personaliza\u00e7\u00e3o de encomendas a granel, embalagens de oferta amigas do ambiente e apoio \u00e0 entrega global.<\/li>\n<\/ul>\n\n\n\n<h3 class=\"wp-block-heading\">Servi\u00e7o de vasos de cer\u00e2mica personalizados<\/h3>\n\n\n\n<p>Oferecemos servi\u00e7os OEM e ODM para os nossos produtos.<br>Entrega r\u00e1pida de amostras est\u00e1 dispon\u00edvel.<br>Oferecemos uma variedade de formas, cores, impress\u00e3o personalizada, embalagem e outros servi\u00e7os adaptados para satisfazer as suas necessidades espec\u00edficas.<br><a href=\"https:\/\/www.santai-ceramics.com\/pt\/custom\/\" data-type=\"page\" data-id=\"13\" target=\"_blank\" rel=\"noreferrer noopener\"><strong>Saiba mais sobre os pormenores das jarras de cer\u00e2mica personalizadas.<\/strong><\/a><\/p>\n\n\n\n<div class=\"wp-block-columns is-layout-flex wp-container-core-columns-is-layout-9d6595d7 wp-block-columns-is-layout-flex\">\n<div class=\"wp-block-column is-layout-flow wp-block-column-is-layout-flow\">\n<figure class=\"wp-block-image size-full\"><img decoding=\"async\" width=\"1600\" height=\"1333\" src=\"https:\/\/www.santai-ceramics.com\/wp-content\/uploads\/2025\/06\/wholesale-crackle-glaze-ceramic-vases-6.webp\" alt=\"vasos de cer\u00e2mica com esmalte craquelado por atacado (6)\" class=\"wp-image-2998\" srcset=\"https:\/\/www.santai-ceramics.com\/wp-content\/uploads\/2025\/06\/wholesale-crackle-glaze-ceramic-vases-6.webp 1600w, https:\/\/www.santai-ceramics.com\/wp-content\/uploads\/2025\/06\/wholesale-crackle-glaze-ceramic-vases-6-300x250.webp 300w, https:\/\/www.santai-ceramics.com\/wp-content\/uploads\/2025\/06\/wholesale-crackle-glaze-ceramic-vases-6-768x640.webp 768w, https:\/\/www.santai-ceramics.com\/wp-content\/uploads\/2025\/06\/wholesale-crackle-glaze-ceramic-vases-6-14x12.webp 14w, https:\/\/www.santai-ceramics.com\/wp-content\/uploads\/2025\/06\/wholesale-crackle-glaze-ceramic-vases-6-1200x1000.webp 1200w, https:\/\/www.santai-ceramics.com\/wp-content\/uploads\/2025\/06\/wholesale-crackle-glaze-ceramic-vases-6-600x500.webp 600w\" sizes=\"(max-width: 1600px) 100vw, 1600px\" \/><\/figure>\n<\/div>\n\n\n\n<div class=\"wp-block-column is-layout-flow wp-block-column-is-layout-flow\">\n<figure class=\"wp-block-image size-full\"><img decoding=\"async\" width=\"1600\" height=\"1333\" src=\"https:\/\/www.santai-ceramics.com\/wp-content\/uploads\/2025\/06\/wholesale-crackle-glaze-ceramic-vases-7.webp\" alt=\"vasos de cer\u00e2mica com esmalte craquelado por atacado (7)\" class=\"wp-image-2999\" srcset=\"https:\/\/www.santai-ceramics.com\/wp-content\/uploads\/2025\/06\/wholesale-crackle-glaze-ceramic-vases-7.webp 1600w, https:\/\/www.santai-ceramics.com\/wp-content\/uploads\/2025\/06\/wholesale-crackle-glaze-ceramic-vases-7-300x250.webp 300w, https:\/\/www.santai-ceramics.com\/wp-content\/uploads\/2025\/06\/wholesale-crackle-glaze-ceramic-vases-7-768x640.webp 768w, https:\/\/www.santai-ceramics.com\/wp-content\/uploads\/2025\/06\/wholesale-crackle-glaze-ceramic-vases-7-14x12.webp 14w, https:\/\/www.santai-ceramics.com\/wp-content\/uploads\/2025\/06\/wholesale-crackle-glaze-ceramic-vases-7-1200x1000.webp 1200w, https:\/\/www.santai-ceramics.com\/wp-content\/uploads\/2025\/06\/wholesale-crackle-glaze-ceramic-vases-7-600x500.webp 600w\" sizes=\"(max-width: 1600px) 100vw, 1600px\" \/><\/figure>\n<\/div>\n<\/div>\n\n\n\n<div class=\"wp-block-columns is-layout-flex wp-container-core-columns-is-layout-9d6595d7 wp-block-columns-is-layout-flex\">\n<div class=\"wp-block-column is-layout-flow wp-block-column-is-layout-flow\"><\/div>\n\n\n\n<div class=\"wp-block-column is-layout-flow wp-block-column-is-layout-flow\"><\/div>\n<\/div>","protected":false},"excerpt":{"rendered":"<p data-pm-slice=\"0 0 []\">Os vasos de cer\u00e2mica para venda por grosso s\u00e3o feitos de cer\u00e2mica requintada azul-esverdeada e decorados com padr\u00f5es bot\u00e2nicos pintados \u00e0 m\u00e3o, com um aspeto cl\u00e1ssico e elegante, adequados para arranjos florais ou decora\u00e7\u00e3o de interiores. Existem 3 tamanhos \u00e0 escolha: 16,5X24cm, 18X16,5cm, 14X13,5cm. Os compradores B2B s\u00e3o bem-vindos a contactar-nos para obter or\u00e7amentos.<\/p>\n<h2>Especifica\u00e7\u00f5es da Jarra de cer\u00e2mica com esmalte craquelado\u00a0<\/h2>\n<table width=\"1140\">\n<tbody>\n<tr>\n<td width=\"285\">N\u00famero do modelo<\/td>\n<td width=\"285\">A35584-LE25-A01<\/td>\n<td width=\"285\">A35585-LE25-A01<\/td>\n<td width=\"285\">A35585-LE25-A02<\/td>\n<\/tr>\n<tr>\n<td>Nome do produto<\/td>\n<td>Jarra de cer\u00e2mica<\/td>\n<td>Jarra de cer\u00e2mica<\/td>\n<td>Jarra de cer\u00e2mica<\/td>\n<\/tr>\n<tr>\n<td>Cor<\/td>\n<td>Azul<\/td>\n<td>Azul<\/td>\n<td>Azul<\/td>\n<\/tr>\n<tr>\n<td>Material<\/td>\n<td>Cer\u00e2mica\u00a0<\/td>\n<td>Cer\u00e2mica\u00a0<\/td>\n<td>Cer\u00e2mica\u00a0<\/td>\n<\/tr>\n<tr>\n<td>Cen\u00e1rios de utiliza\u00e7\u00e3o<\/td>\n<td>decora\u00e7\u00e3o de casa<\/td>\n<td>decora\u00e7\u00e3o de casa<\/td>\n<td>decora\u00e7\u00e3o de casa<\/td>\n<\/tr>\n<tr>\n<td>Dimens\u00f5es<\/td>\n<td>D:16,5X24cm<\/td>\n<td>D:18X16,5cm<\/td>\n<td>D:14X13,5cm<\/td>\n<\/tr>\n<tr>\n<td>Peso<\/td>\n<td>1,1 kg\/unidade<\/td>\n<td>1,1 kg\/unidade<\/td>\n<td>0,7 kg\/unidade<\/td>\n<\/tr>\n<\/tbody>\n<\/table>","protected":false},"featured_media":2993,"comment_status":"closed","ping_status":"closed","template":"","meta":{"_acf_changed":false},"product_brand":[],"product_cat":[18,22],"product_tag":[],"class_list":{"0":"post-2961","1":"product","2":"type-product","3":"status-publish","4":"has-post-thumbnail","6":"product_cat-home-decor","7":"product_cat-vase","9":"first","10":"instock","11":"shipping-taxable","12":"product-type-simple"},"acf":[],"_links":{"self":[{"href":"https:\/\/www.santai-ceramics.com\/pt\/wp-json\/wp\/v2\/product\/2961","targetHints":{"allow":["GET"]}}],"collection":[{"href":"https:\/\/www.santai-ceramics.com\/pt\/wp-json\/wp\/v2\/product"}],"about":[{"href":"https:\/\/www.santai-ceramics.com\/pt\/wp-json\/wp\/v2\/types\/product"}],"replies":[{"embeddable":true,"href":"https:\/\/www.santai-ceramics.com\/pt\/wp-json\/wp\/v2\/comments?post=2961"}],"wp:featuredmedia":[{"embeddable":true,"href":"https:\/\/www.santai-ceramics.com\/pt\/wp-json\/wp\/v2\/media\/2993"}],"wp:attachment":[{"href":"https:\/\/www.santai-ceramics.com\/pt\/wp-json\/wp\/v2\/media?parent=2961"}],"wp:term":[{"taxonomy":"product_brand","embeddable":true,"href":"https:\/\/www.santai-ceramics.com\/pt\/wp-json\/wp\/v2\/product_brand?post=2961"},{"taxonomy":"product_cat","embeddable":true,"href":"https:\/\/www.santai-ceramics.com\/pt\/wp-json\/wp\/v2\/product_cat?post=2961"},{"taxonomy":"product_tag","embeddable":true,"href":"https:\/\/www.santai-ceramics.com\/pt\/wp-json\/wp\/v2\/product_tag?post=2961"}],"curies":[{"name":"wp","href":"https:\/\/api.w.org\/{rel}","templated":true}]}}