{"id":2963,"date":"2025-06-15T06:41:00","date_gmt":"2025-06-15T06:41:00","guid":{"rendered":"https:\/\/www.santai-ceramics.com\/?post_type=product&#038;p=2963"},"modified":"2025-07-01T14:40:55","modified_gmt":"2025-07-01T14:40:55","slug":"wholesale-chinese-green-flower-vases","status":"publish","type":"product","link":"https:\/\/www.santai-ceramics.com\/pt\/product\/wholesale-chinese-green-flower-vases\/","title":{"rendered":"Vasos de flores cl\u00e1ssicos por atacado, vasos verdes chineses a granel com padr\u00e3o"},"content":{"rendered":"<h3 class=\"wp-block-heading\">Carater\u00edsticas do vaso verde chin\u00eas cl\u00e1ssico<\/h3>\n\n\n\n<ul class=\"wp-block-list\">\n<li><strong>Design est\u00e9tico oriental: <\/strong>O design desta jarra \u00e9 inspirado no artesanato tradicional de celadon, combinando uma silhueta em forma de l\u00e1grima com padr\u00f5es florais e de vinhas em relevo.<\/li>\n\n\n\n<li><strong>Esmalte celadon exclusivo: <\/strong>O corpo do vaso \u00e9 revestido com um esmalte celadon especialmente misturado, que \u00e9 macio, cristalino e brilhante, tal como o jade.<\/li>\n\n\n\n<li><strong>Padr\u00f5es florais requintados:<\/strong> Cada vaso apresenta um padr\u00e3o floral pintado \u00e0 m\u00e3o e as texturas delicadas ganham vida sob a luz e a sombra.<\/li>\n\n\n\n<li><strong>V\u00e1rios tamanhos: <\/strong>Os vasos de flores por grosso est\u00e3o dispon\u00edveis em tamanhos pequenos, m\u00e9dios e grandes e podem ser expostos individualmente ou em conjunto, adequados para colocar em mesas, entradas e salas de estudo.<\/li>\n\n\n\n<li><strong>Servi\u00e7o grossista: <\/strong>A SANTAI fornece vasos de flores por atacado, incluindo estilos ricos, v\u00e1rias cores e op\u00e7\u00f5es de tamanho, e suporta servi\u00e7os de personaliza\u00e7\u00e3o OEM\/ODM.<\/li>\n<\/ul>\n\n\n\n<h3 class=\"wp-block-heading\">Servi\u00e7o de vasos de cer\u00e2mica personalizados<\/h3>\n\n\n\n<p>Oferecemos servi\u00e7os OEM e ODM para os nossos produtos.<br>Entrega r\u00e1pida de amostras est\u00e1 dispon\u00edvel.<br>Oferecemos uma variedade de formas, cores, impress\u00e3o personalizada, embalagem e outros servi\u00e7os adaptados para satisfazer as suas necessidades espec\u00edficas.<br><a href=\"https:\/\/www.santai-ceramics.com\/pt\/custom\/\" data-type=\"page\" data-id=\"13\" target=\"_blank\" rel=\"noreferrer noopener\"><strong>Saiba mais sobre os pormenores das jarras de cer\u00e2mica personalizadas.<\/strong><\/a><\/p>\n\n\n\n<div class=\"wp-block-columns is-layout-flex wp-container-core-columns-is-layout-9d6595d7 wp-block-columns-is-layout-flex\">\n<div class=\"wp-block-column is-layout-flow wp-block-column-is-layout-flow\">\n<figure class=\"wp-block-image size-full\"><img decoding=\"async\" width=\"2835\" height=\"2362\" src=\"https:\/\/www.santai-ceramics.com\/wp-content\/uploads\/2025\/06\/wholesale-classical-Chinese-vase-5.webp\" alt=\"vaso chin\u00eas cl\u00e1ssico por atacado (5)\" class=\"wp-image-2975\" srcset=\"https:\/\/www.santai-ceramics.com\/wp-content\/uploads\/2025\/06\/wholesale-classical-Chinese-vase-5.webp 2835w, https:\/\/www.santai-ceramics.com\/wp-content\/uploads\/2025\/06\/wholesale-classical-Chinese-vase-5-300x250.webp 300w, https:\/\/www.santai-ceramics.com\/wp-content\/uploads\/2025\/06\/wholesale-classical-Chinese-vase-5-768x640.webp 768w, https:\/\/www.santai-ceramics.com\/wp-content\/uploads\/2025\/06\/wholesale-classical-Chinese-vase-5-14x12.webp 14w, https:\/\/www.santai-ceramics.com\/wp-content\/uploads\/2025\/06\/wholesale-classical-Chinese-vase-5-1200x1000.webp 1200w, https:\/\/www.santai-ceramics.com\/wp-content\/uploads\/2025\/06\/wholesale-classical-Chinese-vase-5-600x500.webp 600w\" sizes=\"(max-width: 2835px) 100vw, 2835px\" \/><\/figure>\n<\/div>\n\n\n\n<div class=\"wp-block-column is-layout-flow wp-block-column-is-layout-flow\">\n<figure class=\"wp-block-image size-full\"><img decoding=\"async\" width=\"1600\" height=\"1333\" src=\"https:\/\/www.santai-ceramics.com\/wp-content\/uploads\/2025\/06\/wholesale-classical-Chinese-vase-6.webp\" alt=\"vaso chin\u00eas cl\u00e1ssico por atacado (6)\" class=\"wp-image-2976\" srcset=\"https:\/\/www.santai-ceramics.com\/wp-content\/uploads\/2025\/06\/wholesale-classical-Chinese-vase-6.webp 1600w, https:\/\/www.santai-ceramics.com\/wp-content\/uploads\/2025\/06\/wholesale-classical-Chinese-vase-6-300x250.webp 300w, https:\/\/www.santai-ceramics.com\/wp-content\/uploads\/2025\/06\/wholesale-classical-Chinese-vase-6-768x640.webp 768w, https:\/\/www.santai-ceramics.com\/wp-content\/uploads\/2025\/06\/wholesale-classical-Chinese-vase-6-14x12.webp 14w, https:\/\/www.santai-ceramics.com\/wp-content\/uploads\/2025\/06\/wholesale-classical-Chinese-vase-6-1200x1000.webp 1200w, https:\/\/www.santai-ceramics.com\/wp-content\/uploads\/2025\/06\/wholesale-classical-Chinese-vase-6-600x500.webp 600w\" sizes=\"(max-width: 1600px) 100vw, 1600px\" \/><\/figure>\n<\/div>\n<\/div>\n\n\n\n<div class=\"wp-block-columns is-layout-flex wp-container-core-columns-is-layout-9d6595d7 wp-block-columns-is-layout-flex\">\n<div class=\"wp-block-column is-layout-flow wp-block-column-is-layout-flow\"><\/div>\n\n\n\n<div class=\"wp-block-column is-layout-flow wp-block-column-is-layout-flow\"><\/div>\n<\/div>","protected":false},"excerpt":{"rendered":"<p data-pm-slice=\"0 0 []\">Vasos de cer\u00e2mica cl\u00e1ssica por atacado. Inspirada no artesanato tradicional de celadon, esta s\u00e9rie de vasos de flores \u00e9 feita \u00e0 m\u00e3o com motivos florais, combinando na perfei\u00e7\u00e3o a eleg\u00e2ncia oriental com a simplicidade moderna. Estes vasos est\u00e3o dispon\u00edveis em tr\u00eas tamanhos. Perfeito para retalhistas, fornecedores de presentes, decoradores de interiores que procuram arte em cer\u00e2mica a granel. Contacte-nos para um or\u00e7amento.<\/p>\n<h2>Especifica\u00e7\u00e3o do Vaso verde chin\u00eas cl\u00e1ssico<\/h2>\n<table width=\"1140\">\n<tbody>\n<tr>\n<td width=\"285\">N\u00famero do modelo<\/td>\n<td width=\"285\">A33200-LE25-A02<\/td>\n<td width=\"285\">A33200-LE25-A03<\/td>\n<td width=\"285\">A33200-LE25-A01<\/td>\n<\/tr>\n<tr>\n<td>Nome do produto<\/td>\n<td>Jarra de cer\u00e2mica<\/td>\n<td>Jarra de cer\u00e2mica<\/td>\n<td>Jarra de cer\u00e2mica<\/td>\n<\/tr>\n<tr>\n<td>Cor<\/td>\n<td>Azul<\/td>\n<td>Azul<\/td>\n<td>Azul<\/td>\n<\/tr>\n<tr>\n<td>Material<\/td>\n<td>Cer\u00e2mica\u00a0<\/td>\n<td>Cer\u00e2mica\u00a0<\/td>\n<td>Cer\u00e2mica\u00a0<\/td>\n<\/tr>\n<tr>\n<td>Cen\u00e1rios de utiliza\u00e7\u00e3o<\/td>\n<td>decora\u00e7\u00e3o de casa<\/td>\n<td>decora\u00e7\u00e3o de casa<\/td>\n<td>decora\u00e7\u00e3o de casa<\/td>\n<\/tr>\n<tr>\n<td>Dimens\u00f5es<\/td>\n<td>D:19,5X26cm<\/td>\n<td>D:15X20cm<\/td>\n<td>D:10X14,5cm<\/td>\n<\/tr>\n<tr>\n<td>Peso<\/td>\n<td>2.5kg\/pc<\/td>\n<td>1,3 kg\/unidade<\/td>\n<td>0,5 kg\/unidade<\/td>\n<\/tr>\n<\/tbody>\n<\/table>","protected":false},"featured_media":2971,"comment_status":"closed","ping_status":"closed","template":"","meta":{"_acf_changed":false},"product_brand":[],"product_cat":[18,22],"product_tag":[],"class_list":{"0":"post-2963","1":"product","2":"type-product","3":"status-publish","4":"has-post-thumbnail","6":"product_cat-home-decor","7":"product_cat-vase","9":"first","10":"instock","11":"shipping-taxable","12":"product-type-simple"},"acf":[],"_links":{"self":[{"href":"https:\/\/www.santai-ceramics.com\/pt\/wp-json\/wp\/v2\/product\/2963","targetHints":{"allow":["GET"]}}],"collection":[{"href":"https:\/\/www.santai-ceramics.com\/pt\/wp-json\/wp\/v2\/product"}],"about":[{"href":"https:\/\/www.santai-ceramics.com\/pt\/wp-json\/wp\/v2\/types\/product"}],"replies":[{"embeddable":true,"href":"https:\/\/www.santai-ceramics.com\/pt\/wp-json\/wp\/v2\/comments?post=2963"}],"wp:featuredmedia":[{"embeddable":true,"href":"https:\/\/www.santai-ceramics.com\/pt\/wp-json\/wp\/v2\/media\/2971"}],"wp:attachment":[{"href":"https:\/\/www.santai-ceramics.com\/pt\/wp-json\/wp\/v2\/media?parent=2963"}],"wp:term":[{"taxonomy":"product_brand","embeddable":true,"href":"https:\/\/www.santai-ceramics.com\/pt\/wp-json\/wp\/v2\/product_brand?post=2963"},{"taxonomy":"product_cat","embeddable":true,"href":"https:\/\/www.santai-ceramics.com\/pt\/wp-json\/wp\/v2\/product_cat?post=2963"},{"taxonomy":"product_tag","embeddable":true,"href":"https:\/\/www.santai-ceramics.com\/pt\/wp-json\/wp\/v2\/product_tag?post=2963"}],"curies":[{"name":"wp","href":"https:\/\/api.w.org\/{rel}","templated":true}]}}