{"id":2964,"date":"2025-06-15T03:25:06","date_gmt":"2025-06-15T03:25:06","guid":{"rendered":"https:\/\/www.santai-ceramics.com\/?post_type=product&#038;p=2964"},"modified":"2025-08-11T09:57:34","modified_gmt":"2025-08-11T09:57:34","slug":"wholesale-tall-celadon-ceramic-vases","status":"publish","type":"product","link":"https:\/\/www.santai-ceramics.com\/pt\/product\/wholesale-tall-celadon-ceramic-vases\/","title":{"rendered":"Vasos altos de cer\u00e2mica por atacado a granel - Vasos altos de cer\u00e2mica Celadon"},"content":{"rendered":"<h3 class=\"wp-block-heading\">Carater\u00edsticas dos vasos altos de cer\u00e2mica Celadon<\/h3>\n\n\n\n<ul class=\"wp-block-list\">\n<li><strong>Forma elegante e esguia: <\/strong>Este conjunto de jarras tem uma forma delicada e esguia, com um pesco\u00e7o fino e uma boca ligeiramente alargada, apresentando curvas suaves e elegantes.<\/li>\n\n\n\n<li><strong>Esmalte Celadon Crackle:<\/strong> Estas delicadas texturas \"ice crackle\" mudam subtilmente com o tempo, criando um padr\u00e3o \u00fanico de \"padr\u00e3o solar\". A tonalidade verde aparece mais escura ou mais clara com diferentes tipos de luz.<\/li>\n\n\n\n<li><strong>Concebido para hastes florais delgadas:<\/strong> Com o seu gargalo alto e estreito, esta jarra \u00e9 perfeita para inserir flores de caule longo, permitindo que cada caule se mantenha graciosamente.<\/li>\n\n\n\n<li><strong>Servi\u00e7o grossista de vasos de cer\u00e2mica: <\/strong>Oferecemos servi\u00e7os flex\u00edveis de encomenda de vasos a granel e solu\u00e7\u00f5es de embalagem export\u00e1veis, perfeitas para projectos de design de interiores, retalhistas de decora\u00e7\u00e3o de interiores e fornecedores de flores.<\/li>\n<\/ul>\n\n\n\n<h3 class=\"wp-block-heading\">Servi\u00e7o de vasos de cer\u00e2mica personalizados<\/h3>\n\n\n\n<p>Oferecemos servi\u00e7os OEM e ODM para os nossos produtos.<br>Entrega r\u00e1pida de amostras est\u00e1 dispon\u00edvel.<br>Oferecemos uma variedade de formas, cores, impress\u00e3o personalizada, embalagem e outros servi\u00e7os adaptados para satisfazer as suas necessidades espec\u00edficas.<br><a href=\"https:\/\/www.santai-ceramics.com\/pt\/custom\/\" data-type=\"page\" data-id=\"13\" target=\"_blank\" rel=\"noreferrer noopener\"><strong>Saiba mais sobre os pormenores das jarras de cer\u00e2mica personalizadas.<\/strong><\/a><\/p>\n\n\n\n<div class=\"wp-block-columns is-layout-flex wp-container-core-columns-is-layout-9d6595d7 wp-block-columns-is-layout-flex\">\n<div class=\"wp-block-column is-layout-flow wp-block-column-is-layout-flow\">\n<figure class=\"wp-block-image size-full\"><img decoding=\"async\" width=\"1600\" height=\"1333\" src=\"https:\/\/www.santai-ceramics.com\/wp-content\/uploads\/2025\/06\/wholesale-tall-celadon-ceramic-vases-4.webp\" alt=\"vasos altos de cer\u00e2mica celadon por atacado (4)\" class=\"wp-image-3023\" srcset=\"https:\/\/www.santai-ceramics.com\/wp-content\/uploads\/2025\/06\/wholesale-tall-celadon-ceramic-vases-4.webp 1600w, https:\/\/www.santai-ceramics.com\/wp-content\/uploads\/2025\/06\/wholesale-tall-celadon-ceramic-vases-4-300x250.webp 300w, https:\/\/www.santai-ceramics.com\/wp-content\/uploads\/2025\/06\/wholesale-tall-celadon-ceramic-vases-4-768x640.webp 768w, https:\/\/www.santai-ceramics.com\/wp-content\/uploads\/2025\/06\/wholesale-tall-celadon-ceramic-vases-4-14x12.webp 14w, https:\/\/www.santai-ceramics.com\/wp-content\/uploads\/2025\/06\/wholesale-tall-celadon-ceramic-vases-4-1200x1000.webp 1200w, https:\/\/www.santai-ceramics.com\/wp-content\/uploads\/2025\/06\/wholesale-tall-celadon-ceramic-vases-4-600x500.webp 600w\" sizes=\"(max-width: 1600px) 100vw, 1600px\" \/><\/figure>\n<\/div>\n\n\n\n<div class=\"wp-block-column is-layout-flow wp-block-column-is-layout-flow\">\n<figure class=\"wp-block-image size-full\"><img decoding=\"async\" width=\"1600\" height=\"1333\" src=\"https:\/\/www.santai-ceramics.com\/wp-content\/uploads\/2025\/06\/wholesale-tall-celadon-ceramic-vases-5.webp\" alt=\"vasos altos de cer\u00e2mica celadon por atacado (5)\" class=\"wp-image-3024\" srcset=\"https:\/\/www.santai-ceramics.com\/wp-content\/uploads\/2025\/06\/wholesale-tall-celadon-ceramic-vases-5.webp 1600w, https:\/\/www.santai-ceramics.com\/wp-content\/uploads\/2025\/06\/wholesale-tall-celadon-ceramic-vases-5-300x250.webp 300w, https:\/\/www.santai-ceramics.com\/wp-content\/uploads\/2025\/06\/wholesale-tall-celadon-ceramic-vases-5-768x640.webp 768w, https:\/\/www.santai-ceramics.com\/wp-content\/uploads\/2025\/06\/wholesale-tall-celadon-ceramic-vases-5-14x12.webp 14w, https:\/\/www.santai-ceramics.com\/wp-content\/uploads\/2025\/06\/wholesale-tall-celadon-ceramic-vases-5-1200x1000.webp 1200w, https:\/\/www.santai-ceramics.com\/wp-content\/uploads\/2025\/06\/wholesale-tall-celadon-ceramic-vases-5-600x500.webp 600w\" sizes=\"(max-width: 1600px) 100vw, 1600px\" \/><\/figure>\n<\/div>\n<\/div>","protected":false},"excerpt":{"rendered":"<p data-pm-slice=\"0 0 []\">Vasos altos de cer\u00e2mica por grosso. Os vasos altos de cer\u00e2mica celadon s\u00e3o lindamente proporcionados e afunilam para um pesco\u00e7o em forma de trombeta, complementando hastes de flores delgadas e interiores minimalistas. Adequados para retalhistas de decora\u00e7\u00e3o de interiores, retalhistas de presentes e compras a granel. Contacte-nos para obter um or\u00e7amento.<\/p>\n<h2>Especifica\u00e7\u00f5es de Vasos altos de cer\u00e2mica<\/h2>\n<table width=\"855\">\n<tbody>\n<tr>\n<td width=\"285\">N\u00famero do modelo<\/td>\n<td width=\"285\">A37694-LE25-A01<\/td>\n<td width=\"285\">A37694-LE25-A02<\/td>\n<\/tr>\n<tr>\n<td>Nome do produto<\/td>\n<td>Pote de cer\u00e2mica<\/td>\n<td>Pote de cer\u00e2mica<\/td>\n<\/tr>\n<tr>\n<td>Cor<\/td>\n<td>Azul<\/td>\n<td>Azul<\/td>\n<\/tr>\n<tr>\n<td>Material<\/td>\n<td>Cer\u00e2mica\u00a0<\/td>\n<td>Cer\u00e2mica\u00a0<\/td>\n<\/tr>\n<tr>\n<td>Cen\u00e1rios de utiliza\u00e7\u00e3o<\/td>\n<td>decora\u00e7\u00e3o de casa<\/td>\n<td>decora\u00e7\u00e3o de casa<\/td>\n<\/tr>\n<tr>\n<td>Dimens\u00f5es<\/td>\n<td>D:16X42,5cm<\/td>\n<td>D:13,5X37cm<\/td>\n<\/tr>\n<tr>\n<td>Peso<\/td>\n<td>2,2 kg\/unidade<\/td>\n<td>1,7 kg\/unidade<\/td>\n<\/tr>\n<\/tbody>\n<\/table>","protected":false},"featured_media":3020,"comment_status":"closed","ping_status":"closed","template":"","meta":{"_acf_changed":false},"product_brand":[],"product_cat":[18,22],"product_tag":[],"class_list":{"0":"post-2964","1":"product","2":"type-product","3":"status-publish","4":"has-post-thumbnail","6":"product_cat-home-decor","7":"product_cat-vase","9":"first","10":"instock","11":"shipping-taxable","12":"product-type-simple"},"acf":[],"_links":{"self":[{"href":"https:\/\/www.santai-ceramics.com\/pt\/wp-json\/wp\/v2\/product\/2964","targetHints":{"allow":["GET"]}}],"collection":[{"href":"https:\/\/www.santai-ceramics.com\/pt\/wp-json\/wp\/v2\/product"}],"about":[{"href":"https:\/\/www.santai-ceramics.com\/pt\/wp-json\/wp\/v2\/types\/product"}],"replies":[{"embeddable":true,"href":"https:\/\/www.santai-ceramics.com\/pt\/wp-json\/wp\/v2\/comments?post=2964"}],"wp:featuredmedia":[{"embeddable":true,"href":"https:\/\/www.santai-ceramics.com\/pt\/wp-json\/wp\/v2\/media\/3020"}],"wp:attachment":[{"href":"https:\/\/www.santai-ceramics.com\/pt\/wp-json\/wp\/v2\/media?parent=2964"}],"wp:term":[{"taxonomy":"product_brand","embeddable":true,"href":"https:\/\/www.santai-ceramics.com\/pt\/wp-json\/wp\/v2\/product_brand?post=2964"},{"taxonomy":"product_cat","embeddable":true,"href":"https:\/\/www.santai-ceramics.com\/pt\/wp-json\/wp\/v2\/product_cat?post=2964"},{"taxonomy":"product_tag","embeddable":true,"href":"https:\/\/www.santai-ceramics.com\/pt\/wp-json\/wp\/v2\/product_tag?post=2964"}],"curies":[{"name":"wp","href":"https:\/\/api.w.org\/{rel}","templated":true}]}}