{"id":2967,"date":"2025-06-15T01:22:13","date_gmt":"2025-06-15T01:22:13","guid":{"rendered":"https:\/\/www.santai-ceramics.com\/?post_type=product&#038;p=2967"},"modified":"2025-07-02T01:32:52","modified_gmt":"2025-07-02T01:32:52","slug":"wholesale-elegant-chinese-celadon-vases","status":"publish","type":"product","link":"https:\/\/www.santai-ceramics.com\/pt\/product\/wholesale-elegant-chinese-celadon-vases\/","title":{"rendered":"Vasos de flores por atacado a granel - Vaso elegante de celadon chin\u00eas"},"content":{"rendered":"<h3 class=\"wp-block-heading\">Carater\u00edsticas do Vaso de Celadon Chin\u00eas<\/h3>\n\n\n\n<ul class=\"wp-block-list\">\n<li><strong>Perfil cl\u00e1ssico em forma de l\u00e1grima:<\/strong> O vaso em celadon tem uma bela forma de l\u00e1grima, estreito na parte superior e largo na parte inferior, adequado para arranjos florais e como decora\u00e7\u00e3o aut\u00f3noma.<\/li>\n\n\n\n<li><strong>Esmalte celadon de assinatura: <\/strong>O vaso celadon utiliza um esmalte especial de base verde claro com fendas finas e a p\u00e1tina natural esbranqui\u00e7ada na boca confere um encanto retro.<\/li>\n\n\n\n<li><strong>Arranjar flores: <\/strong>O di\u00e2metro do vaso pode acomodar uma variedade de flores, como hort\u00eansias e rosas, apresentando um melhor efeito decorativo.<\/li>\n\n\n\n<li><strong>Combina\u00e7\u00e3o vers\u00e1til para interiores: <\/strong>O tom suave de celadon complementa cores claras e tons de mobili\u00e1rio, e combina perfeitamente com o estilo est\u00e9tico de casas de ch\u00e1 chinesas, espa\u00e7os de vida n\u00f3rdicos e restaurantes ocidentais.<\/li>\n\n\n\n<li><strong>Servi\u00e7o grossista de vasos:<\/strong> A SANTAI fornece um servi\u00e7o grossista de vasos, proporcionando embalagens seguras e ecol\u00f3gicas para garantir que os produtos s\u00e3o entregues a tempo.<\/li>\n<\/ul>\n\n\n\n<div class=\"wp-block-columns is-layout-flex wp-container-core-columns-is-layout-9d6595d7 wp-block-columns-is-layout-flex\">\n<div class=\"wp-block-column is-layout-flow wp-block-column-is-layout-flow\">\n<figure class=\"wp-block-image size-full\"><img decoding=\"async\" width=\"1600\" height=\"1333\" src=\"https:\/\/www.santai-ceramics.com\/wp-content\/uploads\/2025\/06\/wholesale-chinese-celadon-vase\u200b-5.webp\" alt=\"vaso de celadon chin\u00eas por atacado (5)\" class=\"wp-image-2989\" srcset=\"https:\/\/www.santai-ceramics.com\/wp-content\/uploads\/2025\/06\/wholesale-chinese-celadon-vase\u200b-5.webp 1600w, https:\/\/www.santai-ceramics.com\/wp-content\/uploads\/2025\/06\/wholesale-chinese-celadon-vase\u200b-5-300x250.webp 300w, https:\/\/www.santai-ceramics.com\/wp-content\/uploads\/2025\/06\/wholesale-chinese-celadon-vase\u200b-5-768x640.webp 768w, https:\/\/www.santai-ceramics.com\/wp-content\/uploads\/2025\/06\/wholesale-chinese-celadon-vase\u200b-5-14x12.webp 14w, https:\/\/www.santai-ceramics.com\/wp-content\/uploads\/2025\/06\/wholesale-chinese-celadon-vase\u200b-5-1200x1000.webp 1200w, https:\/\/www.santai-ceramics.com\/wp-content\/uploads\/2025\/06\/wholesale-chinese-celadon-vase\u200b-5-600x500.webp 600w\" sizes=\"(max-width: 1600px) 100vw, 1600px\" \/><\/figure>\n<\/div>\n\n\n\n<div class=\"wp-block-column is-layout-flow wp-block-column-is-layout-flow\">\n<figure class=\"wp-block-image size-full\"><img decoding=\"async\" width=\"1600\" height=\"1333\" src=\"https:\/\/www.santai-ceramics.com\/wp-content\/uploads\/2025\/06\/wholesale-chinese-celadon-vase\u200b-6.webp\" alt=\"vaso de celadon chin\u00eas por atacado (6)\" class=\"wp-image-2990\" srcset=\"https:\/\/www.santai-ceramics.com\/wp-content\/uploads\/2025\/06\/wholesale-chinese-celadon-vase\u200b-6.webp 1600w, https:\/\/www.santai-ceramics.com\/wp-content\/uploads\/2025\/06\/wholesale-chinese-celadon-vase\u200b-6-300x250.webp 300w, https:\/\/www.santai-ceramics.com\/wp-content\/uploads\/2025\/06\/wholesale-chinese-celadon-vase\u200b-6-768x640.webp 768w, https:\/\/www.santai-ceramics.com\/wp-content\/uploads\/2025\/06\/wholesale-chinese-celadon-vase\u200b-6-14x12.webp 14w, https:\/\/www.santai-ceramics.com\/wp-content\/uploads\/2025\/06\/wholesale-chinese-celadon-vase\u200b-6-1200x1000.webp 1200w, https:\/\/www.santai-ceramics.com\/wp-content\/uploads\/2025\/06\/wholesale-chinese-celadon-vase\u200b-6-600x500.webp 600w\" sizes=\"(max-width: 1600px) 100vw, 1600px\" \/><\/figure>\n<\/div>\n<\/div>\n\n\n\n<h3 class=\"wp-block-heading\">Servi\u00e7o de vasos de cer\u00e2mica personalizados<\/h3>\n\n\n\n<p>Oferecemos servi\u00e7os OEM e ODM para os nossos produtos.<br>Entrega r\u00e1pida de amostras est\u00e1 dispon\u00edvel.<br>Oferecemos uma variedade de formas, cores, impress\u00e3o personalizada, embalagem e outros servi\u00e7os adaptados para satisfazer as suas necessidades espec\u00edficas.<br><a href=\"https:\/\/www.santai-ceramics.com\/pt\/custom\/\" data-type=\"page\" data-id=\"13\" target=\"_blank\" rel=\"noreferrer noopener\"><strong>Saiba mais sobre os pormenores das jarras de cer\u00e2mica personalizadas.<\/strong><\/a><\/p>\n\n\n\n<div class=\"wp-block-columns is-layout-flex wp-container-core-columns-is-layout-9d6595d7 wp-block-columns-is-layout-flex\">\n<div class=\"wp-block-column is-layout-flow wp-block-column-is-layout-flow\"><\/div>\n\n\n\n<div class=\"wp-block-column is-layout-flow wp-block-column-is-layout-flow\"><\/div>\n<\/div>","protected":false},"excerpt":{"rendered":"<p data-pm-slice=\"0 0 []\">vasos de flores cl\u00e1ssicas chinesas por atacado a granel. O vaso celadon apresenta uma elegante forma de l\u00e1grima combinada com um esmalte verde suave, dando-lhe uma apar\u00eancia elegante que \u00e9 perfeita para decora\u00e7\u00e3o de interiores sofisticada, arranjos de flores de estilo natural e colec\u00e7\u00f5es de presentes culturais. As compras a granel s\u00e3o bem-vindas, contacte-nos para obter um or\u00e7amento.<\/p>\n<h2>Especifica\u00e7\u00e3o do Vaso elegante de celadon chin\u00eas\u00a0<\/h2>\n<table width=\"855\">\n<tbody>\n<tr>\n<td width=\"285\">N\u00famero do modelo<\/td>\n<td width=\"285\">A35378-LE25-A01<\/td>\n<td width=\"285\">A35378-LE25-A02<\/td>\n<\/tr>\n<tr>\n<td>Nome do produto<\/td>\n<td>Jarra de cer\u00e2mica<\/td>\n<td>Jarra de cer\u00e2mica<\/td>\n<\/tr>\n<tr>\n<td>Cor<\/td>\n<td>Azul<\/td>\n<td>Azul<\/td>\n<\/tr>\n<tr>\n<td>Material<\/td>\n<td>Cer\u00e2mica\u00a0<\/td>\n<td>Cer\u00e2mica\u00a0<\/td>\n<\/tr>\n<tr>\n<td>Cen\u00e1rios de utiliza\u00e7\u00e3o<\/td>\n<td>decora\u00e7\u00e3o de casa<\/td>\n<td>decora\u00e7\u00e3o de casa<\/td>\n<\/tr>\n<tr>\n<td>Dimens\u00f5es<\/td>\n<td>D:17,5X22,5cm<\/td>\n<td>D:14,5X18cm<\/td>\n<\/tr>\n<tr>\n<td>Peso<\/td>\n<td>1kg\/pc<\/td>\n<td>0,7 kg\/unidade<\/td>\n<\/tr>\n<\/tbody>\n<\/table>","protected":false},"featured_media":2985,"comment_status":"closed","ping_status":"closed","template":"","meta":{"_acf_changed":false},"product_brand":[],"product_cat":[18,22],"product_tag":[],"class_list":{"0":"post-2967","1":"product","2":"type-product","3":"status-publish","4":"has-post-thumbnail","6":"product_cat-home-decor","7":"product_cat-vase","9":"first","10":"instock","11":"shipping-taxable","12":"product-type-simple"},"acf":[],"_links":{"self":[{"href":"https:\/\/www.santai-ceramics.com\/pt\/wp-json\/wp\/v2\/product\/2967","targetHints":{"allow":["GET"]}}],"collection":[{"href":"https:\/\/www.santai-ceramics.com\/pt\/wp-json\/wp\/v2\/product"}],"about":[{"href":"https:\/\/www.santai-ceramics.com\/pt\/wp-json\/wp\/v2\/types\/product"}],"replies":[{"embeddable":true,"href":"https:\/\/www.santai-ceramics.com\/pt\/wp-json\/wp\/v2\/comments?post=2967"}],"wp:featuredmedia":[{"embeddable":true,"href":"https:\/\/www.santai-ceramics.com\/pt\/wp-json\/wp\/v2\/media\/2985"}],"wp:attachment":[{"href":"https:\/\/www.santai-ceramics.com\/pt\/wp-json\/wp\/v2\/media?parent=2967"}],"wp:term":[{"taxonomy":"product_brand","embeddable":true,"href":"https:\/\/www.santai-ceramics.com\/pt\/wp-json\/wp\/v2\/product_brand?post=2967"},{"taxonomy":"product_cat","embeddable":true,"href":"https:\/\/www.santai-ceramics.com\/pt\/wp-json\/wp\/v2\/product_cat?post=2967"},{"taxonomy":"product_tag","embeddable":true,"href":"https:\/\/www.santai-ceramics.com\/pt\/wp-json\/wp\/v2\/product_tag?post=2967"}],"curies":[{"name":"wp","href":"https:\/\/api.w.org\/{rel}","templated":true}]}}