{"id":3085,"date":"2025-07-22T15:02:30","date_gmt":"2025-07-22T15:02:30","guid":{"rendered":"https:\/\/www.santai-ceramics.com\/?post_type=product&#038;p=3085"},"modified":"2025-07-22T15:14:16","modified_gmt":"2025-07-22T15:14:16","slug":"wholesale-cracked-glaze-ceramic-vases-with-dual-handles","status":"publish","type":"product","link":"https:\/\/www.santai-ceramics.com\/pt\/product\/wholesale-cracked-glaze-ceramic-vases-with-dual-handles\/","title":{"rendered":"Vaso de cer\u00e2mica por atacado com pegas duplas - Vasos de cer\u00e2mica com esmalte rachado"},"content":{"rendered":"<h3 class=\"wp-block-heading\">Carater\u00edsticas das jarras de cer\u00e2mica com pegas duplas<\/h3>\n\n\n\n<ul class=\"wp-block-list\">\n<li><strong>Design de pega dupla:<\/strong> O design de pega dupla torna a jarra n\u00e3o s\u00f3 pr\u00e1tica, mas tamb\u00e9m bonita. \u00c9 f\u00e1cil de mover e colocar, e tamb\u00e9m d\u00e1 ao vaso uma forma mais \u00fanica.<br><\/li>\n\n\n\n<li><strong>Material cer\u00e2mico de alta qualidade: <\/strong>Os vasos de cer\u00e2mica por atacado s\u00e3o feitos de cer\u00e2mica de alta qualidade, o que garante a robustez e a durabilidade do vaso e pode suportar o desgaste da utiliza\u00e7\u00e3o di\u00e1ria. <br>O processo de cozedura a alta temperatura garante a singularidade e a estabilidade do efeito do esmalte crepitante.<br><\/li>\n\n\n\n<li><strong>Vantagens da compra a granel:<\/strong> Como fornecedor de vasos de cer\u00e2mica a granel, fornecemos servi\u00e7os flex\u00edveis de personaliza\u00e7\u00e3o por atacado, adequados para lojas de decora\u00e7\u00e3o para casa, boutiques de presentes e outras necessidades de compra a granel.<\/li>\n<\/ul>\n\n\n\n<h3 class=\"wp-block-heading\">Servi\u00e7o de vasos de cer\u00e2mica personalizados<\/h3>\n\n\n\n<p>Oferecemos servi\u00e7os OEM e ODM para os nossos produtos.<br>Entrega r\u00e1pida de amostras est\u00e1 dispon\u00edvel.<br>Oferecemos uma variedade de formas, cores, impress\u00e3o personalizada, embalagem e outros servi\u00e7os adaptados para satisfazer as suas necessidades espec\u00edficas.<br><a href=\"https:\/\/www.santai-ceramics.com\/pt\/custom\/\" data-type=\"page\" data-id=\"13\" target=\"_blank\" rel=\"noreferrer noopener\"><strong>Saiba mais sobre os pormenores dos vasos de cer\u00e2mica personalizados.<\/strong><\/a><\/p>\n\n\n\n<div class=\"wp-block-columns is-layout-flex wp-container-core-columns-is-layout-9d6595d7 wp-block-columns-is-layout-flex\">\n<div class=\"wp-block-column is-layout-flow wp-block-column-is-layout-flow\">\n<figure class=\"wp-block-image size-full\"><img decoding=\"async\" width=\"2960\" height=\"2467\" src=\"https:\/\/www.santai-ceramics.com\/wp-content\/uploads\/2025\/07\/Wholesale-Ceramic-Vase-with-Dual-Handles.webp\" alt=\"\" class=\"wp-image-3189\" srcset=\"https:\/\/www.santai-ceramics.com\/wp-content\/uploads\/2025\/07\/Wholesale-Ceramic-Vase-with-Dual-Handles.webp 2960w, https:\/\/www.santai-ceramics.com\/wp-content\/uploads\/2025\/07\/Wholesale-Ceramic-Vase-with-Dual-Handles-300x250.webp 300w, https:\/\/www.santai-ceramics.com\/wp-content\/uploads\/2025\/07\/Wholesale-Ceramic-Vase-with-Dual-Handles-768x640.webp 768w, https:\/\/www.santai-ceramics.com\/wp-content\/uploads\/2025\/07\/Wholesale-Ceramic-Vase-with-Dual-Handles-14x12.webp 14w, https:\/\/www.santai-ceramics.com\/wp-content\/uploads\/2025\/07\/Wholesale-Ceramic-Vase-with-Dual-Handles-1200x1000.webp 1200w, https:\/\/www.santai-ceramics.com\/wp-content\/uploads\/2025\/07\/Wholesale-Ceramic-Vase-with-Dual-Handles-600x500.webp 600w\" sizes=\"(max-width: 2960px) 100vw, 2960px\" \/><\/figure>\n<\/div>\n\n\n\n<div class=\"wp-block-column is-layout-flow wp-block-column-is-layout-flow\">\n<figure class=\"wp-block-image size-full\"><img decoding=\"async\" width=\"2874\" height=\"2396\" src=\"https:\/\/www.santai-ceramics.com\/wp-content\/uploads\/2025\/07\/Wholesale-Ceramic-Vase-with-Dual-Handles-4.webp\" alt=\"\" class=\"wp-image-3185\" srcset=\"https:\/\/www.santai-ceramics.com\/wp-content\/uploads\/2025\/07\/Wholesale-Ceramic-Vase-with-Dual-Handles-4.webp 2874w, https:\/\/www.santai-ceramics.com\/wp-content\/uploads\/2025\/07\/Wholesale-Ceramic-Vase-with-Dual-Handles-4-300x250.webp 300w, https:\/\/www.santai-ceramics.com\/wp-content\/uploads\/2025\/07\/Wholesale-Ceramic-Vase-with-Dual-Handles-4-768x640.webp 768w, https:\/\/www.santai-ceramics.com\/wp-content\/uploads\/2025\/07\/Wholesale-Ceramic-Vase-with-Dual-Handles-4-14x12.webp 14w, https:\/\/www.santai-ceramics.com\/wp-content\/uploads\/2025\/07\/Wholesale-Ceramic-Vase-with-Dual-Handles-4-1200x1000.webp 1200w, https:\/\/www.santai-ceramics.com\/wp-content\/uploads\/2025\/07\/Wholesale-Ceramic-Vase-with-Dual-Handles-4-600x500.webp 600w\" sizes=\"(max-width: 2874px) 100vw, 2874px\" \/><\/figure>\n<\/div>\n<\/div>","protected":false},"excerpt":{"rendered":"<p data-pm-slice=\"0 0 []\">Vasos de cer\u00e2mica por grosso. Com o seu deslumbrante esmalte craquelado e o seu design simples, este vaso de cer\u00e2mica com duas pegas integra-se perfeitamente em interiores modernos e tradicionais. Adequado para decora\u00e7\u00e3o de interiores e lojas de presentes a granel. MOQ: 150 pcs, contacte-nos para um or\u00e7amento.<\/p>\n<h2>Especifica\u00e7\u00f5es das jarras de cer\u00e2mica com pegas duplas<\/h2>\n<table width=\"1140\">\n<tbody>\n<tr>\n<td width=\"285\">N\u00famero do modelo<\/td>\n<td width=\"285\">A37826-LE37-A01<\/td>\n<td width=\"285\">A37826-LE37-A02<\/td>\n<td width=\"285\">A37826-LE37-A03<\/td>\n<\/tr>\n<tr>\n<td>Nome do produto<\/td>\n<td>Vaso de cer\u00e2mica com orelhas<\/td>\n<td>Vaso de cer\u00e2mica com orelhas<\/td>\n<td>Vaso de cer\u00e2mica com orelhas<\/td>\n<\/tr>\n<tr>\n<td>Cor<\/td>\n<td>Branco<\/td>\n<td>Branco<\/td>\n<td>Branco<\/td>\n<\/tr>\n<tr>\n<td>Material<\/td>\n<td>Cer\u00e2mica\u00a0<\/td>\n<td>Cer\u00e2mica\u00a0<\/td>\n<td>Cer\u00e2mica\u00a0<\/td>\n<\/tr>\n<tr>\n<td>Cen\u00e1rios de utiliza\u00e7\u00e3o<\/td>\n<td>decora\u00e7\u00e3o de casa<\/td>\n<td>decora\u00e7\u00e3o de casa<\/td>\n<td>decora\u00e7\u00e3o de casa<\/td>\n<\/tr>\n<tr>\n<td>Dimens\u00f5es<\/td>\n<td>19X16X24cm<\/td>\n<td>15,5X12,5X18,5cm<\/td>\n<td>19X15,5X15cm<\/td>\n<\/tr>\n<tr>\n<td>Peso<\/td>\n<td>1,5 kg\/unidade<\/td>\n<td>0,9 kg\/unidade<\/td>\n<td>0,9 kg\/unidade<\/td>\n<\/tr>\n<\/tbody>\n<\/table>","protected":false},"featured_media":3183,"comment_status":"closed","ping_status":"closed","template":"","meta":{"_acf_changed":false},"product_brand":[],"product_cat":[18,22],"product_tag":[],"class_list":{"0":"post-3085","1":"product","2":"type-product","3":"status-publish","4":"has-post-thumbnail","6":"product_cat-home-decor","7":"product_cat-vase","9":"first","10":"instock","11":"shipping-taxable","12":"product-type-simple"},"acf":[],"_links":{"self":[{"href":"https:\/\/www.santai-ceramics.com\/pt\/wp-json\/wp\/v2\/product\/3085","targetHints":{"allow":["GET"]}}],"collection":[{"href":"https:\/\/www.santai-ceramics.com\/pt\/wp-json\/wp\/v2\/product"}],"about":[{"href":"https:\/\/www.santai-ceramics.com\/pt\/wp-json\/wp\/v2\/types\/product"}],"replies":[{"embeddable":true,"href":"https:\/\/www.santai-ceramics.com\/pt\/wp-json\/wp\/v2\/comments?post=3085"}],"wp:featuredmedia":[{"embeddable":true,"href":"https:\/\/www.santai-ceramics.com\/pt\/wp-json\/wp\/v2\/media\/3183"}],"wp:attachment":[{"href":"https:\/\/www.santai-ceramics.com\/pt\/wp-json\/wp\/v2\/media?parent=3085"}],"wp:term":[{"taxonomy":"product_brand","embeddable":true,"href":"https:\/\/www.santai-ceramics.com\/pt\/wp-json\/wp\/v2\/product_brand?post=3085"},{"taxonomy":"product_cat","embeddable":true,"href":"https:\/\/www.santai-ceramics.com\/pt\/wp-json\/wp\/v2\/product_cat?post=3085"},{"taxonomy":"product_tag","embeddable":true,"href":"https:\/\/www.santai-ceramics.com\/pt\/wp-json\/wp\/v2\/product_tag?post=3085"}],"curies":[{"name":"wp","href":"https:\/\/api.w.org\/{rel}","templated":true}]}}