{"id":3091,"date":"2025-07-22T08:53:43","date_gmt":"2025-07-22T08:53:43","guid":{"rendered":"https:\/\/www.santai-ceramics.com\/?post_type=product&#038;p=3091"},"modified":"2025-07-22T15:15:36","modified_gmt":"2025-07-22T15:15:36","slug":"bulk-ceramic-jugs-and-vases-wholesale","status":"publish","type":"product","link":"https:\/\/www.santai-ceramics.com\/pt\/product\/bulk-ceramic-jugs-and-vases-wholesale\/","title":{"rendered":"Vasos e jarros de cer\u00e2mica a granel por atacado - Esmalte rachado e terracota exposta"},"content":{"rendered":"<h3 class=\"wp-block-heading\">Carater\u00edsticas das jarras e vasos de cer\u00e2mica com vidrado fissurado e terracota exposta<\/h3>\n\n\n\n<ul class=\"wp-block-list\">\n<li><strong>Parte superior em terracota exposta<\/strong>: O gargalo, o rebordo e a pega lateral \u00fanica mant\u00eam a textura de terracota crua e terrosa, mostrando o artesanato e as t\u00e9cnicas tradicionais de forno com uma superf\u00edcie mate que evoca calor.<\/li>\n<\/ul>\n\n\n\n<ul class=\"wp-block-list\">\n<li><strong>Sec\u00e7\u00e3o inferior do vidrado fissurado<\/strong>: O vaso \u00e9 revestido com um esmalte branco puro, com delicadas fissuras cinzento-pretas que se espalham naturalmente como teias de aranha, dando-lhe um aspeto din\u00e2mico e org\u00e2nico. Algumas variantes incluem texturas especiais, como sulcos verticais, reentr\u00e2ncias em espiral e padr\u00f5es convexos em forma de seixo, melhorando a experi\u00eancia t\u00e1til.<\/li>\n<\/ul>\n\n\n\n<ul class=\"wp-block-list\">\n<li><strong>Pega ergon\u00f3mica<\/strong>: A pega em forma de meia argola em D liga-se perfeitamente ao pesco\u00e7o e ao ombro, evitando o contacto com o esmalte fr\u00e1gil e rachado. A sua curvatura foi concebida para se adaptar \u00e0 m\u00e3o, tornando a sua desloca\u00e7\u00e3o f\u00e1cil e segura.<\/li>\n<\/ul>\n\n\n\n<h3 class=\"wp-block-heading\">Servi\u00e7o de jarras e vasos de cer\u00e2mica personalizados<\/h3>\n\n\n\n<p>Oferecemos servi\u00e7os OEM e ODM para os nossos produtos.<br>Entrega r\u00e1pida de amostras est\u00e1 dispon\u00edvel.<br>Oferecemos uma variedade de formas, cores, impress\u00e3o personalizada, embalagem e outros servi\u00e7os adaptados para satisfazer as suas necessidades espec\u00edficas.<br><a href=\"https:\/\/www.santai-ceramics.com\/pt\/custom\/\" data-type=\"page\" data-id=\"13\" target=\"_blank\" rel=\"noreferrer noopener\"><strong>Saiba mais sobre os pormenores dos vasos de cer\u00e2mica personalizados.<\/strong><\/a><\/p>\n\n\n\n<div class=\"wp-block-columns is-layout-flex wp-container-core-columns-is-layout-9d6595d7 wp-block-columns-is-layout-flex\">\n<div class=\"wp-block-column is-layout-flow wp-block-column-is-layout-flow\">\n<figure class=\"wp-block-image size-full\"><img decoding=\"async\" width=\"2232\" height=\"1861\" src=\"https:\/\/www.santai-ceramics.com\/wp-content\/uploads\/2025\/07\/Ceramic-Jug-in-Bulk-with-Cracked-Glaze-9.webp\" alt=\"\" class=\"wp-image-3216\" srcset=\"https:\/\/www.santai-ceramics.com\/wp-content\/uploads\/2025\/07\/Ceramic-Jug-in-Bulk-with-Cracked-Glaze-9.webp 2232w, https:\/\/www.santai-ceramics.com\/wp-content\/uploads\/2025\/07\/Ceramic-Jug-in-Bulk-with-Cracked-Glaze-9-300x250.webp 300w, https:\/\/www.santai-ceramics.com\/wp-content\/uploads\/2025\/07\/Ceramic-Jug-in-Bulk-with-Cracked-Glaze-9-768x640.webp 768w, https:\/\/www.santai-ceramics.com\/wp-content\/uploads\/2025\/07\/Ceramic-Jug-in-Bulk-with-Cracked-Glaze-9-14x12.webp 14w, https:\/\/www.santai-ceramics.com\/wp-content\/uploads\/2025\/07\/Ceramic-Jug-in-Bulk-with-Cracked-Glaze-9-1200x1001.webp 1200w, https:\/\/www.santai-ceramics.com\/wp-content\/uploads\/2025\/07\/Ceramic-Jug-in-Bulk-with-Cracked-Glaze-9-600x500.webp 600w\" sizes=\"(max-width: 2232px) 100vw, 2232px\" \/><\/figure>\n<\/div>\n\n\n\n<div class=\"wp-block-column is-layout-flow wp-block-column-is-layout-flow\">\n<figure class=\"wp-block-image size-full\"><img decoding=\"async\" width=\"2236\" height=\"1863\" src=\"https:\/\/www.santai-ceramics.com\/wp-content\/uploads\/2025\/07\/Ceramic-Jug-in-Bulk-with-Cracked-Glaze-8.webp\" alt=\"\" class=\"wp-image-3215\" srcset=\"https:\/\/www.santai-ceramics.com\/wp-content\/uploads\/2025\/07\/Ceramic-Jug-in-Bulk-with-Cracked-Glaze-8.webp 2236w, https:\/\/www.santai-ceramics.com\/wp-content\/uploads\/2025\/07\/Ceramic-Jug-in-Bulk-with-Cracked-Glaze-8-300x250.webp 300w, https:\/\/www.santai-ceramics.com\/wp-content\/uploads\/2025\/07\/Ceramic-Jug-in-Bulk-with-Cracked-Glaze-8-768x640.webp 768w, https:\/\/www.santai-ceramics.com\/wp-content\/uploads\/2025\/07\/Ceramic-Jug-in-Bulk-with-Cracked-Glaze-8-14x12.webp 14w, https:\/\/www.santai-ceramics.com\/wp-content\/uploads\/2025\/07\/Ceramic-Jug-in-Bulk-with-Cracked-Glaze-8-1200x1000.webp 1200w, https:\/\/www.santai-ceramics.com\/wp-content\/uploads\/2025\/07\/Ceramic-Jug-in-Bulk-with-Cracked-Glaze-8-600x500.webp 600w\" sizes=\"(max-width: 2236px) 100vw, 2236px\" \/><\/figure>\n<\/div>\n<\/div>","protected":false},"excerpt":{"rendered":"<p data-pm-slice=\"0 0 []\">Jarros e jarras de cer\u00e2mica por grosso. Esta jarra de cer\u00e2mica meticulosamente trabalhada combina terracota crua e esmalte rachado refinado, oferecendo um contraste \u00fanico de texturas. Com uma forma escultural e um design funcional, confere uma est\u00e9tica intemporal e artesanal a qualquer espa\u00e7o moderno ou inspirado no Wabi-Sabi.<\/p>\n<h2>Especifica\u00e7\u00e3o dos jarros de cer\u00e2mica<\/h2>\n<table width=\"1140\">\n<tbody>\n<tr>\n<td width=\"285\">N\u00famero do modelo<\/td>\n<td width=\"285\">A37838-LE39-A01<\/td>\n<td width=\"285\">A37839-LE39-A01<\/td>\n<td width=\"285\">A37842-LE39-A01<\/td>\n<\/tr>\n<tr>\n<td>Nome do produto<\/td>\n<td>Jarra de cer\u00e2mica<\/td>\n<td>Jarra de cer\u00e2mica<\/td>\n<td>Jarra de cer\u00e2mica<\/td>\n<\/tr>\n<tr>\n<td>Cor<\/td>\n<td>Branco<\/td>\n<td>Branco<\/td>\n<td>Branco<\/td>\n<\/tr>\n<tr>\n<td>Material<\/td>\n<td>Cer\u00e2mica\u00a0<\/td>\n<td>Cer\u00e2mica\u00a0<\/td>\n<td>Cer\u00e2mica\u00a0<\/td>\n<\/tr>\n<tr>\n<td>Cen\u00e1rios de utiliza\u00e7\u00e3o<\/td>\n<td>decora\u00e7\u00e3o de casa<\/td>\n<td>decora\u00e7\u00e3o de casa<\/td>\n<td>decora\u00e7\u00e3o de casa<\/td>\n<\/tr>\n<tr>\n<td>Dimens\u00f5es<\/td>\n<td>10X9,5X14,5cm<\/td>\n<td>10X9X11,5cm<\/td>\n<td>10,5X10X18,5cm<\/td>\n<\/tr>\n<tr>\n<td>Peso<\/td>\n<td>0,4 kg\/unidade<\/td>\n<td>0,3 kg\/unidade<\/td>\n<td>0,5 kg\/unidade<\/td>\n<\/tr>\n<\/tbody>\n<\/table>","protected":false},"featured_media":3217,"comment_status":"closed","ping_status":"closed","template":"","meta":{"_acf_changed":false},"product_brand":[],"product_cat":[18,44,22],"product_tag":[],"class_list":{"0":"post-3091","1":"product","2":"type-product","3":"status-publish","4":"has-post-thumbnail","6":"product_cat-home-decor","7":"product_cat-wholesale-ceramic-jugs","8":"product_cat-vase","10":"first","11":"instock","12":"shipping-taxable","13":"product-type-simple"},"acf":[],"_links":{"self":[{"href":"https:\/\/www.santai-ceramics.com\/pt\/wp-json\/wp\/v2\/product\/3091","targetHints":{"allow":["GET"]}}],"collection":[{"href":"https:\/\/www.santai-ceramics.com\/pt\/wp-json\/wp\/v2\/product"}],"about":[{"href":"https:\/\/www.santai-ceramics.com\/pt\/wp-json\/wp\/v2\/types\/product"}],"replies":[{"embeddable":true,"href":"https:\/\/www.santai-ceramics.com\/pt\/wp-json\/wp\/v2\/comments?post=3091"}],"wp:featuredmedia":[{"embeddable":true,"href":"https:\/\/www.santai-ceramics.com\/pt\/wp-json\/wp\/v2\/media\/3217"}],"wp:attachment":[{"href":"https:\/\/www.santai-ceramics.com\/pt\/wp-json\/wp\/v2\/media?parent=3091"}],"wp:term":[{"taxonomy":"product_brand","embeddable":true,"href":"https:\/\/www.santai-ceramics.com\/pt\/wp-json\/wp\/v2\/product_brand?post=3091"},{"taxonomy":"product_cat","embeddable":true,"href":"https:\/\/www.santai-ceramics.com\/pt\/wp-json\/wp\/v2\/product_cat?post=3091"},{"taxonomy":"product_tag","embeddable":true,"href":"https:\/\/www.santai-ceramics.com\/pt\/wp-json\/wp\/v2\/product_tag?post=3091"}],"curies":[{"name":"wp","href":"https:\/\/api.w.org\/{rel}","templated":true}]}}