{"id":3298,"date":"2025-07-30T04:30:37","date_gmt":"2025-07-30T04:30:37","guid":{"rendered":"https:\/\/www.santai-ceramics.com\/?post_type=product&#038;p=3298"},"modified":"2025-07-30T04:30:38","modified_gmt":"2025-07-30T04:30:38","slug":"wholesale-resin-bulldog-figurines","status":"publish","type":"product","link":"https:\/\/www.santai-ceramics.com\/pt\/product\/wholesale-resin-bulldog-figurines\/","title":{"rendered":"Figurinha de Bulldog em resina por atacado - Acabamento vintage e detalhes realistas"},"content":{"rendered":"<h3 class=\"wp-block-heading\">Carater\u00edsticas da estatueta de Bulldog em resina - Acabamento vintage e detalhes realistas<\/h3>\n\n\n\n<ul class=\"wp-block-list\">\n<li><strong>Apelo art\u00edstico e de cura<\/strong>: As diversas poses da est\u00e1tua, incluindo o sono enrolado, as pernas cruzadas relaxadas e as orelhas atentas, captam as express\u00f5es \"fofas\" e cativantes de um bulldog. O acabamento vintage e os pormenores intrincados conferem uma qualidade art\u00edstica, combinando \"apelo est\u00e9tico\" e \"valor emocional\" para criar uma atmosfera calorosa e convidativa em qualquer divis\u00e3o.<\/li>\n<\/ul>\n\n\n\n<ul class=\"wp-block-list\">\n<li><strong>Conce\u00e7\u00e3o biomim\u00e9tica com carater\u00edsticas realistas<\/strong>: A est\u00e1tua recria meticulosamente as carater\u00edsticas \u00fanicas dos bulldogs e das ra\u00e7as de focinho curto, com uma face plana, focinho curto e corpo arredondado. As texturas da superf\u00edcie e os efeitos de envelhecimento fazem com que pare\u00e7a um retrato art\u00edstico de um c\u00e3o real.<\/li>\n<\/ul>\n\n\n\n<ul class=\"wp-block-list\">\n<li><strong>Venda grossista de figuras de animais Servi\u00e7os:<\/strong> Oferecemos uma vasta sele\u00e7\u00e3o de requintadas figuras de animais por atacado, adequadas para decora\u00e7\u00e3o de casa, exposi\u00e7\u00e3o comercial e muito mais. Oferecemos tamanhos, cores, detalhes e materiais personaliz\u00e1veis para atender \u00e0s suas necessidades.<\/li>\n<\/ul>\n\n\n\n<h3 class=\"wp-block-heading\">Servi\u00e7o de estatuetas de animais personalizadas<\/h3>\n\n\n\n<p>Oferecemos servi\u00e7os OEM e ODM para os nossos produtos.<br>Entrega r\u00e1pida de amostras est\u00e1 dispon\u00edvel.<br>Oferecemos uma variedade de formas, cores, impress\u00e3o personalizada, embalagem e outros servi\u00e7os adaptados para satisfazer as suas necessidades espec\u00edficas.<br><a href=\"https:\/\/www.santai-ceramics.com\/pt\/custom\/\" data-type=\"page\" data-id=\"13\" target=\"_blank\" rel=\"noreferrer noopener\"><strong><b>Saiba mais sobre personaliza\u00e7\u00e3o<\/b> servi\u00e7os de estatuetas de animais.<\/strong><\/a><\/p>\n\n\n\n<div class=\"wp-block-columns is-layout-flex wp-container-core-columns-is-layout-9d6595d7 wp-block-columns-is-layout-flex\">\n<div class=\"wp-block-column is-layout-flow wp-block-column-is-layout-flow\">\n<figure class=\"wp-block-image size-full\"><img decoding=\"async\" width=\"1834\" height=\"1834\" src=\"https:\/\/www.santai-ceramics.com\/wp-content\/uploads\/2025\/07\/wholesale-dog-sculptures-2.webp\" alt=\"\" class=\"wp-image-3354\" srcset=\"https:\/\/www.santai-ceramics.com\/wp-content\/uploads\/2025\/07\/wholesale-dog-sculptures-2.webp 1834w, https:\/\/www.santai-ceramics.com\/wp-content\/uploads\/2025\/07\/wholesale-dog-sculptures-2-300x300.webp 300w, https:\/\/www.santai-ceramics.com\/wp-content\/uploads\/2025\/07\/wholesale-dog-sculptures-2-150x150.webp 150w, https:\/\/www.santai-ceramics.com\/wp-content\/uploads\/2025\/07\/wholesale-dog-sculptures-2-768x768.webp 768w, https:\/\/www.santai-ceramics.com\/wp-content\/uploads\/2025\/07\/wholesale-dog-sculptures-2-12x12.webp 12w, https:\/\/www.santai-ceramics.com\/wp-content\/uploads\/2025\/07\/wholesale-dog-sculptures-2-1200x1200.webp 1200w, https:\/\/www.santai-ceramics.com\/wp-content\/uploads\/2025\/07\/wholesale-dog-sculptures-2-600x600.webp 600w, https:\/\/www.santai-ceramics.com\/wp-content\/uploads\/2025\/07\/wholesale-dog-sculptures-2-100x100.webp 100w\" sizes=\"(max-width: 1834px) 100vw, 1834px\" \/><\/figure>\n<\/div>\n\n\n\n<div class=\"wp-block-column is-layout-flow wp-block-column-is-layout-flow\">\n<figure class=\"wp-block-image size-full\"><img decoding=\"async\" width=\"1819\" height=\"1819\" src=\"https:\/\/www.santai-ceramics.com\/wp-content\/uploads\/2025\/07\/wholesale-figurines-2.webp\" alt=\"\" class=\"wp-image-3358\" srcset=\"https:\/\/www.santai-ceramics.com\/wp-content\/uploads\/2025\/07\/wholesale-figurines-2.webp 1819w, https:\/\/www.santai-ceramics.com\/wp-content\/uploads\/2025\/07\/wholesale-figurines-2-300x300.webp 300w, https:\/\/www.santai-ceramics.com\/wp-content\/uploads\/2025\/07\/wholesale-figurines-2-150x150.webp 150w, https:\/\/www.santai-ceramics.com\/wp-content\/uploads\/2025\/07\/wholesale-figurines-2-768x768.webp 768w, https:\/\/www.santai-ceramics.com\/wp-content\/uploads\/2025\/07\/wholesale-figurines-2-12x12.webp 12w, https:\/\/www.santai-ceramics.com\/wp-content\/uploads\/2025\/07\/wholesale-figurines-2-1200x1200.webp 1200w, https:\/\/www.santai-ceramics.com\/wp-content\/uploads\/2025\/07\/wholesale-figurines-2-600x600.webp 600w, https:\/\/www.santai-ceramics.com\/wp-content\/uploads\/2025\/07\/wholesale-figurines-2-100x100.webp 100w\" sizes=\"(max-width: 1819px) 100vw, 1819px\" \/><\/figure>\n<\/div>\n<\/div>","protected":false},"excerpt":{"rendered":"<p data-pm-slice=\"0 0 []\">Estatuetas de c\u00e3o em resina por grosso. Esta estatueta de bulldog em resina feita \u00e0 m\u00e3o, realista e detalhada com pormenores vintage, exala o encanto e o calor de um canino brincalh\u00e3o. Dispon\u00edvel em v\u00e1rias poses, incluindo esticado, deitado e a dormir, acrescenta um toque divertido e decorativo a qualquer espa\u00e7o.<\/p>\n<h2>Especifica\u00e7\u00e3o das figuras de Bulldog<\/h2>\n<table width=\"1140\">\n<tbody>\n<tr>\n<td width=\"285\">N\u00famero do modelo<\/td>\n<td width=\"285\">E37886-H945-A01<\/td>\n<td width=\"285\">E37885-H945-A01<\/td>\n<td width=\"285\">E37884-H945-A01<\/td>\n<\/tr>\n<tr>\n<td>Nome do produto<\/td>\n<td>Estatueta de resina para c\u00e3o<\/td>\n<td>Estatueta de resina para c\u00e3o<\/td>\n<td>Estatueta de resina para c\u00e3o<\/td>\n<\/tr>\n<tr>\n<td>Cor<\/td>\n<td>Preto e dourado<\/td>\n<td>Preto e dourado<\/td>\n<td>Preto e dourado<\/td>\n<\/tr>\n<tr>\n<td>Material<\/td>\n<td>Resina<\/td>\n<td>Resina<\/td>\n<td>Resina<\/td>\n<\/tr>\n<tr>\n<td>Cen\u00e1rios de utiliza\u00e7\u00e3o<\/td>\n<td>decora\u00e7\u00e3o de casa e decora\u00e7\u00e3o de jardim<\/td>\n<td>decora\u00e7\u00e3o de casa e decora\u00e7\u00e3o de jardim<\/td>\n<td>decora\u00e7\u00e3o de casa e decora\u00e7\u00e3o de jardim<\/td>\n<\/tr>\n<tr>\n<td>Dimens\u00f5es<\/td>\n<td>25,5\u00d713,5\u00d79,5cm<\/td>\n<td>23,5\u00d711\u00d79cm<\/td>\n<td>20,5\u00d715,5\u00d719cm<\/td>\n<\/tr>\n<tr>\n<td>Peso<\/td>\n<td>0,6 kg\/unidade<\/td>\n<td>0,6 kg\/unidade<\/td>\n<td>0,9 kg\/unidade<\/td>\n<\/tr>\n<\/tbody>\n<\/table>\n<p>&nbsp;<\/p>","protected":false},"featured_media":3349,"comment_status":"closed","ping_status":"closed","template":"","meta":{"_acf_changed":false},"product_brand":[],"product_cat":[18,25,48],"product_tag":[],"class_list":{"0":"post-3298","1":"product","2":"type-product","3":"status-publish","4":"has-post-thumbnail","6":"product_cat-home-decor","7":"product_cat-animal-ornaments","8":"product_cat-wholesale-resin-animal-figurines","10":"first","11":"instock","12":"shipping-taxable","13":"product-type-simple"},"acf":[],"_links":{"self":[{"href":"https:\/\/www.santai-ceramics.com\/pt\/wp-json\/wp\/v2\/product\/3298","targetHints":{"allow":["GET"]}}],"collection":[{"href":"https:\/\/www.santai-ceramics.com\/pt\/wp-json\/wp\/v2\/product"}],"about":[{"href":"https:\/\/www.santai-ceramics.com\/pt\/wp-json\/wp\/v2\/types\/product"}],"replies":[{"embeddable":true,"href":"https:\/\/www.santai-ceramics.com\/pt\/wp-json\/wp\/v2\/comments?post=3298"}],"wp:featuredmedia":[{"embeddable":true,"href":"https:\/\/www.santai-ceramics.com\/pt\/wp-json\/wp\/v2\/media\/3349"}],"wp:attachment":[{"href":"https:\/\/www.santai-ceramics.com\/pt\/wp-json\/wp\/v2\/media?parent=3298"}],"wp:term":[{"taxonomy":"product_brand","embeddable":true,"href":"https:\/\/www.santai-ceramics.com\/pt\/wp-json\/wp\/v2\/product_brand?post=3298"},{"taxonomy":"product_cat","embeddable":true,"href":"https:\/\/www.santai-ceramics.com\/pt\/wp-json\/wp\/v2\/product_cat?post=3298"},{"taxonomy":"product_tag","embeddable":true,"href":"https:\/\/www.santai-ceramics.com\/pt\/wp-json\/wp\/v2\/product_tag?post=3298"}],"curies":[{"name":"wp","href":"https:\/\/api.w.org\/{rel}","templated":true}]}}