{"id":3302,"date":"2025-07-31T14:29:05","date_gmt":"2025-07-31T14:29:05","guid":{"rendered":"https:\/\/www.santai-ceramics.com\/?post_type=product&#038;p=3302"},"modified":"2025-07-31T14:29:06","modified_gmt":"2025-07-31T14:29:06","slug":"wholesale-rustic-handcrafted-ceramic-vases","status":"publish","type":"product","link":"https:\/\/www.santai-ceramics.com\/pt\/product\/wholesale-rustic-handcrafted-ceramic-vases\/","title":{"rendered":"Vasos de cer\u00e2mica artesanais por atacado - com padr\u00f5es geom\u00e9tricos e toques vintage"},"content":{"rendered":"<h3 class=\"wp-block-heading\">Carater\u00edsticas dos vasos de cer\u00e2mica artesanais - Padr\u00f5es geom\u00e9tricos e toques vintage<\/h3>\n\n\n\n<ul class=\"wp-block-list\">\n<li><strong>Uma fus\u00e3o de est\u00e9tica vintage e moderna: <\/strong>Esta jarra combina a sensa\u00e7\u00e3o crua e artesanal da cer\u00e2mica com padr\u00f5es geom\u00e9tricos como grelhas e pontos, preservando a textura natural da cer\u00e2mica tradicional e acrescentando um design moderno e minimalista.<br><\/li>\n\n\n\n<li><strong>Arte artesanal e pormenores \u00fanicos: <\/strong>A jarra \u00e9 embelezada com marcas antigas irregulares e padr\u00f5es geom\u00e9tricos, real\u00e7ando o trabalho artesanal.<br><\/li>\n\n\n\n<li><strong>Tr\u00eas op\u00e7\u00f5es de tamanho: <\/strong>Esta jarra est\u00e1 dispon\u00edvel em tr\u00eas tamanhos, criando uma est\u00e9tica \u00fanica, quer seja apresentada individualmente ou numa cole\u00e7\u00e3o.<\/li>\n<\/ul>\n\n\n\n<h3 class=\"wp-block-heading\">Servi\u00e7o de vasos de cer\u00e2mica personalizados<\/h3>\n\n\n\n<p>Oferecemos servi\u00e7os OEM e ODM para os nossos produtos.<br>Entrega r\u00e1pida de amostras est\u00e1 dispon\u00edvel.<br>Oferecemos uma variedade de formas, cores, impress\u00e3o personalizada, embalagem e outros servi\u00e7os adaptados para satisfazer as suas necessidades espec\u00edficas.<br><a href=\"https:\/\/www.santai-ceramics.com\/pt\/custom\/\" data-type=\"page\" data-id=\"13\" target=\"_blank\" rel=\"noreferrer noopener\"><strong><b>Saiba mais sobre personaliza\u00e7\u00e3o<\/b> solu\u00e7\u00f5es para vasos de cer\u00e2mica.<\/strong><\/a><\/p>\n\n\n\n<div class=\"wp-block-columns is-layout-flex wp-container-core-columns-is-layout-9d6595d7 wp-block-columns-is-layout-flex\">\n<div class=\"wp-block-column is-layout-flow wp-block-column-is-layout-flow\">\n<figure class=\"wp-block-image size-full\"><img decoding=\"async\" width=\"2689\" height=\"2689\" src=\"https:\/\/www.santai-ceramics.com\/wp-content\/uploads\/2025\/07\/wholesale-ceramic-vases.webp\" alt=\"\" class=\"wp-image-3387\" srcset=\"https:\/\/www.santai-ceramics.com\/wp-content\/uploads\/2025\/07\/wholesale-ceramic-vases.webp 2689w, https:\/\/www.santai-ceramics.com\/wp-content\/uploads\/2025\/07\/wholesale-ceramic-vases-300x300.webp 300w, https:\/\/www.santai-ceramics.com\/wp-content\/uploads\/2025\/07\/wholesale-ceramic-vases-150x150.webp 150w, https:\/\/www.santai-ceramics.com\/wp-content\/uploads\/2025\/07\/wholesale-ceramic-vases-768x768.webp 768w, https:\/\/www.santai-ceramics.com\/wp-content\/uploads\/2025\/07\/wholesale-ceramic-vases-12x12.webp 12w, https:\/\/www.santai-ceramics.com\/wp-content\/uploads\/2025\/07\/wholesale-ceramic-vases-1200x1200.webp 1200w, https:\/\/www.santai-ceramics.com\/wp-content\/uploads\/2025\/07\/wholesale-ceramic-vases-600x600.webp 600w, https:\/\/www.santai-ceramics.com\/wp-content\/uploads\/2025\/07\/wholesale-ceramic-vases-100x100.webp 100w\" sizes=\"(max-width: 2689px) 100vw, 2689px\" \/><\/figure>\n<\/div>\n\n\n\n<div class=\"wp-block-column is-layout-flow wp-block-column-is-layout-flow\">\n<figure class=\"wp-block-image size-full\"><img decoding=\"async\" width=\"1879\" height=\"1879\" src=\"https:\/\/www.santai-ceramics.com\/wp-content\/uploads\/2025\/07\/wholesale-ceramic-vases-5.webp\" alt=\"\" class=\"wp-image-3386\" srcset=\"https:\/\/www.santai-ceramics.com\/wp-content\/uploads\/2025\/07\/wholesale-ceramic-vases-5.webp 1879w, https:\/\/www.santai-ceramics.com\/wp-content\/uploads\/2025\/07\/wholesale-ceramic-vases-5-300x300.webp 300w, https:\/\/www.santai-ceramics.com\/wp-content\/uploads\/2025\/07\/wholesale-ceramic-vases-5-150x150.webp 150w, https:\/\/www.santai-ceramics.com\/wp-content\/uploads\/2025\/07\/wholesale-ceramic-vases-5-768x768.webp 768w, https:\/\/www.santai-ceramics.com\/wp-content\/uploads\/2025\/07\/wholesale-ceramic-vases-5-12x12.webp 12w, https:\/\/www.santai-ceramics.com\/wp-content\/uploads\/2025\/07\/wholesale-ceramic-vases-5-1200x1200.webp 1200w, https:\/\/www.santai-ceramics.com\/wp-content\/uploads\/2025\/07\/wholesale-ceramic-vases-5-600x600.webp 600w, https:\/\/www.santai-ceramics.com\/wp-content\/uploads\/2025\/07\/wholesale-ceramic-vases-5-100x100.webp 100w\" sizes=\"(max-width: 1879px) 100vw, 1879px\" \/><\/figure>\n<\/div>\n<\/div>","protected":false},"excerpt":{"rendered":"<p data-pm-slice=\"0 0 []\">Vasos de cer\u00e2mica artesanais por grosso. Este conjunto de vasos de cer\u00e2mica artesanal mistura inteligentemente texturas vintage com padr\u00f5es geom\u00e9tricos modernos. O trabalho artesanal \u00fanico combinado com pormenores de design bem pensados cria uma pe\u00e7a vers\u00e1til adequada para uma variedade de ambientes decorativos, incluindo interiores e jardins.<\/p>\n<h2>Especifica\u00e7\u00f5es dos vasos de cer\u00e2mica<\/h2>\n<table width=\"1140\">\n<tbody>\n<tr>\n<td width=\"285\">N\u00famero do modelo<\/td>\n<td width=\"285\">A37904-H943-A01<\/td>\n<td width=\"285\">A37904-H943-A02<\/td>\n<td width=\"285\">A37904-H943-A03<\/td>\n<\/tr>\n<tr>\n<td>Nome do produto<\/td>\n<td>Vaso de terracota<\/td>\n<td>Vaso de terracota<\/td>\n<td>Vaso de terracota<\/td>\n<\/tr>\n<tr>\n<td>Cor<\/td>\n<td>Vermelho terra<\/td>\n<td>Vermelho terra<\/td>\n<td>Vermelho terra<\/td>\n<\/tr>\n<tr>\n<td>Material<\/td>\n<td>Terra Cotta<\/td>\n<td>Terra Cotta<\/td>\n<td>Terra Cotta<\/td>\n<\/tr>\n<tr>\n<td>Cen\u00e1rios de utiliza\u00e7\u00e3o<\/td>\n<td>decora\u00e7\u00e3o de casa e decora\u00e7\u00e3o de jardim<\/td>\n<td>decora\u00e7\u00e3o de casa e decora\u00e7\u00e3o de jardim<\/td>\n<td>decora\u00e7\u00e3o de casa e decora\u00e7\u00e3o de jardim<\/td>\n<\/tr>\n<tr>\n<td>Dimens\u00f5es<\/td>\n<td>D:21,5X27,5cm<\/td>\n<td>D:18X21cm<\/td>\n<td>D:15X17,5cm<\/td>\n<\/tr>\n<tr>\n<td>Peso<\/td>\n<td>1,6 kg\/unidade<\/td>\n<td>1,1 kg\/unidade<\/td>\n<td>0,7 kg\/unidade<\/td>\n<\/tr>\n<\/tbody>\n<\/table>\n<p>\n<script src=\"chrome-extension:\/\/fpelahbljekknahkcaegamhcndkfpfnc\/iFrame.js\" type=\"text\/javascript\"><\/script><\/p>","protected":false},"featured_media":3384,"comment_status":"closed","ping_status":"closed","template":"","meta":{"_acf_changed":false},"product_brand":[],"product_cat":[18,21,22],"product_tag":[],"class_list":{"0":"post-3302","1":"product","2":"type-product","3":"status-publish","4":"has-post-thumbnail","6":"product_cat-home-decor","7":"product_cat-garden-decor","8":"product_cat-vase","10":"first","11":"instock","12":"shipping-taxable","13":"product-type-simple"},"acf":[],"_links":{"self":[{"href":"https:\/\/www.santai-ceramics.com\/pt\/wp-json\/wp\/v2\/product\/3302","targetHints":{"allow":["GET"]}}],"collection":[{"href":"https:\/\/www.santai-ceramics.com\/pt\/wp-json\/wp\/v2\/product"}],"about":[{"href":"https:\/\/www.santai-ceramics.com\/pt\/wp-json\/wp\/v2\/types\/product"}],"replies":[{"embeddable":true,"href":"https:\/\/www.santai-ceramics.com\/pt\/wp-json\/wp\/v2\/comments?post=3302"}],"wp:featuredmedia":[{"embeddable":true,"href":"https:\/\/www.santai-ceramics.com\/pt\/wp-json\/wp\/v2\/media\/3384"}],"wp:attachment":[{"href":"https:\/\/www.santai-ceramics.com\/pt\/wp-json\/wp\/v2\/media?parent=3302"}],"wp:term":[{"taxonomy":"product_brand","embeddable":true,"href":"https:\/\/www.santai-ceramics.com\/pt\/wp-json\/wp\/v2\/product_brand?post=3302"},{"taxonomy":"product_cat","embeddable":true,"href":"https:\/\/www.santai-ceramics.com\/pt\/wp-json\/wp\/v2\/product_cat?post=3302"},{"taxonomy":"product_tag","embeddable":true,"href":"https:\/\/www.santai-ceramics.com\/pt\/wp-json\/wp\/v2\/product_tag?post=3302"}],"curies":[{"name":"wp","href":"https:\/\/api.w.org\/{rel}","templated":true}]}}