{"id":3449,"date":"2025-08-20T10:05:57","date_gmt":"2025-08-20T10:05:57","guid":{"rendered":"https:\/\/www.santai-ceramics.com\/?post_type=product&#038;p=3449"},"modified":"2025-08-20T10:05:58","modified_gmt":"2025-08-20T10:05:58","slug":"wholesale-hand-crafted-pink-ceramic-vases-in-bulk","status":"publish","type":"product","link":"https:\/\/www.santai-ceramics.com\/pt\/product\/wholesale-hand-crafted-pink-ceramic-vases-in-bulk\/","title":{"rendered":"Vasos de cer\u00e2mica com textura artesanal a granel - Decora\u00e7\u00e3o de casa elegante e vers\u00e1til"},"content":{"rendered":"<h3 class=\"wp-block-heading\">Carater\u00edsticas dos vasos de cer\u00e2mica artesanais com textura de riscas<\/h3>\n\n\n\n<ul class=\"wp-block-list\">\n<li><strong>Suave e elegante Cor:<\/strong>Esta jarra de cer\u00e2mica texturizada artesanal a granel \u00e9 esmaltada num suave rosa Morandi, conferindo-lhe calor e eleg\u00e2ncia. A cor suave com baixa satura\u00e7\u00e3o \u00e9 facilmente aplic\u00e1vel aos mais variados designs de interiores, acrescentando calor, romance e sofistica\u00e7\u00e3o a qualquer espa\u00e7o.<\/li>\n<\/ul>\n\n\n\n<ul class=\"wp-block-list\">\n<li><strong>Diversas texturas e desenhos:<\/strong>Os vasos de cer\u00e2mica a granel s\u00e3o decorados com riscas horizontais, que proporcionam profundidade visual e prazer t\u00e1til. A sua superf\u00edcie \u00fanica est\u00e1 cheia de sentimento art\u00edstico.<\/li>\n<\/ul>\n\n\n\n<ul class=\"wp-block-list\">\n<li><strong>V\u00e1rios tamanhos:<\/strong>Os vasos por grosso existem numa variedade de tamanhos e podem ser utilizados em conjunto ou colocados individualmente, o que os torna adequados para v\u00e1rios espa\u00e7os, como salas de estar, quartos ou secret\u00e1rias. As diferen\u00e7as de altura e largura permitem-lhe combin\u00e1-los livremente para criar formas \u00fanicas em camadas e acrescentar beleza \u00e0 sua casa.<\/li>\n<\/ul>\n\n\n\n<ul class=\"wp-block-list\">\n<li><strong>Pr\u00e1tico e decorativo:<\/strong>Ideal para flores frescas ou secas, o corpo e a boca do vaso de cer\u00e2mica com textura de riscas a granel s\u00e3o feitos para manter os caules firmemente no lugar, mas a textura decorativa e a forma do vaso tornam-no numa obra de arte por si s\u00f3, sem flores. Fica muito bem em prateleiras, mesas, cornijas de lareira ou parapeitos de janelas, acrescentando car\u00e1cter e sofistica\u00e7\u00e3o a qualquer divis\u00e3o.<\/li>\n<\/ul>\n\n\n\n<h3 class=\"wp-block-heading\">Servi\u00e7o de jarras de cer\u00e2mica com textura de riscas, feitas \u00e0 m\u00e3o e personalizadas<\/h3>\n\n\n\n<p>Oferecemos servi\u00e7os OEM e ODM para os nossos produtos.<br>Entrega r\u00e1pida de amostras est\u00e1 dispon\u00edvel.<br>Oferecemos uma variedade de formas, cores, impress\u00e3o personalizada, embalagem e outros servi\u00e7os adaptados para satisfazer as suas necessidades espec\u00edficas.<br><a href=\"https:\/\/www.santai-ceramics.com\/pt\/custom\/\" data-type=\"page\" data-id=\"13\" target=\"_blank\" rel=\"noreferrer noopener\"><strong>Saiba mais sobre os pormenores dos vasos de cer\u00e2mica personalizados.<\/strong><\/a><\/p>\n\n\n\n<div class=\"wp-block-columns is-layout-flex wp-container-core-columns-is-layout-9d6595d7 wp-block-columns-is-layout-flex\">\n<div class=\"wp-block-column is-layout-flow wp-block-column-is-layout-flow\">\n<figure class=\"wp-block-image size-full\"><img decoding=\"async\" width=\"1366\" height=\"1366\" src=\"https:\/\/www.santai-ceramics.com\/wp-content\/uploads\/2025\/08\/Hand-crafted-texture-ceramic-vases-bulk-6.webp\" alt=\"Vasos de cer\u00e2mica com textura artesanal a granel (6)\" class=\"wp-image-3498\" srcset=\"https:\/\/www.santai-ceramics.com\/wp-content\/uploads\/2025\/08\/Hand-crafted-texture-ceramic-vases-bulk-6.webp 1366w, https:\/\/www.santai-ceramics.com\/wp-content\/uploads\/2025\/08\/Hand-crafted-texture-ceramic-vases-bulk-6-300x300.webp 300w, https:\/\/www.santai-ceramics.com\/wp-content\/uploads\/2025\/08\/Hand-crafted-texture-ceramic-vases-bulk-6-150x150.webp 150w, https:\/\/www.santai-ceramics.com\/wp-content\/uploads\/2025\/08\/Hand-crafted-texture-ceramic-vases-bulk-6-768x768.webp 768w, https:\/\/www.santai-ceramics.com\/wp-content\/uploads\/2025\/08\/Hand-crafted-texture-ceramic-vases-bulk-6-12x12.webp 12w, https:\/\/www.santai-ceramics.com\/wp-content\/uploads\/2025\/08\/Hand-crafted-texture-ceramic-vases-bulk-6-1200x1200.webp 1200w, https:\/\/www.santai-ceramics.com\/wp-content\/uploads\/2025\/08\/Hand-crafted-texture-ceramic-vases-bulk-6-600x600.webp 600w, https:\/\/www.santai-ceramics.com\/wp-content\/uploads\/2025\/08\/Hand-crafted-texture-ceramic-vases-bulk-6-100x100.webp 100w\" sizes=\"(max-width: 1366px) 100vw, 1366px\" \/><\/figure>\n<\/div>\n\n\n\n<div class=\"wp-block-column is-layout-flow wp-block-column-is-layout-flow\">\n<figure class=\"wp-block-image size-full\"><img decoding=\"async\" width=\"3782\" height=\"3781\" src=\"https:\/\/www.santai-ceramics.com\/wp-content\/uploads\/2025\/08\/Hand-crafted-texture-ceramic-vases-bulk-1-1.webp\" alt=\"\" class=\"wp-image-3500\" srcset=\"https:\/\/www.santai-ceramics.com\/wp-content\/uploads\/2025\/08\/Hand-crafted-texture-ceramic-vases-bulk-1-1.webp 3782w, https:\/\/www.santai-ceramics.com\/wp-content\/uploads\/2025\/08\/Hand-crafted-texture-ceramic-vases-bulk-1-1-300x300.webp 300w, https:\/\/www.santai-ceramics.com\/wp-content\/uploads\/2025\/08\/Hand-crafted-texture-ceramic-vases-bulk-1-1-150x150.webp 150w, https:\/\/www.santai-ceramics.com\/wp-content\/uploads\/2025\/08\/Hand-crafted-texture-ceramic-vases-bulk-1-1-768x768.webp 768w, https:\/\/www.santai-ceramics.com\/wp-content\/uploads\/2025\/08\/Hand-crafted-texture-ceramic-vases-bulk-1-1-12x12.webp 12w, https:\/\/www.santai-ceramics.com\/wp-content\/uploads\/2025\/08\/Hand-crafted-texture-ceramic-vases-bulk-1-1-1200x1200.webp 1200w, https:\/\/www.santai-ceramics.com\/wp-content\/uploads\/2025\/08\/Hand-crafted-texture-ceramic-vases-bulk-1-1-600x600.webp 600w, https:\/\/www.santai-ceramics.com\/wp-content\/uploads\/2025\/08\/Hand-crafted-texture-ceramic-vases-bulk-1-1-100x100.webp 100w\" sizes=\"(max-width: 3782px) 100vw, 3782px\" \/><\/figure>\n<\/div>\n<\/div>\n\n\n\n<p><\/p>","protected":false},"excerpt":{"rendered":"<p data-pm-slice=\"0 0 []\">Vasos de cer\u00e2mica com textura de riscas, feitos \u00e0 m\u00e3o, a granel. Este \u00e9 um vaso de cer\u00e2mica Morandi de cor rosa com um desenho de riscas horizontais em relevo. As suas formas e tamanhos vers\u00e1teis fazem com que se encaixe perfeitamente na decora\u00e7\u00e3o moderna, n\u00f3rdica, francesa antiga ou industrial e pode ser utilizada como vaso de flores ou como pe\u00e7a decorativa independente. Os nossos servi\u00e7os OEM e ODM est\u00e3o dispon\u00edveis. Contacte-nos para um inqu\u00e9rito agora!<\/p>\n<h2>Especifica\u00e7\u00e3o de Vasos de cer\u00e2mica artesanais com textura de riscas<\/h2>\n<table width=\"1140\">\n<tbody>\n<tr>\n<td width=\"285\">N\u00famero do modelo<\/td>\n<td width=\"285\">A37881-LE27-A01<\/td>\n<td width=\"285\">A37881-LE27-A02<\/td>\n<td width=\"285\">A37881-LE27-A03<\/td>\n<\/tr>\n<tr>\n<td>Nome do produto<\/td>\n<td>Jarra de cer\u00e2mica<\/td>\n<td>Jarra de cer\u00e2mica<\/td>\n<td>Jarra de cer\u00e2mica<\/td>\n<\/tr>\n<tr>\n<td>Cor<\/td>\n<td>Cor-de-rosa<\/td>\n<td>Cor-de-rosa<\/td>\n<td>Cor-de-rosa<\/td>\n<\/tr>\n<tr>\n<td>Material<\/td>\n<td>Cer\u00e2mica\u00a0<\/td>\n<td>Cer\u00e2mica\u00a0<\/td>\n<td>Cer\u00e2mica\u00a0<\/td>\n<\/tr>\n<tr>\n<td>Cen\u00e1rios de utiliza\u00e7\u00e3o<\/td>\n<td>decora\u00e7\u00e3o de casa\u00a0<\/td>\n<td>decora\u00e7\u00e3o de casa\u00a0<\/td>\n<td>decora\u00e7\u00e3o de casa\u00a0<\/td>\n<\/tr>\n<tr>\n<td>Dimens\u00f5es<\/td>\n<td>D:17,5X31cm<\/td>\n<td>D:16X24,5cm<\/td>\n<td>D:15,5X20cm<\/td>\n<\/tr>\n<tr>\n<td>Peso<\/td>\n<td>1,7 kg\/unidade<\/td>\n<td>1,1 kg\/unidade<\/td>\n<td>0,9 kg\/unidade<\/td>\n<\/tr>\n<\/tbody>\n<\/table>\n<p>\n<script src=\"chrome-extension:\/\/fpelahbljekknahkcaegamhcndkfpfnc\/iFrame.js\" type=\"text\/javascript\"><\/script><\/p>","protected":false},"featured_media":3495,"comment_status":"closed","ping_status":"closed","template":"","meta":{"_acf_changed":false},"product_brand":[],"product_cat":[18,22],"product_tag":[],"class_list":{"0":"post-3449","1":"product","2":"type-product","3":"status-publish","4":"has-post-thumbnail","6":"product_cat-home-decor","7":"product_cat-vase","9":"first","10":"instock","11":"shipping-taxable","12":"product-type-simple"},"acf":[],"_links":{"self":[{"href":"https:\/\/www.santai-ceramics.com\/pt\/wp-json\/wp\/v2\/product\/3449","targetHints":{"allow":["GET"]}}],"collection":[{"href":"https:\/\/www.santai-ceramics.com\/pt\/wp-json\/wp\/v2\/product"}],"about":[{"href":"https:\/\/www.santai-ceramics.com\/pt\/wp-json\/wp\/v2\/types\/product"}],"replies":[{"embeddable":true,"href":"https:\/\/www.santai-ceramics.com\/pt\/wp-json\/wp\/v2\/comments?post=3449"}],"wp:featuredmedia":[{"embeddable":true,"href":"https:\/\/www.santai-ceramics.com\/pt\/wp-json\/wp\/v2\/media\/3495"}],"wp:attachment":[{"href":"https:\/\/www.santai-ceramics.com\/pt\/wp-json\/wp\/v2\/media?parent=3449"}],"wp:term":[{"taxonomy":"product_brand","embeddable":true,"href":"https:\/\/www.santai-ceramics.com\/pt\/wp-json\/wp\/v2\/product_brand?post=3449"},{"taxonomy":"product_cat","embeddable":true,"href":"https:\/\/www.santai-ceramics.com\/pt\/wp-json\/wp\/v2\/product_cat?post=3449"},{"taxonomy":"product_tag","embeddable":true,"href":"https:\/\/www.santai-ceramics.com\/pt\/wp-json\/wp\/v2\/product_tag?post=3449"}],"curies":[{"name":"wp","href":"https:\/\/api.w.org\/{rel}","templated":true}]}}