{"id":3451,"date":"2025-08-21T01:07:17","date_gmt":"2025-08-21T01:07:17","guid":{"rendered":"https:\/\/www.santai-ceramics.com\/?post_type=product&#038;p=3451"},"modified":"2025-08-21T01:07:19","modified_gmt":"2025-08-21T01:07:19","slug":"bulk-pink-flower-vases-wholesale","status":"publish","type":"product","link":"https:\/\/www.santai-ceramics.com\/pt\/product\/bulk-pink-flower-vases-wholesale\/","title":{"rendered":"Vasos de flores cor-de-rosa a granel com design de textura dupla - v\u00e1rios tamanhos"},"content":{"rendered":"<h3 class=\"wp-block-heading\">Carater\u00edsticas dos vasos de flores cor-de-rosa<\/h3>\n\n\n\n<ul class=\"wp-block-list\">\n<li><strong>Forma \u00fanica de dupla textura:<\/strong>Todas as jarras de flores a granel possuem uma forma segmentada \u00fanica. Uma parte superior em vidro cor-de-rosa com uma apar\u00eancia que capta uma luz suave, juntamente com uma sec\u00e7\u00e3o inferior vertical com ondas esculpidas. As texturas contrastantes criam um aspeto luxuoso e art\u00edstico que atrair\u00e1 os olhares em qualquer divis\u00e3o.<\/li>\n<\/ul>\n\n\n\n<ul class=\"wp-block-list\">\n<li><strong>Forma elegante de gota de \u00e1gua:<\/strong>Com linhas fluidas e contornos arredondados, o corpo do vaso com design de textura dupla assemelha-se a uma gota de \u00e1gua. Com contornos suaves e propor\u00e7\u00f5es equilibradas, n\u00e3o \u00e9 apenas um vaso de flores, mas uma pe\u00e7a de arte em si.<\/li>\n<\/ul>\n\n\n\n<ul class=\"wp-block-list\">\n<li><strong>Conjunto de tr\u00eas pe\u00e7as para um penteado flex\u00edvel:<\/strong>Com formas grandes, m\u00e9dias e pequenas, estes vasos de flores a granel oferecem v\u00e1rias possibilidades de arranjos. Coloque-os juntos para obter camadas de profundidade ou agrupe-os separadamente em diferentes espa\u00e7os, como a sala de estar, o quarto ou a sala de jantar.<\/li>\n<\/ul>\n\n\n\n<ul class=\"wp-block-list\">\n<li><strong>Artesanato em cer\u00e2mica de qualidade superior:<\/strong>Fabricado em cer\u00e2mica de alta qualidade cozida a alta temperatura para maior resist\u00eancia e durabilidade. A superf\u00edcie lisa e vidrada tamb\u00e9m \u00e9 resistente ao desbotamento, tendo um \u00f3timo aspeto durante muitos anos. \u00d3timo para flores frescas e tamb\u00e9m como pe\u00e7a central decorativa por si s\u00f3.<\/li>\n<\/ul>\n\n\n\n<h3 class=\"wp-block-heading\">Vasos de flores personalizados com servi\u00e7o de design de textura dupla<\/h3>\n\n\n\n<p>Oferecemos servi\u00e7os OEM e ODM para os nossos produtos.<br>Entrega r\u00e1pida de amostras est\u00e1 dispon\u00edvel.<br>Oferecemos uma variedade de formas, cores, impress\u00e3o personalizada, embalagem e outros servi\u00e7os adaptados para satisfazer as suas necessidades espec\u00edficas.<br><a href=\"https:\/\/www.santai-ceramics.com\/pt\/custom\/\" data-type=\"page\" data-id=\"13\" target=\"_blank\" rel=\"noreferrer noopener\"><strong>Saiba mais sobre vasos de flores personalizados.<\/strong><\/a><\/p>\n\n\n\n<div class=\"wp-block-columns is-layout-flex wp-container-core-columns-is-layout-9d6595d7 wp-block-columns-is-layout-flex\">\n<div class=\"wp-block-column is-layout-flow wp-block-column-is-layout-flow\">\n<figure class=\"wp-block-image size-full\"><img decoding=\"async\" width=\"1496\" height=\"1496\" src=\"https:\/\/www.santai-ceramics.com\/wp-content\/uploads\/2025\/08\/bulk-vases-with-dual-texture-design-5.webp\" alt=\"vasos a granel com design de dupla textura (5)\" class=\"wp-image-3481\" srcset=\"https:\/\/www.santai-ceramics.com\/wp-content\/uploads\/2025\/08\/bulk-vases-with-dual-texture-design-5.webp 1496w, https:\/\/www.santai-ceramics.com\/wp-content\/uploads\/2025\/08\/bulk-vases-with-dual-texture-design-5-300x300.webp 300w, https:\/\/www.santai-ceramics.com\/wp-content\/uploads\/2025\/08\/bulk-vases-with-dual-texture-design-5-150x150.webp 150w, https:\/\/www.santai-ceramics.com\/wp-content\/uploads\/2025\/08\/bulk-vases-with-dual-texture-design-5-768x768.webp 768w, https:\/\/www.santai-ceramics.com\/wp-content\/uploads\/2025\/08\/bulk-vases-with-dual-texture-design-5-12x12.webp 12w, https:\/\/www.santai-ceramics.com\/wp-content\/uploads\/2025\/08\/bulk-vases-with-dual-texture-design-5-1200x1200.webp 1200w, https:\/\/www.santai-ceramics.com\/wp-content\/uploads\/2025\/08\/bulk-vases-with-dual-texture-design-5-600x600.webp 600w, https:\/\/www.santai-ceramics.com\/wp-content\/uploads\/2025\/08\/bulk-vases-with-dual-texture-design-5-100x100.webp 100w\" sizes=\"(max-width: 1496px) 100vw, 1496px\" \/><\/figure>\n<\/div>\n\n\n\n<div class=\"wp-block-column is-layout-flow wp-block-column-is-layout-flow\">\n<figure class=\"wp-block-image size-full\"><img decoding=\"async\" width=\"3170\" height=\"3169\" src=\"https:\/\/www.santai-ceramics.com\/wp-content\/uploads\/2025\/08\/bulk-vases-with-dual-texture-design-6.webp\" alt=\"vasos a granel com design de dupla textura (6)\" class=\"wp-image-3482\" srcset=\"https:\/\/www.santai-ceramics.com\/wp-content\/uploads\/2025\/08\/bulk-vases-with-dual-texture-design-6.webp 3170w, https:\/\/www.santai-ceramics.com\/wp-content\/uploads\/2025\/08\/bulk-vases-with-dual-texture-design-6-300x300.webp 300w, https:\/\/www.santai-ceramics.com\/wp-content\/uploads\/2025\/08\/bulk-vases-with-dual-texture-design-6-150x150.webp 150w, https:\/\/www.santai-ceramics.com\/wp-content\/uploads\/2025\/08\/bulk-vases-with-dual-texture-design-6-768x768.webp 768w, https:\/\/www.santai-ceramics.com\/wp-content\/uploads\/2025\/08\/bulk-vases-with-dual-texture-design-6-12x12.webp 12w, https:\/\/www.santai-ceramics.com\/wp-content\/uploads\/2025\/08\/bulk-vases-with-dual-texture-design-6-1200x1200.webp 1200w, https:\/\/www.santai-ceramics.com\/wp-content\/uploads\/2025\/08\/bulk-vases-with-dual-texture-design-6-600x600.webp 600w, https:\/\/www.santai-ceramics.com\/wp-content\/uploads\/2025\/08\/bulk-vases-with-dual-texture-design-6-100x100.webp 100w\" sizes=\"(max-width: 3170px) 100vw, 3170px\" \/><\/figure>\n<\/div>\n<\/div>","protected":false},"excerpt":{"rendered":"<p data-pm-slice=\"0 0 []\">Vasos de flores cor-de-rosa a granel para venda. Um conjunto moderno de vasos de cer\u00e2mica de tr\u00eas pe\u00e7as que apresenta cores rosa pastel suaves e texturas duplas n\u00edtidas. Com acabamentos vidrados em superf\u00edcies lisas e padr\u00f5es ondulados esculpidos, este conjunto de tr\u00eas pe\u00e7as de vasos de flores a granel proporciona calor, est\u00e9tica e versatilidade a qualquer sala de estar. Est\u00e3o dispon\u00edveis servi\u00e7os OEM\/ODM. Contacte-nos agora!<\/p>\n<h2>Especifica\u00e7\u00f5es de Vasos de flores com design de textura dupla<\/h2>\n<table width=\"1140\">\n<tbody>\n<tr>\n<td width=\"285\">N\u00famero do modelo<\/td>\n<td width=\"285\">A37854-LE27-A01<\/td>\n<td width=\"285\">A37855-LE27-A01<\/td>\n<td width=\"285\">A37855-LE27-A02<\/td>\n<\/tr>\n<tr>\n<td>Nome do produto<\/td>\n<td>Jarra de cer\u00e2mica<\/td>\n<td>Jarra de cer\u00e2mica<\/td>\n<td>Jarra de cer\u00e2mica<\/td>\n<\/tr>\n<tr>\n<td>Cor<\/td>\n<td>Cor-de-rosa<\/td>\n<td>Cor-de-rosa<\/td>\n<td>Cor-de-rosa<\/td>\n<\/tr>\n<tr>\n<td>Material<\/td>\n<td>Cer\u00e2mica\u00a0<\/td>\n<td>Cer\u00e2mica\u00a0<\/td>\n<td>Cer\u00e2mica\u00a0<\/td>\n<\/tr>\n<tr>\n<td>Cen\u00e1rios de utiliza\u00e7\u00e3o<\/td>\n<td>decora\u00e7\u00e3o de casa\u00a0<\/td>\n<td>decora\u00e7\u00e3o de casa\u00a0<\/td>\n<td>decora\u00e7\u00e3o de casa\u00a0<\/td>\n<\/tr>\n<tr>\n<td>Dimens\u00f5es<\/td>\n<td>D:16,5X35,5cm<\/td>\n<td>D:16,5X28,5cm<\/td>\n<td>D:13X21cm<\/td>\n<\/tr>\n<tr>\n<td>Peso<\/td>\n<td>1,6 kg\/unidade<\/td>\n<td>1,2 kg\/unidade<\/td>\n<td>0,8 kg\/unidade<\/td>\n<\/tr>\n<\/tbody>\n<\/table>\n<p>\n<script src=\"chrome-extension:\/\/fpelahbljekknahkcaegamhcndkfpfnc\/iFrame.js\" type=\"text\/javascript\"><\/script><\/p>","protected":false},"featured_media":3478,"comment_status":"closed","ping_status":"closed","template":"","meta":{"_acf_changed":false},"product_brand":[],"product_cat":[18,22],"product_tag":[],"class_list":{"0":"post-3451","1":"product","2":"type-product","3":"status-publish","4":"has-post-thumbnail","6":"product_cat-home-decor","7":"product_cat-vase","9":"first","10":"instock","11":"shipping-taxable","12":"product-type-simple"},"acf":[],"_links":{"self":[{"href":"https:\/\/www.santai-ceramics.com\/pt\/wp-json\/wp\/v2\/product\/3451","targetHints":{"allow":["GET"]}}],"collection":[{"href":"https:\/\/www.santai-ceramics.com\/pt\/wp-json\/wp\/v2\/product"}],"about":[{"href":"https:\/\/www.santai-ceramics.com\/pt\/wp-json\/wp\/v2\/types\/product"}],"replies":[{"embeddable":true,"href":"https:\/\/www.santai-ceramics.com\/pt\/wp-json\/wp\/v2\/comments?post=3451"}],"wp:featuredmedia":[{"embeddable":true,"href":"https:\/\/www.santai-ceramics.com\/pt\/wp-json\/wp\/v2\/media\/3478"}],"wp:attachment":[{"href":"https:\/\/www.santai-ceramics.com\/pt\/wp-json\/wp\/v2\/media?parent=3451"}],"wp:term":[{"taxonomy":"product_brand","embeddable":true,"href":"https:\/\/www.santai-ceramics.com\/pt\/wp-json\/wp\/v2\/product_brand?post=3451"},{"taxonomy":"product_cat","embeddable":true,"href":"https:\/\/www.santai-ceramics.com\/pt\/wp-json\/wp\/v2\/product_cat?post=3451"},{"taxonomy":"product_tag","embeddable":true,"href":"https:\/\/www.santai-ceramics.com\/pt\/wp-json\/wp\/v2\/product_tag?post=3451"}],"curies":[{"name":"wp","href":"https:\/\/api.w.org\/{rel}","templated":true}]}}