{"id":3452,"date":"2025-08-21T01:13:20","date_gmt":"2025-08-21T01:13:20","guid":{"rendered":"https:\/\/www.santai-ceramics.com\/?post_type=product&#038;p=3452"},"modified":"2025-08-21T01:13:37","modified_gmt":"2025-08-21T01:13:37","slug":"wholesale-pink-mushroom-shaped-flower-vases","status":"publish","type":"product","link":"https:\/\/www.santai-ceramics.com\/pt\/product\/wholesale-pink-mushroom-shaped-flower-vases\/","title":{"rendered":"Vasos de flores em forma de cogumelo rosa por atacado - Decora\u00e7\u00e3o moderna e minimalista para casa"},"content":{"rendered":"<h3 class=\"wp-block-heading\">Carater\u00edsticas dos vasos de flores em forma de cogumelo cor-de-rosa<\/h3>\n\n\n\n<ul class=\"wp-block-list\">\n<li><strong>Acabamento pastel suave com textura de cer\u00e2mica de luxo<\/strong>Produzidas com um acabamento rosa claro, estas jarras de flores em forma de cogumelo rosa s\u00e3o suaves e acolhedoras, quentes. O acabamento vidrado \u00e9 suave, brilhante e refinado e, em certos modelos, os veios brancos naturais acrescentam interesse visual. Em compara\u00e7\u00e3o com os tipos de pl\u00e1stico ou metal, o material cer\u00e2mico proporciona uma sensa\u00e7\u00e3o natural e org\u00e2nica que se adequa aos esquemas contempor\u00e2neos de \"regresso \u00e0 natureza\".<\/li>\n<\/ul>\n\n\n\n<ul class=\"wp-block-list\">\n<li><strong>Forma \u00fanica que combina beleza e funcionalidade<\/strong>Os vasos de flores em forma de cogumelo cor-de-rosa afastam-se da simplicidade cl\u00e1ssica e garantem funcionalidade. As bocas alargadas ou largas permitem uma disposi\u00e7\u00e3o c\u00f3moda das flores, e as estruturas divididas proporcionam profundidade visual e apelo est\u00e9tico. V\u00e1rios tamanhos adaptam-se a mesas de cabeceira, secret\u00e1rias, salas de estar ou \u00e1reas de entrada.<\/li>\n<\/ul>\n\n\n\n<ul class=\"wp-block-list\">\n<li><strong>Artesanato refinado e estrutura dur\u00e1vel<\/strong>Cada jarra \u00e9 polida com precis\u00e3o para um acabamento suave e sem defeitos. O esmalte uniforme e transparente tem reflexos de luz suaves, dando profundidade e sofistica\u00e7\u00e3o. A constru\u00e7\u00e3o em cer\u00e2mica foi concebida para ser est\u00e1vel, com bases mais finas que n\u00e3o caem. O material cer\u00e2mico resistente oferece durabilidade e prote\u00e7\u00e3o contra a utiliza\u00e7\u00e3o di\u00e1ria.<\/li>\n<\/ul>\n\n\n\n<ul class=\"wp-block-list\">\n<li><strong>Decora\u00e7\u00e3o vers\u00e1til para diferentes estilos de interiores<\/strong>O rosa pastel suave destes vasos de flores em forma de cogumelo por atacado combina bem com tons de madeira, est\u00e9tica minimalista n\u00f3rdica e um toque vintage franc\u00eas. Como suporte para flores frescas ou por si s\u00f3, servem tanto como recept\u00e1culos pr\u00e1ticos como pe\u00e7as de arte deslumbrantes que real\u00e7am a beleza de qualquer divis\u00e3o.<\/li>\n<\/ul>\n\n\n\n<h3 class=\"wp-block-heading\">Servi\u00e7o de vasos de flores personalizados em forma de cogumelo<\/h3>\n\n\n\n<p>Oferecemos servi\u00e7os OEM e ODM para os nossos produtos.<br>Entrega r\u00e1pida de amostras est\u00e1 dispon\u00edvel.<br>Oferecemos uma variedade de formas, cores, impress\u00e3o personalizada, embalagem e outros servi\u00e7os adaptados para satisfazer as suas necessidades espec\u00edficas.<br><a href=\"https:\/\/www.santai-ceramics.com\/pt\/custom\/\" data-type=\"page\" data-id=\"13\" target=\"_blank\" rel=\"noreferrer noopener\"><strong><b>Saiba mais sobre personaliza\u00e7\u00e3o<\/b> pormenores do vaso de flores.<\/strong><\/a><\/p>\n\n\n\n<div class=\"wp-block-columns is-layout-flex wp-container-core-columns-is-layout-9d6595d7 wp-block-columns-is-layout-flex\">\n<div class=\"wp-block-column is-layout-flow wp-block-column-is-layout-flow\">\n<figure class=\"wp-block-image size-full\"><img decoding=\"async\" width=\"1552\" height=\"1552\" src=\"https:\/\/www.santai-ceramics.com\/wp-content\/uploads\/2025\/08\/wholesale-pink-mushroom-shape-flower-vases-4.webp\" alt=\"vasos de flores em forma de cogumelo cor-de-rosa por atacado (4)\" class=\"wp-image-3460\" srcset=\"https:\/\/www.santai-ceramics.com\/wp-content\/uploads\/2025\/08\/wholesale-pink-mushroom-shape-flower-vases-4.webp 1552w, https:\/\/www.santai-ceramics.com\/wp-content\/uploads\/2025\/08\/wholesale-pink-mushroom-shape-flower-vases-4-300x300.webp 300w, https:\/\/www.santai-ceramics.com\/wp-content\/uploads\/2025\/08\/wholesale-pink-mushroom-shape-flower-vases-4-150x150.webp 150w, https:\/\/www.santai-ceramics.com\/wp-content\/uploads\/2025\/08\/wholesale-pink-mushroom-shape-flower-vases-4-768x768.webp 768w, https:\/\/www.santai-ceramics.com\/wp-content\/uploads\/2025\/08\/wholesale-pink-mushroom-shape-flower-vases-4-12x12.webp 12w, https:\/\/www.santai-ceramics.com\/wp-content\/uploads\/2025\/08\/wholesale-pink-mushroom-shape-flower-vases-4-1200x1200.webp 1200w, https:\/\/www.santai-ceramics.com\/wp-content\/uploads\/2025\/08\/wholesale-pink-mushroom-shape-flower-vases-4-600x600.webp 600w, https:\/\/www.santai-ceramics.com\/wp-content\/uploads\/2025\/08\/wholesale-pink-mushroom-shape-flower-vases-4-100x100.webp 100w\" sizes=\"(max-width: 1552px) 100vw, 1552px\" \/><\/figure>\n<\/div>\n\n\n\n<div class=\"wp-block-column is-layout-flow wp-block-column-is-layout-flow\">\n<figure class=\"wp-block-image size-full\"><img decoding=\"async\" width=\"2262\" height=\"2262\" src=\"https:\/\/www.santai-ceramics.com\/wp-content\/uploads\/2025\/08\/wholesale-pink-mushroom-shape-flower-vases-5.webp\" alt=\"vasos de flores em forma de cogumelo cor-de-rosa por atacado (5)\" class=\"wp-image-3461\" srcset=\"https:\/\/www.santai-ceramics.com\/wp-content\/uploads\/2025\/08\/wholesale-pink-mushroom-shape-flower-vases-5.webp 2262w, https:\/\/www.santai-ceramics.com\/wp-content\/uploads\/2025\/08\/wholesale-pink-mushroom-shape-flower-vases-5-300x300.webp 300w, https:\/\/www.santai-ceramics.com\/wp-content\/uploads\/2025\/08\/wholesale-pink-mushroom-shape-flower-vases-5-150x150.webp 150w, https:\/\/www.santai-ceramics.com\/wp-content\/uploads\/2025\/08\/wholesale-pink-mushroom-shape-flower-vases-5-768x768.webp 768w, https:\/\/www.santai-ceramics.com\/wp-content\/uploads\/2025\/08\/wholesale-pink-mushroom-shape-flower-vases-5-12x12.webp 12w, https:\/\/www.santai-ceramics.com\/wp-content\/uploads\/2025\/08\/wholesale-pink-mushroom-shape-flower-vases-5-1200x1200.webp 1200w, https:\/\/www.santai-ceramics.com\/wp-content\/uploads\/2025\/08\/wholesale-pink-mushroom-shape-flower-vases-5-600x600.webp 600w, https:\/\/www.santai-ceramics.com\/wp-content\/uploads\/2025\/08\/wholesale-pink-mushroom-shape-flower-vases-5-100x100.webp 100w\" sizes=\"(max-width: 2262px) 100vw, 2262px\" \/><\/figure>\n<\/div>\n<\/div>","protected":false},"excerpt":{"rendered":"<p data-pm-slice=\"0 0 []\">Vasos de flores em forma de cogumelo cor-de-rosa por grosso. Estes encantadores vasos de flores em forma de cogumelo cor-de-rosa apresentam tons pastel p\u00e1lidos e texturas sedosas. Produzidos numa variedade de tamanhos, proporcionam um apelo art\u00edstico e uma fun\u00e7\u00e3o utilit\u00e1ria. Perfeitos como pe\u00e7as decorativas individuais ou para utiliza\u00e7\u00e3o em vasos, complementam-se elegantemente com designs de interiores modernos, n\u00f3rdicos ou vintage. Apoiando servi\u00e7os OEM \/ ODM, entre em contato conosco para uma cota\u00e7\u00e3o razo\u00e1vel agora\uff01<\/p>\n<h2>Especifica\u00e7\u00e3o de Vasos de flores em forma de cogumelo cor-de-rosa<\/h2>\n<table width=\"1140\">\n<tbody>\n<tr>\n<td width=\"285\">N\u00famero do modelo<\/td>\n<td width=\"285\">A37061-LE27-A01<\/td>\n<td width=\"285\">A37061-LE27-A02<\/td>\n<td width=\"285\">A37061-LE27-A03<\/td>\n<\/tr>\n<tr>\n<td>Nome do produto<\/td>\n<td>Jarra de cer\u00e2mica<\/td>\n<td>Jarra de cer\u00e2mica<\/td>\n<td>Jarra de cer\u00e2mica<\/td>\n<\/tr>\n<tr>\n<td>Cor<\/td>\n<td>Cor-de-rosa<\/td>\n<td>Cor-de-rosa<\/td>\n<td>Cor-de-rosa<\/td>\n<\/tr>\n<tr>\n<td>Material<\/td>\n<td>Cer\u00e2mica\u00a0<\/td>\n<td>Cer\u00e2mica\u00a0<\/td>\n<td>Cer\u00e2mica\u00a0<\/td>\n<\/tr>\n<tr>\n<td>Cen\u00e1rios de utiliza\u00e7\u00e3o<\/td>\n<td>decora\u00e7\u00e3o de casa\u00a0<\/td>\n<td>decora\u00e7\u00e3o de casa\u00a0<\/td>\n<td>decora\u00e7\u00e3o de casa\u00a0<\/td>\n<\/tr>\n<tr>\n<td>Dimens\u00f5es<\/td>\n<td>D:16X27,5cm<\/td>\n<td>D:13X23cm<\/td>\n<td>D:11,5X18cm<\/td>\n<\/tr>\n<tr>\n<td>Peso<\/td>\n<td>1,7 kg\/unidade<\/td>\n<td>0,9 kg\/unidade<\/td>\n<td>0,8 kg\/unidade<\/td>\n<\/tr>\n<\/tbody>\n<\/table>\n<p>\n<script src=\"chrome-extension:\/\/fpelahbljekknahkcaegamhcndkfpfnc\/iFrame.js\" type=\"text\/javascript\"><\/script><\/p>","protected":false},"featured_media":3457,"comment_status":"closed","ping_status":"closed","template":"","meta":{"_acf_changed":false},"product_brand":[],"product_cat":[18,22],"product_tag":[],"class_list":{"0":"post-3452","1":"product","2":"type-product","3":"status-publish","4":"has-post-thumbnail","6":"product_cat-home-decor","7":"product_cat-vase","9":"first","10":"instock","11":"shipping-taxable","12":"product-type-simple"},"acf":[],"_links":{"self":[{"href":"https:\/\/www.santai-ceramics.com\/pt\/wp-json\/wp\/v2\/product\/3452","targetHints":{"allow":["GET"]}}],"collection":[{"href":"https:\/\/www.santai-ceramics.com\/pt\/wp-json\/wp\/v2\/product"}],"about":[{"href":"https:\/\/www.santai-ceramics.com\/pt\/wp-json\/wp\/v2\/types\/product"}],"replies":[{"embeddable":true,"href":"https:\/\/www.santai-ceramics.com\/pt\/wp-json\/wp\/v2\/comments?post=3452"}],"wp:featuredmedia":[{"embeddable":true,"href":"https:\/\/www.santai-ceramics.com\/pt\/wp-json\/wp\/v2\/media\/3457"}],"wp:attachment":[{"href":"https:\/\/www.santai-ceramics.com\/pt\/wp-json\/wp\/v2\/media?parent=3452"}],"wp:term":[{"taxonomy":"product_brand","embeddable":true,"href":"https:\/\/www.santai-ceramics.com\/pt\/wp-json\/wp\/v2\/product_brand?post=3452"},{"taxonomy":"product_cat","embeddable":true,"href":"https:\/\/www.santai-ceramics.com\/pt\/wp-json\/wp\/v2\/product_cat?post=3452"},{"taxonomy":"product_tag","embeddable":true,"href":"https:\/\/www.santai-ceramics.com\/pt\/wp-json\/wp\/v2\/product_tag?post=3452"}],"curies":[{"name":"wp","href":"https:\/\/api.w.org\/{rel}","templated":true}]}}