{"id":3453,"date":"2025-08-21T01:31:51","date_gmt":"2025-08-21T01:31:51","guid":{"rendered":"https:\/\/www.santai-ceramics.com\/?post_type=product&#038;p=3453"},"modified":"2025-08-21T01:31:52","modified_gmt":"2025-08-21T01:31:52","slug":"wholesale-soft-pink-ceramic-vases","status":"publish","type":"product","link":"https:\/\/www.santai-ceramics.com\/pt\/product\/wholesale-soft-pink-ceramic-vases\/","title":{"rendered":"Vasos de cer\u00e2mica rosa suave por atacado com design texturizado - Vasos de flores decorativos modernos a granel"},"content":{"rendered":"<h3 class=\"wp-block-heading\">Carater\u00edsticas das jarras de cer\u00e2mica rosa suave com design texturado<\/h3>\n\n\n\n<ul class=\"wp-block-list\">\n<li><strong>Paleta de cores suaves:<\/strong>Criados com um esmalte rosa p\u00e1lido e suave, estes vasos de cer\u00e2mica por atacado projectam uma atmosfera elegante e serena. A luz suave reflecte-se suavemente na superf\u00edcie lisa da cer\u00e2mica, criando sombras e realces suaves que conferem um ar de sofistica\u00e7\u00e3o a qualquer espa\u00e7o.<\/li>\n<\/ul>\n\n\n\n<ul class=\"wp-block-list\">\n<li><strong>Tipos duplos:<\/strong><br>Com v\u00e1rios tamanhos dispon\u00edveis, o posicionamento vers\u00e1til \u00e9 simples - os vasos pequenos encaixam perfeitamente em secret\u00e1rias ou mesas de cabeceira, enquanto os maiores adornam salas de estar, corredores ou varandas.<\/li>\n<\/ul>\n\n\n\n<ul class=\"wp-block-list\">\n<li><strong>Durabilidade:<\/strong><br>Fabricado em cer\u00e2mica de alta qualidade e com cozedura a alta temperatura, cada vaso de cer\u00e2mica por atacado tem um esmalte suave e sem falhas. O corpo de cer\u00e2mica pesada garante uma utiliza\u00e7\u00e3o duradoura e a constru\u00e7\u00e3o est\u00e1vel da base promete uma utiliza\u00e7\u00e3o di\u00e1ria segura sem tombar.<\/li>\n<\/ul>\n\n\n\n<ul class=\"wp-block-list\">\n<li><strong>Versatilidade funcional e est\u00e9tica:<\/strong><br>Estes vasos de cer\u00e2mica por grosso com design texturado s\u00e3o perfeitos como vasos para flores frescas, flores secas ou plantas de interior. <\/li>\n<\/ul>\n\n\n\n<h3 class=\"wp-block-heading\">Servi\u00e7o de vasos de cer\u00e2mica personalizados<\/h3>\n\n\n\n<p>Oferecemos servi\u00e7os OEM e ODM para os nossos produtos.<br>Entrega r\u00e1pida de amostras est\u00e1 dispon\u00edvel.<br>Oferecemos uma variedade de formas, cores, impress\u00e3o personalizada, embalagem e outros servi\u00e7os adaptados para satisfazer as suas necessidades espec\u00edficas.<br><a href=\"https:\/\/www.santai-ceramics.com\/pt\/custom\/\" data-type=\"page\" data-id=\"13\" target=\"_blank\" rel=\"noreferrer noopener\"><strong><b>Saiba mais sobre personaliza\u00e7\u00e3o<\/b> pormenores de vasos de cer\u00e2mica.<\/strong><\/a><\/p>\n\n\n\n<div class=\"wp-block-columns is-layout-flex wp-container-core-columns-is-layout-9d6595d7 wp-block-columns-is-layout-flex\">\n<div class=\"wp-block-column is-layout-flow wp-block-column-is-layout-flow\">\n<figure class=\"wp-block-image size-full\"><img decoding=\"async\" width=\"1476\" height=\"1476\" src=\"https:\/\/www.santai-ceramics.com\/wp-content\/uploads\/2025\/08\/wholesale-textured-soft-pink-ceramic-vases-3.webp\" alt=\"vasos de cer\u00e2mica rosa suave com textura por atacado (3)\" class=\"wp-image-3474\" srcset=\"https:\/\/www.santai-ceramics.com\/wp-content\/uploads\/2025\/08\/wholesale-textured-soft-pink-ceramic-vases-3.webp 1476w, https:\/\/www.santai-ceramics.com\/wp-content\/uploads\/2025\/08\/wholesale-textured-soft-pink-ceramic-vases-3-300x300.webp 300w, https:\/\/www.santai-ceramics.com\/wp-content\/uploads\/2025\/08\/wholesale-textured-soft-pink-ceramic-vases-3-150x150.webp 150w, https:\/\/www.santai-ceramics.com\/wp-content\/uploads\/2025\/08\/wholesale-textured-soft-pink-ceramic-vases-3-768x768.webp 768w, https:\/\/www.santai-ceramics.com\/wp-content\/uploads\/2025\/08\/wholesale-textured-soft-pink-ceramic-vases-3-12x12.webp 12w, https:\/\/www.santai-ceramics.com\/wp-content\/uploads\/2025\/08\/wholesale-textured-soft-pink-ceramic-vases-3-1200x1200.webp 1200w, https:\/\/www.santai-ceramics.com\/wp-content\/uploads\/2025\/08\/wholesale-textured-soft-pink-ceramic-vases-3-600x600.webp 600w, https:\/\/www.santai-ceramics.com\/wp-content\/uploads\/2025\/08\/wholesale-textured-soft-pink-ceramic-vases-3-100x100.webp 100w\" sizes=\"(max-width: 1476px) 100vw, 1476px\" \/><\/figure>\n<\/div>\n\n\n\n<div class=\"wp-block-column is-layout-flow wp-block-column-is-layout-flow\">\n<figure class=\"wp-block-image size-full\"><img decoding=\"async\" width=\"2937\" height=\"2937\" src=\"https:\/\/www.santai-ceramics.com\/wp-content\/uploads\/2025\/08\/wholesale-textured-soft-pink-ceramic-vases-4.webp\" alt=\"vasos de cer\u00e2mica rosa suave com textura por atacado (4)\" class=\"wp-image-3475\" srcset=\"https:\/\/www.santai-ceramics.com\/wp-content\/uploads\/2025\/08\/wholesale-textured-soft-pink-ceramic-vases-4.webp 2937w, https:\/\/www.santai-ceramics.com\/wp-content\/uploads\/2025\/08\/wholesale-textured-soft-pink-ceramic-vases-4-300x300.webp 300w, https:\/\/www.santai-ceramics.com\/wp-content\/uploads\/2025\/08\/wholesale-textured-soft-pink-ceramic-vases-4-150x150.webp 150w, https:\/\/www.santai-ceramics.com\/wp-content\/uploads\/2025\/08\/wholesale-textured-soft-pink-ceramic-vases-4-768x768.webp 768w, https:\/\/www.santai-ceramics.com\/wp-content\/uploads\/2025\/08\/wholesale-textured-soft-pink-ceramic-vases-4-12x12.webp 12w, https:\/\/www.santai-ceramics.com\/wp-content\/uploads\/2025\/08\/wholesale-textured-soft-pink-ceramic-vases-4-1200x1200.webp 1200w, https:\/\/www.santai-ceramics.com\/wp-content\/uploads\/2025\/08\/wholesale-textured-soft-pink-ceramic-vases-4-600x600.webp 600w, https:\/\/www.santai-ceramics.com\/wp-content\/uploads\/2025\/08\/wholesale-textured-soft-pink-ceramic-vases-4-100x100.webp 100w\" sizes=\"(max-width: 2937px) 100vw, 2937px\" \/><\/figure>\n<\/div>\n<\/div>","protected":false},"excerpt":{"rendered":"<p data-pm-slice=\"0 0 []\">Vasos de cer\u00e2mica por grosso em rosa suave com um design texturado. Uma cole\u00e7\u00e3o requintada de vasos de cer\u00e2mica em tons de rosa suave, com texturas uniformes e detalhes ornamentados. Adequados para exibir flores frescas, folhagem ou como elementos decorativos independentes, os vasos trazem calor, eleg\u00e2ncia e interesse est\u00e9tico para a casa. Apoiamos os servi\u00e7os OEM\/ODM. As encomendas em massa s\u00e3o bem-vindas. Contacte-nos agora!<\/p>\n<h2>Especifica\u00e7\u00f5es de Vasos de cer\u00e2mica rosa suave com design texturado<\/h2>\n<table width=\"855\">\n<tbody>\n<tr>\n<td width=\"285\">N\u00famero do modelo<\/td>\n<td width=\"285\">A37644-LE27-A01<\/td>\n<td width=\"285\">A37644-LE27-A02<\/td>\n<\/tr>\n<tr>\n<td>Nome do produto<\/td>\n<td>Jarra de cer\u00e2mica<\/td>\n<td>Jarra de cer\u00e2mica<\/td>\n<\/tr>\n<tr>\n<td>Cor<\/td>\n<td>Cor-de-rosa<\/td>\n<td>Cor-de-rosa<\/td>\n<\/tr>\n<tr>\n<td>Material<\/td>\n<td>Cer\u00e2mica\u00a0<\/td>\n<td>Cer\u00e2mica\u00a0<\/td>\n<\/tr>\n<tr>\n<td>Cen\u00e1rios de utiliza\u00e7\u00e3o<\/td>\n<td>decora\u00e7\u00e3o de casa\u00a0<\/td>\n<td>decora\u00e7\u00e3o de casa\u00a0<\/td>\n<\/tr>\n<tr>\n<td>Dimens\u00f5es<\/td>\n<td>D:22,5X26,5cm<\/td>\n<td>D:18,5X22cm<\/td>\n<\/tr>\n<tr>\n<td>Peso<\/td>\n<td>2kg\/pc<\/td>\n<td>1,3 kg\/unidade<\/td>\n<\/tr>\n<\/tbody>\n<\/table>\n<p>\n<script src=\"chrome-extension:\/\/fpelahbljekknahkcaegamhcndkfpfnc\/iFrame.js\" type=\"text\/javascript\"><\/script><\/p>","protected":false},"featured_media":3473,"comment_status":"closed","ping_status":"closed","template":"","meta":{"_acf_changed":false},"product_brand":[],"product_cat":[18,22],"product_tag":[],"class_list":{"0":"post-3453","1":"product","2":"type-product","3":"status-publish","4":"has-post-thumbnail","6":"product_cat-home-decor","7":"product_cat-vase","9":"first","10":"instock","11":"shipping-taxable","12":"product-type-simple"},"acf":[],"_links":{"self":[{"href":"https:\/\/www.santai-ceramics.com\/pt\/wp-json\/wp\/v2\/product\/3453","targetHints":{"allow":["GET"]}}],"collection":[{"href":"https:\/\/www.santai-ceramics.com\/pt\/wp-json\/wp\/v2\/product"}],"about":[{"href":"https:\/\/www.santai-ceramics.com\/pt\/wp-json\/wp\/v2\/types\/product"}],"replies":[{"embeddable":true,"href":"https:\/\/www.santai-ceramics.com\/pt\/wp-json\/wp\/v2\/comments?post=3453"}],"wp:featuredmedia":[{"embeddable":true,"href":"https:\/\/www.santai-ceramics.com\/pt\/wp-json\/wp\/v2\/media\/3473"}],"wp:attachment":[{"href":"https:\/\/www.santai-ceramics.com\/pt\/wp-json\/wp\/v2\/media?parent=3453"}],"wp:term":[{"taxonomy":"product_brand","embeddable":true,"href":"https:\/\/www.santai-ceramics.com\/pt\/wp-json\/wp\/v2\/product_brand?post=3453"},{"taxonomy":"product_cat","embeddable":true,"href":"https:\/\/www.santai-ceramics.com\/pt\/wp-json\/wp\/v2\/product_cat?post=3453"},{"taxonomy":"product_tag","embeddable":true,"href":"https:\/\/www.santai-ceramics.com\/pt\/wp-json\/wp\/v2\/product_tag?post=3453"}],"curies":[{"name":"wp","href":"https:\/\/api.w.org\/{rel}","templated":true}]}}