{"id":3454,"date":"2025-08-21T00:57:52","date_gmt":"2025-08-21T00:57:52","guid":{"rendered":"https:\/\/www.santai-ceramics.com\/?post_type=product&#038;p=3454"},"modified":"2025-08-21T00:57:54","modified_gmt":"2025-08-21T00:57:54","slug":"wholesale-pink-ceramic-planters","status":"publish","type":"product","link":"https:\/\/www.santai-ceramics.com\/pt\/product\/wholesale-pink-ceramic-planters\/","title":{"rendered":"Vasos de cer\u00e2mica cor-de-rosa com duas texturas - para uma decora\u00e7\u00e3o moderna"},"content":{"rendered":"<h3 class=\"wp-block-heading\">Carater\u00edsticas das floreiras de cer\u00e2mica rosa com dupla textura<\/h3>\n\n\n\n<ul class=\"wp-block-list\">\n<li><strong>Esmalte pastel suave com sofistica\u00e7\u00e3o natural:<\/strong><br>Equipados com um suave esmalte rosa pastel e um delicado brilho cer\u00e2mico, estes vasos de cer\u00e2mica rosa por atacado criam uma atmosfera refrescante e tranquila. Alguns modelos revelam um interior de barro natural para um contraste chique, misturando calor e sofistica\u00e7\u00e3o moderna.<\/li>\n<\/ul>\n\n\n\n<ul class=\"wp-block-list\">\n<li><strong>Texturas diversas:<\/strong><br>Com ondula\u00e7\u00f5es onduladas, ranhuras verticais e texturas de malha, cada plantador de textura dupla por atacado tem o seu aspeto artesanal \u00fanico. As superf\u00edcies de textura grosseira acrescentam funcionalidade ao evitar que a terra caia, acrescentando tamb\u00e9m car\u00e1cter e profundidade.<\/li>\n<\/ul>\n\n\n\n<ul class=\"wp-block-list\">\n<li><strong>Variedade de formas e op\u00e7\u00f5es de tamanho:<\/strong><br>Com tamanhos grandes, m\u00e9dios e pequenos, a cole\u00e7\u00e3o pode ser adaptada aos espa\u00e7os. As formas afiladas, arredondadas e altas e finas criam versatilidade de estilo - desde mesas de cabeceira e secret\u00e1rias a salas de estar e varandas - perfeitas para suculentas, pequenas plantas ou acentos decorativos.<\/li>\n<\/ul>\n\n\n\n<ul class=\"wp-block-list\">\n<li><strong>Versatilidade funcional e decorativa:<\/strong><br>Com a planta\u00e7\u00e3o e o estilo em considera\u00e7\u00e3o, o esquema de cores pastel suaves e os acabamentos de textura destes vasos de cer\u00e2mica por atacado tornam-nos adequados para v\u00e1rios temas de decora\u00e7\u00e3o - escandinavos, r\u00fasticos, modernos ou vintage. Plantadas com folhagem ou aut\u00f3nomas, servem de decora\u00e7\u00e3o elegante para a casa.<\/li>\n<\/ul>\n\n\n\n<h3 class=\"wp-block-heading\">Servi\u00e7o de vasos de cer\u00e2mica personalizados de textura dupla cor-de-rosa<\/h3>\n\n\n\n<p>Oferecemos servi\u00e7os OEM e ODM para os nossos produtos.<br>Entrega r\u00e1pida de amostras est\u00e1 dispon\u00edvel.<br>Oferecemos uma variedade de formas, cores, impress\u00e3o personalizada, embalagem e outros servi\u00e7os adaptados para satisfazer as suas necessidades espec\u00edficas.<br><a href=\"https:\/\/www.santai-ceramics.com\/pt\/custom\/\" data-type=\"page\" data-id=\"13\" target=\"_blank\" rel=\"noreferrer noopener\"><strong>Saiba mais sobre os pormenores das jardineiras de cer\u00e2mica personalizadas.<\/strong><\/a><\/p>\n\n\n\n<div class=\"wp-block-columns is-layout-flex wp-container-core-columns-is-layout-9d6595d7 wp-block-columns-is-layout-flex\">\n<div class=\"wp-block-column is-layout-flow wp-block-column-is-layout-flow\">\n<figure class=\"wp-block-image size-full\"><img decoding=\"async\" width=\"1269\" height=\"1269\" src=\"https:\/\/www.santai-ceramics.com\/wp-content\/uploads\/2025\/08\/wholesale-pink-dual-textured-ceramic-planters-3.webp\" alt=\"vasos de cer\u00e2mica de dupla textura cor-de-rosa por atacado (3)\" class=\"wp-image-3486\" srcset=\"https:\/\/www.santai-ceramics.com\/wp-content\/uploads\/2025\/08\/wholesale-pink-dual-textured-ceramic-planters-3.webp 1269w, https:\/\/www.santai-ceramics.com\/wp-content\/uploads\/2025\/08\/wholesale-pink-dual-textured-ceramic-planters-3-300x300.webp 300w, https:\/\/www.santai-ceramics.com\/wp-content\/uploads\/2025\/08\/wholesale-pink-dual-textured-ceramic-planters-3-150x150.webp 150w, https:\/\/www.santai-ceramics.com\/wp-content\/uploads\/2025\/08\/wholesale-pink-dual-textured-ceramic-planters-3-768x768.webp 768w, https:\/\/www.santai-ceramics.com\/wp-content\/uploads\/2025\/08\/wholesale-pink-dual-textured-ceramic-planters-3-12x12.webp 12w, https:\/\/www.santai-ceramics.com\/wp-content\/uploads\/2025\/08\/wholesale-pink-dual-textured-ceramic-planters-3-1200x1200.webp 1200w, https:\/\/www.santai-ceramics.com\/wp-content\/uploads\/2025\/08\/wholesale-pink-dual-textured-ceramic-planters-3-600x600.webp 600w, https:\/\/www.santai-ceramics.com\/wp-content\/uploads\/2025\/08\/wholesale-pink-dual-textured-ceramic-planters-3-100x100.webp 100w\" sizes=\"(max-width: 1269px) 100vw, 1269px\" \/><\/figure>\n<\/div>\n\n\n\n<div class=\"wp-block-column is-layout-flow wp-block-column-is-layout-flow\">\n<figure class=\"wp-block-image size-full\"><img decoding=\"async\" width=\"2746\" height=\"2746\" src=\"https:\/\/www.santai-ceramics.com\/wp-content\/uploads\/2025\/08\/wholesale-pink-dual-textured-ceramic-planters-5.webp\" alt=\"vasos de cer\u00e2mica de dupla textura cor-de-rosa por atacado (5)\" class=\"wp-image-3488\" srcset=\"https:\/\/www.santai-ceramics.com\/wp-content\/uploads\/2025\/08\/wholesale-pink-dual-textured-ceramic-planters-5.webp 2746w, https:\/\/www.santai-ceramics.com\/wp-content\/uploads\/2025\/08\/wholesale-pink-dual-textured-ceramic-planters-5-300x300.webp 300w, https:\/\/www.santai-ceramics.com\/wp-content\/uploads\/2025\/08\/wholesale-pink-dual-textured-ceramic-planters-5-150x150.webp 150w, https:\/\/www.santai-ceramics.com\/wp-content\/uploads\/2025\/08\/wholesale-pink-dual-textured-ceramic-planters-5-768x768.webp 768w, https:\/\/www.santai-ceramics.com\/wp-content\/uploads\/2025\/08\/wholesale-pink-dual-textured-ceramic-planters-5-12x12.webp 12w, https:\/\/www.santai-ceramics.com\/wp-content\/uploads\/2025\/08\/wholesale-pink-dual-textured-ceramic-planters-5-1200x1200.webp 1200w, https:\/\/www.santai-ceramics.com\/wp-content\/uploads\/2025\/08\/wholesale-pink-dual-textured-ceramic-planters-5-600x600.webp 600w, https:\/\/www.santai-ceramics.com\/wp-content\/uploads\/2025\/08\/wholesale-pink-dual-textured-ceramic-planters-5-100x100.webp 100w\" sizes=\"(max-width: 2746px) 100vw, 2746px\" \/><\/figure>\n<\/div>\n<\/div>","protected":false},"excerpt":{"rendered":"<p data-pm-slice=\"0 0 []\">Vasos de cer\u00e2mica com dupla textura cor-de-rosa por grosso. Uma variedade deslumbrante de vasos de cer\u00e2mica cor-de-rosa com um esmalte suave e texturas divertidas. Dispon\u00edveis numa variedade de tamanhos, estes vasos s\u00e3o perfeitos para cultivar suculentas e plantas, ou como pe\u00e7as decorativas aut\u00f3nomas, acrescentando um toque fresco e urbano a qualquer espa\u00e7o. Oferecemos servi\u00e7os OEM e ODM. N\u00e3o hesite em contactar-nos.<\/p>\n<h2>Especifica\u00e7\u00f5es dos Vasos de cer\u00e2mica rosa com dupla textura<\/h2>\n<table width=\"855\">\n<tbody>\n<tr>\n<td width=\"285\">N\u00famero do modelo<\/td>\n<td width=\"285\">A37856-LE27-A01<\/td>\n<td width=\"285\">A37856-LE27-A02<\/td>\n<\/tr>\n<tr>\n<td>Nome do produto<\/td>\n<td>Pote de cer\u00e2mica<\/td>\n<td>Pote de cer\u00e2mica<\/td>\n<\/tr>\n<tr>\n<td>Cor<\/td>\n<td>Cor-de-rosa<\/td>\n<td>Cor-de-rosa<\/td>\n<\/tr>\n<tr>\n<td>Material<\/td>\n<td>Cer\u00e2mica\u00a0<\/td>\n<td>Cer\u00e2mica\u00a0<\/td>\n<\/tr>\n<tr>\n<td>Cen\u00e1rios de utiliza\u00e7\u00e3o<\/td>\n<td>decora\u00e7\u00e3o de casa\u00a0<\/td>\n<td>decora\u00e7\u00e3o de casa\u00a0<\/td>\n<\/tr>\n<tr>\n<td>Dimens\u00f5es<\/td>\n<td>D:18,5X20cm<\/td>\n<td>D:15X16,5cm<\/td>\n<\/tr>\n<tr>\n<td>Peso<\/td>\n<td>1,4 kg\/unidade<\/td>\n<td>0,8 kg\/unidade<\/td>\n<\/tr>\n<\/tbody>\n<\/table>\n<p>&nbsp;<\/p>","protected":false},"featured_media":3485,"comment_status":"closed","ping_status":"closed","template":"","meta":{"_acf_changed":false},"product_brand":[],"product_cat":[18,42,21,23],"product_tag":[],"class_list":{"0":"post-3454","1":"product","2":"type-product","3":"status-publish","4":"has-post-thumbnail","6":"product_cat-home-decor","7":"product_cat-wholesale-ceramic-plant-pots","8":"product_cat-garden-decor","9":"product_cat-ceramic-pots-planters","11":"first","12":"instock","13":"shipping-taxable","14":"product-type-simple"},"acf":[],"_links":{"self":[{"href":"https:\/\/www.santai-ceramics.com\/pt\/wp-json\/wp\/v2\/product\/3454","targetHints":{"allow":["GET"]}}],"collection":[{"href":"https:\/\/www.santai-ceramics.com\/pt\/wp-json\/wp\/v2\/product"}],"about":[{"href":"https:\/\/www.santai-ceramics.com\/pt\/wp-json\/wp\/v2\/types\/product"}],"replies":[{"embeddable":true,"href":"https:\/\/www.santai-ceramics.com\/pt\/wp-json\/wp\/v2\/comments?post=3454"}],"wp:featuredmedia":[{"embeddable":true,"href":"https:\/\/www.santai-ceramics.com\/pt\/wp-json\/wp\/v2\/media\/3485"}],"wp:attachment":[{"href":"https:\/\/www.santai-ceramics.com\/pt\/wp-json\/wp\/v2\/media?parent=3454"}],"wp:term":[{"taxonomy":"product_brand","embeddable":true,"href":"https:\/\/www.santai-ceramics.com\/pt\/wp-json\/wp\/v2\/product_brand?post=3454"},{"taxonomy":"product_cat","embeddable":true,"href":"https:\/\/www.santai-ceramics.com\/pt\/wp-json\/wp\/v2\/product_cat?post=3454"},{"taxonomy":"product_tag","embeddable":true,"href":"https:\/\/www.santai-ceramics.com\/pt\/wp-json\/wp\/v2\/product_tag?post=3454"}],"curies":[{"name":"wp","href":"https:\/\/api.w.org\/{rel}","templated":true}]}}